{"id":12010,"date":"2025-03-18T01:50:43","date_gmt":"2025-03-18T08:50:43","guid":{"rendered":"https:\/\/pophaw.com\/?post_type=product&#038;p=12010"},"modified":"2025-04-04T04:13:36","modified_gmt":"2025-04-04T11:13:36","slug":"colageno-ortho-molecular","status":"publish","type":"product","link":"https:\/\/pophaw.com\/pt\/product\/colageno-ortho-molecular\/","title":{"rendered":"Ortho Molecular CollaGEN"},"content":{"rendered":"<div>\n<p><span style=\"font-family: Arial, sans-serif; font-size: 12pt;\">O col\u00e1geno molecular da Ortho \u00e9 um elemento crucial da pele e dos tecidos conjuntivos. Essa prote\u00edna \u00e9 respons\u00e1vel por dar \u00e0 pele uma elasticidade jovem e, \u00e0 medida que ela diminui, a apar\u00eancia da pele e a sa\u00fade geral do tecido conjuntivo tamb\u00e9m diminuem. Com o passar do tempo, os fatores do estilo de vida podem causar redu\u00e7\u00e3o da elasticidade da cartilagem, dos tend\u00f5es, dos ligamentos e da pele. Isso leva a rugas, diminui\u00e7\u00e3o da for\u00e7a da matriz d\u00e9rmica e desconforto nos tecidos moles e nas articula\u00e7\u00f5es.<\/span><\/p>\n<p><span style=\"font-family: Arial, sans-serif; font-size: 12pt;\">Ortho Molecular\u00a0 <\/span>O CollaGEN inclui tr\u00eas ingredientes clinicamente comprovados para apoiar o processo de cura natural e manter a estrutura do tecido conjuntivo. A maioria das terapias simplesmente bloqueia a dor nas articula\u00e7\u00f5es e o desconforto do tecido conjuntivo causado pelo exerc\u00edcio e, ao faz\u00ea-lo, inibe a regenera\u00e7\u00e3o e o alongamento de precursores espec\u00edficos e esgota nutrientes como a vitamina C e o magn\u00e9sio, que mant\u00eam a sa\u00fade das articula\u00e7\u00f5es e do tecido conjuntivo. FORTIGEL<sup>\u00ae<\/sup>, Tendaxion<sup>\u00ae<\/sup>\u00a0e Mobilee<sup>\u00ae<\/sup> proteger e preservar a cartilagem, os tend\u00f5es, os ligamentos, os discos intervertebrais e a f\u00e1scia.<\/p>\n<\/div>\n<p><b>Sugest\u00e3o de uso:<\/b><br \/>\nTome 1 colher (8 gramas) em 8 oz de \u00e1gua ou na bebida de sua prefer\u00eancia por dia ou conforme recomendado por seu m\u00e9dico. Tamb\u00e9m pode ser adicionado a alimentos e produtos de panifica\u00e7\u00e3o.<\/p>\n<p><b>Tamanho da por\u00e7\u00e3o:\u00a0<\/b>1 colher (8 gramas)<\/p>","protected":false},"excerpt":{"rendered":"<p>O CollaGEN foi formulado para apoiar nutricionalmente a cartilagem, os tend\u00f5es, os ligamentos, a f\u00e1scia e a pele<\/p>","protected":false},"featured_media":12011,"template":"","meta":{"bwfblock_default_font":"","_uag_custom_page_level_css":"","site-sidebar-layout":"default","site-content-layout":"","ast-site-content-layout":"default","site-content-style":"default","site-sidebar-style":"default","ast-global-header-display":"","ast-banner-title-visibility":"","ast-main-header-display":"","ast-hfb-above-header-display":"","ast-hfb-below-header-display":"","ast-hfb-mobile-header-display":"","site-post-title":"","ast-breadcrumbs-content":"","ast-featured-img":"","footer-sml-layout":"","ast-disable-related-posts":"","theme-transparent-header-meta":"default","adv-header-id-meta":"","stick-header-meta":"default","header-above-stick-meta":"","header-main-stick-meta":"","header-below-stick-meta":"","astra-migrate-meta-layouts":"set","ast-page-background-enabled":"default","ast-page-background-meta":{"desktop":{"background-color":"","background-image":"","background-repeat":"repeat","background-position":"center center","background-size":"auto","background-attachment":"scroll","background-type":"","background-media":"","overlay-type":"","overlay-color":"","overlay-opacity":"","overlay-gradient":""},"tablet":{"background-color":"","background-image":"","background-repeat":"repeat","background-position":"center center","background-size":"auto","background-attachment":"scroll","background-type":"","background-media":"","overlay-type":"","overlay-color":"","overlay-opacity":"","overlay-gradient":""},"mobile":{"background-color":"","background-image":"","background-repeat":"repeat","background-position":"center center","background-size":"auto","background-attachment":"scroll","background-type":"","background-media":"","overlay-type":"","overlay-color":"","overlay-opacity":"","overlay-gradient":""}},"ast-content-background-meta":{"desktop":{"background-color":"var(--ast-global-color-5)","background-image":"","background-repeat":"repeat","background-position":"center center","background-size":"auto","background-attachment":"scroll","background-type":"","background-media":"","overlay-type":"","overlay-color":"","overlay-opacity":"","overlay-gradient":""},"tablet":{"background-color":"var(--ast-global-color-5)","background-image":"","background-repeat":"repeat","background-position":"center center","background-size":"auto","background-attachment":"scroll","background-type":"","background-media":"","overlay-type":"","overlay-color":"","overlay-opacity":"","overlay-gradient":""},"mobile":{"background-color":"var(--ast-global-color-5)","background-image":"","background-repeat":"repeat","background-position":"center center","background-size":"auto","background-attachment":"scroll","background-type":"","background-media":"","overlay-type":"","overlay-color":"","overlay-opacity":"","overlay-gradient":""}}},"product_brand":[170],"product_cat":[127],"product_tag":[],"class_list":{"0":"post-12010","1":"product","2":"type-product","3":"status-publish","4":"has-post-thumbnail","6":"product_brand-ortho-molecular-products","7":"product_cat-dietary-supplements","8":"desktop-align-center","9":"tablet-align-center","10":"mobile-align-center","11":"ast-product-gallery-layout-horizontal-slider","12":"ast-magnify-disabled","13":"ast-product-tabs-layout-horizontal","15":"first","16":"instock","17":"sale","18":"shipping-taxable","19":"purchasable","20":"product-type-simple"},"spectra_custom_meta":{"classic-editor-remember":["classic-editor"],"_edit_lock":["1743999175:1"],"_edit_last":["1"],"rank_math_seo_score":["86"],"rank_math_focus_keyword":["Ortho Molecular CollaGEN"],"_thumbnail_id":["12011"],"_fixed_price_rules":["a:0:{}"],"_admin_notes":[""],"_custom_product_field":[""],"_sku":["NRT074"],"_global_unique_id":["17841900188074"],"total_sales":["17"],"_tax_status":["taxable"],"_tax_class":[""],"_manage_stock":["no"],"_backorders":["no"],"_sold_individually":["no"],"_virtual":["no"],"_downloadable":["no"],"_download_limit":["-1"],"_download_expiry":["-1"],"_stock":[null],"_stock_status":["instock"],"_wc_average_rating":["0"],"_wc_review_count":["0"],"_product_version":["9.7.1"],"_wc_gla_visibility":["sync-and-show"],"_product_image_gallery":["12012"],"_wc_facebook_sync_enabled":["yes"],"fb_visibility":["yes"],"fb_product_description":[""],"fb_rich_text_description":[""],"_wc_facebook_product_image_source":["product"],"fb_product_video":["a:0:{}"],"fb_brand":[""],"fb_mpn":[""],"rank_math_primary_product_brand":["170"],"rank_math_primary_product_cat":["0"],"rank_math_primary_fb_product_set":["0"],"site-sidebar-layout":["default"],"ast-site-content-layout":["default"],"site-content-style":["default"],"site-sidebar-style":["default"],"theme-transparent-header-meta":["default"],"stick-header-meta":["default"],"rank_math_description":["Ortho Molecular CollaGEN is formulated to nutritionally support cartilage, tendons, ligaments, fascia and skin"],"_regular_price":["78"],"_sale_price":["61"],"_price":["61"],"_wc_gla_sync_status":["synced"],"_wc_facebook_google_product_category":[""],"fb_product_group_id":["28737111602601636"],"rank_math_analytic_object_id":["277"],"fb_product_item_id":["28737112369268226"],"_wc_gla_synced_at":["1774926044"],"_wc_gla_google_ids":["a:1:{s:2:\"US\";s:22:\"online:en:US:gla_12010\";}"],"_wc_facebook_enhanced_catalog_attributes_capacity":[""],"_wc_facebook_enhanced_catalog_attributes_age_group":[""],"_wc_facebook_enhanced_catalog_attributes_gender":[""],"_wc_facebook_enhanced_catalog_attributes_ingredients":[""],"_wc_facebook_enhanced_catalog_attributes_health_concern":[""],"_wc_facebook_enhanced_catalog_attributes_pattern":[""],"_wc_facebook_enhanced_catalog_attributes_power_type":[""],"_wc_facebook_enhanced_catalog_attributes_product_form":[""],"_wc_facebook_enhanced_catalog_attributes_result_time":[""],"_wc_facebook_enhanced_catalog_attributes_scent":[""],"_wc_facebook_enhanced_catalog_attributes_absorbency":[""],"_wc_facebook_enhanced_catalog_attributes_material":[""],"_wc_facebook_enhanced_catalog_attributes_serving_size":[""],"_wc_facebook_enhanced_catalog_attributes_size":[""],"_wc_facebook_enhanced_catalog_attributes_skin_care_concern":[""],"_wc_facebook_enhanced_catalog_attributes_skin_type":[""],"_wc_facebook_enhanced_catalog_attributes_spf_value":[""],"_wc_facebook_enhanced_catalog_attributes_standard_features":[""],"_wc_facebook_enhanced_catalog_attributes_stop_use_indications":[""],"_wc_facebook_enhanced_catalog_attributes_package_quantity":[""],"_wc_facebook_enhanced_catalog_attributes_lens_material":[""],"_wc_facebook_enhanced_catalog_attributes_lens_type":[""],"_wc_facebook_enhanced_catalog_attributes_lens_tint":[""],"_wc_facebook_enhanced_catalog_attributes_keywords":[""],"_wc_facebook_enhanced_catalog_attributes_is_powered":[""],"_wc_facebook_enhanced_catalog_attributes_instructions":[""],"_wc_facebook_enhanced_catalog_attributes_ingredients_composition":[""],"_wc_facebook_enhanced_catalog_attributes_inactive_ingredients":[""],"_wc_facebook_enhanced_catalog_attributes_flavor":[""],"_wc_facebook_enhanced_catalog_attributes_eyewear_rim":[""],"_wc_facebook_enhanced_catalog_attributes_dosage":[""],"_wc_facebook_enhanced_catalog_attributes_color":[""],"_wc_facebook_enhanced_catalog_attributes_body_part":[""],"_wc_facebook_enhanced_catalog_attributes_batteries_required":[""],"_wc_facebook_enhanced_catalog_attributes_u_v_rating":[""],"fb_size":[""],"fb_color":[""],"fb_material":[""],"fb_pattern":[""],"fb_age_group":[""],"fb_gender":[""],"fb_product_condition":[""],"_monsterinsights_skip_tracking":["0"],"_monsterinsights_sitenote_active":["0"],"astra-migrate-meta-layouts":["set"],"_g_feedback_shortcode_8745bc46aaeb5a6d463086e8e58ac5d1310d3084":["\n\t\t\t\t[contact-field label=\"Name\" type=\"name\"  required=\"true\" \/]\n\t\t\t\t[contact-field label=\"Email\" type=\"email\" required=\"true\" \/]\n\t\t\t\t[contact-field label=\"Website\" type=\"url\" \/]\n\t\t\t\t[contact-field label=\"Message\" type=\"textarea\" \/]"],"_g_feedback_shortcode_atts_8745bc46aaeb5a6d463086e8e58ac5d1310d3084":["a:17:{s:2:\"to\";s:18:\"support@pophaw.com\";s:7:\"subject\";s:33:\"[Pophaw] Ortho Molecular CollaGEN\";s:12:\"show_subject\";s:2:\"no\";s:6:\"widget\";i:0;s:14:\"block_template\";N;s:19:\"block_template_part\";N;s:2:\"id\";i:12010;s:18:\"submit_button_text\";s:6:\"Submit\";s:14:\"customThankyou\";s:0:\"\";s:21:\"customThankyouHeading\";s:26:\"Your message has been sent\";s:21:\"customThankyouMessage\";s:30:\"Thank you for your submission!\";s:22:\"customThankyouRedirect\";s:0:\"\";s:10:\"jetpackCRM\";b:1;s:9:\"className\";N;s:9:\"postToUrl\";N;s:14:\"salesforceData\";N;s:12:\"hiddenFields\";N;}"],"omnisend_last_sync":["2025-05-16T11:05:10+00:00"],"surerank_settings_general":["a:7:{s:9:\"separator\";s:1:\"-\";s:10:\"page_title\";s:21:\"%title% - %site_name%\";s:25:\"auto_generate_description\";b:1;s:16:\"page_description\";s:110:\"Ortho Molecular CollaGEN is formulated to nutritionally support cartilage, tendons, ligaments, fascia and skin\";s:16:\"auto_description\";s:150:\"Ortho Molecular Collagen is a crucial element of skin and connective tissues. This protein is responsible for giving skin a youthful bounce, and as it\";s:14:\"fallback_image\";s:0:\"\";s:13:\"canonical_url\";s:52:\"https:\/\/pophaw.com\/product\/ortho-molecular-collagen\/\";}"],"surerank_settings_post_no_index":["no"],"surerank_settings_post_no_follow":["no"],"surerank_settings_post_no_archive":["no"],"surerank_settings_social":["a:23:{s:15:\"open_graph_tags\";b:1;s:18:\"facebook_meta_tags\";b:1;s:17:\"twitter_meta_tags\";b:1;s:16:\"oembeded_scripts\";b:1;s:17:\"oembeded_og_title\";b:1;s:22:\"oembeded_social_images\";b:1;s:27:\"oembeded_remove_author_name\";b:1;s:17:\"facebook_page_url\";s:54:\"https:\/\/www.facebook.com\/profile.php?id=61571207938497\";s:24:\"facebook_author_fallback\";s:0:\"\";s:17:\"twitter_card_type\";s:19:\"summary_large_image\";s:24:\"twitter_same_as_facebook\";b:1;s:24:\"twitter_profile_username\";s:0:\"\";s:24:\"twitter_profile_fallback\";s:0:\"\";s:14:\"facebook_title\";s:21:\"%title% - %site_name%\";s:20:\"facebook_description\";s:9:\"%content%\";s:18:\"facebook_image_url\";s:59:\"https:\/\/pophaw.com\/wp-content\/uploads\/2025\/03\/CollaGEN.webp\";s:17:\"facebook_image_id\";i:12011;s:20:\"facebook_image_width\";i:565;s:21:\"facebook_image_height\";i:565;s:13:\"twitter_title\";s:21:\"%title% - %site_name%\";s:19:\"twitter_description\";s:9:\"%content%\";s:17:\"twitter_image_url\";s:59:\"https:\/\/pophaw.com\/wp-content\/uploads\/2025\/03\/CollaGEN.webp\";s:16:\"twitter_image_id\";i:12011;}"],"surerank_migration":["1"],"astra_style_timestamp_css":["1775877823"],"wwpp_product_wholesale_visibility_filter":["all"],"_uag_css_file_name":["uag-css-12010.css"],"rank_math_internal_links_processed":["1"],"_wc_gla_mc_status":["approved"],"_uag_page_assets":["a:9:{s:3:\"css\";s:0:\"\";s:2:\"js\";s:0:\"\";s:18:\"current_block_list\";a:15:{i:0;s:23:\"surecart\/slide-out-cart\";i:1;s:30:\"surecart\/slide-out-cart-header\";i:2;s:29:\"surecart\/slide-out-cart-items\";i:3;s:30:\"surecart\/slide-out-cart-coupon\";i:4;s:32:\"surecart\/slide-out-cart-subtotal\";i:5;s:38:\"surecart\/slide-out-cart-bump-line-item\";i:6;s:30:\"surecart\/slide-out-cart-submit\";i:7;s:11:\"core\/search\";i:8;s:10:\"core\/group\";i:9;s:12:\"core\/heading\";i:10;s:17:\"core\/latest-posts\";i:11;s:20:\"core\/latest-comments\";i:12;s:13:\"core\/archives\";i:13;s:15:\"core\/categories\";i:14;s:14:\"core\/shortcode\";}s:8:\"uag_flag\";b:0;s:11:\"uag_version\";s:10:\"1776697765\";s:6:\"gfonts\";a:0:{}s:10:\"gfonts_url\";s:0:\"\";s:12:\"gfonts_files\";a:0:{}s:14:\"uag_faq_layout\";b:0;}"]},"uagb_featured_image_src":{"full":["https:\/\/pophaw.com\/wp-content\/uploads\/2025\/03\/CollaGEN.webp",565,565,false],"thumbnail":["https:\/\/pophaw.com\/wp-content\/uploads\/2025\/03\/CollaGEN-150x150.webp",150,150,true],"medium":["https:\/\/pophaw.com\/wp-content\/uploads\/2025\/03\/CollaGEN-300x300.webp",300,300,true],"medium_large":["https:\/\/pophaw.com\/wp-content\/uploads\/2025\/03\/CollaGEN.webp",565,565,false],"large":["https:\/\/pophaw.com\/wp-content\/uploads\/2025\/03\/CollaGEN.webp",565,565,false],"ryviu-small":["https:\/\/pophaw.com\/wp-content\/uploads\/2025\/03\/CollaGEN-40x40.webp",40,40,true],"ryviu-medium":["https:\/\/pophaw.com\/wp-content\/uploads\/2025\/03\/CollaGEN-132x132.webp",132,132,true],"1536x1536":["https:\/\/pophaw.com\/wp-content\/uploads\/2025\/03\/CollaGEN.webp",565,565,false],"2048x2048":["https:\/\/pophaw.com\/wp-content\/uploads\/2025\/03\/CollaGEN.webp",565,565,false],"trp-custom-language-flag":["https:\/\/pophaw.com\/wp-content\/uploads\/2025\/03\/CollaGEN.webp",12,12,false],"woocommerce_thumbnail":["https:\/\/pophaw.com\/wp-content\/uploads\/2025\/03\/CollaGEN-300x300.webp",300,300,true],"woocommerce_single":["https:\/\/pophaw.com\/wp-content\/uploads\/2025\/03\/CollaGEN.webp",565,565,false],"woocommerce_gallery_thumbnail":["https:\/\/pophaw.com\/wp-content\/uploads\/2025\/03\/CollaGEN-100x100.webp",100,100,true]},"uagb_author_info":{"display_name":"Dr. Rowan","author_link":"https:\/\/pophaw.com\/pt\/author\/"},"uagb_comment_info":0,"uagb_excerpt":"CollaGEN is formulated to nutritionally support cartilage, tendons, ligaments, fascia and skin","_links":{"self":[{"href":"https:\/\/pophaw.com\/pt\/wp-json\/wp\/v2\/product\/12010","targetHints":{"allow":["GET"]}}],"collection":[{"href":"https:\/\/pophaw.com\/pt\/wp-json\/wp\/v2\/product"}],"about":[{"href":"https:\/\/pophaw.com\/pt\/wp-json\/wp\/v2\/types\/product"}],"wp:featuredmedia":[{"embeddable":true,"href":"https:\/\/pophaw.com\/pt\/wp-json\/wp\/v2\/media\/12011"}],"wp:attachment":[{"href":"https:\/\/pophaw.com\/pt\/wp-json\/wp\/v2\/media?parent=12010"}],"wp:term":[{"taxonomy":"product_brand","embeddable":true,"href":"https:\/\/pophaw.com\/pt\/wp-json\/wp\/v2\/product_brand?post=12010"},{"taxonomy":"product_cat","embeddable":true,"href":"https:\/\/pophaw.com\/pt\/wp-json\/wp\/v2\/product_cat?post=12010"},{"taxonomy":"product_tag","embeddable":true,"href":"https:\/\/pophaw.com\/pt\/wp-json\/wp\/v2\/product_tag?post=12010"}],"curies":[{"name":"wp","href":"https:\/\/api.w.org\/{rel}","templated":true}]}}