{"id":194,"date":"2019-04-16T06:55:59","date_gmt":"2019-04-16T06:55:59","guid":{"rendered":"https:\/\/pophaw.com\/product\/stainless-steel-surgical-scissors\/"},"modified":"2025-08-11T01:42:38","modified_gmt":"2025-08-11T08:42:38","slug":"metil-cpg-60ct","status":"publish","type":"product","link":"https:\/\/pophaw.com\/pt\/product\/metil-cpg-60ct\/","title":{"rendered":"Methyl CpG 60ct"},"content":{"rendered":"<p><span style=\"font-family: arial, helvetica, sans-serif; color: #000000;\">O Methyl CpG \u00e9 uma f\u00f3rmula abrangente que inclui quantidades espec\u00edficas de cinco nutrientes essenciais projetados para apoiar a metila\u00e7\u00e3o e o equil\u00edbrio da homociste\u00edna no corpo.<\/span><\/p>\n<h3><span style=\"font-family: arial, helvetica, sans-serif; color: #000000;\">APLICA\u00c7\u00d5ES CL\u00cdNICAS<\/span><\/h3>\n<ul>\n<li><span style=\"font-family: arial, helvetica, sans-serif; color: #000000;\">Apoia a metila\u00e7\u00e3o ideal e a sa\u00fade cardiovascular<\/span><\/li>\n<li><span style=\"font-family: arial, helvetica, sans-serif; color: #000000;\">Apoia os n\u00edveis saud\u00e1veis de homociste\u00edna<\/span><\/li>\n<li><span style=\"font-family: arial, helvetica, sans-serif; color: #000000;\">Aumenta a produ\u00e7\u00e3o de neurotransmissores<\/span><\/li>\n<li><span style=\"font-family: arial, helvetica, sans-serif; color: #000000;\">Apoia as vias de desintoxica\u00e7\u00e3o prim\u00e1ria<\/span><\/li>\n<li><span style=\"font-family: arial, helvetica, sans-serif; color: #000000;\">Promove o reparo do DNA<\/span><\/li>\n<\/ul>\n<h3><span style=\"font-family: arial, helvetica, sans-serif; color: #000000;\">VIS\u00c3O GERAL<\/span><\/h3>\n<p><span style=\"font-family: arial, helvetica, sans-serif; color: #000000;\">A metila\u00e7\u00e3o \u00e9 um processo bioqu\u00edmico do corpo que requer vitaminas e \u00e9 fundamental para apoiar muitos aspectos da sa\u00fade f\u00edsica e mental, incluindo a regula\u00e7\u00e3o da express\u00e3o g\u00eanica. A metila\u00e7\u00e3o ocorre bilh\u00f5es de vezes a cada segundo e ajuda o corpo a reparar o DNA continuamente. Entretanto, quando os processos de metila\u00e7\u00e3o no corpo ficam mais lentos, pode ocorrer um aumento na quebra das fitas de DNA. Al\u00e9m de manter o reparo do DNA, as rea\u00e7\u00f5es de metila\u00e7\u00e3o ajudam a manter a produ\u00e7\u00e3o ideal de neurotransmissores, o equil\u00edbrio da homociste\u00edna para a sa\u00fade cardiovascular e a reciclagem de mol\u00e9culas necess\u00e1rias para a desintoxica\u00e7\u00e3o e a resposta inflamat\u00f3ria saud\u00e1vel. A metila\u00e7\u00e3o tamb\u00e9m \u00e9 necess\u00e1ria para o metabolismo energ\u00e9tico adequado e para a fun\u00e7\u00e3o imunol\u00f3gica e das c\u00e9lulas nervosas. A metila\u00e7\u00e3o adequada pode ser inibida por defici\u00eancias de nutrientes, incluindo folato e vitamina B<sub>2<\/sub>, B<sub>6<\/sub>\u00a0e B<sub>12<\/sub>. Certos medicamentos, como acetaminofeno, aspirina, ibuprofeno e contraceptivos orais, tamb\u00e9m podem reduzir os n\u00edveis sangu\u00edneos dessas vitaminas B essenciais.<\/span><\/p>\n<p><span style=\"font-family: arial, helvetica, sans-serif; color: #000000;\">O Methyl CpG \u00e9 uma f\u00f3rmula abrangente que inclui quantidades espec\u00edficas de cinco nutrientes essenciais projetados para apoiar agressivamente a metila\u00e7\u00e3o e o equil\u00edbrio da homociste\u00edna no organismo. O Methyl CpG fornece folato em alta concentra\u00e7\u00e3o como Quatrefolic\u00ae - 100% 5-MTHF, a forma biologicamente ativa, e trimetil glicina. A f\u00f3rmula inclui as principais vitaminas de metila\u00e7\u00e3o B<sub>2<\/sub>, B<sub>6<\/sub>\u00a0e B<sub>12<\/sub>\u00a0(metilcobalamina). Essa mistura espec\u00edfica de doadores de metila promove o reparo do DNA, o equil\u00edbrio da homociste\u00edna, a produ\u00e7\u00e3o de neurotransmissores, o equil\u00edbrio hormonal e a desintoxica\u00e7\u00e3o ideal.<\/span><br \/>\n<span style=\"font-family: arial, helvetica, sans-serif; color: #000000;\"><strong>Sugest\u00e3o de uso:<\/strong><\/span><br \/>\n<span style=\"font-family: arial, helvetica, sans-serif; color: #000000;\">1 c\u00e1psula por dia ou conforme recomendado por seu m\u00e9dico.<\/span><\/p>\n<h3><span style=\"font-family: arial, helvetica, sans-serif; color: #000000;\">BENEF\u00cdCIOS DOS INGREDIENTES<\/span><\/h3>\n<p><span style=\"font-family: arial, helvetica, sans-serif; color: #000000;\"><strong>Folato<\/strong><\/span><br \/>\n<span style=\"font-family: arial, helvetica, sans-serif; color: #000000;\">O folato \u00e9 um membro sol\u00favel em \u00e1gua das vitaminas do complexo B que \u00e9 essencial para manter a metila\u00e7\u00e3o ideal. O folato \u00e9 encontrado em abund\u00e2ncia em alimentos como frutas e vegetais de folhas escuras, mas pode ser facilmente destru\u00eddo pelo cozimento ou processamento. A forma bioativa do folato \u00e9 o 5-metiltetrahidrofolato (5-MTHF). O 5-MTHF \u00e9 necess\u00e1rio como doador de grupos metil para v\u00e1rios processos, incluindo a produ\u00e7\u00e3o de neurotransmissores que regulam o humor, a s\u00edntese de melatonina e a produ\u00e7\u00e3o e reparo do DNA.<\/span><\/p>\n<p><span style=\"font-family: arial, helvetica, sans-serif; color: #000000;\"><strong>Vitamina B<sub>12<\/sub><\/strong><\/span><br \/>\n<span style=\"font-family: arial, helvetica, sans-serif; color: #000000;\">Vitamina B<sub>12<\/sub>\u00a0trabalha com o folato em muitos processos corporais, incluindo a s\u00edntese de DNA, gl\u00f3bulos vermelhos e apoio \u00e0 sa\u00fade da bainha de mielina, a parte externa isolante que envolve as c\u00e9lulas nervosas. B<sub>12<\/sub>\u00a0\u00e9 encontrado principalmente em alimentos de origem animal. Os vegetarianos e os idosos correm o maior risco de contrair B<sub>12<\/sub>\u00a0defici\u00eancia. A metilcobalamina \u00e9 a forma preferida de B<sub>12<\/sub>, pois \u00e9 a forma biologicamente ativa do B<sub>12<\/sub>\u00a0e apoia a regula\u00e7\u00e3o positiva das vias de metila\u00e7\u00e3o.<\/span><\/p>\n<p><span style=\"font-family: arial, helvetica, sans-serif; color: #000000;\"><strong>Vitamina B<sub>6<\/sub><\/strong><\/span><br \/>\n<span style=\"font-family: arial, helvetica, sans-serif; color: #000000;\">Vitamina B<sub>6<\/sub>\u00a0\u00e9 uma vitamina B essencial que est\u00e1 envolvida na produ\u00e7\u00e3o de prote\u00ednas no corpo, neurotransmissores que ajudam a regular o humor, a forma\u00e7\u00e3o de gl\u00f3bulos vermelhos e o funcionamento adequado do sistema imunol\u00f3gico. B<sub>6<\/sub>\u00a0\u00e9 necess\u00e1ria para mais de 60 rea\u00e7\u00f5es enzim\u00e1ticas diferentes que ocorrem no corpo. Vitamina B<sub>6<\/sub>\u00a0funciona junto com 5-MTHF e B<sub>12<\/sub>\u00a0na reciclagem da homociste\u00edna. B<sub>6<\/sub>\u00a0tamb\u00e9m apoia um sistema cardiovascular saud\u00e1vel ao promover a agrega\u00e7\u00e3o saud\u00e1vel de plaquetas e ajuda a manter a press\u00e3o arterial normal.<\/span><\/p>\n<p><span style=\"font-family: arial, helvetica, sans-serif; color: #000000;\"><strong>Vitamina B<sub>2<\/sub><\/strong><\/span><br \/>\n<span style=\"font-family: arial, helvetica, sans-serif; color: #000000;\">Otimiza\u00e7\u00e3o de B<sub>2<\/sub>\u00a0ajuda a manter a press\u00e3o arterial saud\u00e1vel, principalmente em pacientes com muta\u00e7\u00f5es gen\u00e9ticas (polimorfismo MTHFR 677 &gt; T).<\/span><\/p>\n<p><span style=\"font-family: arial, helvetica, sans-serif; color: #000000;\"><strong>Beta\u00edna (trimetilglicina)<\/strong><\/span><\/p>\n<p><span style=\"font-family: arial, helvetica, sans-serif; color: #000000;\">Como doador de metila, a trimetilglicina apoia a fun\u00e7\u00e3o hep\u00e1tica, inclusive as vias de desintoxica\u00e7\u00e3o. A trimetilglicina demonstrou ser ben\u00e9fica na prote\u00e7\u00e3o contra o ac\u00famulo de gordura no f\u00edgado, devido \u00e0s suas propriedades lipotr\u00f3picas (doa\u00e7\u00e3o de um grupo metil para ajudar no transporte de gordura para fora do f\u00edgado). A trimetilglicina tamb\u00e9m atua junto com a vitamina B<sub>2<\/sub>, B<sub>6<\/sub>, B<sub>12<\/sub>\u00a0e folato na manuten\u00e7\u00e3o dos n\u00edveis normais de homociste\u00edna.<\/span><\/p>","protected":false},"excerpt":{"rendered":"<p>O Methyl CpG \u00e9 uma f\u00f3rmula abrangente que inclui quantidades espec\u00edficas de cinco nutrientes essenciais projetados para apoiar a metila\u00e7\u00e3o e o equil\u00edbrio da homociste\u00edna no corpo.<\/p>","protected":false},"featured_media":7145,"template":"","meta":{"bwfblock_default_font":"","_uag_custom_page_level_css":"","site-sidebar-layout":"default","site-content-layout":"","ast-site-content-layout":"default","site-content-style":"default","site-sidebar-style":"default","ast-global-header-display":"","ast-banner-title-visibility":"","ast-main-header-display":"","ast-hfb-above-header-display":"","ast-hfb-below-header-display":"","ast-hfb-mobile-header-display":"","site-post-title":"","ast-breadcrumbs-content":"","ast-featured-img":"","footer-sml-layout":"","ast-disable-related-posts":"","theme-transparent-header-meta":"default","adv-header-id-meta":"","stick-header-meta":"default","header-above-stick-meta":"","header-main-stick-meta":"","header-below-stick-meta":"","astra-migrate-meta-layouts":"set","ast-page-background-enabled":"default","ast-page-background-meta":{"desktop":{"background-color":"","background-image":"","background-repeat":"repeat","background-position":"center center","background-size":"auto","background-attachment":"scroll","background-type":"","background-media":"","overlay-type":"","overlay-color":"","overlay-opacity":"","overlay-gradient":""},"tablet":{"background-color":"","background-image":"","background-repeat":"repeat","background-position":"center center","background-size":"auto","background-attachment":"scroll","background-type":"","background-media":"","overlay-type":"","overlay-color":"","overlay-opacity":"","overlay-gradient":""},"mobile":{"background-color":"","background-image":"","background-repeat":"repeat","background-position":"center center","background-size":"auto","background-attachment":"scroll","background-type":"","background-media":"","overlay-type":"","overlay-color":"","overlay-opacity":"","overlay-gradient":""}},"ast-content-background-meta":{"desktop":{"background-color":"var(--ast-global-color-5)","background-image":"","background-repeat":"repeat","background-position":"center center","background-size":"auto","background-attachment":"scroll","background-type":"","background-media":"","overlay-type":"","overlay-color":"","overlay-opacity":"","overlay-gradient":""},"tablet":{"background-color":"var(--ast-global-color-5)","background-image":"","background-repeat":"repeat","background-position":"center center","background-size":"auto","background-attachment":"scroll","background-type":"","background-media":"","overlay-type":"","overlay-color":"","overlay-opacity":"","overlay-gradient":""},"mobile":{"background-color":"var(--ast-global-color-5)","background-image":"","background-repeat":"repeat","background-position":"center center","background-size":"auto","background-attachment":"scroll","background-type":"","background-media":"","overlay-type":"","overlay-color":"","overlay-opacity":"","overlay-gradient":""}}},"product_brand":[170],"product_cat":[127],"product_tag":[],"class_list":{"0":"post-194","1":"product","2":"type-product","3":"status-publish","4":"has-post-thumbnail","6":"product_brand-ortho-molecular-products","7":"product_cat-dietary-supplements","8":"desktop-align-center","9":"tablet-align-center","10":"mobile-align-center","11":"ast-product-gallery-layout-horizontal-slider","12":"ast-magnify-disabled","13":"ast-product-tabs-layout-horizontal","15":"first","16":"instock","17":"sale","18":"shipping-taxable","19":"purchasable","20":"product-type-simple"},"spectra_custom_meta":{"_edit_last":["1"],"_thumbnail_id":["7145"],"insight_product_options":["s:1358:\"a:38:{s:27:\"single_product_layout_style\";s:0:\"\";s:11:\"site_layout\";s:0:\"\";s:10:\"site_width\";s:0:\"\";s:16:\"site_top_spacing\";s:0:\"\";s:19:\"site_bottom_spacing\";s:0:\"\";s:10:\"site_class\";s:0:\"\";s:21:\"site_background_color\";s:0:\"\";s:21:\"site_background_image\";s:0:\"\";s:22:\"site_background_repeat\";s:9:\"no-repeat\";s:26:\"site_background_attachment\";s:0:\"\";s:24:\"site_background_position\";s:0:\"\";s:20:\"site_background_size\";s:0:\"\";s:24:\"content_background_color\";s:0:\"\";s:24:\"content_background_image\";s:0:\"\";s:25:\"content_background_repeat\";s:9:\"no-repeat\";s:27:\"content_background_position\";s:0:\"\";s:12:\"top_bar_type\";s:0:\"\";s:11:\"header_type\";s:0:\"\";s:14:\"header_overlay\";s:0:\"\";s:11:\"header_skin\";s:0:\"\";s:12:\"menu_display\";s:0:\"\";s:13:\"menu_one_page\";s:1:\"0\";s:16:\"custom_dark_logo\";s:0:\"\";s:17:\"custom_light_logo\";s:0:\"\";s:17:\"custom_logo_width\";s:0:\"\";s:24:\"custom_sticky_logo_width\";s:0:\"\";s:21:\"page_title_bar_layout\";s:0:\"\";s:29:\"page_title_bar_bottom_spacing\";s:0:\"\";s:31:\"page_title_bar_background_color\";s:0:\"\";s:25:\"page_title_bar_background\";s:0:\"\";s:33:\"page_title_bar_background_overlay\";s:0:\"\";s:29:\"page_title_bar_custom_heading\";s:0:\"\";s:14:\"page_sidebar_1\";s:7:\"default\";s:14:\"page_sidebar_2\";s:7:\"default\";s:21:\"page_sidebar_position\";s:7:\"default\";s:17:\"revolution_slider\";s:0:\"\";s:15:\"slider_position\";s:5:\"below\";s:13:\"footer_enable\";s:0:\"\";}\";"],"_sku":["NRT010"],"total_sales":["9"],"_tax_status":["taxable"],"_manage_stock":["yes"],"_backorders":["no"],"_sold_individually":["no"],"_virtual":["no"],"_downloadable":["no"],"_download_limit":["-1"],"_download_expiry":["-1"],"_stock":["10"],"_stock_status":["instock"],"_wc_average_rating":["4.00"],"_wc_review_count":["1"],"_product_version":["10.0.4"],"_product_image_gallery":["7146"],"_regular_price":["60"],"_price":["49"],"_wc_rating_count":["a:1:{i:4;i:1;}"],"_wp_old_date":["2020-04-16"],"woosw_count":["4"],"woosw_add":["1730965247"],"_tax_class":[""],"_edit_lock":["1737340559:1"],"_wp_old_slug":["stainless-steel-surgical-scissors"],"rs_page_bg_color":[""],"rank_math_focus_keyword":["Methyl CpG"],"rank_math_analytic_object_id":["117"],"rank_math_seo_score":["81"],"_admin_notes":[""],"_custom_product_field":[""],"rank_math_primary_product_cat":["127"],"rank_math_primary_product_brand":["0"],"site-sidebar-layout":["default"],"ast-site-content-layout":["default"],"site-content-style":["default"],"site-sidebar-style":["default"],"theme-transparent-header-meta":["default"],"stick-header-meta":["default"],"_wc_gla_visibility":["dont-sync-and-show"],"fb_product_item_id":["9062096183855596"],"_global_unique_id":["10888621913346"],"_wc_facebook_sync_enabled":["yes"],"fb_visibility":["yes"],"fb_product_description":[""],"_wc_facebook_product_image_source":["product"],"_wc_facebook_enhanced_catalog_attributes_capacity":[""],"_wc_facebook_enhanced_catalog_attributes_age_group":[""],"_wc_facebook_enhanced_catalog_attributes_gender":[""],"_wc_facebook_enhanced_catalog_attributes_ingredients":[""],"_wc_facebook_enhanced_catalog_attributes_health_concern":[""],"_wc_facebook_enhanced_catalog_attributes_pattern":[""],"_wc_facebook_enhanced_catalog_attributes_power_type":[""],"_wc_facebook_enhanced_catalog_attributes_product_form":[""],"_wc_facebook_enhanced_catalog_attributes_result_time":[""],"_wc_facebook_enhanced_catalog_attributes_scent":[""],"_wc_facebook_enhanced_catalog_attributes_absorbency":[""],"_wc_facebook_enhanced_catalog_attributes_material":[""],"_wc_facebook_enhanced_catalog_attributes_serving_size":[""],"_wc_facebook_enhanced_catalog_attributes_size":[""],"_wc_facebook_enhanced_catalog_attributes_skin_care_concern":[""],"_wc_facebook_enhanced_catalog_attributes_skin_type":[""],"_wc_facebook_enhanced_catalog_attributes_spf_value":[""],"_wc_facebook_enhanced_catalog_attributes_standard_features":[""],"_wc_facebook_enhanced_catalog_attributes_stop_use_indications":[""],"_wc_facebook_enhanced_catalog_attributes_package_quantity":[""],"_wc_facebook_enhanced_catalog_attributes_lens_material":[""],"_wc_facebook_enhanced_catalog_attributes_lens_type":[""],"_wc_facebook_enhanced_catalog_attributes_lens_tint":[""],"_wc_facebook_enhanced_catalog_attributes_keywords":[""],"_wc_facebook_enhanced_catalog_attributes_is_powered":[""],"_wc_facebook_enhanced_catalog_attributes_instructions":[""],"_wc_facebook_enhanced_catalog_attributes_ingredients_composition":[""],"_wc_facebook_enhanced_catalog_attributes_inactive_ingredients":[""],"_wc_facebook_enhanced_catalog_attributes_flavor":[""],"_wc_facebook_enhanced_catalog_attributes_eyewear_rim":[""],"_wc_facebook_enhanced_catalog_attributes_dosage":[""],"_wc_facebook_enhanced_catalog_attributes_color":[""],"_wc_facebook_enhanced_catalog_attributes_brand":[""],"_wc_facebook_enhanced_catalog_attributes_body_part":[""],"_wc_facebook_enhanced_catalog_attributes_batteries_required":[""],"_wc_facebook_enhanced_catalog_attributes_u_v_rating":[""],"_wc_facebook_commerce_enabled":["no"],"rank_math_primary_fb_product_set":["0"],"classic-editor-remember":["classic-editor"],"_sale_price":["49"],"astra-migrate-meta-layouts":["set"],"wp_statistics_words_count":["562"],"wpil_sync_report3":["1"],"wpil_links_inbound_internal_count":["0"],"wpil_links_inbound_internal_count_data":["eJxLtDKwqq4FAAZPAf4="],"wpil_links_outbound_internal_count":["0"],"wpil_links_outbound_internal_count_data":["eJxLtDKwqq4FAAZPAf4="],"wpil_links_outbound_external_count":["0"],"wpil_links_outbound_external_count_data":["eJxLtDKwqq4FAAZPAf4="],"wpil_sync_report2_time":["2025-01-27T07:29:11+00:00"],"omnisend_last_sync":["2025-08-11T08:42:38+00:00"],"surerank_settings_general":["a:7:{s:9:\"separator\";s:1:\"-\";s:10:\"page_title\";s:21:\"%title% - %site_name%\";s:25:\"auto_generate_description\";b:1;s:16:\"page_description\";s:9:\"%excerpt%\";s:16:\"auto_description\";s:154:\"Methyl CpG is a comprehensive formula that includes targeted amounts of five key nutrients designed to support methylation and homocysteine balance in the\";s:14:\"fallback_image\";s:0:\"\";s:13:\"canonical_url\";s:43:\"https:\/\/pophaw.com\/product\/methyl-cpg-60ct\/\";}"],"surerank_settings_post_no_index":["no"],"surerank_settings_post_no_follow":["no"],"surerank_settings_post_no_archive":["no"],"surerank_settings_social":["a:23:{s:15:\"open_graph_tags\";b:1;s:18:\"facebook_meta_tags\";b:1;s:17:\"twitter_meta_tags\";b:1;s:16:\"oembeded_scripts\";b:1;s:17:\"oembeded_og_title\";b:1;s:22:\"oembeded_social_images\";b:1;s:27:\"oembeded_remove_author_name\";b:1;s:17:\"facebook_page_url\";s:54:\"https:\/\/www.facebook.com\/profile.php?id=61571207938497\";s:24:\"facebook_author_fallback\";s:0:\"\";s:17:\"twitter_card_type\";s:19:\"summary_large_image\";s:24:\"twitter_same_as_facebook\";b:1;s:24:\"twitter_profile_username\";s:0:\"\";s:24:\"twitter_profile_fallback\";s:0:\"\";s:14:\"facebook_title\";s:21:\"%title% - %site_name%\";s:20:\"facebook_description\";s:9:\"%content%\";s:18:\"facebook_image_url\";s:65:\"https:\/\/pophaw.com\/wp-content\/uploads\/2019\/04\/Methyl-CpG-60ct.png\";s:17:\"facebook_image_id\";i:7145;s:20:\"facebook_image_width\";i:565;s:21:\"facebook_image_height\";i:565;s:13:\"twitter_title\";s:21:\"%title% - %site_name%\";s:19:\"twitter_description\";s:9:\"%content%\";s:17:\"twitter_image_url\";s:65:\"https:\/\/pophaw.com\/wp-content\/uploads\/2019\/04\/Methyl-CpG-60ct.png\";s:16:\"twitter_image_id\";i:7145;}"],"surerank_migration":["1"],"astra_style_timestamp_css":["1775199295"],"wwpp_product_wholesale_visibility_filter":["all"],"_uag_css_file_name":["uag-css-194.css"],"_uag_page_assets":["a:9:{s:3:\"css\";s:0:\"\";s:2:\"js\";s:0:\"\";s:18:\"current_block_list\";a:15:{i:0;s:23:\"surecart\/slide-out-cart\";i:1;s:30:\"surecart\/slide-out-cart-header\";i:2;s:29:\"surecart\/slide-out-cart-items\";i:3;s:30:\"surecart\/slide-out-cart-coupon\";i:4;s:32:\"surecart\/slide-out-cart-subtotal\";i:5;s:38:\"surecart\/slide-out-cart-bump-line-item\";i:6;s:30:\"surecart\/slide-out-cart-submit\";i:7;s:11:\"core\/search\";i:8;s:10:\"core\/group\";i:9;s:12:\"core\/heading\";i:10;s:17:\"core\/latest-posts\";i:11;s:20:\"core\/latest-comments\";i:12;s:13:\"core\/archives\";i:13;s:15:\"core\/categories\";i:14;s:14:\"core\/shortcode\";}s:8:\"uag_flag\";b:0;s:11:\"uag_version\";s:10:\"1775168599\";s:6:\"gfonts\";a:0:{}s:10:\"gfonts_url\";s:0:\"\";s:12:\"gfonts_files\";a:0:{}s:14:\"uag_faq_layout\";b:0;}"]},"uagb_featured_image_src":{"full":["https:\/\/pophaw.com\/wp-content\/uploads\/2019\/04\/Methyl-CpG-60ct.png",565,565,false],"thumbnail":["https:\/\/pophaw.com\/wp-content\/uploads\/2019\/04\/Methyl-CpG-60ct-150x150.png",150,150,true],"medium":["https:\/\/pophaw.com\/wp-content\/uploads\/2019\/04\/Methyl-CpG-60ct-300x300.png",300,300,true],"medium_large":["https:\/\/pophaw.com\/wp-content\/uploads\/2019\/04\/Methyl-CpG-60ct.png",565,565,false],"large":["https:\/\/pophaw.com\/wp-content\/uploads\/2019\/04\/Methyl-CpG-60ct.png",565,565,false],"ryviu-small":["https:\/\/pophaw.com\/wp-content\/uploads\/2019\/04\/Methyl-CpG-60ct.png",40,40,false],"ryviu-medium":["https:\/\/pophaw.com\/wp-content\/uploads\/2019\/04\/Methyl-CpG-60ct.png",132,132,false],"1536x1536":["https:\/\/pophaw.com\/wp-content\/uploads\/2019\/04\/Methyl-CpG-60ct.png",565,565,false],"2048x2048":["https:\/\/pophaw.com\/wp-content\/uploads\/2019\/04\/Methyl-CpG-60ct.png",565,565,false],"trp-custom-language-flag":["https:\/\/pophaw.com\/wp-content\/uploads\/2019\/04\/Methyl-CpG-60ct.png",12,12,false],"woocommerce_thumbnail":["https:\/\/pophaw.com\/wp-content\/uploads\/2019\/04\/Methyl-CpG-60ct-300x300.png",300,300,true],"woocommerce_single":["https:\/\/pophaw.com\/wp-content\/uploads\/2019\/04\/Methyl-CpG-60ct.png",565,565,false],"woocommerce_gallery_thumbnail":["https:\/\/pophaw.com\/wp-content\/uploads\/2019\/04\/Methyl-CpG-60ct-100x100.png",100,100,true]},"uagb_author_info":{"display_name":"Dr. Rowan","author_link":"https:\/\/pophaw.com\/pt\/author\/"},"uagb_comment_info":1,"uagb_excerpt":"Methyl CpG is a comprehensive formula that includes targeted amounts of five key nutrients designed to support methylation and homocysteine balance in the body.","_links":{"self":[{"href":"https:\/\/pophaw.com\/pt\/wp-json\/wp\/v2\/product\/194","targetHints":{"allow":["GET"]}}],"collection":[{"href":"https:\/\/pophaw.com\/pt\/wp-json\/wp\/v2\/product"}],"about":[{"href":"https:\/\/pophaw.com\/pt\/wp-json\/wp\/v2\/types\/product"}],"wp:featuredmedia":[{"embeddable":true,"href":"https:\/\/pophaw.com\/pt\/wp-json\/wp\/v2\/media\/7145"}],"wp:attachment":[{"href":"https:\/\/pophaw.com\/pt\/wp-json\/wp\/v2\/media?parent=194"}],"wp:term":[{"taxonomy":"product_brand","embeddable":true,"href":"https:\/\/pophaw.com\/pt\/wp-json\/wp\/v2\/product_brand?post=194"},{"taxonomy":"product_cat","embeddable":true,"href":"https:\/\/pophaw.com\/pt\/wp-json\/wp\/v2\/product_cat?post=194"},{"taxonomy":"product_tag","embeddable":true,"href":"https:\/\/pophaw.com\/pt\/wp-json\/wp\/v2\/product_tag?post=194"}],"curies":[{"name":"wp","href":"https:\/\/api.w.org\/{rel}","templated":true}]}}