{"id":2206,"date":"2019-12-01T13:54:46","date_gmt":"2019-12-01T13:54:46","guid":{"rendered":"https:\/\/pophaw.com\/product\/philips-respironics-innospire-essence-compressor\/"},"modified":"2025-01-04T03:37:52","modified_gmt":"2025-01-04T11:37:52","slug":"sinus-forte-60-comprimidos","status":"publish","type":"product","link":"https:\/\/pophaw.com\/pt\/product\/sinus-forte-60-comprimidos\/","title":{"rendered":"Sinus Forte 60 Comprimidos"},"content":{"rendered":"<div>\n<p><span style=\"font-family: arial, helvetica, sans-serif; color: #000000;\">O Sinus Forte cont\u00e9m Eyebright, Golden Rod, Echinacea, Golden Seal e Cayenne para apoiar o nariz, os seios nasais e as membranas mucosas respirat\u00f3rias superiores saud\u00e1veis.<\/span><span style=\"font-family: arial, helvetica, sans-serif; color: #000000;\">Essas ervas t\u00eam sido tradicionalmente usadas em prepara\u00e7\u00f5es \u00e0 base de ervas para:<\/span><\/p>\n<ul>\n<li><span style=\"font-family: arial, helvetica, sans-serif; color: #000000;\">Mant\u00e9m a secre\u00e7\u00e3o de muco saud\u00e1vel e normal nas passagens nasais*<\/span><\/li>\n<li><span style=\"font-family: arial, helvetica, sans-serif; color: #000000;\">Ajuda a manter as membranas mucosas saud\u00e1veis (principalmente do nariz e dos seios nasais)*.<\/span><\/li>\n<li><span style=\"font-family: arial, helvetica, sans-serif; color: #000000;\">Auxilia na manuten\u00e7\u00e3o de vias respirat\u00f3rias saud\u00e1veis para apoiar a respira\u00e7\u00e3o normal*.<\/span><\/li>\n<li><span style=\"font-family: arial, helvetica, sans-serif; color: #000000;\">Apoio \u00e0 sa\u00fade ocular externa*<\/span><\/li>\n<\/ul>\n<p><span style=\"font-family: arial, helvetica, sans-serif; color: #000000;\">As cinco poderosas ervas do Sinus Forte cont\u00eam glicos\u00eddeos iridoides (especialmente aucubina), saponinas, flavonoides, lactonas diterpenoides, derivados do \u00e1cido cafeico (especialmente \u00e1cido cic\u00f3rico), alquilamidas, alcaloides (especialmente hidrastina e berberina), princ\u00edpios pungentes (especialmente capsaicina), carotenoides e outros compostos.<\/span><\/p>\n<p>&nbsp;<\/p>\n<h3><span style=\"font-family: arial, helvetica, sans-serif; color: #000000;\">Hist\u00f3ria da qualidade do selo de ouro<\/span><\/h3>\n<p align=\"center\"><span style=\"font-family: arial, helvetica, sans-serif; color: #000000;\"><img decoding=\"async\" class=\"fr-fic fr-dii\" src=\"https:\/\/www.standardprocess.com\/files\/images\/products\/Sinus-Forte\/golden-seal-story-chart.jpg\" alt=\"\"><\/span><\/p>\n<p><span style=\"font-family: arial, helvetica, sans-serif; color: #000000;\">Selo de Ouro (<em>Hydrastis canadensis<\/em>) \u00e9 uma erva amea\u00e7ada de extin\u00e7\u00e3o e, como resultado, \u00e9 muito cara e frequentemente substitu\u00edda por outras ervas.<\/span><\/p>\n<p><span style=\"font-family: arial, helvetica, sans-serif; color: #000000;\">As ervas substitu\u00eddas geralmente cont\u00eam a subst\u00e2ncia berberina, que proporciona a cor amarela, mas n\u00e3o cont\u00eam hidrastina, que \u00e9 exclusiva do Golden Seal. Somente a HPLC permite que essa diferencia\u00e7\u00e3o seja feita. A MediHerb s\u00f3 compra a Golden Seal cultivada para garantir a sustentabilidade da erva a longo prazo. A MediHerb testa cada lote de mat\u00e9ria-prima e produto acabado de Golden Seal para garantir que os n\u00edveis declarados de hidrastina e berberina estejam presentes. Usando HPLC, a MediHerb \u00e9 capaz de diferenciar claramente o verdadeiro Golden Seal de outras ervas que cont\u00eam berberina. A tabela demonstra a diferen\u00e7a entre as v\u00e1rias esp\u00e9cies que cont\u00eam berberina. O tra\u00e7o superior \u00e9 um exemplo de substitui\u00e7\u00e3o em que um produto profissional vendido na Austr\u00e1lia como Indian Golden Seal corresponde ao tra\u00e7o de\u00a0<em>Coptis chinensis<\/em>.<\/span><\/p>\n<h3><span style=\"font-family: arial, helvetica, sans-serif; color: #000000;\">Hist\u00f3ria da qualidade da Echinacea<\/span><\/h3>\n<h4><span style=\"font-family: arial, helvetica, sans-serif; color: #000000;\">Os componentes importantes<\/span><\/h4>\n<p><span style=\"font-family: arial, helvetica, sans-serif; color: #000000;\">A Echinacea \u00e9 a erva mais usada e a mais mal compreendida. H\u00e1 muitos anos, a MediHerb tem investido fortemente em pesquisas sobre a equin\u00e1cea para identificar os marcadores de qualidade que s\u00e3o importantes para o uso cl\u00ednico. Os n\u00edveis dos \u00e9steres de \u00e1cidos fen\u00f3licos, por exemplo, equinacos\u00eddeo, s\u00e3o comumente usados por muitos fabricantes como compostos marcadores ou indicadores da qualidade da Echinacea. Entretanto, estudos recentes destacaram a import\u00e2ncia das alquilamidas para a efic\u00e1cia cl\u00ednica e, portanto, \u00e9 importante que os produtos de qualidade tamb\u00e9m sejam caracterizados quanto a esses fitoqu\u00edmicos. Isso levou \u00e0 incorpora\u00e7\u00e3o de uma especifica\u00e7\u00e3o e de uma metodologia de teste anal\u00edtico para produtos de Echinacea nas monografias preliminares da USP26-NF21, que se concentra nas alquilamidas testadas por HPLC e detec\u00e7\u00e3o DAD. As alquilamidas que est\u00e3o sendo testadas s\u00e3o as alquilamidas de 2,4-dieno e as alquilamidas de 2-eno.<\/span><\/p>\n<p><span style=\"font-family: arial, helvetica, sans-serif; color: #000000;\">Esse m\u00e9todo foi adotado pela MediHerb e as alquilamidas s\u00e3o determinadas como alquilamidas de 2,4-dieno e alquilamidas de 2-eno. Os 2-enos s\u00e3o caracter\u00edsticos de\u00a0<em>Echinacea angustifolia<\/em>\u00a0e n\u00e3o s\u00e3o encontrados nas outras esp\u00e9cies. Os 2,4-dienos s\u00e3o encontrados em ambas as\u00a0<em>E. purpurea<\/em>\u00a0e\u00a0<em>E. angustifolia<\/em>\u00a0e esses fitoqu\u00edmicos s\u00e3o respons\u00e1veis pela intensa sensa\u00e7\u00e3o de formigamento na boca quando se experimenta produtos de Echinacea de boa qualidade.<\/span><\/p>\n<p><span style=\"font-family: arial, helvetica, sans-serif; color: #000000;\">Os \u00e1cidos fen\u00f3licos s\u00e3o determinados como os n\u00edveis de \u00e1cido caft\u00e1rico, equinacos\u00eddeo e \u00e1cido cic\u00f3rico; o equinacos\u00eddeo \u00e9 t\u00edpico de\u00a0<em>E. angustifolia<\/em>\u00a0e\u00a0<em>E. pallida<\/em>\u00a0e n\u00e3o \u00e9 encontrado em\u00a0<em>E. purpurea<\/em>. O \u00e1cido ciclor\u00eddrico n\u00e3o \u00e9 encontrado em\u00a0<em>E. angustifolia<\/em>\u00a0mas \u00e9 encontrada nas partes a\u00e9reas de todas as esp\u00e9cies e, caracteristicamente, na raiz da\u00a0<em>E. purpurea<\/em>.<\/span><\/p>\n<p><span style=\"font-family: arial, helvetica, sans-serif; color: #000000;\">Os produtos da MediHerb s\u00e3o quantificados para conter um n\u00edvel m\u00ednimo de alquilamidas pelo m\u00e9todo USP26-NF21 HPLC; os n\u00edveis de \u00e1cidos fen\u00f3licos s\u00e3o medidos apenas para fins informativos e s\u00e3o usados para confirmar a identidade do produto e a aus\u00eancia de contamina\u00e7\u00e3o por outras esp\u00e9cies de Echinacea.<\/span><\/p>\n<h3><span style=\"font-family: arial, helvetica, sans-serif; color: #000000;\">A diferen\u00e7a da MediHerb<\/span><\/h3>\n<p><span style=\"font-family: arial, helvetica, sans-serif; color: #000000;\">A MediHerb desenvolveu conhecimento especializado na fabrica\u00e7\u00e3o e teste de produtos de Echinacea nos \u00faltimos 20 anos. Isso inclui um estudo de doutorado, amplo desenvolvimento de m\u00e9todos anal\u00edticos, estabelecimento de protocolos ideais de colheita, secagem e armazenamento para maximizar a reten\u00e7\u00e3o de ativos e um teste cl\u00ednico bem-sucedido.<\/span><\/p>\n<\/div>\n<hr \/>\n<div>\n<p><span style=\"font-family: arial, helvetica, sans-serif; color: #000000;\"><strong>Sugest\u00e3o de uso:<\/strong><\/span><\/p>\n<p><span style=\"font-family: arial, helvetica, sans-serif; color: #000000;\">1 comprimido 3 a 4 vezes ao dia, ou conforme indicado.<\/span><\/p>\n<p>&nbsp;<\/p>\n<p><span style=\"font-family: arial, helvetica, sans-serif; color: #000000;\"><strong id=\"isPasted\">Cuidado:<\/strong>\u00a0Contraindicado na gravidez e na lacta\u00e7\u00e3o. Contraindicado em caso de alergia conhecida ao Golden Rod. Para outras contraindica\u00e7\u00f5es e cuidados, consulte seu m\u00e9dico. Manter fora do alcance de crian\u00e7as. Armazene em um local fresco e seco, longe da luz solar direta.<\/span><\/p>\n<\/div>\n<hr \/>\n<div>\n<h4><span style=\"font-family: arial, helvetica, sans-serif; color: #000000;\">Nutrientes e ingredientes<\/span><\/h4>\n<p>&nbsp;<\/p>\n<p><span style=\"font-family: arial, helvetica, sans-serif; color: #000000;\">Cada dose (1 comprimido) cont\u00e9m: Extrato 4:1 da erva Eyebright 162. 5 mg (de\u00a0<em id=\"isPasted\">Euphrasia officinalis\u00a0<\/em>erva 650 mg), extrato 4:1 da erva Golden Rod 162,5 mg (de\u00a0<em>Solidago virgaurea\u00a0<\/em>erva 650 mg), extrato 4:1 de raiz de Echinacea 92,5 mg (de\u00a0<em>Echinacea purpurea\u00a0<\/em>raiz 370 mg), extrato 1,8:1 de raiz e rizoma de Golden Seal 69,5 mg (de\u00a0<em>Hydrastis canadensis\u00a0<\/em>raiz e rizoma 125 mg), extrato 3:1 da fruta de Caiena 3,33 mg (de\u00a0<em>Capsicum annuum\u00a0<\/em>fruta 10 mg). Outros ingredientes: Celulose microcristalina, maltodextrina, fosfato de c\u00e1lcio dib\u00e1sico di-hidratado, croscarmelose s\u00f3dica, glicolato de amido s\u00f3dico, di\u00f3xido de sil\u00edcio, estearato de magn\u00e9sio e hipromelose.<\/span><\/p>\n<\/div>\n<hr \/>\n<div>\n<p><span style=\"font-family: arial, helvetica, sans-serif; color: #000000;\">Para outras contraindica\u00e7\u00f5es e cuidados, consulte a se\u00e7\u00e3o\u00a0<a style=\"color: #000000;\" href=\"https:\/\/my.standardprocess.com\/MediHerb-Document-Library\/Catalog-Files\/herb-drug-interaction-chart.pdf\" target=\"_blank\" rel=\"noopener\">Tabela de intera\u00e7\u00f5es potenciais entre ervas e medicamentos<\/a>.<\/span><\/p>\n<p><span style=\"font-family: arial, helvetica, sans-serif; color: #000000;\">Consulte o r\u00f3tulo do produto real para obter informa\u00e7\u00f5es mais precisas sobre o produto.<\/span><\/p>\n<p><span style=\"font-family: arial, helvetica, sans-serif; color: #000000;\">*Essas declara\u00e7\u00f5es n\u00e3o foram avaliadas pela Food and Drug Administration. Esses produtos n\u00e3o se destinam a diagnosticar, tratar, curar ou prevenir qualquer doen\u00e7a.<\/span><\/p>\n<\/div>","protected":false},"excerpt":{"rendered":"<p>Auxilia o nariz, os seios nasais e as membranas mucosas respirat\u00f3rias superiores saud\u00e1veis.<\/p>","protected":false},"featured_media":7568,"template":"","meta":{"bwfblock_default_font":"","_uag_custom_page_level_css":"","site-sidebar-layout":"default","site-content-layout":"","ast-site-content-layout":"default","site-content-style":"default","site-sidebar-style":"default","ast-global-header-display":"","ast-banner-title-visibility":"","ast-main-header-display":"","ast-hfb-above-header-display":"","ast-hfb-below-header-display":"","ast-hfb-mobile-header-display":"","site-post-title":"","ast-breadcrumbs-content":"","ast-featured-img":"","footer-sml-layout":"","ast-disable-related-posts":"","theme-transparent-header-meta":"default","adv-header-id-meta":"","stick-header-meta":"default","header-above-stick-meta":"","header-main-stick-meta":"","header-below-stick-meta":"","astra-migrate-meta-layouts":"set","ast-page-background-enabled":"default","ast-page-background-meta":{"desktop":{"background-color":"","background-image":"","background-repeat":"repeat","background-position":"center center","background-size":"auto","background-attachment":"scroll","background-type":"","background-media":"","overlay-type":"","overlay-color":"","overlay-opacity":"","overlay-gradient":""},"tablet":{"background-color":"","background-image":"","background-repeat":"repeat","background-position":"center center","background-size":"auto","background-attachment":"scroll","background-type":"","background-media":"","overlay-type":"","overlay-color":"","overlay-opacity":"","overlay-gradient":""},"mobile":{"background-color":"","background-image":"","background-repeat":"repeat","background-position":"center center","background-size":"auto","background-attachment":"scroll","background-type":"","background-media":"","overlay-type":"","overlay-color":"","overlay-opacity":"","overlay-gradient":""}},"ast-content-background-meta":{"desktop":{"background-color":"var(--ast-global-color-5)","background-image":"","background-repeat":"repeat","background-position":"center center","background-size":"auto","background-attachment":"scroll","background-type":"","background-media":"","overlay-type":"","overlay-color":"","overlay-opacity":"","overlay-gradient":""},"tablet":{"background-color":"var(--ast-global-color-5)","background-image":"","background-repeat":"repeat","background-position":"center center","background-size":"auto","background-attachment":"scroll","background-type":"","background-media":"","overlay-type":"","overlay-color":"","overlay-opacity":"","overlay-gradient":""},"mobile":{"background-color":"var(--ast-global-color-5)","background-image":"","background-repeat":"repeat","background-position":"center center","background-size":"auto","background-attachment":"scroll","background-type":"","background-media":"","overlay-type":"","overlay-color":"","overlay-opacity":"","overlay-gradient":""}}},"product_brand":[108],"product_cat":[127],"product_tag":[],"class_list":{"0":"post-2206","1":"product","2":"type-product","3":"status-publish","4":"has-post-thumbnail","6":"product_brand-mediherb","7":"product_cat-dietary-supplements","8":"desktop-align-center","9":"tablet-align-center","10":"mobile-align-center","11":"ast-product-gallery-layout-horizontal-slider","12":"ast-magnify-disabled","13":"ast-product-tabs-layout-horizontal","15":"first","16":"instock","17":"shipping-taxable","18":"purchasable","19":"product-type-simple"},"spectra_custom_meta":{"_sku":["NRT033"],"_regular_price":["81.99"],"_tax_status":["taxable"],"_manage_stock":["no"],"_backorders":["no"],"_sold_individually":["no"],"_virtual":["no"],"_downloadable":["no"],"_download_limit":["-1"],"_download_expiry":["-1"],"_thumbnail_id":["7568"],"_stock_status":["instock"],"_product_version":["9.5.1"],"_price":["81.99"],"insight_product_options":["s:1358:\"a:38:{s:27:\"single_product_layout_style\";s:0:\"\";s:11:\"site_layout\";s:0:\"\";s:10:\"site_width\";s:0:\"\";s:16:\"site_top_spacing\";s:0:\"\";s:19:\"site_bottom_spacing\";s:0:\"\";s:10:\"site_class\";s:0:\"\";s:21:\"site_background_color\";s:0:\"\";s:21:\"site_background_image\";s:0:\"\";s:22:\"site_background_repeat\";s:9:\"no-repeat\";s:26:\"site_background_attachment\";s:0:\"\";s:24:\"site_background_position\";s:0:\"\";s:20:\"site_background_size\";s:0:\"\";s:24:\"content_background_color\";s:0:\"\";s:24:\"content_background_image\";s:0:\"\";s:25:\"content_background_repeat\";s:9:\"no-repeat\";s:27:\"content_background_position\";s:0:\"\";s:12:\"top_bar_type\";s:0:\"\";s:11:\"header_type\";s:0:\"\";s:14:\"header_overlay\";s:0:\"\";s:11:\"header_skin\";s:0:\"\";s:12:\"menu_display\";s:0:\"\";s:13:\"menu_one_page\";s:1:\"0\";s:16:\"custom_dark_logo\";s:0:\"\";s:17:\"custom_light_logo\";s:0:\"\";s:17:\"custom_logo_width\";s:0:\"\";s:24:\"custom_sticky_logo_width\";s:0:\"\";s:21:\"page_title_bar_layout\";s:0:\"\";s:29:\"page_title_bar_bottom_spacing\";s:0:\"\";s:31:\"page_title_bar_background_color\";s:0:\"\";s:25:\"page_title_bar_background\";s:0:\"\";s:33:\"page_title_bar_background_overlay\";s:0:\"\";s:29:\"page_title_bar_custom_heading\";s:0:\"\";s:14:\"page_sidebar_1\";s:7:\"default\";s:14:\"page_sidebar_2\";s:7:\"default\";s:21:\"page_sidebar_position\";s:7:\"default\";s:17:\"revolution_slider\";s:0:\"\";s:15:\"slider_position\";s:5:\"below\";s:13:\"footer_enable\";s:0:\"\";}\";"],"woosw_count":["3"],"woosw_add":["1610691590"],"_edit_last":["1"],"_wp_old_date":["2020-12-01"],"_edit_lock":["1735990696:1"],"_wp_old_slug":["philips-respironics-innospire-essence-compressor"],"total_sales":["1"],"_tax_class":[""],"_stock":[null],"_wc_average_rating":["0"],"_wc_review_count":["0"],"_product_image_gallery":["7574"],"rs_page_bg_color":[""],"rank_math_focus_keyword":["Sinus Forte"],"rank_math_analytic_object_id":["79"],"rank_math_seo_score":["81"],"rank_math_description":["Sinus Forte contains Eyebright, Golden Rod, Echinacea, Golden Seal and Cayenne to support the nose, sinuses and healthy upper respiratory mucous membranes."],"_admin_notes":[""],"_custom_product_field":[""],"rank_math_primary_product_cat":["0"],"rank_math_primary_product_brand":["0"],"site-sidebar-layout":["default"],"ast-site-content-layout":["default"],"site-content-style":["default"],"site-sidebar-style":["default"],"theme-transparent-header-meta":["default"],"stick-header-meta":["default"],"_wc_gla_visibility":["dont-sync-and-show"],"_global_unique_id":["10888621913728"],"_wc_facebook_sync_enabled":["yes"],"fb_visibility":["yes"],"fb_product_description":[""],"_wc_facebook_product_image_source":["product"],"_wc_facebook_enhanced_catalog_attributes_capacity":[""],"_wc_facebook_enhanced_catalog_attributes_age_group":[""],"_wc_facebook_enhanced_catalog_attributes_gender":[""],"_wc_facebook_enhanced_catalog_attributes_ingredients":[""],"_wc_facebook_enhanced_catalog_attributes_health_concern":[""],"_wc_facebook_enhanced_catalog_attributes_pattern":[""],"_wc_facebook_enhanced_catalog_attributes_power_type":[""],"_wc_facebook_enhanced_catalog_attributes_product_form":[""],"_wc_facebook_enhanced_catalog_attributes_result_time":[""],"_wc_facebook_enhanced_catalog_attributes_scent":[""],"_wc_facebook_enhanced_catalog_attributes_absorbency":[""],"_wc_facebook_enhanced_catalog_attributes_material":[""],"_wc_facebook_enhanced_catalog_attributes_serving_size":[""],"_wc_facebook_enhanced_catalog_attributes_size":[""],"_wc_facebook_enhanced_catalog_attributes_skin_care_concern":[""],"_wc_facebook_enhanced_catalog_attributes_skin_type":[""],"_wc_facebook_enhanced_catalog_attributes_spf_value":[""],"_wc_facebook_enhanced_catalog_attributes_standard_features":[""],"_wc_facebook_enhanced_catalog_attributes_stop_use_indications":[""],"_wc_facebook_enhanced_catalog_attributes_package_quantity":[""],"_wc_facebook_enhanced_catalog_attributes_lens_material":[""],"_wc_facebook_enhanced_catalog_attributes_lens_type":[""],"_wc_facebook_enhanced_catalog_attributes_lens_tint":[""],"_wc_facebook_enhanced_catalog_attributes_keywords":[""],"_wc_facebook_enhanced_catalog_attributes_is_powered":[""],"_wc_facebook_enhanced_catalog_attributes_instructions":[""],"_wc_facebook_enhanced_catalog_attributes_ingredients_composition":[""],"_wc_facebook_enhanced_catalog_attributes_inactive_ingredients":[""],"_wc_facebook_enhanced_catalog_attributes_flavor":[""],"_wc_facebook_enhanced_catalog_attributes_eyewear_rim":[""],"_wc_facebook_enhanced_catalog_attributes_dosage":[""],"_wc_facebook_enhanced_catalog_attributes_color":[""],"_wc_facebook_enhanced_catalog_attributes_brand":[""],"_wc_facebook_enhanced_catalog_attributes_body_part":[""],"_wc_facebook_enhanced_catalog_attributes_batteries_required":[""],"_wc_facebook_enhanced_catalog_attributes_u_v_rating":[""],"_wc_facebook_commerce_enabled":["no"],"rank_math_primary_fb_product_set":["0"],"astra-migrate-meta-layouts":["set"],"wpil_sync_report3":["1"],"wpil_links_inbound_internal_count":["0"],"wpil_links_inbound_internal_count_data":["eJxLtDKwqq4FAAZPAf4="],"wpil_links_outbound_internal_count":["0"],"wpil_links_outbound_internal_count_data":["eJxLtDKwqq4FAAZPAf4="],"wpil_links_outbound_external_count":["1"],"wpil_links_outbound_external_count_data":["eJxtkU9PwzAMxb\/KlHvXteOfvOMQAmkDbhwjNwlttDSpElcwTfvuON2AIXGLnWe\/X14QKjhYWKxeoLoG8TZYJ7dBGyc31u8EVEs4JLgF4biUVotVFidYghijE3yqFjWIjmhIUJb9fp4IvcaohxiUSWmuQl9ujbaPJjbFfVBjbzwVG9tEjPtyjYQutMWDdSaVXdboOLaF9WQiKrLBF6rDSPNBv2e7KzYLifKxZuP\/DfPtHYhpiUfGbCZonh2m2WcubkCgV12IWbxk9WsgJrPoZidUxpg9\/WKk2TpzTE\/mpFBro2Wzl4MbW+u\/LXiPCwrzQFZycCr4vHcCXpxz\/OhsGkyUKhok8xNqVTFzkjhSyLLLNjHFzvr24gtyuw96dEb+Uddnk8n4k0794\/ELEnikpQ=="],"wpil_sync_report2_time":["2025-01-27T07:29:11+00:00"],"omnisend_last_sync":["2025-05-16T11:05:10+00:00"],"surerank_settings_general":["a:7:{s:9:\"separator\";s:1:\"-\";s:10:\"page_title\";s:21:\"%title% - %site_name%\";s:25:\"auto_generate_description\";b:1;s:16:\"page_description\";s:155:\"Sinus Forte contains Eyebright, Golden Rod, Echinacea, Golden Seal and Cayenne to support the nose, sinuses and healthy upper respiratory mucous membranes.\";s:16:\"auto_description\";s:144:\"Sinus Forte contains Eyebright, Golden Rod, Echinacea, Golden Seal and Cayenne to support the nose, sinuses and healthy upper respiratory mucous\";s:14:\"fallback_image\";s:0:\"\";s:13:\"canonical_url\";s:50:\"https:\/\/pophaw.com\/product\/sinus-forte-60-tablets\/\";}"],"surerank_settings_post_no_index":["no"],"surerank_settings_post_no_follow":["no"],"surerank_settings_post_no_archive":["no"],"surerank_settings_social":["a:23:{s:15:\"open_graph_tags\";b:1;s:18:\"facebook_meta_tags\";b:1;s:17:\"twitter_meta_tags\";b:1;s:16:\"oembeded_scripts\";b:1;s:17:\"oembeded_og_title\";b:1;s:22:\"oembeded_social_images\";b:1;s:27:\"oembeded_remove_author_name\";b:1;s:17:\"facebook_page_url\";s:54:\"https:\/\/www.facebook.com\/profile.php?id=61571207938497\";s:24:\"facebook_author_fallback\";s:0:\"\";s:17:\"twitter_card_type\";s:19:\"summary_large_image\";s:24:\"twitter_same_as_facebook\";b:1;s:24:\"twitter_profile_username\";s:0:\"\";s:24:\"twitter_profile_fallback\";s:0:\"\";s:14:\"facebook_title\";s:21:\"%title% - %site_name%\";s:20:\"facebook_description\";s:9:\"%content%\";s:18:\"facebook_image_url\";s:74:\"https:\/\/pophaw.com\/wp-content\/uploads\/2019\/12\/Sinus-Forte-60-Tablets-1.png\";s:17:\"facebook_image_id\";i:7568;s:20:\"facebook_image_width\";i:1264;s:21:\"facebook_image_height\";i:1264;s:13:\"twitter_title\";s:21:\"%title% - %site_name%\";s:19:\"twitter_description\";s:9:\"%content%\";s:17:\"twitter_image_url\";s:74:\"https:\/\/pophaw.com\/wp-content\/uploads\/2019\/12\/Sinus-Forte-60-Tablets-1.png\";s:16:\"twitter_image_id\";i:7568;}"],"surerank_migration":["1"],"astra_style_timestamp_css":["1776903782"],"wwpp_product_wholesale_visibility_filter":["all"],"_uag_css_file_name":["uag-css-2206.css"],"rank_math_internal_links_processed":["1"],"_uag_page_assets":["a:9:{s:3:\"css\";s:0:\"\";s:2:\"js\";s:0:\"\";s:18:\"current_block_list\";a:15:{i:0;s:23:\"surecart\/slide-out-cart\";i:1;s:30:\"surecart\/slide-out-cart-header\";i:2;s:29:\"surecart\/slide-out-cart-items\";i:3;s:30:\"surecart\/slide-out-cart-coupon\";i:4;s:32:\"surecart\/slide-out-cart-subtotal\";i:5;s:38:\"surecart\/slide-out-cart-bump-line-item\";i:6;s:30:\"surecart\/slide-out-cart-submit\";i:7;s:11:\"core\/search\";i:8;s:10:\"core\/group\";i:9;s:12:\"core\/heading\";i:10;s:17:\"core\/latest-posts\";i:11;s:20:\"core\/latest-comments\";i:12;s:13:\"core\/archives\";i:13;s:15:\"core\/categories\";i:14;s:14:\"core\/shortcode\";}s:8:\"uag_flag\";b:0;s:11:\"uag_version\";s:10:\"1776869369\";s:6:\"gfonts\";a:0:{}s:10:\"gfonts_url\";s:0:\"\";s:12:\"gfonts_files\";a:0:{}s:14:\"uag_faq_layout\";b:0;}"]},"uagb_featured_image_src":{"full":["https:\/\/pophaw.com\/wp-content\/uploads\/2019\/12\/Sinus-Forte-60-Tablets-1.png",1264,1264,false],"thumbnail":["https:\/\/pophaw.com\/wp-content\/uploads\/2019\/12\/Sinus-Forte-60-Tablets-1-150x150.png",150,150,true],"medium":["https:\/\/pophaw.com\/wp-content\/uploads\/2019\/12\/Sinus-Forte-60-Tablets-1-300x300.png",300,300,true],"medium_large":["https:\/\/pophaw.com\/wp-content\/uploads\/2019\/12\/Sinus-Forte-60-Tablets-1-768x768.png",768,768,true],"large":["https:\/\/pophaw.com\/wp-content\/uploads\/2019\/12\/Sinus-Forte-60-Tablets-1-1024x1024.png",1024,1024,true],"ryviu-small":["https:\/\/pophaw.com\/wp-content\/uploads\/2019\/12\/Sinus-Forte-60-Tablets-1.png",40,40,false],"ryviu-medium":["https:\/\/pophaw.com\/wp-content\/uploads\/2019\/12\/Sinus-Forte-60-Tablets-1.png",132,132,false],"1536x1536":["https:\/\/pophaw.com\/wp-content\/uploads\/2019\/12\/Sinus-Forte-60-Tablets-1.png",1264,1264,false],"2048x2048":["https:\/\/pophaw.com\/wp-content\/uploads\/2019\/12\/Sinus-Forte-60-Tablets-1.png",1264,1264,false],"trp-custom-language-flag":["https:\/\/pophaw.com\/wp-content\/uploads\/2019\/12\/Sinus-Forte-60-Tablets-1.png",12,12,false],"woocommerce_thumbnail":["https:\/\/pophaw.com\/wp-content\/uploads\/2019\/12\/Sinus-Forte-60-Tablets-1-300x300.png",300,300,true],"woocommerce_single":["https:\/\/pophaw.com\/wp-content\/uploads\/2019\/12\/Sinus-Forte-60-Tablets-1-600x600.png",600,600,true],"woocommerce_gallery_thumbnail":["https:\/\/pophaw.com\/wp-content\/uploads\/2019\/12\/Sinus-Forte-60-Tablets-1-100x100.png",100,100,true]},"uagb_author_info":{"display_name":"Dr. Rowan","author_link":"https:\/\/pophaw.com\/pt\/author\/"},"uagb_comment_info":0,"uagb_excerpt":"Support the nose, sinuses and healthy upper respiratory mucous membranes.","_links":{"self":[{"href":"https:\/\/pophaw.com\/pt\/wp-json\/wp\/v2\/product\/2206","targetHints":{"allow":["GET"]}}],"collection":[{"href":"https:\/\/pophaw.com\/pt\/wp-json\/wp\/v2\/product"}],"about":[{"href":"https:\/\/pophaw.com\/pt\/wp-json\/wp\/v2\/types\/product"}],"wp:featuredmedia":[{"embeddable":true,"href":"https:\/\/pophaw.com\/pt\/wp-json\/wp\/v2\/media\/7568"}],"wp:attachment":[{"href":"https:\/\/pophaw.com\/pt\/wp-json\/wp\/v2\/media?parent=2206"}],"wp:term":[{"taxonomy":"product_brand","embeddable":true,"href":"https:\/\/pophaw.com\/pt\/wp-json\/wp\/v2\/product_brand?post=2206"},{"taxonomy":"product_cat","embeddable":true,"href":"https:\/\/pophaw.com\/pt\/wp-json\/wp\/v2\/product_cat?post=2206"},{"taxonomy":"product_tag","embeddable":true,"href":"https:\/\/pophaw.com\/pt\/wp-json\/wp\/v2\/product_tag?post=2206"}],"curies":[{"name":"wp","href":"https:\/\/api.w.org\/{rel}","templated":true}]}}