{"id":225,"date":"2019-04-16T08:38:38","date_gmt":"2019-04-16T08:38:38","guid":{"rendered":"https:\/\/pophaw.com\/product\/search-lab-n95-face-mask\/"},"modified":"2025-02-13T02:46:28","modified_gmt":"2025-02-13T10:46:28","slug":"prostatrol-forte-60ct","status":"publish","type":"product","link":"https:\/\/pophaw.com\/pt\/product\/prostatrol-forte-60ct\/","title":{"rendered":"Prostatrol Forte 60ct"},"content":{"rendered":"<p><span style=\"font-family: arial, helvetica, sans-serif; color: #000000;\">O Prostatrol Forte fornece ervas e minerais que trabalham em sinergia para apoiar a fun\u00e7\u00e3o saud\u00e1vel da pr\u00f3stata. O extrato de Saw palmetto, o extrato de raiz de urtiga e o extrato de casca de pygeum contribuem para a sa\u00fade da pr\u00f3stata, e sua combina\u00e7\u00e3o em uma \u00fanica f\u00f3rmula cria um efeito sin\u00e9rgico.<\/span><\/p>\n<h3><span style=\"font-family: arial, helvetica, sans-serif; color: #000000;\">APLICA\u00c7\u00d5ES CL\u00cdNICAS<\/span><\/h3>\n<ul>\n<li><span style=\"font-family: arial, helvetica, sans-serif; color: #000000;\">Promove o fluxo e a frequ\u00eancia saud\u00e1veis do trato urin\u00e1rio<\/span><\/li>\n<li><span style=\"font-family: arial, helvetica, sans-serif; color: #000000;\">Ajuda a manter o equil\u00edbrio hormonal<\/span><\/li>\n<li><span style=\"font-family: arial, helvetica, sans-serif; color: #000000;\">Fornece nutrientes que apoiam a sa\u00fade da pr\u00f3stata<\/span><\/li>\n<\/ul>\n<h3><span style=\"font-family: arial, helvetica, sans-serif; color: #000000;\">VIS\u00c3O GERAL<\/span><\/h3>\n<p><span style=\"font-family: arial, helvetica, sans-serif; color: #000000;\">O aumento da pr\u00f3stata pode afetar v\u00e1rios fatores da sa\u00fade do homem, inclusive o fluxo urin\u00e1rio e a sa\u00fade geral da pr\u00f3stata. A testosterona, seu potente metab\u00f3lito, a diidrotestosterona (DHT), e o estrog\u00eanio s\u00e3o horm\u00f4nios que afetam a gl\u00e2ndula prost\u00e1tica. A testosterona \u00e9 convertida em estrog\u00eanio por meio da enzima aromatase. Os n\u00edveis de aromatase aumentam \u00e0 medida que os homens envelhecem, resultando em um decl\u00ednio subsequente nos n\u00edveis de testosterona e no aumento da produ\u00e7\u00e3o de estrog\u00eanio. A testosterona tamb\u00e9m \u00e9 convertida em sua forma mais potente, a DHT, por meio da enzima conhecida como 5-alfa-redutase. Acredita-se que a combina\u00e7\u00e3o do aumento dos n\u00edveis de estrog\u00eanio com a eleva\u00e7\u00e3o da DHT seja um fator fundamental para o aumento da gl\u00e2ndula prost\u00e1tica. O Prostatrol Forte cont\u00e9m inibidores naturais da aromatase e subst\u00e2ncias bot\u00e2nicas que evitam o aumento dos n\u00edveis de DHT e estrog\u00eanio para ajudar a manter o fluxo urin\u00e1rio saud\u00e1vel, o metabolismo hormonal e a sa\u00fade geral da pr\u00f3stata.<\/span><br \/>\n<span style=\"font-family: arial, helvetica, sans-serif; color: #000000;\">O Prostatrol Forte fornece ervas e minerais que trabalham em sinergia para apoiar a fun\u00e7\u00e3o saud\u00e1vel da pr\u00f3stata. O extrato de Saw palmetto, o extrato de raiz de urtiga e o extrato de casca de pygeum apoiam a sa\u00fade da pr\u00f3stata de maneiras exclusivas e trabalham juntos para apoiar o fluxo urin\u00e1rio saud\u00e1vel, a frequ\u00eancia da mic\u00e7\u00e3o e manter um ciclo equilibrado de inflama\u00e7\u00e3o na pr\u00f3stata.<\/span><br \/>\n<span style=\"font-family: arial, helvetica, sans-serif; color: #000000;\"><strong>Sugest\u00e3o de uso:<\/strong><\/span><br \/>\n<span style=\"font-family: arial, helvetica, sans-serif; color: #000000;\">1 c\u00e1psula por dia ou conforme recomendado por seu m\u00e9dico.<\/span><\/p>\n<h3><span style=\"font-family: arial, helvetica, sans-serif; color: #000000;\">BENEF\u00cdCIOS DOS INGREDIENTES<\/span><\/h3>\n<p><span style=\"font-family: arial, helvetica, sans-serif; color: #000000;\"><strong>Saw Palmetto<\/strong><\/span><br \/>\n<span style=\"font-family: arial, helvetica, sans-serif; color: #000000;\">O extrato sol\u00favel em gordura do fruto da \u00e1rvore saw palmetto, nativa da Fl\u00f3rida, tem sido amplamente pesquisado por sua capacidade de apoiar a sa\u00fade da pr\u00f3stata. O mecanismo de a\u00e7\u00e3o do saw palmetto inclui a inibi\u00e7\u00e3o da enzima 5-\u03b1-redutase e a interfer\u00eancia nos receptores de estrog\u00eanio da pr\u00f3stata. Em uma meta-an\u00e1lise de 18 estudos controlados e randomizados envolvendo 2.939 homens, o saw palmetto apresentou benef\u00edcios significativos, promovendo o fluxo urin\u00e1rio normal, a frequ\u00eancia urin\u00e1ria noturna e o pico de fluxo urin\u00e1rio. Em um estudo randomizado, duplo-cego, de 6 meses, com 1.098 pacientes, o saw palmetto apoiou escores saud\u00e1veis da pr\u00f3stata, pico de fluxo urin\u00e1rio e promoveu uma fun\u00e7\u00e3o sexual saud\u00e1vel.<\/span><br \/>\n<span style=\"font-family: arial, helvetica, sans-serif; color: #000000;\"><strong>Extrato de raiz de urtiga<\/strong><\/span><br \/>\n<span style=\"font-family: arial, helvetica, sans-serif; color: #000000;\">O extrato de raiz de urtiga \u00e9 uma planta perene que cresce em abund\u00e2ncia e tem sido usada na medicina tradicional da Europa e da \u00c1sia. Foi demonstrado que v\u00e1rios compostos ativos da raiz de urtiga, inclusive lignanas e \u00e1cidos triidroxioctadecen\u00f3icos, contribuem para a sa\u00fade da pr\u00f3stata. Um estudo duplo-cego, controlado por placebo, demonstrou que a raiz de urtiga reduziu os n\u00edveis de globulina ligadora de horm\u00f4nios sexuais (SHBG) em homens. A SHBG, uma prote\u00edna produzida principalmente no f\u00edgado, funciona como um transportador que leva o estrog\u00eanio e a testosterona aos receptores de horm\u00f4nios sexuais em todo o corpo. Com o envelhecimento, os n\u00edveis de SHBG podem aumentar, mesmo que a produ\u00e7\u00e3o de horm\u00f4nios continue a diminuir. A SHBG elevada ret\u00e9m a testosterona livre, criando altera\u00e7\u00f5es hormonais que afetam negativamente a sa\u00fade da gl\u00e2ndula prost\u00e1tica. Al\u00e9m de reduzir os n\u00edveis de SHBG, foi demonstrado que a raiz de urtiga bloqueia o receptor de SHBG, evitando um aumento na atividade do receptor de horm\u00f4nio. Devido ao seu amplo espectro de efeitos sobre o equil\u00edbrio hormonal e a sa\u00fade da pr\u00f3stata, o extrato de raiz de urtiga ajuda a manter o crescimento e o tamanho normais da pr\u00f3stata.<\/span><br \/>\n<span style=\"font-family: arial, helvetica, sans-serif; color: #000000;\"><strong>Casca de Pygeum<\/strong><\/span><br \/>\n<span style=\"font-family: arial, helvetica, sans-serif; color: #000000;\"><i>Pygeum africanum<\/i>\u00a0O Pygeum \u00e9 uma \u00e1rvore perene nativa da \u00c1frica, cuja casca tem sido usada pelos nativos para apoiar a sa\u00fade urin\u00e1ria. Foi demonstrado que o Pygeum bloqueia os precursores de andr\u00f3genos e tamb\u00e9m mant\u00e9m o tamanho normal da pr\u00f3stata ao inibir os fatores de crescimento respons\u00e1veis pelo crescimento da pr\u00f3stata nos homens. A casca do Pygeum tamb\u00e9m promove uma resposta inflamat\u00f3ria saud\u00e1vel ao inibir a enzima lipoxigenase. Em um estudo com 85 pacientes que receberam 50 mg de pygeum duas vezes ao dia durante dois meses, os escores de qualidade de vida melhoraram e a casca de pygeum demonstrou apoiar significativamente a frequ\u00eancia urin\u00e1ria normal. Um estudo de compara\u00e7\u00e3o de doses com 209 pacientes divididos em dois grupos, que receberam 100 mg de extrato de casca de pygeum uma vez ao dia ou 50 mg duas vezes ao dia, demonstrou que ambos os grupos tiveram resultados positivos semelhantes, mantendo uma taxa de fluxo urin\u00e1rio saud\u00e1vel.<\/span><br \/>\n<span style=\"font-family: arial, helvetica, sans-serif; color: #000000;\"><strong>Zinco, sel\u00eanio e cobre<\/strong><\/span><br \/>\n<span style=\"font-family: arial, helvetica, sans-serif; color: #000000;\">Garantir o status adequado de zinco \u00e9 importante em homens mais velhos, onde os n\u00edveis elevados de estrog\u00eanio podem diminuir a absor\u00e7\u00e3o do zinco. O zinco tamb\u00e9m \u00e9 um forte inibidor da 5-alfa-redutase, resultando em menor convers\u00e3o de testosterona em DHT. O cobre \u00e9 inclu\u00eddo no Prostatrol Forte para evitar a deple\u00e7\u00e3o de cobre induzida pelo zinco. O sel\u00eanio ajuda a apoiar a sa\u00fade da pr\u00f3stata ao impulsionar as vias de promo\u00e7\u00e3o de antioxidantes especificamente relacionadas \u00e0 sa\u00fade da pr\u00f3stata.<\/span><\/p>","protected":false},"excerpt":{"rendered":"<p>O extrato de Saw palmetto, o extrato de raiz de urtiga e o extrato de casca de pygeum contribuem para a sa\u00fade da pr\u00f3stata, e sua combina\u00e7\u00e3o em uma \u00fanica f\u00f3rmula cria um efeito sin\u00e9rgico.<\/p>","protected":false},"featured_media":7159,"template":"","meta":{"bwfblock_default_font":"","_uag_custom_page_level_css":"","site-sidebar-layout":"default","site-content-layout":"","ast-site-content-layout":"default","site-content-style":"default","site-sidebar-style":"default","ast-global-header-display":"","ast-banner-title-visibility":"","ast-main-header-display":"","ast-hfb-above-header-display":"","ast-hfb-below-header-display":"","ast-hfb-mobile-header-display":"","site-post-title":"","ast-breadcrumbs-content":"","ast-featured-img":"","footer-sml-layout":"","ast-disable-related-posts":"","theme-transparent-header-meta":"default","adv-header-id-meta":"","stick-header-meta":"default","header-above-stick-meta":"","header-main-stick-meta":"","header-below-stick-meta":"","astra-migrate-meta-layouts":"set","ast-page-background-enabled":"default","ast-page-background-meta":{"desktop":{"background-color":"","background-image":"","background-repeat":"repeat","background-position":"center center","background-size":"auto","background-attachment":"scroll","background-type":"","background-media":"","overlay-type":"","overlay-color":"","overlay-opacity":"","overlay-gradient":""},"tablet":{"background-color":"","background-image":"","background-repeat":"repeat","background-position":"center center","background-size":"auto","background-attachment":"scroll","background-type":"","background-media":"","overlay-type":"","overlay-color":"","overlay-opacity":"","overlay-gradient":""},"mobile":{"background-color":"","background-image":"","background-repeat":"repeat","background-position":"center center","background-size":"auto","background-attachment":"scroll","background-type":"","background-media":"","overlay-type":"","overlay-color":"","overlay-opacity":"","overlay-gradient":""}},"ast-content-background-meta":{"desktop":{"background-color":"var(--ast-global-color-5)","background-image":"","background-repeat":"repeat","background-position":"center center","background-size":"auto","background-attachment":"scroll","background-type":"","background-media":"","overlay-type":"","overlay-color":"","overlay-opacity":"","overlay-gradient":""},"tablet":{"background-color":"var(--ast-global-color-5)","background-image":"","background-repeat":"repeat","background-position":"center center","background-size":"auto","background-attachment":"scroll","background-type":"","background-media":"","overlay-type":"","overlay-color":"","overlay-opacity":"","overlay-gradient":""},"mobile":{"background-color":"var(--ast-global-color-5)","background-image":"","background-repeat":"repeat","background-position":"center center","background-size":"auto","background-attachment":"scroll","background-type":"","background-media":"","overlay-type":"","overlay-color":"","overlay-opacity":"","overlay-gradient":""}}},"product_brand":[170],"product_cat":[127],"product_tag":[],"class_list":{"0":"post-225","1":"product","2":"type-product","3":"status-publish","4":"has-post-thumbnail","6":"product_brand-ortho-molecular-products","7":"product_cat-dietary-supplements","8":"desktop-align-center","9":"tablet-align-center","10":"mobile-align-center","11":"ast-product-gallery-layout-horizontal-slider","12":"ast-magnify-disabled","13":"ast-product-tabs-layout-horizontal","15":"first","16":"instock","17":"shipping-taxable","18":"purchasable","19":"product-type-simple"},"spectra_custom_meta":{"_edit_last":["1"],"_thumbnail_id":["7159"],"insight_product_options":["s:1358:\"a:38:{s:27:\"single_product_layout_style\";s:0:\"\";s:11:\"site_layout\";s:0:\"\";s:10:\"site_width\";s:0:\"\";s:16:\"site_top_spacing\";s:0:\"\";s:19:\"site_bottom_spacing\";s:0:\"\";s:10:\"site_class\";s:0:\"\";s:21:\"site_background_color\";s:0:\"\";s:21:\"site_background_image\";s:0:\"\";s:22:\"site_background_repeat\";s:9:\"no-repeat\";s:26:\"site_background_attachment\";s:0:\"\";s:24:\"site_background_position\";s:0:\"\";s:20:\"site_background_size\";s:0:\"\";s:24:\"content_background_color\";s:0:\"\";s:24:\"content_background_image\";s:0:\"\";s:25:\"content_background_repeat\";s:9:\"no-repeat\";s:27:\"content_background_position\";s:0:\"\";s:12:\"top_bar_type\";s:0:\"\";s:11:\"header_type\";s:0:\"\";s:14:\"header_overlay\";s:0:\"\";s:11:\"header_skin\";s:0:\"\";s:12:\"menu_display\";s:0:\"\";s:13:\"menu_one_page\";s:1:\"0\";s:16:\"custom_dark_logo\";s:0:\"\";s:17:\"custom_light_logo\";s:0:\"\";s:17:\"custom_logo_width\";s:0:\"\";s:24:\"custom_sticky_logo_width\";s:0:\"\";s:21:\"page_title_bar_layout\";s:0:\"\";s:29:\"page_title_bar_bottom_spacing\";s:0:\"\";s:31:\"page_title_bar_background_color\";s:0:\"\";s:25:\"page_title_bar_background\";s:0:\"\";s:33:\"page_title_bar_background_overlay\";s:0:\"\";s:29:\"page_title_bar_custom_heading\";s:0:\"\";s:14:\"page_sidebar_1\";s:7:\"default\";s:14:\"page_sidebar_2\";s:7:\"default\";s:21:\"page_sidebar_position\";s:7:\"default\";s:17:\"revolution_slider\";s:0:\"\";s:15:\"slider_position\";s:5:\"below\";s:13:\"footer_enable\";s:0:\"\";}\";"],"_regular_price":["58"],"total_sales":["22"],"_tax_status":["taxable"],"_manage_stock":["yes"],"_backorders":["no"],"_sold_individually":["no"],"_virtual":["no"],"_downloadable":["no"],"_download_limit":["-1"],"_download_expiry":["-1"],"_stock":["2"],"_stock_status":["instock"],"_product_version":["9.6.1"],"_price":["58"],"_product_image_gallery":["7160"],"_sku":["NRT014"],"_wp_old_date":["2020-04-16"],"woosw_count":["36"],"woosw_add":["1611622654"],"woosw_remove":["1603363764"],"_edit_lock":["1735991159:1"],"_wp_old_slug":["search-lab-n95-face-mask"],"_tax_class":[""],"_wc_average_rating":["0"],"_wc_review_count":["0"],"rs_page_bg_color":[""],"rank_math_focus_keyword":["Prostatrol Forte"],"rank_math_analytic_object_id":["113"],"rank_math_seo_score":["81"],"rank_math_description":["Prostatrol Forte provides herbs and trace minerals that work in synergy to support healthy prostate function."],"_admin_notes":[""],"_custom_product_field":[""],"rank_math_primary_product_cat":["0"],"rank_math_primary_product_brand":["0"],"site-sidebar-layout":["default"],"ast-site-content-layout":["default"],"site-content-style":["default"],"site-sidebar-style":["default"],"theme-transparent-header-meta":["default"],"stick-header-meta":["default"],"_wc_gla_visibility":["dont-sync-and-show"],"fb_product_item_id":["8710784795708043"],"_global_unique_id":["10888621913384"],"_wc_facebook_sync_enabled":["yes"],"fb_visibility":["yes"],"fb_product_description":[""],"_wc_facebook_product_image_source":["product"],"_wc_facebook_enhanced_catalog_attributes_capacity":[""],"_wc_facebook_enhanced_catalog_attributes_age_group":[""],"_wc_facebook_enhanced_catalog_attributes_gender":[""],"_wc_facebook_enhanced_catalog_attributes_ingredients":[""],"_wc_facebook_enhanced_catalog_attributes_health_concern":[""],"_wc_facebook_enhanced_catalog_attributes_pattern":[""],"_wc_facebook_enhanced_catalog_attributes_power_type":[""],"_wc_facebook_enhanced_catalog_attributes_product_form":[""],"_wc_facebook_enhanced_catalog_attributes_result_time":[""],"_wc_facebook_enhanced_catalog_attributes_scent":[""],"_wc_facebook_enhanced_catalog_attributes_absorbency":[""],"_wc_facebook_enhanced_catalog_attributes_material":[""],"_wc_facebook_enhanced_catalog_attributes_serving_size":[""],"_wc_facebook_enhanced_catalog_attributes_size":[""],"_wc_facebook_enhanced_catalog_attributes_skin_care_concern":[""],"_wc_facebook_enhanced_catalog_attributes_skin_type":[""],"_wc_facebook_enhanced_catalog_attributes_spf_value":[""],"_wc_facebook_enhanced_catalog_attributes_standard_features":[""],"_wc_facebook_enhanced_catalog_attributes_stop_use_indications":[""],"_wc_facebook_enhanced_catalog_attributes_package_quantity":[""],"_wc_facebook_enhanced_catalog_attributes_lens_material":[""],"_wc_facebook_enhanced_catalog_attributes_lens_type":[""],"_wc_facebook_enhanced_catalog_attributes_lens_tint":[""],"_wc_facebook_enhanced_catalog_attributes_keywords":[""],"_wc_facebook_enhanced_catalog_attributes_is_powered":[""],"_wc_facebook_enhanced_catalog_attributes_instructions":[""],"_wc_facebook_enhanced_catalog_attributes_ingredients_composition":[""],"_wc_facebook_enhanced_catalog_attributes_inactive_ingredients":[""],"_wc_facebook_enhanced_catalog_attributes_flavor":[""],"_wc_facebook_enhanced_catalog_attributes_eyewear_rim":[""],"_wc_facebook_enhanced_catalog_attributes_dosage":[""],"_wc_facebook_enhanced_catalog_attributes_color":[""],"_wc_facebook_enhanced_catalog_attributes_brand":[""],"_wc_facebook_enhanced_catalog_attributes_body_part":[""],"_wc_facebook_enhanced_catalog_attributes_batteries_required":[""],"_wc_facebook_enhanced_catalog_attributes_u_v_rating":[""],"_wc_facebook_commerce_enabled":["no"],"rank_math_primary_fb_product_set":["0"],"astra-migrate-meta-layouts":["set"],"wpil_sync_report3":["1"],"wpil_links_inbound_internal_count":["0"],"wpil_links_inbound_internal_count_data":["eJxLtDKwqq4FAAZPAf4="],"wpil_links_outbound_internal_count":["0"],"wpil_links_outbound_internal_count_data":["eJxLtDKwqq4FAAZPAf4="],"wpil_links_outbound_external_count":["0"],"wpil_links_outbound_external_count_data":["eJxLtDKwqq4FAAZPAf4="],"wpil_sync_report2_time":["2025-01-27T07:29:11+00:00"],"omnisend_last_sync":["2025-05-16T11:05:10+00:00"],"surerank_settings_general":["a:7:{s:9:\"separator\";s:1:\"-\";s:10:\"page_title\";s:21:\"%title% - %site_name%\";s:25:\"auto_generate_description\";b:1;s:16:\"page_description\";s:109:\"Prostatrol Forte provides herbs and trace minerals that work in synergy to support healthy prostate function.\";s:16:\"auto_description\";s:153:\"Prostatrol Forte provides herbs and trace minerals that work in synergy to support healthy prostate function. Saw palmetto extract, stinging nettles root\";s:14:\"fallback_image\";s:0:\"\";s:13:\"canonical_url\";s:49:\"https:\/\/pophaw.com\/product\/prostatrol-forte-60ct\/\";}"],"surerank_settings_post_no_index":["no"],"surerank_settings_post_no_follow":["no"],"surerank_settings_post_no_archive":["no"],"surerank_settings_social":["a:23:{s:15:\"open_graph_tags\";b:1;s:18:\"facebook_meta_tags\";b:1;s:17:\"twitter_meta_tags\";b:1;s:16:\"oembeded_scripts\";b:1;s:17:\"oembeded_og_title\";b:1;s:22:\"oembeded_social_images\";b:1;s:27:\"oembeded_remove_author_name\";b:1;s:17:\"facebook_page_url\";s:54:\"https:\/\/www.facebook.com\/profile.php?id=61571207938497\";s:24:\"facebook_author_fallback\";s:0:\"\";s:17:\"twitter_card_type\";s:19:\"summary_large_image\";s:24:\"twitter_same_as_facebook\";b:1;s:24:\"twitter_profile_username\";s:0:\"\";s:24:\"twitter_profile_fallback\";s:0:\"\";s:14:\"facebook_title\";s:21:\"%title% - %site_name%\";s:20:\"facebook_description\";s:9:\"%content%\";s:18:\"facebook_image_url\";s:71:\"https:\/\/pophaw.com\/wp-content\/uploads\/2019\/04\/Prostatrol-Forte-60ct.png\";s:17:\"facebook_image_id\";i:7159;s:20:\"facebook_image_width\";i:565;s:21:\"facebook_image_height\";i:565;s:13:\"twitter_title\";s:21:\"%title% - %site_name%\";s:19:\"twitter_description\";s:9:\"%content%\";s:17:\"twitter_image_url\";s:71:\"https:\/\/pophaw.com\/wp-content\/uploads\/2019\/04\/Prostatrol-Forte-60ct.png\";s:16:\"twitter_image_id\";i:7159;}"],"surerank_migration":["1"],"astra_style_timestamp_css":["1775173656"],"wwpp_product_wholesale_visibility_filter":["all"],"_uag_css_file_name":["uag-css-225.css"],"_uag_page_assets":["a:9:{s:3:\"css\";s:263:\".uag-blocks-common-selector{z-index:var(--z-index-desktop) !important}@media (max-width: 976px){.uag-blocks-common-selector{z-index:var(--z-index-tablet) !important}}@media (max-width: 767px){.uag-blocks-common-selector{z-index:var(--z-index-mobile) !important}}\n\";s:2:\"js\";s:0:\"\";s:18:\"current_block_list\";a:15:{i:0;s:23:\"surecart\/slide-out-cart\";i:1;s:30:\"surecart\/slide-out-cart-header\";i:2;s:29:\"surecart\/slide-out-cart-items\";i:3;s:30:\"surecart\/slide-out-cart-coupon\";i:4;s:32:\"surecart\/slide-out-cart-subtotal\";i:5;s:38:\"surecart\/slide-out-cart-bump-line-item\";i:6;s:30:\"surecart\/slide-out-cart-submit\";i:7;s:11:\"core\/search\";i:8;s:10:\"core\/group\";i:9;s:12:\"core\/heading\";i:10;s:17:\"core\/latest-posts\";i:11;s:20:\"core\/latest-comments\";i:12;s:13:\"core\/archives\";i:13;s:15:\"core\/categories\";i:14;s:14:\"core\/shortcode\";}s:8:\"uag_flag\";b:0;s:11:\"uag_version\";s:10:\"1775168599\";s:6:\"gfonts\";a:0:{}s:10:\"gfonts_url\";s:0:\"\";s:12:\"gfonts_files\";a:0:{}s:14:\"uag_faq_layout\";b:0;}"]},"uagb_featured_image_src":{"full":["https:\/\/pophaw.com\/wp-content\/uploads\/2019\/04\/Prostatrol-Forte-60ct.png",565,565,false],"thumbnail":["https:\/\/pophaw.com\/wp-content\/uploads\/2019\/04\/Prostatrol-Forte-60ct-150x150.png",150,150,true],"medium":["https:\/\/pophaw.com\/wp-content\/uploads\/2019\/04\/Prostatrol-Forte-60ct-300x300.png",300,300,true],"medium_large":["https:\/\/pophaw.com\/wp-content\/uploads\/2019\/04\/Prostatrol-Forte-60ct.png",565,565,false],"large":["https:\/\/pophaw.com\/wp-content\/uploads\/2019\/04\/Prostatrol-Forte-60ct.png",565,565,false],"ryviu-small":["https:\/\/pophaw.com\/wp-content\/uploads\/2019\/04\/Prostatrol-Forte-60ct.png",40,40,false],"ryviu-medium":["https:\/\/pophaw.com\/wp-content\/uploads\/2019\/04\/Prostatrol-Forte-60ct.png",132,132,false],"1536x1536":["https:\/\/pophaw.com\/wp-content\/uploads\/2019\/04\/Prostatrol-Forte-60ct.png",565,565,false],"2048x2048":["https:\/\/pophaw.com\/wp-content\/uploads\/2019\/04\/Prostatrol-Forte-60ct.png",565,565,false],"trp-custom-language-flag":["https:\/\/pophaw.com\/wp-content\/uploads\/2019\/04\/Prostatrol-Forte-60ct.png",12,12,false],"woocommerce_thumbnail":["https:\/\/pophaw.com\/wp-content\/uploads\/2019\/04\/Prostatrol-Forte-60ct-300x300.png",300,300,true],"woocommerce_single":["https:\/\/pophaw.com\/wp-content\/uploads\/2019\/04\/Prostatrol-Forte-60ct.png",565,565,false],"woocommerce_gallery_thumbnail":["https:\/\/pophaw.com\/wp-content\/uploads\/2019\/04\/Prostatrol-Forte-60ct-100x100.png",100,100,true]},"uagb_author_info":{"display_name":"Dr. Rowan","author_link":"https:\/\/pophaw.com\/pt\/author\/"},"uagb_comment_info":0,"uagb_excerpt":"Saw palmetto extract, stinging nettles root extract and pygeum bark extract each support prostate health, and their combination in a single formula creates a synergistic effect.","_links":{"self":[{"href":"https:\/\/pophaw.com\/pt\/wp-json\/wp\/v2\/product\/225","targetHints":{"allow":["GET"]}}],"collection":[{"href":"https:\/\/pophaw.com\/pt\/wp-json\/wp\/v2\/product"}],"about":[{"href":"https:\/\/pophaw.com\/pt\/wp-json\/wp\/v2\/types\/product"}],"wp:featuredmedia":[{"embeddable":true,"href":"https:\/\/pophaw.com\/pt\/wp-json\/wp\/v2\/media\/7159"}],"wp:attachment":[{"href":"https:\/\/pophaw.com\/pt\/wp-json\/wp\/v2\/media?parent=225"}],"wp:term":[{"taxonomy":"product_brand","embeddable":true,"href":"https:\/\/pophaw.com\/pt\/wp-json\/wp\/v2\/product_brand?post=225"},{"taxonomy":"product_cat","embeddable":true,"href":"https:\/\/pophaw.com\/pt\/wp-json\/wp\/v2\/product_cat?post=225"},{"taxonomy":"product_tag","embeddable":true,"href":"https:\/\/pophaw.com\/pt\/wp-json\/wp\/v2\/product_tag?post=225"}],"curies":[{"name":"wp","href":"https:\/\/api.w.org\/{rel}","templated":true}]}}