{"id":284,"date":"2019-04-17T07:02:49","date_gmt":"2019-04-17T07:02:49","guid":{"rendered":"https:\/\/pophaw.com\/product\/premium-first-aid-kit\/"},"modified":"2025-01-10T06:01:51","modified_gmt":"2025-01-10T14:01:51","slug":"capsulas-de-alfa-base-com-ferro-240ct","status":"publish","type":"product","link":"https:\/\/pophaw.com\/pt\/product\/capsulas-de-alfa-base-com-ferro-240ct\/","title":{"rendered":"C\u00e1psulas Alpha Base com Ferro 240ct"},"content":{"rendered":"<p><span style=\"font-family: arial, helvetica, sans-serif; color: #000000;\">Usando os melhores ingredientes vitam\u00ednicos e minerais e formulado de acordo com os mais altos padr\u00f5es, o Alpha Base Capsules with Iron Multivitamin supera todos os outros no fornecimento de suporte nutricional seguro e eficaz para toda a vida.<\/span><\/p>\n<h3><span style=\"font-family: arial, helvetica, sans-serif; color: #000000;\">APLICA\u00c7\u00d5ES CL\u00cdNICAS<\/span><\/h3>\n<ul>\n<li><span style=\"font-family: arial, helvetica, sans-serif; color: #000000;\">Fornece nutri\u00e7\u00e3o de base para uma variedade de protocolos<\/span><\/li>\n<li><span style=\"font-family: arial, helvetica, sans-serif; color: #000000;\">Prote\u00e7\u00e3o antioxidante de espectro total<\/span><\/li>\n<li><span style=\"font-family: arial, helvetica, sans-serif; color: #000000;\">Cria uma reserva metab\u00f3lica e protege contra defici\u00eancias alimentares<\/span><\/li>\n<li><span style=\"font-family: arial, helvetica, sans-serif; color: #000000;\">Protege contra a deple\u00e7\u00e3o de nutrientes induzida pelo estresse<\/span><\/li>\n<li><span style=\"font-family: arial, helvetica, sans-serif; color: #000000;\">Apoia o metabolismo saud\u00e1vel<\/span><\/li>\n<\/ul>\n<h3><span style=\"font-family: arial, helvetica, sans-serif; color: #000000;\">VIS\u00c3O GERAL<\/span><\/h3>\n<p>Alpha Base Capsules with Iron est\u00e1 bem estabelecido que a boa nutri\u00e7\u00e3o promove a sa\u00fade, enquanto as defici\u00eancias nutricionais podem levar a muitas doen\u00e7as cr\u00f4nicas. No entanto, muitas pessoas subestimam a import\u00e2ncia de atingir n\u00edveis adequados de micronutrientes todos os dias. Para que o corpo humano realize as tarefas di\u00e1rias vitais, ele precisa receber uma ampla e complexa variedade de micronutrientes essenciais.<br \/>\nOs micronutrientes desempenham um papel importante no fortalecimento da fun\u00e7\u00e3o imunol\u00f3gica e na convers\u00e3o de alimentos em energia. Eles desintoxicam subst\u00e2ncias qu\u00edmicas e medicamentos e fabricam neurotransmissores, horm\u00f4nios e outras mol\u00e9culas de sinaliza\u00e7\u00e3o importantes no corpo. Os micronutrientes tamb\u00e9m mant\u00eam o reparo dos tecidos e a regenera\u00e7\u00e3o celular. A defici\u00eancia de qualquer uma dessas vitaminas ou minerais essenciais pode gerar um colapso nos processos metab\u00f3licos que protegem a sa\u00fade.<br \/>\nEstudos abrangentes realizados pelo Departamento de Agricultura dos Estados Unidos revelaram que a dieta americana m\u00e9dia carece de micronutrientes. As defici\u00eancias nutricionais podem ser causadas por n\u00edveis baixos de nutrientes no solo, m\u00e9todos de transporte e armazenamento de alimentos e t\u00e9cnicas de processamento de alimentos. Al\u00e9m disso, as defici\u00eancias tamb\u00e9m podem ser causadas por alimentos altamente processados e refinados, aditivos alimentares, medicamentos, consumo de \u00e1lcool, fumo, exposi\u00e7\u00e3o a metais pesados e altos n\u00edveis de estresse. Seja qual for o motivo, existem defici\u00eancias de nutrientes em uma parcela substancial da popula\u00e7\u00e3o dos EUA e, para determinados nutrientes, mais de 80% dos americanos consomem menos do que a dose di\u00e1ria recomendada (RDA).<br \/>\nEmbora as ingest\u00f5es recomendadas de nutrientes tenham sido estabelecidas como diretrizes m\u00ednimas para indiv\u00edduos saud\u00e1veis, essas diretrizes n\u00e3o foram projetadas para atender \u00e0s necessidades de micronutrientes de todos os indiv\u00edduos, especialmente aqueles com problemas cr\u00f4nicos de sa\u00fade. Embora essas diretrizes possam ajudar a evitar uma defici\u00eancia grave de nutrientes, padr\u00f5es como a RDA n\u00e3o refletem a ingest\u00e3o di\u00e1ria ideal. Por esses motivos, um multivitam\u00ednico di\u00e1rio \u00e9 uma escolha prudente para a maioria das pessoas.<br \/>\nO Alpha Base \u00e9 um multivitam\u00ednico de qualidade superior projetado para apoiar a ingest\u00e3o di\u00e1ria ideal de vitaminas e minerais, fornecendo uma fonte de nutrientes de alta qualidade na forma mais biodispon\u00edvel.<\/p>\n<p><span style=\"font-family: arial, helvetica, sans-serif; color: #000000;\">O Alpha Base C\u00e1psulas com Ferro \u00e9 uma mistura abrangente, hipoalerg\u00eanica, multivitam\u00ednica e mineral. Como um multivitam\u00ednico completo, o Alpha Base fornece nutrientes de alta qualidade para criar uma reserva saud\u00e1vel de micronutrientes. As vitaminas B USP* auxiliam na produ\u00e7\u00e3o de energia, e o folato (como QuatrefolicTM, 100% 5-MTHF), a forma biologicamente ativa do \u00e1cido f\u00f3lico, melhora a metila\u00e7\u00e3o. Os complexos minerais quelatados Albion\u00ae TRAACS\u00ae aumentam a biodisponibilidade. O Alpha Base inclui uma propor\u00e7\u00e3o ideal de 2:1 de magn\u00e9sio para c\u00e1lcio. A vitamina C, principal antioxidante, e os tocofer\u00f3is mistos e carotenoides naturais da vitamina E protegem as c\u00e9lulas dos danos causados pelos radicais livres. O Alpha Base tamb\u00e9m inclui a mistura sin\u00e9rgica de vitamina K2 (como MK-7) e D3, que s\u00e3o essenciais para apoiar a for\u00e7a \u00f3ssea e a sa\u00fade cardiovascular.<\/span><br \/>\n<span style=\"font-family: arial, helvetica, sans-serif; color: #000000;\"><strong>Sugest\u00e3o de uso:<\/strong><\/span><br \/>\n<span style=\"font-family: arial, helvetica, sans-serif; color: #000000;\">4-8 c\u00e1psulas por dia com alimentos ou conforme recomendado por seu m\u00e9dico.<\/span><\/p>\n<h3><span style=\"font-family: arial, helvetica, sans-serif; color: #000000;\">BENEF\u00cdCIOS DOS INGREDIENTES<\/span><\/h3>\n<p><span style=\"font-family: arial, helvetica, sans-serif; color: #000000;\">Usando os melhores ingredientes vitam\u00ednicos e minerais dispon\u00edveis e formulado de acordo com os mais altos padr\u00f5es em um super-suplemento eficaz, o multivitam\u00ednico Alpha Base supera todos os outros ao oferecer um programa seguro e eficaz para suporte nutricional por toda a vida.<\/span><br \/>\n<span style=\"font-family: arial, helvetica, sans-serif; color: #000000;\"><strong>A diferen\u00e7a do Alpha Base:<\/strong><\/span><\/p>\n<ul>\n<li><span style=\"font-family: arial, helvetica, sans-serif; color: #000000;\">Excelentes fontes de minerais e uma propor\u00e7\u00e3o de 2:1 de magn\u00e9sio para c\u00e1lcio.<\/span><\/li>\n<li><span style=\"font-family: arial, helvetica, sans-serif; color: #000000;\">Ingredientes USP\/NF sempre que dispon\u00edveis.<\/span><\/li>\n<li><span style=\"font-family: arial, helvetica, sans-serif; color: #000000;\">Os minerais totalmente reagidos t\u00eam uma taxa de assimila\u00e7\u00e3o mais alta do que os outros.<\/span><\/li>\n<li><span style=\"font-family: arial, helvetica, sans-serif; color: #000000;\">Altos n\u00edveis de antioxidantes reduzem os danos causados pelos radicais livres.<\/span><\/li>\n<li><span style=\"font-family: arial, helvetica, sans-serif; color: #000000;\">Formulado como o regime b\u00e1sico para todos os outros produtos da Ortho Molecular, garantindo que, quando tomado adequadamente, os pacientes ter\u00e3o a garantia de dosagens n\u00e3o conflitantes.<\/span><\/li>\n<\/ul>","protected":false},"excerpt":{"rendered":"<p>Usando os melhores ingredientes vitam\u00ednicos e minerais e formulado de acordo com os mais altos padr\u00f5es, o multivitam\u00ednico Alpha Base Capsules with Iron supera todos os outros no fornecimento de suporte nutricional seguro e eficaz para toda a vida.<\/p>","protected":false},"featured_media":7179,"template":"","meta":{"bwfblock_default_font":"","_uag_custom_page_level_css":"","site-sidebar-layout":"default","site-content-layout":"","ast-site-content-layout":"default","site-content-style":"default","site-sidebar-style":"default","ast-global-header-display":"","ast-banner-title-visibility":"","ast-main-header-display":"","ast-hfb-above-header-display":"","ast-hfb-below-header-display":"","ast-hfb-mobile-header-display":"","site-post-title":"","ast-breadcrumbs-content":"","ast-featured-img":"","footer-sml-layout":"","ast-disable-related-posts":"","theme-transparent-header-meta":"default","adv-header-id-meta":"","stick-header-meta":"default","header-above-stick-meta":"","header-main-stick-meta":"","header-below-stick-meta":"","astra-migrate-meta-layouts":"set","ast-page-background-enabled":"default","ast-page-background-meta":{"desktop":{"background-color":"","background-image":"","background-repeat":"repeat","background-position":"center center","background-size":"auto","background-attachment":"scroll","background-type":"","background-media":"","overlay-type":"","overlay-color":"","overlay-opacity":"","overlay-gradient":""},"tablet":{"background-color":"","background-image":"","background-repeat":"repeat","background-position":"center center","background-size":"auto","background-attachment":"scroll","background-type":"","background-media":"","overlay-type":"","overlay-color":"","overlay-opacity":"","overlay-gradient":""},"mobile":{"background-color":"","background-image":"","background-repeat":"repeat","background-position":"center center","background-size":"auto","background-attachment":"scroll","background-type":"","background-media":"","overlay-type":"","overlay-color":"","overlay-opacity":"","overlay-gradient":""}},"ast-content-background-meta":{"desktop":{"background-color":"var(--ast-global-color-5)","background-image":"","background-repeat":"repeat","background-position":"center center","background-size":"auto","background-attachment":"scroll","background-type":"","background-media":"","overlay-type":"","overlay-color":"","overlay-opacity":"","overlay-gradient":""},"tablet":{"background-color":"var(--ast-global-color-5)","background-image":"","background-repeat":"repeat","background-position":"center center","background-size":"auto","background-attachment":"scroll","background-type":"","background-media":"","overlay-type":"","overlay-color":"","overlay-opacity":"","overlay-gradient":""},"mobile":{"background-color":"var(--ast-global-color-5)","background-image":"","background-repeat":"repeat","background-position":"center center","background-size":"auto","background-attachment":"scroll","background-type":"","background-media":"","overlay-type":"","overlay-color":"","overlay-opacity":"","overlay-gradient":""}}},"product_brand":[170],"product_cat":[127],"product_tag":[],"class_list":{"0":"post-284","1":"product","2":"type-product","3":"status-publish","4":"has-post-thumbnail","6":"product_brand-ortho-molecular-products","7":"product_cat-dietary-supplements","8":"desktop-align-center","9":"tablet-align-center","10":"mobile-align-center","11":"ast-product-gallery-layout-horizontal-slider","12":"ast-magnify-disabled","13":"ast-product-tabs-layout-horizontal","15":"first","16":"instock","17":"shipping-taxable","18":"purchasable","19":"product-type-simple"},"spectra_custom_meta":{"_edit_last":["1"],"total_sales":["2"],"_tax_status":["taxable"],"_manage_stock":["yes"],"_backorders":["no"],"_sold_individually":["no"],"_virtual":["no"],"_downloadable":["no"],"_download_limit":["-1"],"_download_expiry":["-1"],"_stock":["6.000000"],"_stock_status":["instock"],"_wc_average_rating":["5.00"],"_wc_review_count":["2"],"_product_version":["9.5.2"],"_thumbnail_id":["7179"],"_wp_old_date":["2020-04-17"],"insight_product_options":["s:1358:\"a:38:{s:27:\"single_product_layout_style\";s:0:\"\";s:11:\"site_layout\";s:0:\"\";s:10:\"site_width\";s:0:\"\";s:16:\"site_top_spacing\";s:0:\"\";s:19:\"site_bottom_spacing\";s:0:\"\";s:10:\"site_class\";s:0:\"\";s:21:\"site_background_color\";s:0:\"\";s:21:\"site_background_image\";s:0:\"\";s:22:\"site_background_repeat\";s:9:\"no-repeat\";s:26:\"site_background_attachment\";s:0:\"\";s:24:\"site_background_position\";s:0:\"\";s:20:\"site_background_size\";s:0:\"\";s:24:\"content_background_color\";s:0:\"\";s:24:\"content_background_image\";s:0:\"\";s:25:\"content_background_repeat\";s:9:\"no-repeat\";s:27:\"content_background_position\";s:0:\"\";s:12:\"top_bar_type\";s:0:\"\";s:11:\"header_type\";s:0:\"\";s:14:\"header_overlay\";s:0:\"\";s:11:\"header_skin\";s:0:\"\";s:12:\"menu_display\";s:0:\"\";s:13:\"menu_one_page\";s:1:\"0\";s:16:\"custom_dark_logo\";s:0:\"\";s:17:\"custom_light_logo\";s:0:\"\";s:17:\"custom_logo_width\";s:0:\"\";s:24:\"custom_sticky_logo_width\";s:0:\"\";s:21:\"page_title_bar_layout\";s:0:\"\";s:29:\"page_title_bar_bottom_spacing\";s:0:\"\";s:31:\"page_title_bar_background_color\";s:0:\"\";s:25:\"page_title_bar_background\";s:0:\"\";s:33:\"page_title_bar_background_overlay\";s:0:\"\";s:29:\"page_title_bar_custom_heading\";s:0:\"\";s:14:\"page_sidebar_1\";s:7:\"default\";s:14:\"page_sidebar_2\";s:7:\"default\";s:21:\"page_sidebar_position\";s:7:\"default\";s:17:\"revolution_slider\";s:0:\"\";s:15:\"slider_position\";s:5:\"below\";s:13:\"footer_enable\";s:0:\"\";}\";"],"_sku":["NRT021"],"_product_image_gallery":["7180"],"_price":["64"],"_wc_rating_count":["a:1:{i:5;i:2;}"],"woosw_count":["3"],"woosw_add":["1596875205"],"_tax_class":[""],"_edit_lock":["1738377413:1"],"_wp_old_slug":["premium-first-aid-kit"],"_regular_price":["64"],"rank_math_focus_keyword":["Alpha Base Capsules with Iron"],"rank_math_analytic_object_id":["106"],"rank_math_seo_score":["81"],"rank_math_contentai_score":["a:5:{s:8:\"keywords\";s:5:\"74.51\";s:9:\"wordCount\";s:1:\"0\";s:9:\"linkCount\";s:1:\"0\";s:12:\"headingCount\";s:1:\"0\";s:10:\"mediaCount\";s:1:\"0\";}"],"rank_math_primary_product_brand":["0"],"rank_math_primary_product_cat":["127"],"rs_page_bg_color":[""],"_wc_gla_synced_at":["1774580420"],"_wc_gla_sync_status":["synced"],"_wc_gla_visibility":["sync-and-show"],"_wc_gla_google_ids":["a:1:{s:2:\"US\";s:20:\"online:en:US:gla_284\";}"],"fb_product_item_id":["9204827602872305"],"_admin_notes":[""],"_custom_product_field":[""],"_global_unique_id":["10888621913452"],"_wc_facebook_sync_enabled":["yes"],"fb_visibility":["yes"],"fb_product_description":[""],"_wc_facebook_product_image_source":["product"],"_wc_facebook_enhanced_catalog_attributes_capacity":[""],"_wc_facebook_enhanced_catalog_attributes_age_group":[""],"_wc_facebook_enhanced_catalog_attributes_gender":[""],"_wc_facebook_enhanced_catalog_attributes_ingredients":[""],"_wc_facebook_enhanced_catalog_attributes_health_concern":[""],"_wc_facebook_enhanced_catalog_attributes_pattern":[""],"_wc_facebook_enhanced_catalog_attributes_power_type":[""],"_wc_facebook_enhanced_catalog_attributes_product_form":[""],"_wc_facebook_enhanced_catalog_attributes_result_time":[""],"_wc_facebook_enhanced_catalog_attributes_scent":[""],"_wc_facebook_enhanced_catalog_attributes_absorbency":[""],"_wc_facebook_enhanced_catalog_attributes_serving_size":[""],"_wc_facebook_enhanced_catalog_attributes_size":[""],"_wc_facebook_enhanced_catalog_attributes_skin_care_concern":[""],"_wc_facebook_enhanced_catalog_attributes_skin_type":[""],"_wc_facebook_enhanced_catalog_attributes_spf_value":[""],"_wc_facebook_enhanced_catalog_attributes_standard_features":[""],"_wc_facebook_enhanced_catalog_attributes_stop_use_indications":[""],"_wc_facebook_enhanced_catalog_attributes_package_quantity":[""],"_wc_facebook_enhanced_catalog_attributes_lens_material":[""],"_wc_facebook_enhanced_catalog_attributes_lens_type":[""],"_wc_facebook_enhanced_catalog_attributes_lens_tint":[""],"_wc_facebook_enhanced_catalog_attributes_keywords":[""],"_wc_facebook_enhanced_catalog_attributes_is_powered":[""],"_wc_facebook_enhanced_catalog_attributes_instructions":[""],"_wc_facebook_enhanced_catalog_attributes_ingredients_composition":[""],"_wc_facebook_enhanced_catalog_attributes_inactive_ingredients":[""],"_wc_facebook_enhanced_catalog_attributes_flavor":[""],"_wc_facebook_enhanced_catalog_attributes_eyewear_rim":[""],"_wc_facebook_enhanced_catalog_attributes_dosage":[""],"_wc_facebook_enhanced_catalog_attributes_brand":[""],"_wc_facebook_enhanced_catalog_attributes_body_part":[""],"_wc_facebook_enhanced_catalog_attributes_batteries_required":[""],"_wc_facebook_enhanced_catalog_attributes_u_v_rating":[""],"_wc_facebook_commerce_enabled":["no"],"rank_math_primary_fb_product_set":["0"],"site-sidebar-layout":["default"],"ast-site-content-layout":["default"],"site-content-style":["default"],"site-sidebar-style":["default"],"theme-transparent-header-meta":["default"],"stick-header-meta":["default"],"_wc_facebook_enhanced_catalog_attributes_material":["Inox"],"_wc_facebook_enhanced_catalog_attributes_color":["Green, Red"],"astra-migrate-meta-layouts":["set"],"wpil_sync_report3":["1"],"wpil_links_inbound_internal_count":["0"],"wpil_links_inbound_internal_count_data":["eJxLtDKwqq4FAAZPAf4="],"wpil_links_outbound_internal_count":["0"],"wpil_links_outbound_internal_count_data":["eJxLtDKwqq4FAAZPAf4="],"wpil_links_outbound_external_count":["0"],"wpil_links_outbound_external_count_data":["eJxLtDKwqq4FAAZPAf4="],"wpil_sync_report2_time":["2025-01-27T07:29:11+00:00"],"classic-editor-remember":["classic-editor"],"omnisend_last_sync":["2025-05-16T11:05:10+00:00"],"fb_color":["Green, Red"],"fb_material":["Inox"],"surerank_settings_general":["a:7:{s:9:\"separator\";s:1:\"-\";s:10:\"page_title\";s:21:\"%title% - %site_name%\";s:25:\"auto_generate_description\";b:1;s:16:\"page_description\";s:9:\"%excerpt%\";s:16:\"auto_description\";s:155:\"Using the best vitamin and mineral ingredients and formulated using the highest standards, Alpha Base Capsules with Iron Multivitamin surpass all others in\";s:14:\"fallback_image\";s:0:\"\";s:13:\"canonical_url\";s:63:\"https:\/\/pophaw.com\/product\/alpha-base-capsules-with-iron-240ct\/\";}"],"surerank_settings_post_no_index":["no"],"surerank_settings_post_no_follow":["no"],"surerank_settings_post_no_archive":["no"],"surerank_settings_social":["a:23:{s:15:\"open_graph_tags\";b:1;s:18:\"facebook_meta_tags\";b:1;s:17:\"twitter_meta_tags\";b:1;s:16:\"oembeded_scripts\";b:1;s:17:\"oembeded_og_title\";b:1;s:22:\"oembeded_social_images\";b:1;s:27:\"oembeded_remove_author_name\";b:1;s:17:\"facebook_page_url\";s:54:\"https:\/\/www.facebook.com\/profile.php?id=61571207938497\";s:24:\"facebook_author_fallback\";s:0:\"\";s:17:\"twitter_card_type\";s:19:\"summary_large_image\";s:24:\"twitter_same_as_facebook\";b:1;s:24:\"twitter_profile_username\";s:0:\"\";s:24:\"twitter_profile_fallback\";s:0:\"\";s:14:\"facebook_title\";s:21:\"%title% - %site_name%\";s:20:\"facebook_description\";s:9:\"%content%\";s:18:\"facebook_image_url\";s:85:\"https:\/\/pophaw.com\/wp-content\/uploads\/2019\/04\/Alpha-Base-Capsules-with-Iron-240ct.png\";s:17:\"facebook_image_id\";i:7179;s:20:\"facebook_image_width\";i:565;s:21:\"facebook_image_height\";i:565;s:13:\"twitter_title\";s:21:\"%title% - %site_name%\";s:19:\"twitter_description\";s:9:\"%content%\";s:17:\"twitter_image_url\";s:85:\"https:\/\/pophaw.com\/wp-content\/uploads\/2019\/04\/Alpha-Base-Capsules-with-Iron-240ct.png\";s:16:\"twitter_image_id\";i:7179;}"],"surerank_migration":["1"],"astra_style_timestamp_css":["1775174712"],"wwpp_product_wholesale_visibility_filter":["all"],"_uag_css_file_name":["uag-css-284.css"],"_uag_page_assets":["a:9:{s:3:\"css\";s:263:\".uag-blocks-common-selector{z-index:var(--z-index-desktop) !important}@media (max-width: 976px){.uag-blocks-common-selector{z-index:var(--z-index-tablet) !important}}@media (max-width: 767px){.uag-blocks-common-selector{z-index:var(--z-index-mobile) !important}}\n\";s:2:\"js\";s:0:\"\";s:18:\"current_block_list\";a:15:{i:0;s:23:\"surecart\/slide-out-cart\";i:1;s:30:\"surecart\/slide-out-cart-header\";i:2;s:29:\"surecart\/slide-out-cart-items\";i:3;s:30:\"surecart\/slide-out-cart-coupon\";i:4;s:32:\"surecart\/slide-out-cart-subtotal\";i:5;s:38:\"surecart\/slide-out-cart-bump-line-item\";i:6;s:30:\"surecart\/slide-out-cart-submit\";i:7;s:11:\"core\/search\";i:8;s:10:\"core\/group\";i:9;s:12:\"core\/heading\";i:10;s:17:\"core\/latest-posts\";i:11;s:20:\"core\/latest-comments\";i:12;s:13:\"core\/archives\";i:13;s:15:\"core\/categories\";i:14;s:14:\"core\/shortcode\";}s:8:\"uag_flag\";b:0;s:11:\"uag_version\";s:10:\"1775168599\";s:6:\"gfonts\";a:0:{}s:10:\"gfonts_url\";s:0:\"\";s:12:\"gfonts_files\";a:0:{}s:14:\"uag_faq_layout\";b:0;}"],"_wc_gla_mc_status":["approved"]},"uagb_featured_image_src":{"full":["https:\/\/pophaw.com\/wp-content\/uploads\/2019\/04\/Alpha-Base-Capsules-with-Iron-240ct.png",565,565,false],"thumbnail":["https:\/\/pophaw.com\/wp-content\/uploads\/2019\/04\/Alpha-Base-Capsules-with-Iron-240ct-150x150.png",150,150,true],"medium":["https:\/\/pophaw.com\/wp-content\/uploads\/2019\/04\/Alpha-Base-Capsules-with-Iron-240ct-300x300.png",300,300,true],"medium_large":["https:\/\/pophaw.com\/wp-content\/uploads\/2019\/04\/Alpha-Base-Capsules-with-Iron-240ct.png",565,565,false],"large":["https:\/\/pophaw.com\/wp-content\/uploads\/2019\/04\/Alpha-Base-Capsules-with-Iron-240ct.png",565,565,false],"ryviu-small":["https:\/\/pophaw.com\/wp-content\/uploads\/2019\/04\/Alpha-Base-Capsules-with-Iron-240ct.png",40,40,false],"ryviu-medium":["https:\/\/pophaw.com\/wp-content\/uploads\/2019\/04\/Alpha-Base-Capsules-with-Iron-240ct.png",132,132,false],"1536x1536":["https:\/\/pophaw.com\/wp-content\/uploads\/2019\/04\/Alpha-Base-Capsules-with-Iron-240ct.png",565,565,false],"2048x2048":["https:\/\/pophaw.com\/wp-content\/uploads\/2019\/04\/Alpha-Base-Capsules-with-Iron-240ct.png",565,565,false],"trp-custom-language-flag":["https:\/\/pophaw.com\/wp-content\/uploads\/2019\/04\/Alpha-Base-Capsules-with-Iron-240ct.png",12,12,false],"woocommerce_thumbnail":["https:\/\/pophaw.com\/wp-content\/uploads\/2019\/04\/Alpha-Base-Capsules-with-Iron-240ct-300x300.png",300,300,true],"woocommerce_single":["https:\/\/pophaw.com\/wp-content\/uploads\/2019\/04\/Alpha-Base-Capsules-with-Iron-240ct.png",565,565,false],"woocommerce_gallery_thumbnail":["https:\/\/pophaw.com\/wp-content\/uploads\/2019\/04\/Alpha-Base-Capsules-with-Iron-240ct-100x100.png",100,100,true]},"uagb_author_info":{"display_name":"Dr. Rowan","author_link":"https:\/\/pophaw.com\/pt\/author\/"},"uagb_comment_info":1,"uagb_excerpt":"Using the best vitamin and mineral ingredients, and formulated using the highest standards,Alpha Base Capsules with Iron multivitamin surpasses all others in providing safe and effective life-long nutritional support.","_links":{"self":[{"href":"https:\/\/pophaw.com\/pt\/wp-json\/wp\/v2\/product\/284","targetHints":{"allow":["GET"]}}],"collection":[{"href":"https:\/\/pophaw.com\/pt\/wp-json\/wp\/v2\/product"}],"about":[{"href":"https:\/\/pophaw.com\/pt\/wp-json\/wp\/v2\/types\/product"}],"wp:featuredmedia":[{"embeddable":true,"href":"https:\/\/pophaw.com\/pt\/wp-json\/wp\/v2\/media\/7179"}],"wp:attachment":[{"href":"https:\/\/pophaw.com\/pt\/wp-json\/wp\/v2\/media?parent=284"}],"wp:term":[{"taxonomy":"product_brand","embeddable":true,"href":"https:\/\/pophaw.com\/pt\/wp-json\/wp\/v2\/product_brand?post=284"},{"taxonomy":"product_cat","embeddable":true,"href":"https:\/\/pophaw.com\/pt\/wp-json\/wp\/v2\/product_cat?post=284"},{"taxonomy":"product_tag","embeddable":true,"href":"https:\/\/pophaw.com\/pt\/wp-json\/wp\/v2\/product_tag?post=284"}],"curies":[{"name":"wp","href":"https:\/\/api.w.org\/{rel}","templated":true}]}}