{"id":567,"date":"2019-04-22T07:26:34","date_gmt":"2019-04-22T07:26:34","guid":{"rendered":"https:\/\/pophaw.com\/product\/anti-virus-carbon-mask\/"},"modified":"2025-01-04T03:36:09","modified_gmt":"2025-01-04T11:36:09","slug":"candicid-forte-180ct","status":"publish","type":"product","link":"https:\/\/pophaw.com\/pt\/product\/candicid-forte-180ct\/","title":{"rendered":"Candicid Forte 180ct"},"content":{"rendered":"<p><span style=\"font-family: arial, helvetica, sans-serif; color: #000000;\">O Candicid Forte apoia o equil\u00edbrio ideal da microflora gastrointestinal por meio de uma mistura de nutrientes, extratos bot\u00e2nicos naturais e \u00e1cidos graxos.<\/span><\/p>\n<h3><\/h3>\n<h3><span style=\"font-family: arial, helvetica, sans-serif; color: #000000;\">APLICA\u00c7\u00d5ES CL\u00cdNICAS<\/span><\/h3>\n<ul>\n<li><span style=\"font-family: arial, helvetica, sans-serif; color: #000000;\">Promove o equil\u00edbrio microbiano saud\u00e1vel<\/span><\/li>\n<li><span style=\"font-family: arial, helvetica, sans-serif; color: #000000;\">Ajuda a manter o conforto gastrointestinal<\/span><\/li>\n<li><span style=\"font-family: arial, helvetica, sans-serif; color: #000000;\">Fornece nutrientes que aumentam a prote\u00e7\u00e3o antioxidante<\/span><\/li>\n<li><span style=\"font-family: arial, helvetica, sans-serif; color: #000000;\">Melhora a fun\u00e7\u00e3o imunol\u00f3gica<\/span><\/li>\n<\/ul>\n<h3><span style=\"font-family: arial, helvetica, sans-serif; color: #000000;\">VIS\u00c3O GERAL<\/span><\/h3>\n<p><span style=\"font-family: arial, helvetica, sans-serif; color: #000000;\">A sa\u00fade gastrointestinal \u00e9 diretamente afetada por fatores como dieta inadequada e estilo de vida estressante. A preval\u00eancia de a\u00e7\u00facares e carboidratos refinados e a falta de fibras nas dietas ocidentais t\u00eam sido diretamente associadas a mudan\u00e7as nos ambientes intestinal e col\u00f4nico. Como mais de 70% do sistema imunol\u00f3gico do corpo reside no intestino, estabelecer um equil\u00edbrio microbiano saud\u00e1vel \u00e9 fundamental para reduzir os desafios imunol\u00f3gicos e manter o equil\u00edbrio inflamat\u00f3rio.<\/span><br \/>\n<span style=\"font-family: arial, helvetica, sans-serif; color: #000000;\">O Candicid Forte oferece uma mistura de nutrientes, bot\u00e2nicos potentes e \u00f3leos essenciais para promover o equil\u00edbrio microbiano saud\u00e1vel e o suporte imunol\u00f3gico. Formulado com o objetivo de desenvolver uma flora gastrointestinal (GI) saud\u00e1vel, o Candicid Forte inclui biotina, um nutriente que inibe a levedura de se converter na forma f\u00fangica mais agressiva. Al\u00e9m disso, o caprilato de s\u00f3dio \u00e9 inclu\u00eddo para interromper o metabolismo de\u00a0<em>C\u00e2ndida<\/em>e criam um ambiente hostil para a coloniza\u00e7\u00e3o. Ele tamb\u00e9m inclui bot\u00e2nicos potentes, como berberina HCl, Pau d'Arco, or\u00e9gano, alecrim, canela e gengibre, para acalmar o trato gastrointestinal, fornecer suporte antioxidante potente e garantir o equil\u00edbrio microbiano.<\/span><br \/>\n<span style=\"font-family: arial, helvetica, sans-serif; color: #000000;\"><strong>Sugest\u00e3o de uso:<\/strong><\/span><br \/>\n<span style=\"font-family: arial, helvetica, sans-serif; color: #000000;\">2 c\u00e1psulas tr\u00eas vezes ao dia ou conforme recomendado por seu m\u00e9dico.<\/span><\/p>\n<h3><span style=\"font-family: arial, helvetica, sans-serif; color: #000000;\">BENEF\u00cdCIOS DOS INGREDIENTES<\/span><\/h3>\n<p><span style=\"font-family: arial, helvetica, sans-serif; color: #000000;\"><strong>Biotina<\/strong><\/span><br \/>\n<span style=\"font-family: arial, helvetica, sans-serif; color: #000000;\">A biotina \u00e9 uma vitamina sol\u00favel em \u00e1gua e cofator de carboxilases; o nutriente afeta v\u00e1rias fun\u00e7\u00f5es sist\u00eamicas importantes, como o crescimento, o desenvolvimento, a imunidade e o metabolismo dos tecidos. As defici\u00eancias de biotina tamb\u00e9m foram associadas a uma defici\u00eancia imunol\u00f3gica leve. A fun\u00e7\u00e3o que a biotina pode desempenhar no trato gastrointestinal baseia-se principalmente em sua capacidade de estabelecer o equil\u00edbrio da microflora, evitando o crescimento de leveduras, especialmente\u00a0<em>Candida albicans<\/em>, A biotina impede que a levedura se converta em sua forma f\u00fangica mais invasiva. Na presen\u00e7a de biotina, a levedura n\u00e3o consegue se transformar na forma de mic\u00e9lio.<\/span><br \/>\n<span style=\"font-family: arial, helvetica, sans-serif; color: #000000;\"><strong>Or\u00e9gano<\/strong><\/span><br \/>\n<span style=\"font-family: arial, helvetica, sans-serif; color: #000000;\">Foi demonstrado que os fitonutrientes do or\u00e9gano, como o \u00e1cido rosmar\u00ednico e a quercetina, desempenham um papel no apoio aos mecanismos antioxidantes e ao equil\u00edbrio microbiano saud\u00e1vel do corpo. Al\u00e9m disso, o alto valor de ORAC (capacidade de absor\u00e7\u00e3o de radicais de oxig\u00eanio), em uma escala desenvolvida por cientistas do National Institute of Aging (Instituto Nacional do Envelhecimento) do or\u00e9gano, indica sua significativa capacidade de elimina\u00e7\u00e3o de antioxidantes para combater os radicais livres que causam estresse oxidativo. O \u00f3leo de or\u00e9gano tamb\u00e9m cont\u00e9m dois agentes de equil\u00edbrio microbiano que ocorrem naturalmente, chamados carvacrol e timol. Pesquisas sugerem que esses compostos aliviam a disbiose gastrointestinal e promovem uma microflora gastrointestinal saud\u00e1vel.<\/span><br \/>\n<span style=\"font-family: arial, helvetica, sans-serif; color: #000000;\"><strong>Pau d'Arco<\/strong><\/span><br \/>\n<span style=\"font-family: arial, helvetica, sans-serif; color: #000000;\">A parte interna da casca do Pau d'Arco tem sido usada pelos nativos americanos h\u00e1 milhares de anos para apoiar a sa\u00fade microbiana intestinal. A erva demonstrou ser eficaz na promo\u00e7\u00e3o de uma flora intestinal saud\u00e1vel e \u00e9 recomendada por herboristas para uma ampla variedade de problemas gastrointestinais. Estudos demonstraram que o Pau d'Arco tamb\u00e9m pode equilibrar a inflama\u00e7\u00e3o m\u00fasculo-esquel\u00e9tica e estudos in vitro demonstraram que as fra\u00e7\u00f5es do Pau d'Arco apoiam o equil\u00edbrio microbiano.<\/span><br \/>\n<span style=\"font-family: arial, helvetica, sans-serif; color: #000000;\"><strong>Caprilato de s\u00f3dio<\/strong><\/span><br \/>\n<span style=\"font-family: arial, helvetica, sans-serif; color: #000000;\">O caprilato de s\u00f3dio \u00e9 o sal de s\u00f3dio est\u00e1vel do \u00e1cido capr\u00edlico, um \u00e1cido graxo encontrado nos cocos. Estudos in vitro mostram que o caprilato de s\u00f3dio inibe o crescimento aer\u00f3bico e anaer\u00f3bico, provoca a perda da organiza\u00e7\u00e3o do citoplasma e das organelas, inibe a brota\u00e7\u00e3o, provoca a perda de pot\u00e1ssio e \u00e9 destrutivo para a integridade celular de\u00a0<em>Candida albicans<\/em>. Foi demonstrado que o \u00e1cido capr\u00edlico contribui para o equil\u00edbrio microbiano.<\/span><br \/>\n<span style=\"font-family: arial, helvetica, sans-serif; color: #000000;\"><strong>Berberina HCl<\/strong><\/span><br \/>\n<span style=\"font-family: arial, helvetica, sans-serif; color: #000000;\">A berberina, um alcaloide extra\u00eddo de ra\u00edzes de plantas, demonstrou expressar uma forte atividade de equil\u00edbrio microbiano in vitro e foi considerada o melhor dos quatro agentes estudados na inibi\u00e7\u00e3o de\u00a0<em>Candida albicans<\/em>\u2019 ader\u00eancia \u00e0s c\u00e9lulas epiteliais HT-29. Descobriu-se tamb\u00e9m que a berberina inibe a atividade de SAP (aspartil proteinases secretadas) em 70,2% +\/-6%, um marcador de convers\u00e3o de levedura para a forma f\u00fangica agressiva. Em um estudo in vitro, camundongos que receberam 1 mg\/kg de peso corporal de berberina tiveram um efeito potente no equil\u00edbrio microbiano e apresentaram efeitos sin\u00e9rgicos com agentes de equil\u00edbrio f\u00fangico.<\/span><br \/>\n<span style=\"font-family: arial, helvetica, sans-serif; color: #000000;\"><strong>Alecrim<\/strong><\/span><br \/>\n<span style=\"font-family: arial, helvetica, sans-serif; color: #000000;\">Foi demonstrado que o \u00f3leo essencial de alecrim apresenta efeitos de equil\u00edbrio microbiano de amplo espectro. O \u00f3leo foi analisado in vitro quanto \u00e0s suas atividades antioxidantes e de equil\u00edbrio microbiano e foi constatada uma forte atividade. Tamb\u00e9m foi demonstrado que o extrato de alecrim diminui o estresse oxidativo em v\u00e1rios tecidos.<\/span><br \/>\n<span style=\"font-family: arial, helvetica, sans-serif; color: #000000;\"><strong>Extrato de casca de canela<\/strong><\/span><br \/>\n<span style=\"font-family: arial, helvetica, sans-serif; color: #000000;\">Em um estudo in vitro que analisou diferentes cepas de micr\u00f3bios, incluindo MRSA e\u00a0<em>Esp\u00e9cies de Candida<\/em>, Em uma pesquisa in vitro, o \u00f3leo essencial de canela mostrou uma capacidade consistente de manter o equil\u00edbrio microbiano. Pesquisas in vitro demonstraram que o extrato de canela causa uma mudan\u00e7a na morfologia celular, destrui\u00e7\u00e3o de organelas e explos\u00e3o celular quando os micr\u00f3bios s\u00e3o expostos aos \u00f3leos essenciais de canela.<\/span><\/p>","protected":false},"excerpt":{"rendered":"<p>O Candicid Forte apoia o equil\u00edbrio ideal da microflora gastrointestinal por meio de uma mistura de nutrientes, extratos bot\u00e2nicos naturais e \u00e1cidos graxos.<\/p>","protected":false},"featured_media":7207,"template":"","meta":{"bwfblock_default_font":"","_uag_custom_page_level_css":"","site-sidebar-layout":"default","site-content-layout":"","ast-site-content-layout":"default","site-content-style":"default","site-sidebar-style":"default","ast-global-header-display":"","ast-banner-title-visibility":"","ast-main-header-display":"","ast-hfb-above-header-display":"","ast-hfb-below-header-display":"","ast-hfb-mobile-header-display":"","site-post-title":"","ast-breadcrumbs-content":"","ast-featured-img":"","footer-sml-layout":"","ast-disable-related-posts":"","theme-transparent-header-meta":"default","adv-header-id-meta":"","stick-header-meta":"default","header-above-stick-meta":"","header-main-stick-meta":"","header-below-stick-meta":"","astra-migrate-meta-layouts":"set","ast-page-background-enabled":"default","ast-page-background-meta":{"desktop":{"background-color":"","background-image":"","background-repeat":"repeat","background-position":"center center","background-size":"auto","background-attachment":"scroll","background-type":"","background-media":"","overlay-type":"","overlay-color":"","overlay-opacity":"","overlay-gradient":""},"tablet":{"background-color":"","background-image":"","background-repeat":"repeat","background-position":"center center","background-size":"auto","background-attachment":"scroll","background-type":"","background-media":"","overlay-type":"","overlay-color":"","overlay-opacity":"","overlay-gradient":""},"mobile":{"background-color":"","background-image":"","background-repeat":"repeat","background-position":"center center","background-size":"auto","background-attachment":"scroll","background-type":"","background-media":"","overlay-type":"","overlay-color":"","overlay-opacity":"","overlay-gradient":""}},"ast-content-background-meta":{"desktop":{"background-color":"var(--ast-global-color-5)","background-image":"","background-repeat":"repeat","background-position":"center center","background-size":"auto","background-attachment":"scroll","background-type":"","background-media":"","overlay-type":"","overlay-color":"","overlay-opacity":"","overlay-gradient":""},"tablet":{"background-color":"var(--ast-global-color-5)","background-image":"","background-repeat":"repeat","background-position":"center center","background-size":"auto","background-attachment":"scroll","background-type":"","background-media":"","overlay-type":"","overlay-color":"","overlay-opacity":"","overlay-gradient":""},"mobile":{"background-color":"var(--ast-global-color-5)","background-image":"","background-repeat":"repeat","background-position":"center center","background-size":"auto","background-attachment":"scroll","background-type":"","background-media":"","overlay-type":"","overlay-color":"","overlay-opacity":"","overlay-gradient":""}}},"product_brand":[170],"product_cat":[127],"product_tag":[],"class_list":{"0":"post-567","1":"product","2":"type-product","3":"status-publish","4":"has-post-thumbnail","6":"product_brand-ortho-molecular-products","7":"product_cat-dietary-supplements","8":"desktop-align-center","9":"tablet-align-center","10":"mobile-align-center","11":"ast-product-gallery-layout-horizontal-slider","12":"ast-magnify-disabled","13":"ast-product-tabs-layout-horizontal","15":"first","16":"instock","17":"shipping-taxable","18":"purchasable","19":"product-type-simple"},"spectra_custom_meta":{"_edit_last":["1"],"insight_product_options":["s:1358:\"a:38:{s:27:\"single_product_layout_style\";s:0:\"\";s:11:\"site_layout\";s:0:\"\";s:10:\"site_width\";s:0:\"\";s:16:\"site_top_spacing\";s:0:\"\";s:19:\"site_bottom_spacing\";s:0:\"\";s:10:\"site_class\";s:0:\"\";s:21:\"site_background_color\";s:0:\"\";s:21:\"site_background_image\";s:0:\"\";s:22:\"site_background_repeat\";s:9:\"no-repeat\";s:26:\"site_background_attachment\";s:0:\"\";s:24:\"site_background_position\";s:0:\"\";s:20:\"site_background_size\";s:0:\"\";s:24:\"content_background_color\";s:0:\"\";s:24:\"content_background_image\";s:0:\"\";s:25:\"content_background_repeat\";s:9:\"no-repeat\";s:27:\"content_background_position\";s:0:\"\";s:12:\"top_bar_type\";s:0:\"\";s:11:\"header_type\";s:0:\"\";s:14:\"header_overlay\";s:0:\"\";s:11:\"header_skin\";s:0:\"\";s:12:\"menu_display\";s:0:\"\";s:13:\"menu_one_page\";s:1:\"0\";s:16:\"custom_dark_logo\";s:0:\"\";s:17:\"custom_light_logo\";s:0:\"\";s:17:\"custom_logo_width\";s:0:\"\";s:24:\"custom_sticky_logo_width\";s:0:\"\";s:21:\"page_title_bar_layout\";s:0:\"\";s:29:\"page_title_bar_bottom_spacing\";s:0:\"\";s:31:\"page_title_bar_background_color\";s:0:\"\";s:25:\"page_title_bar_background\";s:0:\"\";s:33:\"page_title_bar_background_overlay\";s:0:\"\";s:29:\"page_title_bar_custom_heading\";s:0:\"\";s:14:\"page_sidebar_1\";s:7:\"default\";s:14:\"page_sidebar_2\";s:7:\"default\";s:21:\"page_sidebar_position\";s:7:\"default\";s:17:\"revolution_slider\";s:0:\"\";s:15:\"slider_position\";s:5:\"below\";s:13:\"footer_enable\";s:0:\"\";}\";"],"_sku":["NRT024"],"_regular_price":["84"],"total_sales":["17"],"_tax_status":["taxable"],"_manage_stock":["yes"],"_backorders":["no"],"_sold_individually":["no"],"_virtual":["no"],"_downloadable":["no"],"_download_limit":["-1"],"_download_expiry":["-1"],"_stock_status":["instock"],"_product_version":["9.5.1"],"_price":["84"],"_wp_old_date":["2020-04-22"],"woosw_count":["58"],"woosw_add":["1624461142"],"woosw_remove":["1590014898"],"_thumbnail_id":["7207"],"_edit_lock":["1735990527:1"],"_wp_old_slug":["anti-virus-carbon-mask"],"_tax_class":[""],"_stock":["1"],"_wc_average_rating":["0"],"_wc_review_count":["0"],"_product_image_gallery":["7208"],"rs_page_bg_color":[""],"rank_math_focus_keyword":["Candicid Forte"],"rank_math_analytic_object_id":["103"],"rank_math_seo_score":["81"],"_admin_notes":[""],"_custom_product_field":[""],"rank_math_primary_product_cat":["127"],"rank_math_primary_product_brand":["0"],"site-sidebar-layout":["default"],"ast-site-content-layout":["default"],"site-content-style":["default"],"site-sidebar-style":["default"],"theme-transparent-header-meta":["default"],"stick-header-meta":["default"],"_wc_gla_visibility":["dont-sync-and-show"],"_global_unique_id":["10888621913476"],"_wc_facebook_sync_enabled":["yes"],"fb_visibility":["yes"],"fb_product_description":[""],"_wc_facebook_product_image_source":["product"],"_wc_facebook_enhanced_catalog_attributes_capacity":[""],"_wc_facebook_enhanced_catalog_attributes_age_group":[""],"_wc_facebook_enhanced_catalog_attributes_gender":[""],"_wc_facebook_enhanced_catalog_attributes_ingredients":[""],"_wc_facebook_enhanced_catalog_attributes_health_concern":[""],"_wc_facebook_enhanced_catalog_attributes_pattern":[""],"_wc_facebook_enhanced_catalog_attributes_power_type":[""],"_wc_facebook_enhanced_catalog_attributes_product_form":[""],"_wc_facebook_enhanced_catalog_attributes_result_time":[""],"_wc_facebook_enhanced_catalog_attributes_scent":[""],"_wc_facebook_enhanced_catalog_attributes_absorbency":[""],"_wc_facebook_enhanced_catalog_attributes_material":[""],"_wc_facebook_enhanced_catalog_attributes_serving_size":[""],"_wc_facebook_enhanced_catalog_attributes_size":[""],"_wc_facebook_enhanced_catalog_attributes_skin_care_concern":[""],"_wc_facebook_enhanced_catalog_attributes_skin_type":[""],"_wc_facebook_enhanced_catalog_attributes_spf_value":[""],"_wc_facebook_enhanced_catalog_attributes_standard_features":[""],"_wc_facebook_enhanced_catalog_attributes_stop_use_indications":[""],"_wc_facebook_enhanced_catalog_attributes_package_quantity":[""],"_wc_facebook_enhanced_catalog_attributes_lens_material":[""],"_wc_facebook_enhanced_catalog_attributes_lens_type":[""],"_wc_facebook_enhanced_catalog_attributes_lens_tint":[""],"_wc_facebook_enhanced_catalog_attributes_keywords":[""],"_wc_facebook_enhanced_catalog_attributes_is_powered":[""],"_wc_facebook_enhanced_catalog_attributes_instructions":[""],"_wc_facebook_enhanced_catalog_attributes_ingredients_composition":[""],"_wc_facebook_enhanced_catalog_attributes_inactive_ingredients":[""],"_wc_facebook_enhanced_catalog_attributes_flavor":[""],"_wc_facebook_enhanced_catalog_attributes_eyewear_rim":[""],"_wc_facebook_enhanced_catalog_attributes_dosage":[""],"_wc_facebook_enhanced_catalog_attributes_color":[""],"_wc_facebook_enhanced_catalog_attributes_brand":[""],"_wc_facebook_enhanced_catalog_attributes_body_part":[""],"_wc_facebook_enhanced_catalog_attributes_batteries_required":[""],"_wc_facebook_enhanced_catalog_attributes_u_v_rating":[""],"_wc_facebook_commerce_enabled":["no"],"rank_math_primary_fb_product_set":["0"],"astra-migrate-meta-layouts":["set"],"wpil_sync_report3":["1"],"wpil_links_inbound_internal_count":["0"],"wpil_links_inbound_internal_count_data":["eJxLtDKwqq4FAAZPAf4="],"wpil_links_outbound_internal_count":["0"],"wpil_links_outbound_internal_count_data":["eJxLtDKwqq4FAAZPAf4="],"wpil_links_outbound_external_count":["0"],"wpil_links_outbound_external_count_data":["eJxLtDKwqq4FAAZPAf4="],"wpil_sync_report2_time":["2025-01-27T07:29:11+00:00"],"omnisend_last_sync":["2025-05-16T11:05:10+00:00"],"surerank_settings_general":["a:7:{s:9:\"separator\";s:1:\"-\";s:10:\"page_title\";s:21:\"%title% - %site_name%\";s:25:\"auto_generate_description\";b:1;s:16:\"page_description\";s:9:\"%excerpt%\";s:16:\"auto_description\";s:158:\"Candicid Forte supports optimal GI microflora balance through a blend of nutrients, natural botanical extracts and fatty acids. CLINICAL APPLICATIONS OVERVIEW\";s:14:\"fallback_image\";s:0:\"\";s:13:\"canonical_url\";s:48:\"https:\/\/pophaw.com\/product\/candicid-forte-180ct\/\";}"],"surerank_settings_post_no_index":["no"],"surerank_settings_post_no_follow":["no"],"surerank_settings_post_no_archive":["no"],"surerank_settings_social":["a:23:{s:15:\"open_graph_tags\";b:1;s:18:\"facebook_meta_tags\";b:1;s:17:\"twitter_meta_tags\";b:1;s:16:\"oembeded_scripts\";b:1;s:17:\"oembeded_og_title\";b:1;s:22:\"oembeded_social_images\";b:1;s:27:\"oembeded_remove_author_name\";b:1;s:17:\"facebook_page_url\";s:54:\"https:\/\/www.facebook.com\/profile.php?id=61571207938497\";s:24:\"facebook_author_fallback\";s:0:\"\";s:17:\"twitter_card_type\";s:19:\"summary_large_image\";s:24:\"twitter_same_as_facebook\";b:1;s:24:\"twitter_profile_username\";s:0:\"\";s:24:\"twitter_profile_fallback\";s:0:\"\";s:14:\"facebook_title\";s:21:\"%title% - %site_name%\";s:20:\"facebook_description\";s:9:\"%content%\";s:18:\"facebook_image_url\";s:70:\"https:\/\/pophaw.com\/wp-content\/uploads\/2019\/04\/Candicid-Forte-180ct.png\";s:17:\"facebook_image_id\";i:7207;s:20:\"facebook_image_width\";i:565;s:21:\"facebook_image_height\";i:565;s:13:\"twitter_title\";s:21:\"%title% - %site_name%\";s:19:\"twitter_description\";s:9:\"%content%\";s:17:\"twitter_image_url\";s:70:\"https:\/\/pophaw.com\/wp-content\/uploads\/2019\/04\/Candicid-Forte-180ct.png\";s:16:\"twitter_image_id\";i:7207;}"],"surerank_migration":["1"],"astra_style_timestamp_css":["1775174884"],"wwpp_product_wholesale_visibility_filter":["all"],"_uag_css_file_name":["uag-css-567.css"],"_uag_page_assets":["a:9:{s:3:\"css\";s:263:\".uag-blocks-common-selector{z-index:var(--z-index-desktop) !important}@media (max-width: 976px){.uag-blocks-common-selector{z-index:var(--z-index-tablet) !important}}@media (max-width: 767px){.uag-blocks-common-selector{z-index:var(--z-index-mobile) !important}}\n\";s:2:\"js\";s:0:\"\";s:18:\"current_block_list\";a:15:{i:0;s:23:\"surecart\/slide-out-cart\";i:1;s:30:\"surecart\/slide-out-cart-header\";i:2;s:29:\"surecart\/slide-out-cart-items\";i:3;s:30:\"surecart\/slide-out-cart-coupon\";i:4;s:32:\"surecart\/slide-out-cart-subtotal\";i:5;s:38:\"surecart\/slide-out-cart-bump-line-item\";i:6;s:30:\"surecart\/slide-out-cart-submit\";i:7;s:11:\"core\/search\";i:8;s:10:\"core\/group\";i:9;s:12:\"core\/heading\";i:10;s:17:\"core\/latest-posts\";i:11;s:20:\"core\/latest-comments\";i:12;s:13:\"core\/archives\";i:13;s:15:\"core\/categories\";i:14;s:14:\"core\/shortcode\";}s:8:\"uag_flag\";b:0;s:11:\"uag_version\";s:10:\"1775168599\";s:6:\"gfonts\";a:0:{}s:10:\"gfonts_url\";s:0:\"\";s:12:\"gfonts_files\";a:0:{}s:14:\"uag_faq_layout\";b:0;}"]},"uagb_featured_image_src":{"full":["https:\/\/pophaw.com\/wp-content\/uploads\/2019\/04\/Candicid-Forte-180ct.png",565,565,false],"thumbnail":["https:\/\/pophaw.com\/wp-content\/uploads\/2019\/04\/Candicid-Forte-180ct-150x150.png",150,150,true],"medium":["https:\/\/pophaw.com\/wp-content\/uploads\/2019\/04\/Candicid-Forte-180ct-300x300.png",300,300,true],"medium_large":["https:\/\/pophaw.com\/wp-content\/uploads\/2019\/04\/Candicid-Forte-180ct.png",565,565,false],"large":["https:\/\/pophaw.com\/wp-content\/uploads\/2019\/04\/Candicid-Forte-180ct.png",565,565,false],"ryviu-small":["https:\/\/pophaw.com\/wp-content\/uploads\/2019\/04\/Candicid-Forte-180ct.png",40,40,false],"ryviu-medium":["https:\/\/pophaw.com\/wp-content\/uploads\/2019\/04\/Candicid-Forte-180ct.png",132,132,false],"1536x1536":["https:\/\/pophaw.com\/wp-content\/uploads\/2019\/04\/Candicid-Forte-180ct.png",565,565,false],"2048x2048":["https:\/\/pophaw.com\/wp-content\/uploads\/2019\/04\/Candicid-Forte-180ct.png",565,565,false],"trp-custom-language-flag":["https:\/\/pophaw.com\/wp-content\/uploads\/2019\/04\/Candicid-Forte-180ct.png",12,12,false],"woocommerce_thumbnail":["https:\/\/pophaw.com\/wp-content\/uploads\/2019\/04\/Candicid-Forte-180ct-300x300.png",300,300,true],"woocommerce_single":["https:\/\/pophaw.com\/wp-content\/uploads\/2019\/04\/Candicid-Forte-180ct.png",565,565,false],"woocommerce_gallery_thumbnail":["https:\/\/pophaw.com\/wp-content\/uploads\/2019\/04\/Candicid-Forte-180ct-100x100.png",100,100,true]},"uagb_author_info":{"display_name":"Dr. Rowan","author_link":"https:\/\/pophaw.com\/pt\/author\/"},"uagb_comment_info":0,"uagb_excerpt":"Candicid Forte supports optimal GI microflora balance through a blend of nutrients, natural botanical extracts and fatty acids.","_links":{"self":[{"href":"https:\/\/pophaw.com\/pt\/wp-json\/wp\/v2\/product\/567","targetHints":{"allow":["GET"]}}],"collection":[{"href":"https:\/\/pophaw.com\/pt\/wp-json\/wp\/v2\/product"}],"about":[{"href":"https:\/\/pophaw.com\/pt\/wp-json\/wp\/v2\/types\/product"}],"wp:featuredmedia":[{"embeddable":true,"href":"https:\/\/pophaw.com\/pt\/wp-json\/wp\/v2\/media\/7207"}],"wp:attachment":[{"href":"https:\/\/pophaw.com\/pt\/wp-json\/wp\/v2\/media?parent=567"}],"wp:term":[{"taxonomy":"product_brand","embeddable":true,"href":"https:\/\/pophaw.com\/pt\/wp-json\/wp\/v2\/product_brand?post=567"},{"taxonomy":"product_cat","embeddable":true,"href":"https:\/\/pophaw.com\/pt\/wp-json\/wp\/v2\/product_cat?post=567"},{"taxonomy":"product_tag","embeddable":true,"href":"https:\/\/pophaw.com\/pt\/wp-json\/wp\/v2\/product_tag?post=567"}],"curies":[{"name":"wp","href":"https:\/\/api.w.org\/{rel}","templated":true}]}}