{"id":575,"date":"2019-04-22T07:27:28","date_gmt":"2019-04-22T07:27:28","guid":{"rendered":"https:\/\/pophaw.com\/product\/laser-temperature-gun\/"},"modified":"2025-01-31T18:39:17","modified_gmt":"2025-02-01T02:39:17","slug":"cardio-b-120ct","status":"publish","type":"product","link":"https:\/\/pophaw.com\/pt\/product\/cardio-b-120ct\/","title":{"rendered":"Cardio B 120ct"},"content":{"rendered":"<p><span style=\"font-family: arial, helvetica, sans-serif; color: #000000;\">O Cardio B utiliza altas doses de \u00e1cido f\u00f3lico, B12, B6 e trimetilglicina (beta\u00edna) para apoiar o equil\u00edbrio da homociste\u00edna.<\/span><\/p>\n<h3><span style=\"font-family: arial, helvetica, sans-serif; color: #000000;\">APLICA\u00c7\u00d5ES CL\u00cdNICAS<\/span><\/h3>\n<ul>\n<li><span style=\"font-family: arial, helvetica, sans-serif; color: #000000;\">Apoia a sa\u00fade cardiovascular e neurol\u00f3gica<\/span><\/li>\n<li><span style=\"font-family: arial, helvetica, sans-serif; color: #000000;\">Apoia o equil\u00edbrio da homociste\u00edna<\/span><\/li>\n<li><span style=\"font-family: arial, helvetica, sans-serif; color: #000000;\">Apoia a fun\u00e7\u00e3o arterial saud\u00e1vel<\/span><\/li>\n<li><span style=\"font-family: arial, helvetica, sans-serif; color: #000000;\">Mant\u00e9m o equil\u00edbrio inflamat\u00f3rio normal<\/span><\/li>\n<\/ul>\n<h3><span style=\"font-family: arial, helvetica, sans-serif; color: #000000;\">VIS\u00c3O GERAL<\/span><\/h3>\n<p><span style=\"font-family: arial, helvetica, sans-serif; color: #000000;\">A metila\u00e7\u00e3o \u00e9 um processo bioqu\u00edmico do corpo que requer vitaminas e \u00e9 fundamental para a manuten\u00e7\u00e3o da sa\u00fade f\u00edsica e mental. A metila\u00e7\u00e3o ajuda a converter o metab\u00f3lito problem\u00e1tico do amino\u00e1cido homociste\u00edna nos amino\u00e1cidos metionina e ciste\u00edna. A reciclagem consistente da homociste\u00edna \u00e9 vital para apoiar a sa\u00fade cardiovascular. A metila\u00e7\u00e3o adequada pode ser inibida por defici\u00eancias de nutrientes, especialmente de \u00e1cido f\u00f3lico, B6 e B12. O Cardio B cont\u00e9m quantidades espec\u00edficas de \u00e1cido f\u00f3lico, B12, B6 e beta\u00edna (trimetilglicina) para apoiar as vias de metila\u00e7\u00e3o no corpo.<\/span><br \/>\n<span style=\"font-family: arial, helvetica, sans-serif; color: #000000;\"><strong>Sugest\u00e3o de uso:<\/strong><\/span><br \/>\n<span style=\"font-family: arial, helvetica, sans-serif; color: #000000;\">1 ou mais c\u00e1psulas por dia ou conforme recomendado por seu m\u00e9dico.<\/span><\/p>\n<h3><span style=\"font-family: arial, helvetica, sans-serif; color: #000000;\">BENEF\u00cdCIOS DOS INGREDIENTES<\/span><\/h3>\n<p><span style=\"font-family: arial, helvetica, sans-serif; color: #000000;\"><strong>Folato<\/strong><\/span><br \/>\n<span style=\"font-family: arial, helvetica, sans-serif; color: #000000;\">O status adequado de folato \u00e9 essencial para manter a metila\u00e7\u00e3o ideal, o equil\u00edbrio dos gl\u00f3bulos vermelhos, a s\u00edntese de DNA e RNA e a divis\u00e3o e replica\u00e7\u00e3o saud\u00e1veis das c\u00e9lulas. O \u00e1cido f\u00f3lico \u00e9 convertido em sua forma metabolicamente ativa, 5-MTHF, pela enzima metilenotetrahidrofolato redutase (5-MTHFR). O 5-MTHF doa seu grupo metil \u00e0 vitamina B12 (cobalamina), formando a metilcobalamina. A metilcobalamina ajuda a converter o metab\u00f3lito problem\u00e1tico do amino\u00e1cido homociste\u00edna no amino\u00e1cido metionina.<\/span><br \/>\n<span style=\"font-family: arial, helvetica, sans-serif; color: #000000;\"><strong>B12<\/strong><\/span><br \/>\n<span style=\"font-family: arial, helvetica, sans-serif; color: #000000;\">A vitamina B12 (metilcobalamina) atua junto com o \u00e1cido f\u00f3lico em muitos processos corporais, inclusive na s\u00edntese de DNA, nas c\u00e9lulas vermelhas do sangue e no apoio \u00e0 sa\u00fade da bainha de mielina, a parte externa isolante que envolve as c\u00e9lulas nervosas. A vitamina B12 \u00e9 encontrada principalmente em alimentos de origem animal. Os vegetarianos e os idosos correm o maior risco de sofrer de defici\u00eancia de B12. A B12 \u00e9 considerada por muitos como um nutriente vital necess\u00e1rio para equilibrar os n\u00edveis de homociste\u00edna. A metilcobalamina \u00e9 a forma biologicamente ativa da vitamina B12 e auxilia na regula\u00e7\u00e3o positiva das vias de metila\u00e7\u00e3o.<\/span><br \/>\n<span style=\"font-family: arial, helvetica, sans-serif; color: #000000;\"><strong>B6<\/strong><\/span><br \/>\n<span style=\"font-family: arial, helvetica, sans-serif; color: #000000;\">A vitamina B6 (piridoxina) \u00e9 uma vitamina B necess\u00e1ria para mais de 60 rea\u00e7\u00f5es enzim\u00e1ticas diferentes que ocorrem no corpo. A vitamina B6 atua junto com o \u00e1cido f\u00f3lico e a vitamina B12 na reciclagem da homociste\u00edna. A vitamina B6 tamb\u00e9m apoia um sistema cardiovascular saud\u00e1vel ao promover a agrega\u00e7\u00e3o plaquet\u00e1ria saud\u00e1vel e ajuda a manter a press\u00e3o arterial saud\u00e1vel. A vitamina B6 \u00e9 necess\u00e1ria para a ativa\u00e7\u00e3o da lisil oxidase, uma enzima respons\u00e1vel pela liga\u00e7\u00e3o cruzada do col\u00e1geno e da elastina, que \u00e9 crucial para manter a circula\u00e7\u00e3o normal e a fun\u00e7\u00e3o arterial.<\/span><br \/>\n<span style=\"font-family: arial, helvetica, sans-serif; color: #000000;\"><strong>Trimetilglicina (Beta\u00edna)<\/strong><\/span><br \/>\n<span style=\"font-family: arial, helvetica, sans-serif; color: #000000;\">A trimetilglicina (beta\u00edna) funciona no corpo como um doador de metil exclusivo, apoiando a fun\u00e7\u00e3o hep\u00e1tica e as vias de desintoxica\u00e7\u00e3o e a convers\u00e3o da homociste\u00edna em metionina. A trimetilglicina tamb\u00e9m atua juntamente com a vitamina B6, a vitamina B12 e o \u00e1cido f\u00f3lico no apoio ao equil\u00edbrio da homociste\u00edna.<\/span><\/p>","protected":false},"excerpt":{"rendered":"<p>O Cardio B utiliza altas doses de \u00e1cido f\u00f3lico, B12, B6 e trimetilglicina (beta\u00edna) para apoiar o equil\u00edbrio da homociste\u00edna.<\/p>","protected":false},"featured_media":7210,"template":"","meta":{"bwfblock_default_font":"","_uag_custom_page_level_css":"","site-sidebar-layout":"default","site-content-layout":"","ast-site-content-layout":"default","site-content-style":"default","site-sidebar-style":"default","ast-global-header-display":"","ast-banner-title-visibility":"","ast-main-header-display":"","ast-hfb-above-header-display":"","ast-hfb-below-header-display":"","ast-hfb-mobile-header-display":"","site-post-title":"","ast-breadcrumbs-content":"","ast-featured-img":"","footer-sml-layout":"","ast-disable-related-posts":"","theme-transparent-header-meta":"default","adv-header-id-meta":"","stick-header-meta":"default","header-above-stick-meta":"","header-main-stick-meta":"","header-below-stick-meta":"","astra-migrate-meta-layouts":"set","ast-page-background-enabled":"default","ast-page-background-meta":{"desktop":{"background-color":"","background-image":"","background-repeat":"repeat","background-position":"center center","background-size":"auto","background-attachment":"scroll","background-type":"","background-media":"","overlay-type":"","overlay-color":"","overlay-opacity":"","overlay-gradient":""},"tablet":{"background-color":"","background-image":"","background-repeat":"repeat","background-position":"center center","background-size":"auto","background-attachment":"scroll","background-type":"","background-media":"","overlay-type":"","overlay-color":"","overlay-opacity":"","overlay-gradient":""},"mobile":{"background-color":"","background-image":"","background-repeat":"repeat","background-position":"center center","background-size":"auto","background-attachment":"scroll","background-type":"","background-media":"","overlay-type":"","overlay-color":"","overlay-opacity":"","overlay-gradient":""}},"ast-content-background-meta":{"desktop":{"background-color":"var(--ast-global-color-5)","background-image":"","background-repeat":"repeat","background-position":"center center","background-size":"auto","background-attachment":"scroll","background-type":"","background-media":"","overlay-type":"","overlay-color":"","overlay-opacity":"","overlay-gradient":""},"tablet":{"background-color":"var(--ast-global-color-5)","background-image":"","background-repeat":"repeat","background-position":"center center","background-size":"auto","background-attachment":"scroll","background-type":"","background-media":"","overlay-type":"","overlay-color":"","overlay-opacity":"","overlay-gradient":""},"mobile":{"background-color":"var(--ast-global-color-5)","background-image":"","background-repeat":"repeat","background-position":"center center","background-size":"auto","background-attachment":"scroll","background-type":"","background-media":"","overlay-type":"","overlay-color":"","overlay-opacity":"","overlay-gradient":""}}},"product_brand":[170],"product_cat":[127],"product_tag":[],"class_list":{"0":"post-575","1":"product","2":"type-product","3":"status-publish","4":"has-post-thumbnail","6":"product_brand-ortho-molecular-products","7":"product_cat-dietary-supplements","8":"desktop-align-center","9":"tablet-align-center","10":"mobile-align-center","11":"ast-product-gallery-layout-horizontal-slider","12":"ast-magnify-disabled","13":"ast-product-tabs-layout-horizontal","15":"first","16":"instock","17":"shipping-taxable","18":"purchasable","19":"product-type-simple"},"spectra_custom_meta":{"_edit_last":["1"],"_wp_old_date":["2020-04-22"],"insight_product_options":["s:1358:\"a:38:{s:27:\"single_product_layout_style\";s:0:\"\";s:11:\"site_layout\";s:0:\"\";s:10:\"site_width\";s:0:\"\";s:16:\"site_top_spacing\";s:0:\"\";s:19:\"site_bottom_spacing\";s:0:\"\";s:10:\"site_class\";s:0:\"\";s:21:\"site_background_color\";s:0:\"\";s:21:\"site_background_image\";s:0:\"\";s:22:\"site_background_repeat\";s:9:\"no-repeat\";s:26:\"site_background_attachment\";s:0:\"\";s:24:\"site_background_position\";s:0:\"\";s:20:\"site_background_size\";s:0:\"\";s:24:\"content_background_color\";s:0:\"\";s:24:\"content_background_image\";s:0:\"\";s:25:\"content_background_repeat\";s:9:\"no-repeat\";s:27:\"content_background_position\";s:0:\"\";s:12:\"top_bar_type\";s:0:\"\";s:11:\"header_type\";s:0:\"\";s:14:\"header_overlay\";s:0:\"\";s:11:\"header_skin\";s:0:\"\";s:12:\"menu_display\";s:0:\"\";s:13:\"menu_one_page\";s:1:\"0\";s:16:\"custom_dark_logo\";s:0:\"\";s:17:\"custom_light_logo\";s:0:\"\";s:17:\"custom_logo_width\";s:0:\"\";s:24:\"custom_sticky_logo_width\";s:0:\"\";s:21:\"page_title_bar_layout\";s:0:\"\";s:29:\"page_title_bar_bottom_spacing\";s:0:\"\";s:31:\"page_title_bar_background_color\";s:0:\"\";s:25:\"page_title_bar_background\";s:0:\"\";s:33:\"page_title_bar_background_overlay\";s:0:\"\";s:29:\"page_title_bar_custom_heading\";s:0:\"\";s:14:\"page_sidebar_1\";s:7:\"default\";s:14:\"page_sidebar_2\";s:7:\"default\";s:21:\"page_sidebar_position\";s:7:\"default\";s:17:\"revolution_slider\";s:0:\"\";s:15:\"slider_position\";s:5:\"below\";s:13:\"footer_enable\";s:0:\"\";}\";"],"_sku":["NRT025"],"_regular_price":["63"],"total_sales":["25"],"_tax_status":["taxable"],"_manage_stock":["no"],"_backorders":["no"],"_sold_individually":["no"],"_virtual":["no"],"_downloadable":["no"],"_download_limit":["-1"],"_download_expiry":["-1"],"_stock":[null],"_stock_status":["instock"],"_wc_average_rating":["5.00"],"_wc_review_count":["1"],"_product_version":["9.6.0"],"_price":["63"],"_wc_rating_count":["a:1:{i:5;i:1;}"],"woosw_count":["31"],"woosw_add":["1627498910"],"woosw_remove":["1606369602"],"_thumbnail_id":["7210"],"_tax_class":[""],"_edit_lock":["1738377591:1"],"_wp_old_slug":["laser-temperature-gun"],"_product_image_gallery":["7914"],"rank_math_seo_score":["81"],"rank_math_contentai_score":["a:5:{s:8:\"keywords\";s:5:\"74.51\";s:9:\"wordCount\";s:1:\"0\";s:9:\"linkCount\";s:1:\"0\";s:12:\"headingCount\";s:1:\"0\";s:10:\"mediaCount\";s:1:\"0\";}"],"rank_math_focus_keyword":["Cardio B"],"rank_math_primary_product_brand":["0"],"rank_math_primary_product_cat":["127"],"rank_math_analytic_object_id":["102"],"rs_page_bg_color":[""],"rank_math_description":["Cardio B uses high doses of folic acid, B12, B6, and trimethylglycine (betaine) to support homocysteine balance."],"_admin_notes":[""],"_custom_product_field":[""],"site-sidebar-layout":["default"],"ast-site-content-layout":["default"],"site-content-style":["default"],"site-sidebar-style":["default"],"theme-transparent-header-meta":["default"],"stick-header-meta":["default"],"_wc_gla_visibility":["dont-sync-and-show"],"fb_product_item_id":["8963916666978746"],"_global_unique_id":["10888621913483"],"_wc_facebook_sync_enabled":["yes"],"fb_visibility":["yes"],"fb_product_description":[""],"_wc_facebook_product_image_source":["product"],"_wc_facebook_enhanced_catalog_attributes_capacity":[""],"_wc_facebook_enhanced_catalog_attributes_age_group":[""],"_wc_facebook_enhanced_catalog_attributes_gender":[""],"_wc_facebook_enhanced_catalog_attributes_ingredients":[""],"_wc_facebook_enhanced_catalog_attributes_health_concern":[""],"_wc_facebook_enhanced_catalog_attributes_pattern":[""],"_wc_facebook_enhanced_catalog_attributes_power_type":[""],"_wc_facebook_enhanced_catalog_attributes_product_form":[""],"_wc_facebook_enhanced_catalog_attributes_result_time":[""],"_wc_facebook_enhanced_catalog_attributes_scent":[""],"_wc_facebook_enhanced_catalog_attributes_absorbency":[""],"_wc_facebook_enhanced_catalog_attributes_material":[""],"_wc_facebook_enhanced_catalog_attributes_serving_size":[""],"_wc_facebook_enhanced_catalog_attributes_size":[""],"_wc_facebook_enhanced_catalog_attributes_skin_care_concern":[""],"_wc_facebook_enhanced_catalog_attributes_skin_type":[""],"_wc_facebook_enhanced_catalog_attributes_spf_value":[""],"_wc_facebook_enhanced_catalog_attributes_standard_features":[""],"_wc_facebook_enhanced_catalog_attributes_stop_use_indications":[""],"_wc_facebook_enhanced_catalog_attributes_package_quantity":[""],"_wc_facebook_enhanced_catalog_attributes_lens_material":[""],"_wc_facebook_enhanced_catalog_attributes_lens_type":[""],"_wc_facebook_enhanced_catalog_attributes_lens_tint":[""],"_wc_facebook_enhanced_catalog_attributes_keywords":[""],"_wc_facebook_enhanced_catalog_attributes_is_powered":[""],"_wc_facebook_enhanced_catalog_attributes_instructions":[""],"_wc_facebook_enhanced_catalog_attributes_ingredients_composition":[""],"_wc_facebook_enhanced_catalog_attributes_inactive_ingredients":[""],"_wc_facebook_enhanced_catalog_attributes_flavor":[""],"_wc_facebook_enhanced_catalog_attributes_eyewear_rim":[""],"_wc_facebook_enhanced_catalog_attributes_dosage":[""],"_wc_facebook_enhanced_catalog_attributes_color":[""],"_wc_facebook_enhanced_catalog_attributes_brand":[""],"_wc_facebook_enhanced_catalog_attributes_body_part":[""],"_wc_facebook_enhanced_catalog_attributes_batteries_required":[""],"_wc_facebook_enhanced_catalog_attributes_u_v_rating":[""],"_wc_facebook_commerce_enabled":["no"],"rank_math_primary_fb_product_set":["0"],"wpil_sync_report3":["1"],"wpil_links_inbound_internal_count":["0"],"wpil_links_inbound_internal_count_data":["eJxLtDKwqq4FAAZPAf4="],"wpil_links_outbound_internal_count":["0"],"wpil_links_outbound_internal_count_data":["eJxLtDKwqq4FAAZPAf4="],"wpil_links_outbound_external_count":["0"],"wpil_links_outbound_external_count_data":["eJxLtDKwqq4FAAZPAf4="],"wpil_sync_report2_time":["2025-01-27T07:29:11+00:00"],"classic-editor-remember":["classic-editor"],"astra-migrate-meta-layouts":["set"],"wp_statistics_words_count":["392"],"omnisend_last_sync":["2025-05-16T11:05:10+00:00"],"surerank_settings_general":["a:7:{s:9:\"separator\";s:1:\"-\";s:10:\"page_title\";s:21:\"%title% - %site_name%\";s:25:\"auto_generate_description\";b:1;s:16:\"page_description\";s:112:\"Cardio B uses high doses of folic acid, B12, B6, and trimethylglycine (betaine) to support homocysteine balance.\";s:16:\"auto_description\";s:158:\"Cardio B uses high doses of folic acid, B12, B6, and trimethylglycine (betaine) to support homocysteine balance. CLINICAL APPLICATIONS OVERVIEW Methylation is\";s:14:\"fallback_image\";s:0:\"\";s:13:\"canonical_url\";s:42:\"https:\/\/pophaw.com\/product\/cardio-b-120ct\/\";}"],"surerank_settings_post_no_index":["no"],"surerank_settings_post_no_follow":["no"],"surerank_settings_post_no_archive":["no"],"surerank_settings_social":["a:23:{s:15:\"open_graph_tags\";b:1;s:18:\"facebook_meta_tags\";b:1;s:17:\"twitter_meta_tags\";b:1;s:16:\"oembeded_scripts\";b:1;s:17:\"oembeded_og_title\";b:1;s:22:\"oembeded_social_images\";b:1;s:27:\"oembeded_remove_author_name\";b:1;s:17:\"facebook_page_url\";s:54:\"https:\/\/www.facebook.com\/profile.php?id=61571207938497\";s:24:\"facebook_author_fallback\";s:0:\"\";s:17:\"twitter_card_type\";s:19:\"summary_large_image\";s:24:\"twitter_same_as_facebook\";b:1;s:24:\"twitter_profile_username\";s:0:\"\";s:24:\"twitter_profile_fallback\";s:0:\"\";s:14:\"facebook_title\";s:21:\"%title% - %site_name%\";s:20:\"facebook_description\";s:9:\"%content%\";s:18:\"facebook_image_url\";s:64:\"https:\/\/pophaw.com\/wp-content\/uploads\/2019\/04\/Cardio-B-120ct.png\";s:17:\"facebook_image_id\";i:7210;s:20:\"facebook_image_width\";i:565;s:21:\"facebook_image_height\";i:565;s:13:\"twitter_title\";s:21:\"%title% - %site_name%\";s:19:\"twitter_description\";s:9:\"%content%\";s:17:\"twitter_image_url\";s:64:\"https:\/\/pophaw.com\/wp-content\/uploads\/2019\/04\/Cardio-B-120ct.png\";s:16:\"twitter_image_id\";i:7210;}"],"surerank_migration":["1"],"astra_style_timestamp_css":["1775174874"],"wwpp_product_wholesale_visibility_filter":["all"],"_uag_css_file_name":["uag-css-575.css"],"_uag_page_assets":["a:9:{s:3:\"css\";s:263:\".uag-blocks-common-selector{z-index:var(--z-index-desktop) !important}@media (max-width: 976px){.uag-blocks-common-selector{z-index:var(--z-index-tablet) !important}}@media (max-width: 767px){.uag-blocks-common-selector{z-index:var(--z-index-mobile) !important}}\n\";s:2:\"js\";s:0:\"\";s:18:\"current_block_list\";a:15:{i:0;s:23:\"surecart\/slide-out-cart\";i:1;s:30:\"surecart\/slide-out-cart-header\";i:2;s:29:\"surecart\/slide-out-cart-items\";i:3;s:30:\"surecart\/slide-out-cart-coupon\";i:4;s:32:\"surecart\/slide-out-cart-subtotal\";i:5;s:38:\"surecart\/slide-out-cart-bump-line-item\";i:6;s:30:\"surecart\/slide-out-cart-submit\";i:7;s:11:\"core\/search\";i:8;s:10:\"core\/group\";i:9;s:12:\"core\/heading\";i:10;s:17:\"core\/latest-posts\";i:11;s:20:\"core\/latest-comments\";i:12;s:13:\"core\/archives\";i:13;s:15:\"core\/categories\";i:14;s:14:\"core\/shortcode\";}s:8:\"uag_flag\";b:0;s:11:\"uag_version\";s:10:\"1775168599\";s:6:\"gfonts\";a:0:{}s:10:\"gfonts_url\";s:0:\"\";s:12:\"gfonts_files\";a:0:{}s:14:\"uag_faq_layout\";b:0;}"]},"uagb_featured_image_src":{"full":["https:\/\/pophaw.com\/wp-content\/uploads\/2019\/04\/Cardio-B-120ct.png",565,565,false],"thumbnail":["https:\/\/pophaw.com\/wp-content\/uploads\/2019\/04\/Cardio-B-120ct-150x150.png",150,150,true],"medium":["https:\/\/pophaw.com\/wp-content\/uploads\/2019\/04\/Cardio-B-120ct-300x300.png",300,300,true],"medium_large":["https:\/\/pophaw.com\/wp-content\/uploads\/2019\/04\/Cardio-B-120ct.png",565,565,false],"large":["https:\/\/pophaw.com\/wp-content\/uploads\/2019\/04\/Cardio-B-120ct.png",565,565,false],"ryviu-small":["https:\/\/pophaw.com\/wp-content\/uploads\/2019\/04\/Cardio-B-120ct.png",40,40,false],"ryviu-medium":["https:\/\/pophaw.com\/wp-content\/uploads\/2019\/04\/Cardio-B-120ct.png",132,132,false],"1536x1536":["https:\/\/pophaw.com\/wp-content\/uploads\/2019\/04\/Cardio-B-120ct.png",565,565,false],"2048x2048":["https:\/\/pophaw.com\/wp-content\/uploads\/2019\/04\/Cardio-B-120ct.png",565,565,false],"trp-custom-language-flag":["https:\/\/pophaw.com\/wp-content\/uploads\/2019\/04\/Cardio-B-120ct.png",12,12,false],"woocommerce_thumbnail":["https:\/\/pophaw.com\/wp-content\/uploads\/2019\/04\/Cardio-B-120ct-300x300.png",300,300,true],"woocommerce_single":["https:\/\/pophaw.com\/wp-content\/uploads\/2019\/04\/Cardio-B-120ct.png",565,565,false],"woocommerce_gallery_thumbnail":["https:\/\/pophaw.com\/wp-content\/uploads\/2019\/04\/Cardio-B-120ct-100x100.png",100,100,true]},"uagb_author_info":{"display_name":"Dr. Rowan","author_link":"https:\/\/pophaw.com\/pt\/author\/"},"uagb_comment_info":0,"uagb_excerpt":"Cardio B uses high doses of folic acid, B12, B6, and trimethylglycine (betaine) to support homocysteine balance.","_links":{"self":[{"href":"https:\/\/pophaw.com\/pt\/wp-json\/wp\/v2\/product\/575","targetHints":{"allow":["GET"]}}],"collection":[{"href":"https:\/\/pophaw.com\/pt\/wp-json\/wp\/v2\/product"}],"about":[{"href":"https:\/\/pophaw.com\/pt\/wp-json\/wp\/v2\/types\/product"}],"wp:featuredmedia":[{"embeddable":true,"href":"https:\/\/pophaw.com\/pt\/wp-json\/wp\/v2\/media\/7210"}],"wp:attachment":[{"href":"https:\/\/pophaw.com\/pt\/wp-json\/wp\/v2\/media?parent=575"}],"wp:term":[{"taxonomy":"product_brand","embeddable":true,"href":"https:\/\/pophaw.com\/pt\/wp-json\/wp\/v2\/product_brand?post=575"},{"taxonomy":"product_cat","embeddable":true,"href":"https:\/\/pophaw.com\/pt\/wp-json\/wp\/v2\/product_cat?post=575"},{"taxonomy":"product_tag","embeddable":true,"href":"https:\/\/pophaw.com\/pt\/wp-json\/wp\/v2\/product_tag?post=575"}],"curies":[{"name":"wp","href":"https:\/\/api.w.org\/{rel}","templated":true}]}}