{"id":671,"date":"2020-04-28T03:18:14","date_gmt":"2020-04-28T03:18:14","guid":{"rendered":"https:\/\/pophaw.com\/product\/med-care-mens-v-neck-scrub-top\/"},"modified":"2025-02-13T01:18:27","modified_gmt":"2025-02-13T09:18:27","slug":"muletas-para-antebraco","status":"publish","type":"product","link":"https:\/\/pophaw.com\/pt\/product\/muletas-para-antebraco\/","title":{"rendered":"Muletas de alum\u00ednio para antebra\u00e7o com altura ajust\u00e1vel e algemas"},"content":{"rendered":"<p>Alivie a tens\u00e3o nas pernas e caminhe com firmeza: Melhore sua mobilidade com as muletas de antebra\u00e7o. Combinando alta resist\u00eancia, um manguito superior ajust\u00e1vel em 4 n\u00edveis e uma altura ajust\u00e1vel em 11 n\u00edveis, elas oferecem suporte e estabilidade excepcionais. Experimente uma caminhada mais segura e confiante a cada passo.<br \/>\nCom 11 configura\u00e7\u00f5es de altura ajust\u00e1veis, essa muleta de antebra\u00e7o ajust\u00e1vel garante um encaixe perfeito para usu\u00e1rios de 55,12\u2033 a 70,87\u2033. O manguito de bra\u00e7o ajust\u00e1vel em 4 n\u00edveis garante um ajuste confort\u00e1vel para diferentes comprimentos de antebra\u00e7o.<br \/>\nNossas muletas m\u00e9dicas para antebra\u00e7o s\u00e3o feitas de liga de alum\u00ednio forte, por\u00e9m leve, capaz de suportar at\u00e9 350 libras, dando-lhe a confian\u00e7a necess\u00e1ria para caminhar com facilidade. Leve e port\u00e1til, \u00e9 f\u00e1cil de carregar e transportar, perfeita para viagens e uso di\u00e1rio.<br \/>\nNossas muletas leves incluem almofadas de borracha ampliadas e antiderrapantes para os p\u00e9s, garantindo grande estabilidade em v\u00e1rias superf\u00edcies. A textura antiderrapante proporciona tra\u00e7\u00e3o segura em ladrilhos, pisos irregulares e concreto, oferecendo uma experi\u00eancia de caminhada mais est\u00e1vel.<br \/>\nPerfeitas para hospitais, centros de reabilita\u00e7\u00e3o, resid\u00eancias e espa\u00e7os p\u00fablicos, nossas muletas de apoio para caminhar s\u00e3o a companhia ideal para auxiliar na mobilidade, especialmente para pessoas com les\u00f5es nas pernas, idosos, deficientes ou recupera\u00e7\u00e3o p\u00f3s-cir\u00fargica.<\/p>\n<p><span style=\"color: #000000;\"><strong>Recursos e detalhes<\/strong><\/span><\/p>\n<p>V\u00e1rios ajustes, encaixe perfeito: As muletas de antebra\u00e7o apresentam um manguito de bra\u00e7o ajust\u00e1vel em 4 n\u00edveis, proporcionando um ajuste confort\u00e1vel para diferentes comprimentos de antebra\u00e7o. Combinada com o ajuste de altura de 11 n\u00edveis, ela se adapta a usu\u00e1rios de alturas variadas, de 55,12\u2033 a 70,87\u2033<br \/>\nParceiro de caminhada confi\u00e1vel: As muletas de caminhada, fabricadas em liga de alum\u00ednio dur\u00e1vel, suportam at\u00e9 350 libras, garantindo estabilidade e seguran\u00e7a. Ideal para les\u00f5es nas pernas, idosos, deficientes ou p\u00f3s-cir\u00fargicos, aliviando a tens\u00e3o nas pernas e restaurando a estabilidade da marcha<br \/>\nConforto em cada passo: Nossas muletas de caminhada oferecem suporte multiponto, um manguito superior ajust\u00e1vel e uma empunhadura ergon\u00f4mica para aliviar a press\u00e3o no cotovelo e no bra\u00e7o, al\u00e9m de aliviar a tens\u00e3o nas pernas. A al\u00e7a de PVC macio garante um ajuste confort\u00e1vel para uma experi\u00eancia de caminhada mais agrad\u00e1vel<br \/>\nSeguro e antiderrapante: Caminhe com confian\u00e7a em v\u00e1rias superf\u00edcies com nossas palmilhas de borracha antiderrapantes. Com estabilidade superior e contato com o solo, elas aumentam a tra\u00e7\u00e3o e absorvem o choque, minimizando o impacto nas articula\u00e7\u00f5es e garantindo uma caminhada mais segura e est\u00e1vel<br \/>\nAmplas aplica\u00e7\u00f5es: Ideal para hospitais, resid\u00eancias, centros de reabilita\u00e7\u00e3o e espa\u00e7os p\u00fablicos, nossas muletas de antebra\u00e7o para adultos oferecem assist\u00eancia essencial \u00e0 mobilidade. Leve, compacta e port\u00e1til, \u00e9 f\u00e1cil de transportar e armazenar sem ocupar muito espa\u00e7o<\/p>","protected":false},"excerpt":{"rendered":"<p>Experimente uma caminhada mais segura e confiante a cada passo.<\/p>","protected":false},"featured_media":9481,"template":"","meta":{"bwfblock_default_font":"","_uag_custom_page_level_css":"","site-sidebar-layout":"default","site-content-layout":"","ast-site-content-layout":"default","site-content-style":"default","site-sidebar-style":"default","ast-global-header-display":"","ast-banner-title-visibility":"","ast-main-header-display":"","ast-hfb-above-header-display":"","ast-hfb-below-header-display":"","ast-hfb-mobile-header-display":"","site-post-title":"","ast-breadcrumbs-content":"","ast-featured-img":"","footer-sml-layout":"","ast-disable-related-posts":"","theme-transparent-header-meta":"default","adv-header-id-meta":"","stick-header-meta":"default","header-above-stick-meta":"","header-main-stick-meta":"","header-below-stick-meta":"","astra-migrate-meta-layouts":"set","ast-page-background-enabled":"default","ast-page-background-meta":{"desktop":{"background-color":"","background-image":"","background-repeat":"repeat","background-position":"center center","background-size":"auto","background-attachment":"scroll","background-type":"","background-media":"","overlay-type":"","overlay-color":"","overlay-opacity":"","overlay-gradient":""},"tablet":{"background-color":"","background-image":"","background-repeat":"repeat","background-position":"center center","background-size":"auto","background-attachment":"scroll","background-type":"","background-media":"","overlay-type":"","overlay-color":"","overlay-opacity":"","overlay-gradient":""},"mobile":{"background-color":"","background-image":"","background-repeat":"repeat","background-position":"center center","background-size":"auto","background-attachment":"scroll","background-type":"","background-media":"","overlay-type":"","overlay-color":"","overlay-opacity":"","overlay-gradient":""}},"ast-content-background-meta":{"desktop":{"background-color":"var(--ast-global-color-5)","background-image":"","background-repeat":"repeat","background-position":"center center","background-size":"auto","background-attachment":"scroll","background-type":"","background-media":"","overlay-type":"","overlay-color":"","overlay-opacity":"","overlay-gradient":""},"tablet":{"background-color":"var(--ast-global-color-5)","background-image":"","background-repeat":"repeat","background-position":"center center","background-size":"auto","background-attachment":"scroll","background-type":"","background-media":"","overlay-type":"","overlay-color":"","overlay-opacity":"","overlay-gradient":""},"mobile":{"background-color":"var(--ast-global-color-5)","background-image":"","background-repeat":"repeat","background-position":"center center","background-size":"auto","background-attachment":"scroll","background-type":"","background-media":"","overlay-type":"","overlay-color":"","overlay-opacity":"","overlay-gradient":""}}},"product_brand":[73],"product_cat":[341,336,99,96],"product_tag":[],"class_list":{"0":"post-671","1":"product","2":"type-product","3":"status-publish","4":"has-post-thumbnail","6":"product_brand-pophaw","7":"product_cat-mobility","8":"product_cat-healthcare-products","9":"product_cat-home-medical-supplies","10":"product_cat-mobility-support","11":"desktop-align-center","12":"tablet-align-center","13":"mobile-align-center","14":"ast-product-gallery-layout-horizontal-slider","15":"ast-magnify-disabled","16":"ast-product-tabs-layout-horizontal","18":"first","19":"instock","20":"shipping-taxable","21":"purchasable","22":"product-type-simple"},"spectra_custom_meta":{"_edit_last":["1"],"total_sales":["4"],"_tax_status":["taxable"],"_manage_stock":["yes"],"_backorders":["no"],"_sold_individually":["no"],"_virtual":["no"],"_downloadable":["no"],"_download_limit":["-1"],"_download_expiry":["-1"],"_stock":["26"],"_stock_status":["instock"],"_product_version":["9.6.1"],"insight_product_options":["s:1358:\"a:38:{s:27:\"single_product_layout_style\";s:0:\"\";s:11:\"site_layout\";s:0:\"\";s:10:\"site_width\";s:0:\"\";s:16:\"site_top_spacing\";s:0:\"\";s:19:\"site_bottom_spacing\";s:0:\"\";s:10:\"site_class\";s:0:\"\";s:21:\"site_background_color\";s:0:\"\";s:21:\"site_background_image\";s:0:\"\";s:22:\"site_background_repeat\";s:9:\"no-repeat\";s:26:\"site_background_attachment\";s:0:\"\";s:24:\"site_background_position\";s:0:\"\";s:20:\"site_background_size\";s:0:\"\";s:24:\"content_background_color\";s:0:\"\";s:24:\"content_background_image\";s:0:\"\";s:25:\"content_background_repeat\";s:9:\"no-repeat\";s:27:\"content_background_position\";s:0:\"\";s:12:\"top_bar_type\";s:0:\"\";s:11:\"header_type\";s:0:\"\";s:14:\"header_overlay\";s:0:\"\";s:11:\"header_skin\";s:0:\"\";s:12:\"menu_display\";s:0:\"\";s:13:\"menu_one_page\";s:1:\"0\";s:16:\"custom_dark_logo\";s:0:\"\";s:17:\"custom_light_logo\";s:0:\"\";s:17:\"custom_logo_width\";s:0:\"\";s:24:\"custom_sticky_logo_width\";s:0:\"\";s:21:\"page_title_bar_layout\";s:0:\"\";s:29:\"page_title_bar_bottom_spacing\";s:0:\"\";s:31:\"page_title_bar_background_color\";s:0:\"\";s:25:\"page_title_bar_background\";s:0:\"\";s:33:\"page_title_bar_background_overlay\";s:0:\"\";s:29:\"page_title_bar_custom_heading\";s:0:\"\";s:14:\"page_sidebar_1\";s:7:\"default\";s:14:\"page_sidebar_2\";s:7:\"default\";s:21:\"page_sidebar_position\";s:7:\"default\";s:17:\"revolution_slider\";s:0:\"\";s:15:\"slider_position\";s:5:\"below\";s:13:\"footer_enable\";s:0:\"\";}\";"],"_sku":["EB218024"],"_product_image_gallery":["9482,9483,9484,9485,9486,9487"],"woosw_count":["10"],"woosw_add":["1627430823"],"woosw_remove":["1604065176"],"_price":["38.99"],"_tax_class":[""],"_wc_average_rating":["0"],"_wc_review_count":["0"],"_edit_lock":["1737875613:1"],"rs_page_bg_color":[""],"rank_math_focus_keyword":["Forearm Crutches"],"rank_math_analytic_object_id":["39"],"rank_math_auto_redirect":["a:1:{i:0;i:30;}"],"_wp_old_slug":["med-care-mens-v-neck-scrub-top"],"rank_math_seo_score":["90"],"rank_math_description":["Relieve leg strain and walk with steadiness: Empower your mobility with the forearm crutches."],"_thumbnail_id":["9481"],"_admin_notes":["https:\/\/www.ebay.com\/itm\/126654582330"],"_custom_product_field":[""],"_regular_price":["38.99"],"rank_math_primary_product_cat":["341"],"rank_math_primary_product_brand":["73"],"site-sidebar-layout":["default"],"ast-site-content-layout":["default"],"site-content-style":["default"],"site-sidebar-style":["default"],"theme-transparent-header-meta":["default"],"stick-header-meta":["default"],"_wc_gla_synced_at":["1774926044"],"_wc_gla_sync_status":["synced"],"_wc_gla_visibility":["sync-and-show"],"_wc_gla_google_ids":["a:1:{s:2:\"US\";s:20:\"online:en:US:gla_671\";}"],"fb_product_item_id":["27999888236323599"],"_global_unique_id":["10888621913872"],"_wc_facebook_sync_enabled":["yes"],"fb_visibility":["yes"],"fb_product_description":[""],"_wc_facebook_product_image_source":["product"],"_wc_facebook_commerce_enabled":["no"],"rank_math_primary_fb_product_set":["0"],"astra-migrate-meta-layouts":["set"],"wp_statistics_words_count":["365"],"wpil_sync_report3":["1"],"wpil_links_inbound_internal_count":["0"],"wpil_links_inbound_internal_count_data":["eJxLtDKwqq4FAAZPAf4="],"wpil_links_outbound_internal_count":["0"],"wpil_links_outbound_internal_count_data":["eJxLtDKwqq4FAAZPAf4="],"wpil_links_outbound_external_count":["0"],"wpil_links_outbound_external_count_data":["eJxLtDKwqq4FAAZPAf4="],"wpil_sync_report2_time":["2025-01-27T07:29:11+00:00"],"omnisend_last_sync":["2025-05-16T11:05:10+00:00"],"surerank_settings_general":["a:7:{s:9:\"separator\";s:1:\"-\";s:10:\"page_title\";s:21:\"%title% - %site_name%\";s:25:\"auto_generate_description\";b:1;s:16:\"page_description\";s:93:\"Relieve leg strain and walk with steadiness: Empower your mobility with the forearm crutches.\";s:16:\"auto_description\";s:158:\"Relieve leg strain and walk with steadiness: Empower your mobility with the forearm crutches. Combining high strength, a 4-level adjustable upper cuff, and an\";s:14:\"fallback_image\";s:0:\"\";s:13:\"canonical_url\";s:44:\"https:\/\/pophaw.com\/product\/forearm-crutches\/\";}"],"surerank_settings_post_no_index":["no"],"surerank_settings_post_no_follow":["no"],"surerank_settings_post_no_archive":["no"],"surerank_settings_social":["a:23:{s:15:\"open_graph_tags\";b:1;s:18:\"facebook_meta_tags\";b:1;s:17:\"twitter_meta_tags\";b:1;s:16:\"oembeded_scripts\";b:1;s:17:\"oembeded_og_title\";b:1;s:22:\"oembeded_social_images\";b:1;s:27:\"oembeded_remove_author_name\";b:1;s:17:\"facebook_page_url\";s:54:\"https:\/\/www.facebook.com\/profile.php?id=61571207938497\";s:24:\"facebook_author_fallback\";s:0:\"\";s:17:\"twitter_card_type\";s:19:\"summary_large_image\";s:24:\"twitter_same_as_facebook\";b:1;s:24:\"twitter_profile_username\";s:0:\"\";s:24:\"twitter_profile_fallback\";s:0:\"\";s:14:\"facebook_title\";s:21:\"%title% - %site_name%\";s:20:\"facebook_description\";s:9:\"%content%\";s:18:\"facebook_image_url\";s:56:\"https:\/\/pophaw.com\/wp-content\/uploads\/2020\/04\/10007.webp\";s:17:\"facebook_image_id\";i:9481;s:20:\"facebook_image_width\";i:1600;s:21:\"facebook_image_height\";i:1600;s:13:\"twitter_title\";s:21:\"%title% - %site_name%\";s:19:\"twitter_description\";s:9:\"%content%\";s:17:\"twitter_image_url\";s:56:\"https:\/\/pophaw.com\/wp-content\/uploads\/2020\/04\/10007.webp\";s:16:\"twitter_image_id\";i:9481;}"],"surerank_migration":["1"],"astra_style_timestamp_css":["1775203648"],"wwpp_product_wholesale_visibility_filter":["all"],"_uag_css_file_name":["uag-css-671.css"],"_uag_page_assets":["a:9:{s:3:\"css\";s:0:\"\";s:2:\"js\";s:0:\"\";s:18:\"current_block_list\";a:15:{i:0;s:23:\"surecart\/slide-out-cart\";i:1;s:30:\"surecart\/slide-out-cart-header\";i:2;s:29:\"surecart\/slide-out-cart-items\";i:3;s:30:\"surecart\/slide-out-cart-coupon\";i:4;s:32:\"surecart\/slide-out-cart-subtotal\";i:5;s:38:\"surecart\/slide-out-cart-bump-line-item\";i:6;s:30:\"surecart\/slide-out-cart-submit\";i:7;s:11:\"core\/search\";i:8;s:10:\"core\/group\";i:9;s:12:\"core\/heading\";i:10;s:17:\"core\/latest-posts\";i:11;s:20:\"core\/latest-comments\";i:12;s:13:\"core\/archives\";i:13;s:15:\"core\/categories\";i:14;s:14:\"core\/shortcode\";}s:8:\"uag_flag\";b:0;s:11:\"uag_version\";s:10:\"1775168599\";s:6:\"gfonts\";a:0:{}s:10:\"gfonts_url\";s:0:\"\";s:12:\"gfonts_files\";a:0:{}s:14:\"uag_faq_layout\";b:0;}"],"_wc_gla_mc_status":["approved"],"rank_math_internal_links_processed":["1"]},"uagb_featured_image_src":{"full":["https:\/\/pophaw.com\/wp-content\/uploads\/2020\/04\/10007.webp",1600,1600,false],"thumbnail":["https:\/\/pophaw.com\/wp-content\/uploads\/2020\/04\/10007-150x150.webp",150,150,true],"medium":["https:\/\/pophaw.com\/wp-content\/uploads\/2020\/04\/10007-300x300.webp",300,300,true],"medium_large":["https:\/\/pophaw.com\/wp-content\/uploads\/2020\/04\/10007-768x768.webp",768,768,true],"large":["https:\/\/pophaw.com\/wp-content\/uploads\/2020\/04\/10007-1024x1024.webp",1024,1024,true],"ryviu-small":["https:\/\/pophaw.com\/wp-content\/uploads\/2020\/04\/10007.webp",40,40,false],"ryviu-medium":["https:\/\/pophaw.com\/wp-content\/uploads\/2020\/04\/10007.webp",132,132,false],"1536x1536":["https:\/\/pophaw.com\/wp-content\/uploads\/2020\/04\/10007-1536x1536.webp",1536,1536,true],"2048x2048":["https:\/\/pophaw.com\/wp-content\/uploads\/2020\/04\/10007.webp",1600,1600,false],"trp-custom-language-flag":["https:\/\/pophaw.com\/wp-content\/uploads\/2020\/04\/10007.webp",12,12,false],"woocommerce_thumbnail":["https:\/\/pophaw.com\/wp-content\/uploads\/2020\/04\/10007-300x300.webp",300,300,true],"woocommerce_single":["https:\/\/pophaw.com\/wp-content\/uploads\/2020\/04\/10007-600x600.webp",600,600,true],"woocommerce_gallery_thumbnail":["https:\/\/pophaw.com\/wp-content\/uploads\/2020\/04\/10007-100x100.webp",100,100,true]},"uagb_author_info":{"display_name":"Dr. Rowan","author_link":"https:\/\/pophaw.com\/pt\/author\/"},"uagb_comment_info":0,"uagb_excerpt":"Experience a safer and more confident walking journey with every step.","_links":{"self":[{"href":"https:\/\/pophaw.com\/pt\/wp-json\/wp\/v2\/product\/671","targetHints":{"allow":["GET"]}}],"collection":[{"href":"https:\/\/pophaw.com\/pt\/wp-json\/wp\/v2\/product"}],"about":[{"href":"https:\/\/pophaw.com\/pt\/wp-json\/wp\/v2\/types\/product"}],"wp:featuredmedia":[{"embeddable":true,"href":"https:\/\/pophaw.com\/pt\/wp-json\/wp\/v2\/media\/9481"}],"wp:attachment":[{"href":"https:\/\/pophaw.com\/pt\/wp-json\/wp\/v2\/media?parent=671"}],"wp:term":[{"taxonomy":"product_brand","embeddable":true,"href":"https:\/\/pophaw.com\/pt\/wp-json\/wp\/v2\/product_brand?post=671"},{"taxonomy":"product_cat","embeddable":true,"href":"https:\/\/pophaw.com\/pt\/wp-json\/wp\/v2\/product_cat?post=671"},{"taxonomy":"product_tag","embeddable":true,"href":"https:\/\/pophaw.com\/pt\/wp-json\/wp\/v2\/product_tag?post=671"}],"curies":[{"name":"wp","href":"https:\/\/api.w.org\/{rel}","templated":true}]}}