{"id":689,"date":"2020-04-28T03:30:18","date_gmt":"2020-04-28T03:30:18","guid":{"rendered":"https:\/\/pophaw.com\/product\/essentials-with-chest-pocket-scrub\/"},"modified":"2025-02-13T01:19:20","modified_gmt":"2025-02-13T09:19:20","slug":"massageador-ocular-com-vibracao-eletrica","status":"publish","type":"product","link":"https:\/\/pophaw.com\/pt\/product\/massageador-ocular-com-vibracao-eletrica\/","title":{"rendered":"Massageador de olhos com vibra\u00e7\u00e3o el\u00e9trica"},"content":{"rendered":"<ul class=\"a-unordered-list a-vertical a-spacing-mini\">\n<li class=\"a-spacing-mini\"><span class=\"a-list-item\">Lista de itens eleg\u00edveis para HSA: Esse massageador ocular para al\u00edvio de enxaqueca \u00e9 eleg\u00edvel para FSA ou HSA e pode ser comprado com FSAs e HSAs.\u00a0<\/span><\/li>\n<li class=\"a-spacing-mini\"><span class=\"a-list-item\">A m\u00e1scara de olhos para dormir RENPHO pode bloquear a luz e ajudar a acalmar os olhos cansados, proporcionando um calor relaxante que pode reduzir o estresse e melhorar a qualidade do sono.<\/span><\/li>\n<li class=\"a-spacing-mini\"><span class=\"a-list-item\">Id\u00e9ias para presentes de Ano Novo\/Dia dos Namorados\/Anivers\u00e1rio: O massageador ocular Renpho com aquecimento e resfriamento \u00e9 um presente personalizado para mulheres\/homens, que pode ajud\u00e1-los a aliviar o cansa\u00e7o visual durante os longos dias de trabalho. Especialmente depois que as enfermeiras trabalham no turno da noite e os professores trabalham em suas mesas por muito tempo \u00e0 noite<\/span><\/li>\n<li class=\"a-spacing-mini\"><span class=\"a-list-item\">Compressa de calor calmante de 2 n\u00edveis: As almofadas de aquecimento integradas proporcionam uma temperatura confort\u00e1vel de 40\u00b0C\/45\u00b0C (104\u00b0C\/113\u00b0F), melhor para aliviar a tens\u00e3o ocular, o incha\u00e7o dos olhos, os olhos secos, melhorar o sono, etc. Nosso massageador de olhos para enxaqueca e dor de cabe\u00e7a pode ajud\u00e1-lo a se refrescar ap\u00f3s um longo dia de trabalho ou estudo<\/span><\/li>\n<li class=\"a-spacing-mini\"><span class=\"a-list-item\">Massagem ocular com compress\u00e3o de 2 n\u00edveis: Com o motor de alta tecnologia e a massagem de pontos de gatilho, o massageador de m\u00fasculos oculares RENPHO reproduz o efeito da massagem humana de apertar e amassar, ajudando a refrescar os olhos, reduzir o mau olhado, a dor nos olhos e as olheiras. Voc\u00ea pode escolher entre duas configura\u00e7\u00f5es ajust\u00e1veis de intensidade de compress\u00e3o para desfrutar de f\u00e9rias para seus olhos e ter um sonho melhor<\/span><\/li>\n<li class=\"a-spacing-mini\"><span class=\"a-list-item\">A vers\u00e3o atualizada adota controle remoto e por toque: A nova vers\u00e3o do massageador ocular RENPHO eyeris 1 pode alternar os modos \u00e0 vontade e ser controlada por controle remoto ou toque. Voc\u00ea tamb\u00e9m pode ouvir suas m\u00fasicas favoritas pelo alto-falante Bluetooth enquanto massageia os olhos. Nome do Bluetooth: Massageador de olhos. O massageador ocular Renpho n\u00e3o \u00e9 adequado para pessoas que se submeteram a opera\u00e7\u00f5es oculares, problemas de retina, catarata, glaucoma, etc.<\/span><\/li>\n<li class=\"a-spacing-mini\"><span class=\"a-list-item\">180\u00b0 dobr\u00e1vel e leve e port\u00e1til: Nosso dispositivo el\u00e9trico para al\u00edvio da tens\u00e3o ocular tem uma bolsa de armazenamento que pode ser dobrada em um tamanho menor, para que voc\u00ea possa lev\u00e1-lo para o escrit\u00f3rio, avi\u00e3o ou viagem. Al\u00e9m disso, a al\u00e7a de cabe\u00e7a pode ser facilmente ajustada em tamanho e \u00e9 adequada para todos os adolescentes e adultos<\/span><\/li>\n<li class=\"a-spacing-mini\"><span class=\"a-list-item\">Atendimento ao cliente confi\u00e1vel: Todo massageador Renpho usa uma embalagem bem constru\u00edda e uma boa experi\u00eancia de desembalagem. A Renpho \u00e9 conhecida pelos produtos da mais alta qualidade e pela melhor equipe de atendimento ao cliente<\/span><\/li>\n<\/ul>","protected":false},"excerpt":{"rendered":"<p>A m\u00e1scara para dormir pode bloquear a luz e ajudar a acalmar os olhos cansados<\/p>","protected":false},"featured_media":9498,"template":"","meta":{"bwfblock_default_font":"","_uag_custom_page_level_css":"","site-sidebar-layout":"default","site-content-layout":"","ast-site-content-layout":"default","site-content-style":"default","site-sidebar-style":"default","ast-global-header-display":"","ast-banner-title-visibility":"","ast-main-header-display":"","ast-hfb-above-header-display":"","ast-hfb-below-header-display":"","ast-hfb-mobile-header-display":"","site-post-title":"","ast-breadcrumbs-content":"","ast-featured-img":"","footer-sml-layout":"","ast-disable-related-posts":"","theme-transparent-header-meta":"default","adv-header-id-meta":"","stick-header-meta":"default","header-above-stick-meta":"","header-main-stick-meta":"","header-below-stick-meta":"","astra-migrate-meta-layouts":"set","ast-page-background-enabled":"default","ast-page-background-meta":{"desktop":{"background-color":"","background-image":"","background-repeat":"repeat","background-position":"center center","background-size":"auto","background-attachment":"scroll","background-type":"","background-media":"","overlay-type":"","overlay-color":"","overlay-opacity":"","overlay-gradient":""},"tablet":{"background-color":"","background-image":"","background-repeat":"repeat","background-position":"center center","background-size":"auto","background-attachment":"scroll","background-type":"","background-media":"","overlay-type":"","overlay-color":"","overlay-opacity":"","overlay-gradient":""},"mobile":{"background-color":"","background-image":"","background-repeat":"repeat","background-position":"center center","background-size":"auto","background-attachment":"scroll","background-type":"","background-media":"","overlay-type":"","overlay-color":"","overlay-opacity":"","overlay-gradient":""}},"ast-content-background-meta":{"desktop":{"background-color":"var(--ast-global-color-5)","background-image":"","background-repeat":"repeat","background-position":"center center","background-size":"auto","background-attachment":"scroll","background-type":"","background-media":"","overlay-type":"","overlay-color":"","overlay-opacity":"","overlay-gradient":""},"tablet":{"background-color":"var(--ast-global-color-5)","background-image":"","background-repeat":"repeat","background-position":"center center","background-size":"auto","background-attachment":"scroll","background-type":"","background-media":"","overlay-type":"","overlay-color":"","overlay-opacity":"","overlay-gradient":""},"mobile":{"background-color":"var(--ast-global-color-5)","background-image":"","background-repeat":"repeat","background-position":"center center","background-size":"auto","background-attachment":"scroll","background-type":"","background-media":"","overlay-type":"","overlay-color":"","overlay-opacity":"","overlay-gradient":""}}},"product_brand":[73],"product_cat":[340,103,336,93,99,338],"product_tag":[],"class_list":{"0":"post-689","1":"product","2":"type-product","3":"status-publish","4":"has-post-thumbnail","6":"product_brand-pophaw","7":"product_cat-massager","8":"product_cat-fitness-weight-management","9":"product_cat-healthcare-products","10":"product_cat-hearing-vision-care","11":"product_cat-home-medical-supplies","12":"product_cat-personal-care","13":"desktop-align-center","14":"tablet-align-center","15":"mobile-align-center","16":"ast-product-gallery-layout-horizontal-slider","17":"ast-magnify-disabled","18":"ast-product-tabs-layout-horizontal","20":"first","21":"instock","22":"shipping-taxable","23":"purchasable","24":"product-type-simple"},"spectra_custom_meta":{"_edit_last":["1"],"total_sales":["2"],"_tax_status":["taxable"],"_manage_stock":["yes"],"_backorders":["no"],"_sold_individually":["no"],"_virtual":["no"],"_downloadable":["no"],"_download_limit":["-1"],"_download_expiry":["-1"],"_stock":["26"],"_stock_status":["instock"],"_product_version":["9.6.1"],"insight_product_options":["s:1358:\"a:38:{s:27:\"single_product_layout_style\";s:0:\"\";s:11:\"site_layout\";s:0:\"\";s:10:\"site_width\";s:0:\"\";s:16:\"site_top_spacing\";s:0:\"\";s:19:\"site_bottom_spacing\";s:0:\"\";s:10:\"site_class\";s:0:\"\";s:21:\"site_background_color\";s:0:\"\";s:21:\"site_background_image\";s:0:\"\";s:22:\"site_background_repeat\";s:9:\"no-repeat\";s:26:\"site_background_attachment\";s:0:\"\";s:24:\"site_background_position\";s:0:\"\";s:20:\"site_background_size\";s:0:\"\";s:24:\"content_background_color\";s:0:\"\";s:24:\"content_background_image\";s:0:\"\";s:25:\"content_background_repeat\";s:9:\"no-repeat\";s:27:\"content_background_position\";s:0:\"\";s:12:\"top_bar_type\";s:0:\"\";s:11:\"header_type\";s:0:\"\";s:14:\"header_overlay\";s:0:\"\";s:11:\"header_skin\";s:0:\"\";s:12:\"menu_display\";s:0:\"\";s:13:\"menu_one_page\";s:1:\"0\";s:16:\"custom_dark_logo\";s:0:\"\";s:17:\"custom_light_logo\";s:0:\"\";s:17:\"custom_logo_width\";s:0:\"\";s:24:\"custom_sticky_logo_width\";s:0:\"\";s:21:\"page_title_bar_layout\";s:0:\"\";s:29:\"page_title_bar_bottom_spacing\";s:0:\"\";s:31:\"page_title_bar_background_color\";s:0:\"\";s:25:\"page_title_bar_background\";s:0:\"\";s:33:\"page_title_bar_background_overlay\";s:0:\"\";s:29:\"page_title_bar_custom_heading\";s:0:\"\";s:14:\"page_sidebar_1\";s:7:\"default\";s:14:\"page_sidebar_2\";s:7:\"default\";s:21:\"page_sidebar_position\";s:7:\"default\";s:17:\"revolution_slider\";s:0:\"\";s:15:\"slider_position\";s:5:\"below\";s:13:\"footer_enable\";s:0:\"\";}\";"],"_sku":["EB218026"],"_product_image_gallery":["9499,9500,9501"],"woosw_count":["15"],"woosw_add":["1612959897"],"_price":["75.99"],"woosw_remove":["1603832277"],"_tax_class":[""],"_wc_average_rating":["0"],"_wc_review_count":["0"],"rs_page_bg_color":[""],"rank_math_focus_keyword":["Eye Massager"],"_edit_lock":["1737875650:1"],"rank_math_analytic_object_id":["38"],"rank_math_auto_redirect":["a:1:{i:0;i:32;}"],"_wp_old_slug":["essentials-with-chest-pocket-scrub"],"rank_math_seo_score":["93"],"rank_math_description":["HSA FSA Eligible Item Only List: this head migraine relief eye massager is FSA or HSA eligible, and can be purchased with FSAs and HSAs."],"_thumbnail_id":["9498"],"_admin_notes":["https:\/\/www.ebay.com\/itm\/395826413516"],"_custom_product_field":[""],"_regular_price":["75.99"],"rank_math_primary_product_cat":["340"],"rank_math_primary_product_brand":["73"],"site-sidebar-layout":["default"],"ast-site-content-layout":["default"],"site-content-style":["default"],"site-sidebar-style":["default"],"theme-transparent-header-meta":["default"],"stick-header-meta":["default"],"_wc_gla_synced_at":["1774926044"],"_wc_gla_sync_status":["synced"],"_wc_gla_visibility":["sync-and-show"],"_wc_gla_google_ids":["a:1:{s:2:\"US\";s:20:\"online:en:US:gla_689\";}"],"fb_product_item_id":["9853966451284297"],"_global_unique_id":["10888621913889"],"_wc_facebook_sync_enabled":["yes"],"fb_visibility":["yes"],"fb_product_description":[""],"_wc_facebook_product_image_source":["product"],"_wc_facebook_commerce_enabled":["no"],"rank_math_primary_fb_product_set":["0"],"astra-migrate-meta-layouts":["set"],"wp_statistics_words_count":["356"],"wpil_sync_report3":["1"],"wpil_links_inbound_internal_count":["0"],"wpil_links_inbound_internal_count_data":["eJxLtDKwqq4FAAZPAf4="],"wpil_links_outbound_internal_count":["0"],"wpil_links_outbound_internal_count_data":["eJxLtDKwqq4FAAZPAf4="],"wpil_links_outbound_external_count":["0"],"wpil_links_outbound_external_count_data":["eJxLtDKwqq4FAAZPAf4="],"wpil_sync_report2_time":["2025-01-27T07:29:11+00:00"],"omnisend_last_sync":["2025-05-16T11:05:10+00:00"],"surerank_settings_general":["a:7:{s:9:\"separator\";s:1:\"-\";s:10:\"page_title\";s:21:\"%title% - %site_name%\";s:25:\"auto_generate_description\";b:1;s:16:\"page_description\";s:136:\"HSA FSA Eligible Item Only List: this head migraine relief eye massager is FSA or HSA eligible, and can be purchased with FSAs and HSAs.\";s:16:\"auto_description\";s:0:\"\";s:14:\"fallback_image\";s:0:\"\";s:13:\"canonical_url\";s:59:\"https:\/\/pophaw.com\/product\/electric-vibration-eye-massager\/\";}"],"surerank_settings_post_no_index":["no"],"surerank_settings_post_no_follow":["no"],"surerank_settings_post_no_archive":["no"],"surerank_settings_social":["a:23:{s:15:\"open_graph_tags\";b:1;s:18:\"facebook_meta_tags\";b:1;s:17:\"twitter_meta_tags\";b:1;s:16:\"oembeded_scripts\";b:1;s:17:\"oembeded_og_title\";b:1;s:22:\"oembeded_social_images\";b:1;s:27:\"oembeded_remove_author_name\";b:1;s:17:\"facebook_page_url\";s:54:\"https:\/\/www.facebook.com\/profile.php?id=61571207938497\";s:24:\"facebook_author_fallback\";s:0:\"\";s:17:\"twitter_card_type\";s:19:\"summary_large_image\";s:24:\"twitter_same_as_facebook\";b:1;s:24:\"twitter_profile_username\";s:0:\"\";s:24:\"twitter_profile_fallback\";s:0:\"\";s:14:\"facebook_title\";s:21:\"%title% - %site_name%\";s:20:\"facebook_description\";s:9:\"%content%\";s:18:\"facebook_image_url\";s:58:\"https:\/\/pophaw.com\/wp-content\/uploads\/2020\/04\/10004-2.webp\";s:17:\"facebook_image_id\";i:9498;s:20:\"facebook_image_width\";i:1600;s:21:\"facebook_image_height\";i:1600;s:13:\"twitter_title\";s:21:\"%title% - %site_name%\";s:19:\"twitter_description\";s:9:\"%content%\";s:17:\"twitter_image_url\";s:58:\"https:\/\/pophaw.com\/wp-content\/uploads\/2020\/04\/10004-2.webp\";s:16:\"twitter_image_id\";i:9498;}"],"surerank_migration":["1"],"astra_style_timestamp_css":["1775192920"],"wwpp_product_wholesale_visibility_filter":["all"],"_uag_css_file_name":["uag-css-689.css"],"_uag_page_assets":["a:9:{s:3:\"css\";s:0:\"\";s:2:\"js\";s:0:\"\";s:18:\"current_block_list\";a:15:{i:0;s:23:\"surecart\/slide-out-cart\";i:1;s:30:\"surecart\/slide-out-cart-header\";i:2;s:29:\"surecart\/slide-out-cart-items\";i:3;s:30:\"surecart\/slide-out-cart-coupon\";i:4;s:32:\"surecart\/slide-out-cart-subtotal\";i:5;s:38:\"surecart\/slide-out-cart-bump-line-item\";i:6;s:30:\"surecart\/slide-out-cart-submit\";i:7;s:11:\"core\/search\";i:8;s:10:\"core\/group\";i:9;s:12:\"core\/heading\";i:10;s:17:\"core\/latest-posts\";i:11;s:20:\"core\/latest-comments\";i:12;s:13:\"core\/archives\";i:13;s:15:\"core\/categories\";i:14;s:14:\"core\/shortcode\";}s:8:\"uag_flag\";b:0;s:11:\"uag_version\";s:10:\"1775168599\";s:6:\"gfonts\";a:0:{}s:10:\"gfonts_url\";s:0:\"\";s:12:\"gfonts_files\";a:0:{}s:14:\"uag_faq_layout\";b:0;}"],"_wc_gla_mc_status":["approved"],"rank_math_internal_links_processed":["1"]},"uagb_featured_image_src":{"full":["https:\/\/pophaw.com\/wp-content\/uploads\/2020\/04\/10004-2.webp",1600,1600,false],"thumbnail":["https:\/\/pophaw.com\/wp-content\/uploads\/2020\/04\/10004-2-150x150.webp",150,150,true],"medium":["https:\/\/pophaw.com\/wp-content\/uploads\/2020\/04\/10004-2-300x300.webp",300,300,true],"medium_large":["https:\/\/pophaw.com\/wp-content\/uploads\/2020\/04\/10004-2-768x768.webp",768,768,true],"large":["https:\/\/pophaw.com\/wp-content\/uploads\/2020\/04\/10004-2-1024x1024.webp",1024,1024,true],"ryviu-small":["https:\/\/pophaw.com\/wp-content\/uploads\/2020\/04\/10004-2.webp",40,40,false],"ryviu-medium":["https:\/\/pophaw.com\/wp-content\/uploads\/2020\/04\/10004-2.webp",132,132,false],"1536x1536":["https:\/\/pophaw.com\/wp-content\/uploads\/2020\/04\/10004-2-1536x1536.webp",1536,1536,true],"2048x2048":["https:\/\/pophaw.com\/wp-content\/uploads\/2020\/04\/10004-2.webp",1600,1600,false],"trp-custom-language-flag":["https:\/\/pophaw.com\/wp-content\/uploads\/2020\/04\/10004-2.webp",12,12,false],"woocommerce_thumbnail":["https:\/\/pophaw.com\/wp-content\/uploads\/2020\/04\/10004-2-300x300.webp",300,300,true],"woocommerce_single":["https:\/\/pophaw.com\/wp-content\/uploads\/2020\/04\/10004-2-600x600.webp",600,600,true],"woocommerce_gallery_thumbnail":["https:\/\/pophaw.com\/wp-content\/uploads\/2020\/04\/10004-2-100x100.webp",100,100,true]},"uagb_author_info":{"display_name":"Dr. Rowan","author_link":"https:\/\/pophaw.com\/pt\/author\/"},"uagb_comment_info":0,"uagb_excerpt":"The sleep eye mask can block out light and help soothe tired eyes","_links":{"self":[{"href":"https:\/\/pophaw.com\/pt\/wp-json\/wp\/v2\/product\/689","targetHints":{"allow":["GET"]}}],"collection":[{"href":"https:\/\/pophaw.com\/pt\/wp-json\/wp\/v2\/product"}],"about":[{"href":"https:\/\/pophaw.com\/pt\/wp-json\/wp\/v2\/types\/product"}],"wp:featuredmedia":[{"embeddable":true,"href":"https:\/\/pophaw.com\/pt\/wp-json\/wp\/v2\/media\/9498"}],"wp:attachment":[{"href":"https:\/\/pophaw.com\/pt\/wp-json\/wp\/v2\/media?parent=689"}],"wp:term":[{"taxonomy":"product_brand","embeddable":true,"href":"https:\/\/pophaw.com\/pt\/wp-json\/wp\/v2\/product_brand?post=689"},{"taxonomy":"product_cat","embeddable":true,"href":"https:\/\/pophaw.com\/pt\/wp-json\/wp\/v2\/product_cat?post=689"},{"taxonomy":"product_tag","embeddable":true,"href":"https:\/\/pophaw.com\/pt\/wp-json\/wp\/v2\/product_tag?post=689"}],"curies":[{"name":"wp","href":"https:\/\/api.w.org\/{rel}","templated":true}]}}