{"id":7016,"date":"2018-02-19T09:32:04","date_gmt":"2018-02-19T09:32:04","guid":{"rendered":"https:\/\/pophaw.com\/product\/palmix-plus-combo-1\/"},"modified":"2025-08-28T06:58:22","modified_gmt":"2025-08-28T13:58:22","slug":"mitocore-120ct","status":"publish","type":"product","link":"https:\/\/pophaw.com\/pt\/product\/mitocore-120ct\/","title":{"rendered":"Mitocore 120ct"},"content":{"rendered":"<p><span style=\"color: #000000;\">As c\u00e9lulas e os sistemas de \u00f3rg\u00e3os do corpo dependem de um suprimento adequado de energia para funcionar de maneira ideal. As mitoc\u00f4ndrias, conhecidas como a casa de for\u00e7a da c\u00e9lula, cont\u00eam nutrientes e enzimas que s\u00e3o importantes para o metabolismo energ\u00e9tico celular, incluindo aquelas que convertem alimentos em energia utiliz\u00e1vel na forma de trifosfato de adenosina (ATP). O ATP funciona como a principal fonte de energia para todas as c\u00e9lulas. Para aumentar a produ\u00e7\u00e3o mitocondrial, \u00e9 preciso haver um suprimento adequado de combust\u00edvel para a combust\u00e3o e antioxidantes abundantes para eliminar os subprodutos dos radicais livres. Preservar nossas reservas de energia e aumentar a produ\u00e7\u00e3o de energia \u00e9 uma parte essencial da manuten\u00e7\u00e3o da sa\u00fade ideal.<\/span><\/p>\n<p><span style=\"color: #000000;\">H\u00e1 muitas coisas que podem drenar as reservas de energia. A falta de sono, o excesso de estresse, a m\u00e1 nutri\u00e7\u00e3o e os medicamentos prescritos podem esgotar nossas reservas de energia, gastando-as mais rapidamente do que podem ser repostas. At\u00e9 mesmo os sistemas biol\u00f3gicos vitais utilizados para manter a sa\u00fade podem criar um d\u00e9ficit de energia que precisa ser restaurado.<\/span><\/p>\n<p><span style=\"color: #000000;\">O MitoCORE \u00e9 cientificamente formulado, com base em pesquisas publicadas, para aumentar as reservas mitocondriais e dar in\u00edcio \u00e0 produ\u00e7\u00e3o de energia celular.\u00a0<a style=\"color: #000000;\" href=\"https:\/\/vitafitusa.com\/product\/mitocore-60-ct\/\" target=\"_blank\" rel=\"noopener\">MitoCORE<\/a>\u00a0inclui o potente trio antioxidante de \u00e1cido alfa-lip\u00f3ico, N-acetilciste\u00edna e acetil L-carnitina, que comprovadamente aumentam a produ\u00e7\u00e3o de energia e, ao mesmo tempo, recarregam os reservat\u00f3rios antioxidantes celulares prim\u00e1rios de vitamina E, C e glutationa. O MitoCORE tamb\u00e9m inclui micronutrientes e fitonutrientes essenciais, inclusive ch\u00e1 verde, extrato de semente de br\u00f3colis e resveratrol, para proteger as mitoc\u00f4ndrias e renovar continuamente o ciclo de produ\u00e7\u00e3o de energia.<\/span><\/p>\n<h3><span style=\"color: #000000;\">Benef\u00edcios da Mitocore<\/span><\/h3>\n<p><span style=\"color: #000000;\"><b>Acetil L-Carnitina<\/b><\/span><\/p>\n<p><span style=\"color: #000000;\">A acetil L-carnitina (ALC) \u00e9 um amino\u00e1cido que est\u00e1 associado ao aumento da produ\u00e7\u00e3o de energia. Foi demonstrado que ela aumenta o fluxo de \u00e1cidos graxos livres, a fonte de combust\u00edvel para as mitoc\u00f4ndrias, resultando em um aumento significativo na produ\u00e7\u00e3o de energia. \u00c0 medida que envelhecemos, a produ\u00e7\u00e3o de radicais livres aumenta o dano oxidativo \u00e0s mitoc\u00f4ndrias, o que pode potencialmente diminuir a produ\u00e7\u00e3o de energia.<\/span><\/p>\n<p><span style=\"color: #000000;\"><b>N-acetilciste\u00edna<\/b><\/span><\/p>\n<p><span style=\"color: #000000;\">A N-acetilciste\u00edna (NAC) \u00e9 um antioxidante que elimina os radicais livres e promove a desintoxica\u00e7\u00e3o do f\u00edgado. Foi demonstrado que a NAC aumenta a produ\u00e7\u00e3o de glutationa, um importante antioxidante encontrado no corpo. Al\u00e9m de sua atividade antioxidante, a glutationa estimula o sistema imunol\u00f3gico ao ativar as c\u00e9lulas T, ajudando a manter o equil\u00edbrio imunol\u00f3gico.<\/span><\/p>\n<p><span style=\"color: #000000;\"><b>\u00c1cido alfa-lip\u00f3ico<\/b><\/span><\/p>\n<p><span style=\"color: #000000;\">O \u00e1cido alfa-lip\u00f3ico (ALA) \u00e9 um potente antioxidante e tamb\u00e9m desempenha um papel sin\u00e9rgico na recarga de outros antioxidantes, como vitamina C, vitamina E, CoQ<sub>10<\/sub>\u00a0e glutationa. O \u00e1cido lip\u00f3ico tamb\u00e9m desempenha um papel fundamental na desintoxica\u00e7\u00e3o.<\/span><\/p>\n<div style=\"width: 1920px;\" class=\"wp-video\"><video class=\"wp-video-shortcode\" id=\"video-7016-1\" width=\"1920\" height=\"1080\" preload=\"metadata\" controls=\"controls\"><source type=\"video\/mp4\" src=\"https:\/\/pophaw.com\/wp-content\/uploads\/2018\/02\/OMPI-MitoCORE-Functional-Food.mp4?_=1\" \/><a href=\"https:\/\/pophaw.com\/wp-content\/uploads\/2018\/02\/OMPI-MitoCORE-Functional-Food.mp4\">https:\/\/pophaw.com\/wp-content\/uploads\/2018\/02\/OMPI-MitoCORE-Functional-Food.mp4<\/a><\/video><\/div>\n<section id=\"faq\">\n<div class=\"faq-item\"><\/div>\n<\/section>","protected":false},"excerpt":{"rendered":"<p><span style=\"font-family: arial, helvetica, sans-serif; color: #000000;\">O MitoCORE fornece os principais micronutrientes mitocondriais e uma combina\u00e7\u00e3o inteligente de \u00e1cido alfa-lip\u00f3ico, N-acetilciste\u00edna e acetil L-carnitina para aumentar a produ\u00e7\u00e3o de energia celular.<\/span><\/p>","protected":false},"featured_media":10471,"template":"","meta":{"bwfblock_default_font":"","_uag_custom_page_level_css":"","site-sidebar-layout":"default","site-content-layout":"","ast-site-content-layout":"default","site-content-style":"default","site-sidebar-style":"default","ast-global-header-display":"","ast-banner-title-visibility":"","ast-main-header-display":"","ast-hfb-above-header-display":"","ast-hfb-below-header-display":"","ast-hfb-mobile-header-display":"","site-post-title":"","ast-breadcrumbs-content":"","ast-featured-img":"","footer-sml-layout":"","ast-disable-related-posts":"","theme-transparent-header-meta":"default","adv-header-id-meta":"","stick-header-meta":"default","header-above-stick-meta":"","header-main-stick-meta":"","header-below-stick-meta":"","astra-migrate-meta-layouts":"set","ast-page-background-enabled":"default","ast-page-background-meta":{"desktop":{"background-color":"","background-image":"","background-repeat":"repeat","background-position":"center center","background-size":"auto","background-attachment":"scroll","background-type":"","background-media":"","overlay-type":"","overlay-color":"","overlay-opacity":"","overlay-gradient":""},"tablet":{"background-color":"","background-image":"","background-repeat":"repeat","background-position":"center center","background-size":"auto","background-attachment":"scroll","background-type":"","background-media":"","overlay-type":"","overlay-color":"","overlay-opacity":"","overlay-gradient":""},"mobile":{"background-color":"","background-image":"","background-repeat":"repeat","background-position":"center center","background-size":"auto","background-attachment":"scroll","background-type":"","background-media":"","overlay-type":"","overlay-color":"","overlay-opacity":"","overlay-gradient":""}},"ast-content-background-meta":{"desktop":{"background-color":"var(--ast-global-color-5)","background-image":"","background-repeat":"repeat","background-position":"center center","background-size":"auto","background-attachment":"scroll","background-type":"","background-media":"","overlay-type":"","overlay-color":"","overlay-opacity":"","overlay-gradient":""},"tablet":{"background-color":"var(--ast-global-color-5)","background-image":"","background-repeat":"repeat","background-position":"center center","background-size":"auto","background-attachment":"scroll","background-type":"","background-media":"","overlay-type":"","overlay-color":"","overlay-opacity":"","overlay-gradient":""},"mobile":{"background-color":"var(--ast-global-color-5)","background-image":"","background-repeat":"repeat","background-position":"center center","background-size":"auto","background-attachment":"scroll","background-type":"","background-media":"","overlay-type":"","overlay-color":"","overlay-opacity":"","overlay-gradient":""}}},"product_brand":[170],"product_cat":[127],"product_tag":[],"class_list":{"0":"post-7016","1":"product","2":"type-product","3":"status-publish","4":"has-post-thumbnail","6":"product_brand-ortho-molecular-products","7":"product_cat-dietary-supplements","8":"desktop-align-center","9":"tablet-align-center","10":"mobile-align-center","11":"ast-product-gallery-layout-horizontal-slider","12":"ast-magnify-disabled","13":"ast-product-tabs-layout-horizontal","15":"first","16":"instock","17":"sale","18":"featured","19":"shipping-taxable","20":"purchasable","21":"product-type-simple"},"spectra_custom_meta":{"_sku":["NRT003"],"_regular_price":["76"],"_tax_status":["taxable"],"_manage_stock":["yes"],"_backorders":["no"],"_sold_individually":["no"],"_virtual":["no"],"_downloadable":["no"],"_product_image_gallery":["10472"],"_download_limit":["-1"],"_download_expiry":["-1"],"_thumbnail_id":["10471"],"_stock":["18"],"_stock_status":["instock"],"_product_version":["10.1.1"],"_price":["65"],"insight_product_options":["s:1358:\"a:38:{s:27:\"single_product_layout_style\";s:0:\"\";s:11:\"site_layout\";s:0:\"\";s:10:\"site_width\";s:0:\"\";s:16:\"site_top_spacing\";s:0:\"\";s:19:\"site_bottom_spacing\";s:0:\"\";s:10:\"site_class\";s:0:\"\";s:21:\"site_background_color\";s:0:\"\";s:21:\"site_background_image\";s:0:\"\";s:22:\"site_background_repeat\";s:9:\"no-repeat\";s:26:\"site_background_attachment\";s:0:\"\";s:24:\"site_background_position\";s:0:\"\";s:20:\"site_background_size\";s:0:\"\";s:24:\"content_background_color\";s:0:\"\";s:24:\"content_background_image\";s:0:\"\";s:25:\"content_background_repeat\";s:9:\"no-repeat\";s:27:\"content_background_position\";s:0:\"\";s:12:\"top_bar_type\";s:0:\"\";s:11:\"header_type\";s:0:\"\";s:14:\"header_overlay\";s:0:\"\";s:11:\"header_skin\";s:0:\"\";s:12:\"menu_display\";s:0:\"\";s:13:\"menu_one_page\";s:1:\"0\";s:16:\"custom_dark_logo\";s:0:\"\";s:17:\"custom_light_logo\";s:0:\"\";s:17:\"custom_logo_width\";s:0:\"\";s:24:\"custom_sticky_logo_width\";s:0:\"\";s:21:\"page_title_bar_layout\";s:0:\"\";s:29:\"page_title_bar_bottom_spacing\";s:0:\"\";s:31:\"page_title_bar_background_color\";s:0:\"\";s:25:\"page_title_bar_background\";s:0:\"\";s:33:\"page_title_bar_background_overlay\";s:0:\"\";s:29:\"page_title_bar_custom_heading\";s:0:\"\";s:14:\"page_sidebar_1\";s:7:\"default\";s:14:\"page_sidebar_2\";s:7:\"default\";s:21:\"page_sidebar_position\";s:7:\"default\";s:17:\"revolution_slider\";s:0:\"\";s:15:\"slider_position\";s:5:\"below\";s:13:\"footer_enable\";s:0:\"\";}\";"],"_edit_last":["1"],"_sale_price":["65"],"_wp_old_date":["2021-02-19"],"_edit_lock":["1740317202:1"],"_wp_old_slug":["palmix-plus-combo-1"],"total_sales":["46"],"_tax_class":[""],"_wc_average_rating":["5.00"],"_wc_review_count":["4"],"rank_math_focus_keyword":["Mitocore"],"rank_math_analytic_object_id":["124"],"rank_math_seo_score":["84"],"rank_math_contentai_score":["a:5:{s:8:\"keywords\";s:5:\"74.51\";s:9:\"wordCount\";s:1:\"0\";s:9:\"linkCount\";s:1:\"0\";s:12:\"headingCount\";s:1:\"0\";s:10:\"mediaCount\";s:1:\"0\";}"],"rank_math_primary_product_brand":["0"],"rank_math_primary_product_cat":["127"],"_wc_rating_count":["a:1:{i:5;i:3;}"],"_admin_notes":[""],"_custom_product_field":[""],"_wc_facebook_sync_enabled":["yes"],"fb_visibility":["yes"],"fb_product_description":[""],"_wc_facebook_product_image_source":["product"],"_wc_facebook_commerce_enabled":["no"],"rank_math_primary_fb_product_set":["0"],"site-sidebar-layout":["default"],"ast-site-content-layout":["default"],"site-content-style":["default"],"site-sidebar-style":["default"],"theme-transparent-header-meta":["default"],"stick-header-meta":["default"],"_wc_gla_visibility":["dont-sync-and-show"],"_global_unique_id":["10888621913278"],"_wc_facebook_enhanced_catalog_attributes_capacity":[""],"_wc_facebook_enhanced_catalog_attributes_age_group":[""],"_wc_facebook_enhanced_catalog_attributes_gender":[""],"_wc_facebook_enhanced_catalog_attributes_ingredients":[""],"_wc_facebook_enhanced_catalog_attributes_health_concern":[""],"_wc_facebook_enhanced_catalog_attributes_pattern":[""],"_wc_facebook_enhanced_catalog_attributes_power_type":[""],"_wc_facebook_enhanced_catalog_attributes_product_form":[""],"_wc_facebook_enhanced_catalog_attributes_result_time":[""],"_wc_facebook_enhanced_catalog_attributes_scent":[""],"_wc_facebook_enhanced_catalog_attributes_absorbency":[""],"_wc_facebook_enhanced_catalog_attributes_material":[""],"_wc_facebook_enhanced_catalog_attributes_serving_size":[""],"_wc_facebook_enhanced_catalog_attributes_size":[""],"_wc_facebook_enhanced_catalog_attributes_skin_care_concern":[""],"_wc_facebook_enhanced_catalog_attributes_skin_type":[""],"_wc_facebook_enhanced_catalog_attributes_spf_value":[""],"_wc_facebook_enhanced_catalog_attributes_standard_features":[""],"_wc_facebook_enhanced_catalog_attributes_stop_use_indications":[""],"_wc_facebook_enhanced_catalog_attributes_package_quantity":[""],"_wc_facebook_enhanced_catalog_attributes_lens_material":[""],"_wc_facebook_enhanced_catalog_attributes_lens_type":[""],"_wc_facebook_enhanced_catalog_attributes_lens_tint":[""],"_wc_facebook_enhanced_catalog_attributes_keywords":[""],"_wc_facebook_enhanced_catalog_attributes_is_powered":[""],"_wc_facebook_enhanced_catalog_attributes_instructions":[""],"_wc_facebook_enhanced_catalog_attributes_ingredients_composition":[""],"_wc_facebook_enhanced_catalog_attributes_inactive_ingredients":[""],"_wc_facebook_enhanced_catalog_attributes_flavor":[""],"_wc_facebook_enhanced_catalog_attributes_eyewear_rim":[""],"_wc_facebook_enhanced_catalog_attributes_dosage":[""],"_wc_facebook_enhanced_catalog_attributes_color":[""],"_wc_facebook_enhanced_catalog_attributes_brand":[""],"_wc_facebook_enhanced_catalog_attributes_body_part":[""],"_wc_facebook_enhanced_catalog_attributes_batteries_required":[""],"_wc_facebook_enhanced_catalog_attributes_u_v_rating":[""],"classic-editor-remember":["block-editor"],"_wc_pinterest_condition":["new"],"rank_math_description":["Boost your energy and support cellular health with Mitocore. Learn about its powerful ingredients and benefits today."],"rank_math_schema_WooCommerceProduct":["a:2:{s:5:\"@type\";s:18:\"WooCommerceProduct\";s:8:\"metadata\";a:3:{s:5:\"title\";s:19:\"WooCommerce Product\";s:4:\"type\";s:8:\"template\";s:9:\"isPrimary\";b:1;}}"],"rank_math_schema_VideoObject":["a:12:{s:5:\"@type\";s:11:\"VideoObject\";s:8:\"metadata\";a:8:{s:5:\"title\";s:5:\"Video\";s:4:\"type\";s:8:\"template\";s:9:\"shortcode\";s:15:\"s-678e621e32842\";s:9:\"isPrimary\";b:1;s:23:\"reviewLocationShortcode\";s:24:\"[rank_math_rich_snippet]\";s:8:\"category\";s:12:\"%categories%\";s:4:\"tags\";s:6:\"%tags%\";s:15:\"isAutoGenerated\";b:1;}s:4:\"name\";s:11:\"%seo_title%\";s:11:\"description\";s:17:\"%seo_description%\";s:10:\"uploadDate\";s:20:\"%date(Y-m-dTH:i:sP)%\";s:12:\"thumbnailUrl\";s:16:\"%post_thumbnail%\";s:8:\"embedUrl\";s:0:\"\";s:10:\"contentUrl\";s:79:\"https:\/\/pophaw.com\/wp-content\/uploads\/2018\/02\/OMPI-MitoCORE-Functional-Food.mp4\";s:8:\"duration\";s:0:\"\";s:5:\"width\";i:1920;s:6:\"height\";i:1080;s:16:\"isFamilyFriendly\";b:1;}"],"_ppcp_button_position":["bottom"],"astra-migrate-meta-layouts":["set"],"wpil_sync_report3":["1"],"wpil_links_inbound_internal_count":["0"],"wpil_links_inbound_internal_count_data":["eJxLtDKwqq4FAAZPAf4="],"wpil_links_outbound_internal_count":["1"],"wpil_links_outbound_internal_count_data":["eJy1UUFOwzAQ\/IvvqeO00LI5IiohEYK4cLRc22qsOl4rdhRQ1b9jJxWUB3DbGc3OjscCGJwNlHUL7A7IhzeWN6i05S\/GnQiwNZwDbIHYBLlRpM7iAGsg42BJmrYPQLoYfQBKPfpOTCuJPZ18IdFF7SIdvUWhAq1KtqNlRdvm7bloTMTH9v2p2I9ORoNO2GKPqFa932TbTXLFEPPISiC\/zpnZATHJe0hLpD4AW\/R+1r8mcA9EONnh8I8Bc11CKa344Yt7Ox6Ny1nKJZ5FKfLSHADI9VJGVXktc+pM8HrgctAi6p9mGUuPC1yMEbPslo6DkCfjjjf\/kOke1Wg1\/6Ourkfmw59x4S+XbxsgoZE="],"wpil_links_outbound_external_count":["0"],"wpil_links_outbound_external_count_data":["eJxLtDKwqq4FAAZPAf4="],"wpil_sync_report2_time":["2025-01-27T07:29:11+00:00"],"_g_feedback_shortcode_d208d959c41f2d658befb284054950b0f97bc34b":["\n\t\t\t\t[contact-field label=\"Name\" type=\"name\"  required=\"true\" \/]\n\t\t\t\t[contact-field label=\"Email\" type=\"email\" required=\"true\" \/]\n\t\t\t\t[contact-field label=\"Website\" type=\"url\" \/]\n\t\t\t\t[contact-field label=\"Message\" type=\"textarea\" \/]"],"_g_feedback_shortcode_atts_d208d959c41f2d658befb284054950b0f97bc34b":["a:17:{s:2:\"to\";s:18:\"support@pophaw.com\";s:7:\"subject\";s:23:\"[Pophaw] Mitocore 120ct\";s:12:\"show_subject\";s:2:\"no\";s:6:\"widget\";i:0;s:14:\"block_template\";N;s:19:\"block_template_part\";N;s:2:\"id\";i:7016;s:18:\"submit_button_text\";s:6:\"Submit\";s:14:\"customThankyou\";s:0:\"\";s:21:\"customThankyouHeading\";s:26:\"Your message has been sent\";s:21:\"customThankyouMessage\";s:30:\"Thank you for your submission!\";s:22:\"customThankyouRedirect\";s:0:\"\";s:10:\"jetpackCRM\";b:1;s:9:\"className\";N;s:9:\"postToUrl\";N;s:14:\"salesforceData\";N;s:12:\"hiddenFields\";N;}"],"fb_brand":[""],"fb_mpn":[""],"fb_product_group_id":["9242770332472614"],"fb_product_item_id":["9242770629139251"],"wp_statistics_words_count":["378"],"omnisend_last_sync":["2025-08-28T13:58:22+00:00"],"surerank_settings_general":["a:7:{s:9:\"separator\";s:1:\"-\";s:10:\"page_title\";s:21:\"%title% - %site_name%\";s:25:\"auto_generate_description\";b:1;s:16:\"page_description\";s:117:\"Boost your energy and support cellular health with Mitocore. Learn about its powerful ingredients and benefits today.\";s:16:\"auto_description\";s:154:\"The body\u2019s cells and organ systems depend on an adequate supply of energy to function optimally. The mitochondria, known as the power house of the cell,\";s:14:\"fallback_image\";s:0:\"\";s:13:\"canonical_url\";s:42:\"https:\/\/pophaw.com\/product\/mitocore-120ct\/\";}"],"surerank_settings_post_no_index":["no"],"surerank_settings_post_no_follow":["no"],"surerank_settings_post_no_archive":["no"],"surerank_settings_social":["a:23:{s:15:\"open_graph_tags\";b:1;s:18:\"facebook_meta_tags\";b:1;s:17:\"twitter_meta_tags\";b:1;s:16:\"oembeded_scripts\";b:1;s:17:\"oembeded_og_title\";b:1;s:22:\"oembeded_social_images\";b:1;s:27:\"oembeded_remove_author_name\";b:1;s:17:\"facebook_page_url\";s:54:\"https:\/\/www.facebook.com\/profile.php?id=61571207938497\";s:24:\"facebook_author_fallback\";s:0:\"\";s:17:\"twitter_card_type\";s:19:\"summary_large_image\";s:24:\"twitter_same_as_facebook\";b:1;s:24:\"twitter_profile_username\";s:0:\"\";s:24:\"twitter_profile_fallback\";s:0:\"\";s:14:\"facebook_title\";s:21:\"%title% - %site_name%\";s:20:\"facebook_description\";s:9:\"%content%\";s:18:\"facebook_image_url\";s:65:\"https:\/\/pophaw.com\/wp-content\/uploads\/2018\/02\/Mitocore-120ct.webp\";s:17:\"facebook_image_id\";i:10471;s:20:\"facebook_image_width\";i:565;s:21:\"facebook_image_height\";i:565;s:13:\"twitter_title\";s:21:\"%title% - %site_name%\";s:19:\"twitter_description\";s:9:\"%content%\";s:17:\"twitter_image_url\";s:65:\"https:\/\/pophaw.com\/wp-content\/uploads\/2018\/02\/Mitocore-120ct.webp\";s:16:\"twitter_image_id\";i:10471;}"],"surerank_migration":["1"],"astra_style_timestamp_css":["1775174812"],"wwpp_product_wholesale_visibility_filter":["all"],"_uag_css_file_name":["uag-css-7016.css"],"_uag_page_assets":["a:9:{s:3:\"css\";s:263:\".uag-blocks-common-selector{z-index:var(--z-index-desktop) !important}@media (max-width: 976px){.uag-blocks-common-selector{z-index:var(--z-index-tablet) !important}}@media (max-width: 767px){.uag-blocks-common-selector{z-index:var(--z-index-mobile) !important}}\n\";s:2:\"js\";s:0:\"\";s:18:\"current_block_list\";a:15:{i:0;s:23:\"surecart\/slide-out-cart\";i:1;s:30:\"surecart\/slide-out-cart-header\";i:2;s:29:\"surecart\/slide-out-cart-items\";i:3;s:30:\"surecart\/slide-out-cart-coupon\";i:4;s:32:\"surecart\/slide-out-cart-subtotal\";i:5;s:38:\"surecart\/slide-out-cart-bump-line-item\";i:6;s:30:\"surecart\/slide-out-cart-submit\";i:7;s:11:\"core\/search\";i:8;s:10:\"core\/group\";i:9;s:12:\"core\/heading\";i:10;s:17:\"core\/latest-posts\";i:11;s:20:\"core\/latest-comments\";i:12;s:13:\"core\/archives\";i:13;s:15:\"core\/categories\";i:14;s:14:\"core\/shortcode\";}s:8:\"uag_flag\";b:0;s:11:\"uag_version\";s:10:\"1775168599\";s:6:\"gfonts\";a:0:{}s:10:\"gfonts_url\";s:0:\"\";s:12:\"gfonts_files\";a:0:{}s:14:\"uag_faq_layout\";b:0;}"]},"uagb_featured_image_src":{"full":["https:\/\/pophaw.com\/wp-content\/uploads\/2018\/02\/Mitocore-120ct.webp",565,565,false],"thumbnail":["https:\/\/pophaw.com\/wp-content\/uploads\/2018\/02\/Mitocore-120ct-150x150.webp",150,150,true],"medium":["https:\/\/pophaw.com\/wp-content\/uploads\/2018\/02\/Mitocore-120ct-300x300.webp",300,300,true],"medium_large":["https:\/\/pophaw.com\/wp-content\/uploads\/2018\/02\/Mitocore-120ct.webp",565,565,false],"large":["https:\/\/pophaw.com\/wp-content\/uploads\/2018\/02\/Mitocore-120ct.webp",565,565,false],"ryviu-small":["https:\/\/pophaw.com\/wp-content\/uploads\/2018\/02\/Mitocore-120ct.webp",40,40,false],"ryviu-medium":["https:\/\/pophaw.com\/wp-content\/uploads\/2018\/02\/Mitocore-120ct.webp",132,132,false],"1536x1536":["https:\/\/pophaw.com\/wp-content\/uploads\/2018\/02\/Mitocore-120ct.webp",565,565,false],"2048x2048":["https:\/\/pophaw.com\/wp-content\/uploads\/2018\/02\/Mitocore-120ct.webp",565,565,false],"trp-custom-language-flag":["https:\/\/pophaw.com\/wp-content\/uploads\/2018\/02\/Mitocore-120ct.webp",12,12,false],"woocommerce_thumbnail":["https:\/\/pophaw.com\/wp-content\/uploads\/2018\/02\/Mitocore-120ct-300x300.webp",300,300,true],"woocommerce_single":["https:\/\/pophaw.com\/wp-content\/uploads\/2018\/02\/Mitocore-120ct.webp",565,565,false],"woocommerce_gallery_thumbnail":["https:\/\/pophaw.com\/wp-content\/uploads\/2018\/02\/Mitocore-120ct-100x100.webp",100,100,true]},"uagb_author_info":{"display_name":"Dr. Rowan","author_link":"https:\/\/pophaw.com\/pt\/author\/"},"uagb_comment_info":4,"uagb_excerpt":"MitoCORE supplies key mitochondrial micronutrients and a smart combination of alpha lipoic acid, N-acetyl cysteine, and acetyl L-carnitine to boost cellular energy production.","_links":{"self":[{"href":"https:\/\/pophaw.com\/pt\/wp-json\/wp\/v2\/product\/7016","targetHints":{"allow":["GET"]}}],"collection":[{"href":"https:\/\/pophaw.com\/pt\/wp-json\/wp\/v2\/product"}],"about":[{"href":"https:\/\/pophaw.com\/pt\/wp-json\/wp\/v2\/types\/product"}],"wp:featuredmedia":[{"embeddable":true,"href":"https:\/\/pophaw.com\/pt\/wp-json\/wp\/v2\/media\/10471"}],"wp:attachment":[{"href":"https:\/\/pophaw.com\/pt\/wp-json\/wp\/v2\/media?parent=7016"}],"wp:term":[{"taxonomy":"product_brand","embeddable":true,"href":"https:\/\/pophaw.com\/pt\/wp-json\/wp\/v2\/product_brand?post=7016"},{"taxonomy":"product_cat","embeddable":true,"href":"https:\/\/pophaw.com\/pt\/wp-json\/wp\/v2\/product_cat?post=7016"},{"taxonomy":"product_tag","embeddable":true,"href":"https:\/\/pophaw.com\/pt\/wp-json\/wp\/v2\/product_tag?post=7016"}],"curies":[{"name":"wp","href":"https:\/\/api.w.org\/{rel}","templated":true}]}}