{"id":7621,"date":"2024-11-15T07:58:42","date_gmt":"2024-11-15T07:58:42","guid":{"rendered":"https:\/\/pophaw.com\/?post_type=product&#038;p=7621"},"modified":"2025-04-20T18:28:47","modified_gmt":"2025-04-21T01:28:47","slug":"hu58-bacillus-subtilis-60-capsulas","status":"publish","type":"product","link":"https:\/\/pophaw.com\/pt\/product\/hu58-bacillus-subtilis-60-capsulas\/","title":{"rendered":"HU58 Bacillus Subtilis 60 C\u00e1psulas"},"content":{"rendered":"<p><span style=\"font-family: arial, helvetica, sans-serif; color: #000000; font-size: 12pt;\">O HU58\u2122 \u00e9 um probi\u00f3tico de cepa \u00fanica com uma dose concentrada de Bacillus subtilis HU58, formulado para apoiar a fun\u00e7\u00e3o imunol\u00f3gica saud\u00e1vel e manter um equil\u00edbrio saud\u00e1vel da microflora intestinal.<\/span><\/p>\n<div id=\"featurebullets_feature_div\" class=\"celwidget\" data-feature-name=\"featurebullets\" data-csa-c-type=\"widget\" data-csa-c-content-id=\"featurebullets\" data-csa-c-slot-id=\"featurebullets_feature_div\" data-csa-c-asin=\"B087N2NPM9\" data-csa-c-is-in-initial-active-row=\"false\" data-csa-c-id=\"4et23d-ffyku8-g7dekd-aoz3cb\" data-cel-widget=\"featurebullets_feature_div\">\n<div id=\"feature-bullets\" class=\"a-section a-spacing-medium a-spacing-top-small\">\n<ul class=\"a-unordered-list a-vertical a-spacing-mini\">\n<li class=\"a-spacing-mini\"><span class=\"a-list-item\" style=\"font-family: arial, helvetica, sans-serif; color: #000000;\">Probi\u00f3tico di\u00e1rio de cepa \u00fanica - Esses probi\u00f3ticos para mulheres e homens apresentam uma dose concentrada de Bacillus subtilis HU58 \u00e0 base de esporos, formulada para apoiar a fun\u00e7\u00e3o imunol\u00f3gica e a sa\u00fade digestiva*.<\/span><\/li>\n<li class=\"a-spacing-mini\"><span class=\"a-list-item\" style=\"font-family: arial, helvetica, sans-serif; color: #000000;\">Manter a sa\u00fade e o equil\u00edbrio intestinal - De acordo com estudos, a suplementa\u00e7\u00e3o com um probi\u00f3tico di\u00e1rio HU58 para homens e mulheres pode apoiar o equil\u00edbrio microbiano do intestino e ajudar a manter um ecossistema intestinal saud\u00e1vel, equilibrado e harmonioso*.<\/span><\/li>\n<li class=\"a-spacing-mini\"><span class=\"a-list-item\" style=\"font-family: arial, helvetica, sans-serif; color: #000000;\">100% Capacidade de sobreviv\u00eancia no trato digestivo - O probi\u00f3tico com esporos Bacillus subtilis HU58 forma um inv\u00f3lucro protetor externo que o ajuda a sobreviver \u00e0 fabrica\u00e7\u00e3o, embalagem, transporte e digest\u00e3o. Ao contr\u00e1rio de alguns probi\u00f3ticos para a sa\u00fade digestiva e suplementos para a sa\u00fade intestinal, ele pode sobreviver aos \u00e1cidos estomacais agressivos*.<\/span><\/li>\n<li class=\"a-spacing-mini\"><span class=\"a-list-item\" style=\"font-family: arial, helvetica, sans-serif; color: #000000;\">Apoio \u00e0 digest\u00e3o saud\u00e1vel - O Bacillus subtilis pode ajudar na digest\u00e3o em todos os est\u00e1gios, apoiando as enzimas digestivas na saliva e no p\u00e2ncreas. Nossos suplementos nutricionais probi\u00f3ticos tamb\u00e9m demonstraram um aumento de 40% na produ\u00e7\u00e3o de \u00e1cidos graxos de cadeia curta (SCFA).*<\/span><\/li>\n<li class=\"a-spacing-mini\"><span class=\"a-list-item\" style=\"font-family: arial, helvetica, sans-serif; color: #000000;\">Aclimata\u00e7\u00e3o ao seu suplemento probi\u00f3tico \u00e0 base de esporos - Muitos acham melhor come\u00e7ar a tomar os probi\u00f3ticos digestivos \u00e0 base de esporos lentamente. Na primeira semana, tome 1 c\u00e1psula por dia com uma refei\u00e7\u00e3o. A partir da segunda semana, tome 2 c\u00e1psulas por dia com uma refei\u00e7\u00e3o ou conforme orienta\u00e7\u00e3o de seu m\u00e9dico.<\/span><\/li>\n<\/ul>\n<\/div>\n<\/div>\n<div id=\"provenanceCertifications_feature_div\" class=\"celwidget\" data-feature-name=\"provenanceCertifications\" data-csa-c-type=\"widget\" data-csa-c-content-id=\"provenanceCertifications\" data-csa-c-slot-id=\"provenanceCertifications_feature_div\" data-csa-c-asin=\"B087N2NPM9\" data-csa-c-is-in-initial-active-row=\"false\" data-csa-c-id=\"nlm0er-1e63v8-gnd8vb-w6grxn\" data-cel-widget=\"provenanceCertifications_feature_div\"><\/div>\n<div id=\"handmadeArtisanCard_feature_div\" class=\"celwidget\" data-feature-name=\"handmadeArtisanCard\" data-csa-c-type=\"widget\" data-csa-c-content-id=\"handmadeArtisanCard\" data-csa-c-slot-id=\"handmadeArtisanCard_feature_div\" data-csa-c-asin=\"B087N2NPM9\" data-csa-c-is-in-initial-active-row=\"false\" data-csa-c-id=\"hcrs4e-sldz6e-gur3ka-pspxwz\" data-cel-widget=\"handmadeArtisanCard_feature_div\"><\/div>\n<div id=\"globalStoreInfoBullets_feature_div\" class=\"celwidget\" data-feature-name=\"globalStoreInfoBullets\" data-csa-c-type=\"widget\" data-csa-c-content-id=\"globalStoreInfoBullets\" data-csa-c-slot-id=\"globalStoreInfoBullets_feature_div\" data-csa-c-asin=\"B087N2NPM9\" data-csa-c-is-in-initial-active-row=\"false\" data-csa-c-id=\"mem36o-4ewe87-8u2zr1-3vopiz\" data-cel-widget=\"globalStoreInfoBullets_feature_div\"><\/div>\n<div id=\"HLCXComparisonJumplink_feature_div\"><\/div>\n<div id=\"addOnItem_feature_div\" class=\"celwidget\" data-feature-name=\"addOnItem\" data-csa-c-type=\"widget\" data-csa-c-content-id=\"addOnItem\" data-csa-c-slot-id=\"addOnItem_feature_div\" data-csa-c-asin=\"B087N2NPM9\" data-csa-c-is-in-initial-active-row=\"false\" data-csa-c-id=\"u8f4lb-3derdz-wizdpp-nqm3q0\" data-cel-widget=\"addOnItem_feature_div\"><\/div>\n<div id=\"giftcard-holiday-availability-messaging_feature_div\" class=\"celwidget\" data-feature-name=\"giftCardHolidayAvailabilityMessaging\" data-csa-c-type=\"widget\" data-csa-c-content-id=\"giftCardHolidayAvailabilityMessaging\" data-csa-c-slot-id=\"giftcard-holiday-availability-messaging_feature_div\" data-csa-c-asin=\"B087N2NPM9\" data-csa-c-is-in-initial-active-row=\"false\" data-csa-c-id=\"rprg56-j2bpcq-67di1r-tltl72\" data-cel-widget=\"giftcard-holiday-availability-messaging_feature_div\"><\/div>\n<div id=\"andonCord_feature_div\" class=\"celwidget\" data-feature-name=\"andonCord\" data-csa-c-type=\"widget\" data-csa-c-content-id=\"andonCord\" data-csa-c-slot-id=\"andonCord_feature_div\" data-csa-c-asin=\"B087N2NPM9\" data-csa-c-is-in-initial-active-row=\"false\" data-csa-c-id=\"d1o02f-jyel1i-haao9e-otbe80\" data-cel-widget=\"andonCord_feature_div\"><\/div>\n<div id=\"olp_feature_div\" class=\"celwidget\" data-feature-name=\"olp\" data-csa-c-type=\"widget\" data-csa-c-content-id=\"olp\" data-csa-c-slot-id=\"olp_feature_div\" data-csa-c-asin=\"B087N2NPM9\" data-csa-c-is-in-initial-active-row=\"false\" data-csa-c-id=\"629a1l-2vbbsi-4ixk4h-23s0cm\" data-cel-widget=\"olp_feature_div\"><\/div>","protected":false},"excerpt":{"rendered":"<p>HU58\u2122 is a single-strain probiotic with a concentrated dose of Bacillus subtilis HU58, formulated to support healthy immune function and maintain a healthy balance of intestinal microflora. Single-Strain Daily Probiotic &#8211; These probiotics for women and men feature a concentrated dose of spore-based Bacillus subtilis HU58, formulated to support immune function and digestive health.* Maintain [&hellip;]<\/p>\n","protected":false},"featured_media":7622,"template":"","meta":{"bwfblock_default_font":"","_uag_custom_page_level_css":"","site-sidebar-layout":"default","site-content-layout":"","ast-site-content-layout":"default","site-content-style":"default","site-sidebar-style":"default","ast-global-header-display":"","ast-banner-title-visibility":"","ast-main-header-display":"","ast-hfb-above-header-display":"","ast-hfb-below-header-display":"","ast-hfb-mobile-header-display":"","site-post-title":"","ast-breadcrumbs-content":"","ast-featured-img":"","footer-sml-layout":"","ast-disable-related-posts":"","theme-transparent-header-meta":"default","adv-header-id-meta":"","stick-header-meta":"default","header-above-stick-meta":"","header-main-stick-meta":"","header-below-stick-meta":"","astra-migrate-meta-layouts":"set","ast-page-background-enabled":"default","ast-page-background-meta":{"desktop":{"background-color":"","background-image":"","background-repeat":"repeat","background-position":"center center","background-size":"auto","background-attachment":"scroll","background-type":"","background-media":"","overlay-type":"","overlay-color":"","overlay-opacity":"","overlay-gradient":""},"tablet":{"background-color":"","background-image":"","background-repeat":"repeat","background-position":"center center","background-size":"auto","background-attachment":"scroll","background-type":"","background-media":"","overlay-type":"","overlay-color":"","overlay-opacity":"","overlay-gradient":""},"mobile":{"background-color":"","background-image":"","background-repeat":"repeat","background-position":"center center","background-size":"auto","background-attachment":"scroll","background-type":"","background-media":"","overlay-type":"","overlay-color":"","overlay-opacity":"","overlay-gradient":""}},"ast-content-background-meta":{"desktop":{"background-color":"var(--ast-global-color-5)","background-image":"","background-repeat":"repeat","background-position":"center center","background-size":"auto","background-attachment":"scroll","background-type":"","background-media":"","overlay-type":"","overlay-color":"","overlay-opacity":"","overlay-gradient":""},"tablet":{"background-color":"var(--ast-global-color-5)","background-image":"","background-repeat":"repeat","background-position":"center center","background-size":"auto","background-attachment":"scroll","background-type":"","background-media":"","overlay-type":"","overlay-color":"","overlay-opacity":"","overlay-gradient":""},"mobile":{"background-color":"var(--ast-global-color-5)","background-image":"","background-repeat":"repeat","background-position":"center center","background-size":"auto","background-attachment":"scroll","background-type":"","background-media":"","overlay-type":"","overlay-color":"","overlay-opacity":"","overlay-gradient":""}}},"product_brand":[169],"product_cat":[127],"product_tag":[],"class_list":{"0":"post-7621","1":"product","2":"type-product","3":"status-publish","4":"has-post-thumbnail","6":"product_brand-microbiome-labs","7":"product_cat-dietary-supplements","8":"desktop-align-center","9":"tablet-align-center","10":"mobile-align-center","11":"ast-product-gallery-layout-horizontal-slider","12":"ast-magnify-disabled","13":"ast-product-tabs-layout-horizontal","15":"first","16":"instock","17":"sale","18":"shipping-taxable","19":"purchasable","20":"product-type-simple"},"spectra_custom_meta":{"_edit_lock":["1745205894:1"],"_edit_last":["1"],"rank_math_seo_score":["91"],"rank_math_contentai_score":["a:5:{s:8:\"keywords\";s:5:\"74.51\";s:9:\"wordCount\";s:1:\"0\";s:9:\"linkCount\";s:1:\"0\";s:12:\"headingCount\";s:1:\"0\";s:10:\"mediaCount\";s:1:\"0\";}"],"rank_math_focus_keyword":["HU58"],"_thumbnail_id":["7622"],"insight_product_options":["s:1358:\"a:38:{s:27:\"single_product_layout_style\";s:0:\"\";s:11:\"site_layout\";s:0:\"\";s:10:\"site_width\";s:0:\"\";s:16:\"site_top_spacing\";s:0:\"\";s:19:\"site_bottom_spacing\";s:0:\"\";s:10:\"site_class\";s:0:\"\";s:21:\"site_background_color\";s:0:\"\";s:21:\"site_background_image\";s:0:\"\";s:22:\"site_background_repeat\";s:9:\"no-repeat\";s:26:\"site_background_attachment\";s:0:\"\";s:24:\"site_background_position\";s:0:\"\";s:20:\"site_background_size\";s:0:\"\";s:24:\"content_background_color\";s:0:\"\";s:24:\"content_background_image\";s:0:\"\";s:25:\"content_background_repeat\";s:9:\"no-repeat\";s:27:\"content_background_position\";s:0:\"\";s:12:\"top_bar_type\";s:0:\"\";s:11:\"header_type\";s:0:\"\";s:14:\"header_overlay\";s:0:\"\";s:11:\"header_skin\";s:0:\"\";s:12:\"menu_display\";s:0:\"\";s:13:\"menu_one_page\";s:1:\"0\";s:16:\"custom_dark_logo\";s:0:\"\";s:17:\"custom_light_logo\";s:0:\"\";s:17:\"custom_logo_width\";s:0:\"\";s:24:\"custom_sticky_logo_width\";s:0:\"\";s:21:\"page_title_bar_layout\";s:0:\"\";s:29:\"page_title_bar_bottom_spacing\";s:0:\"\";s:31:\"page_title_bar_background_color\";s:0:\"\";s:25:\"page_title_bar_background\";s:0:\"\";s:33:\"page_title_bar_background_overlay\";s:0:\"\";s:29:\"page_title_bar_custom_heading\";s:0:\"\";s:14:\"page_sidebar_1\";s:7:\"default\";s:14:\"page_sidebar_2\";s:7:\"default\";s:21:\"page_sidebar_position\";s:7:\"default\";s:17:\"revolution_slider\";s:0:\"\";s:15:\"slider_position\";s:5:\"below\";s:13:\"footer_enable\";s:0:\"\";}\";"],"_regular_price":["51.95"],"total_sales":["0"],"_tax_status":["taxable"],"_tax_class":[""],"_manage_stock":["no"],"_backorders":["no"],"_sold_individually":["no"],"_virtual":["no"],"_downloadable":["no"],"_download_limit":["-1"],"_download_expiry":["-1"],"_stock":[null],"_stock_status":["instock"],"_wc_average_rating":["4.5"],"_wc_review_count":["6"],"_product_version":["9.8.1"],"_price":["42.99"],"_product_image_gallery":["7623,7624"],"rank_math_primary_product_brand":["169"],"rank_math_primary_product_cat":["127"],"rank_math_analytic_object_id":["14"],"_sku":["NRT042"],"_wc_gla_synced_at":["1776308466"],"_wc_gla_sync_status":["synced"],"_wc_gla_visibility":["sync-and-show"],"_wc_gla_google_ids":["a:1:{s:2:\"US\";s:21:\"online:en:US:gla_7621\";}"],"fb_product_item_id":["27883914231254206"],"_admin_notes":[""],"_custom_product_field":[""],"_global_unique_id":["10888621913988"],"_wc_facebook_sync_enabled":["yes"],"fb_visibility":["yes"],"fb_product_description":[""],"_wc_facebook_product_image_source":["product"],"_wc_facebook_enhanced_catalog_attributes_capacity":[""],"_wc_facebook_enhanced_catalog_attributes_age_group":[""],"_wc_facebook_enhanced_catalog_attributes_gender":[""],"_wc_facebook_enhanced_catalog_attributes_ingredients":[""],"_wc_facebook_enhanced_catalog_attributes_health_concern":[""],"_wc_facebook_enhanced_catalog_attributes_pattern":[""],"_wc_facebook_enhanced_catalog_attributes_power_type":[""],"_wc_facebook_enhanced_catalog_attributes_product_form":[""],"_wc_facebook_enhanced_catalog_attributes_result_time":[""],"_wc_facebook_enhanced_catalog_attributes_scent":[""],"_wc_facebook_enhanced_catalog_attributes_absorbency":[""],"_wc_facebook_enhanced_catalog_attributes_material":[""],"_wc_facebook_enhanced_catalog_attributes_serving_size":[""],"_wc_facebook_enhanced_catalog_attributes_size":[""],"_wc_facebook_enhanced_catalog_attributes_skin_care_concern":[""],"_wc_facebook_enhanced_catalog_attributes_skin_type":[""],"_wc_facebook_enhanced_catalog_attributes_spf_value":[""],"_wc_facebook_enhanced_catalog_attributes_standard_features":[""],"_wc_facebook_enhanced_catalog_attributes_stop_use_indications":[""],"_wc_facebook_enhanced_catalog_attributes_package_quantity":[""],"_wc_facebook_enhanced_catalog_attributes_lens_material":[""],"_wc_facebook_enhanced_catalog_attributes_lens_type":[""],"_wc_facebook_enhanced_catalog_attributes_lens_tint":[""],"_wc_facebook_enhanced_catalog_attributes_keywords":[""],"_wc_facebook_enhanced_catalog_attributes_is_powered":[""],"_wc_facebook_enhanced_catalog_attributes_instructions":[""],"_wc_facebook_enhanced_catalog_attributes_ingredients_composition":[""],"_wc_facebook_enhanced_catalog_attributes_inactive_ingredients":[""],"_wc_facebook_enhanced_catalog_attributes_flavor":[""],"_wc_facebook_enhanced_catalog_attributes_eyewear_rim":[""],"_wc_facebook_enhanced_catalog_attributes_dosage":[""],"_wc_facebook_enhanced_catalog_attributes_color":[""],"_wc_facebook_enhanced_catalog_attributes_brand":[""],"_wc_facebook_enhanced_catalog_attributes_body_part":[""],"_wc_facebook_enhanced_catalog_attributes_batteries_required":[""],"_wc_facebook_enhanced_catalog_attributes_u_v_rating":[""],"_wc_facebook_commerce_enabled":["no"],"rank_math_primary_fb_product_set":["0"],"site-sidebar-layout":["default"],"ast-site-content-layout":["default"],"site-content-style":["default"],"site-sidebar-style":["default"],"theme-transparent-header-meta":["default"],"stick-header-meta":["default"],"classic-editor-remember":["classic-editor"],"wpil_sync_report3":["1"],"wpil_links_inbound_internal_count":["0"],"wpil_links_inbound_internal_count_data":["eJxLtDKwqq4FAAZPAf4="],"wpil_links_outbound_internal_count":["0"],"wpil_links_outbound_internal_count_data":["eJxLtDKwqq4FAAZPAf4="],"wpil_links_outbound_external_count":["0"],"wpil_links_outbound_external_count_data":["eJxLtDKwqq4FAAZPAf4="],"wpil_sync_report2_time":["2025-01-27T07:29:11+00:00"],"_sale_price":["42.99"],"fb_brand":[""],"fb_mpn":[""],"_fixed_price_rules":["a:0:{}"],"fb_rich_text_description":[""],"fb_product_video":["a:0:{}"],"ryviu_product_reviews_info":["6;4.5"],"_wc_rating_count":["a:1:{i:0;i:6;}"],"astra-migrate-meta-layouts":["set"],"_g_feedback_shortcode_4a7501da266dda937fa1101fd3325a717d327488":["\n\t\t\t\t[contact-field label=\"Name\" type=\"name\"  required=\"true\" \/]\n\t\t\t\t[contact-field label=\"Email\" type=\"email\" required=\"true\" \/]\n\t\t\t\t[contact-field label=\"Website\" type=\"url\" \/]\n\t\t\t\t[contact-field label=\"Message\" type=\"textarea\" \/]"],"_g_feedback_shortcode_atts_4a7501da266dda937fa1101fd3325a717d327488":["a:17:{s:2:\"to\";s:18:\"support@pophaw.com\";s:7:\"subject\";s:43:\"[Pophaw] HU58 Bacillus Subtilis 60 Capsules\";s:12:\"show_subject\";s:2:\"no\";s:6:\"widget\";i:0;s:14:\"block_template\";N;s:19:\"block_template_part\";N;s:2:\"id\";i:7621;s:18:\"submit_button_text\";s:6:\"Submit\";s:14:\"customThankyou\";s:0:\"\";s:21:\"customThankyouHeading\";s:26:\"Your message has been sent\";s:21:\"customThankyouMessage\";s:30:\"Thank you for your submission!\";s:22:\"customThankyouRedirect\";s:0:\"\";s:10:\"jetpackCRM\";b:1;s:9:\"className\";N;s:9:\"postToUrl\";N;s:14:\"salesforceData\";N;s:12:\"hiddenFields\";N;}"],"wp_statistics_words_count":["216"],"fb_size":[""],"fb_color":[""],"fb_material":[""],"fb_pattern":[""],"fb_age_group":[""],"fb_gender":[""],"fb_product_condition":[""],"omnisend_last_sync":["2025-05-16T11:05:10+00:00"],"surerank_settings_general":["a:7:{s:9:\"separator\";s:1:\"-\";s:10:\"page_title\";s:21:\"%title% - %site_name%\";s:25:\"auto_generate_description\";b:1;s:16:\"page_description\";s:9:\"%excerpt%\";s:16:\"auto_description\";s:157:\"HU58\u2122 is a single-strain probiotic with a concentrated dose of Bacillus subtilis HU58, formulated to support healthy immune function and maintain a healthy\";s:14:\"fallback_image\";s:0:\"\";s:13:\"canonical_url\";s:62:\"https:\/\/pophaw.com\/product\/hu58-bacillus-subtilis-60-capsules\/\";}"],"surerank_settings_post_no_index":["no"],"surerank_settings_post_no_follow":["no"],"surerank_settings_post_no_archive":["no"],"surerank_settings_social":["a:23:{s:15:\"open_graph_tags\";b:1;s:18:\"facebook_meta_tags\";b:1;s:17:\"twitter_meta_tags\";b:1;s:16:\"oembeded_scripts\";b:1;s:17:\"oembeded_og_title\";b:1;s:22:\"oembeded_social_images\";b:1;s:27:\"oembeded_remove_author_name\";b:1;s:17:\"facebook_page_url\";s:54:\"https:\/\/www.facebook.com\/profile.php?id=61571207938497\";s:24:\"facebook_author_fallback\";s:0:\"\";s:17:\"twitter_card_type\";s:19:\"summary_large_image\";s:24:\"twitter_same_as_facebook\";b:1;s:24:\"twitter_profile_username\";s:0:\"\";s:24:\"twitter_profile_fallback\";s:0:\"\";s:14:\"facebook_title\";s:21:\"%title% - %site_name%\";s:20:\"facebook_description\";s:9:\"%content%\";s:18:\"facebook_image_url\";s:59:\"https:\/\/pophaw.com\/wp-content\/uploads\/2024\/11\/image_1-1.png\";s:17:\"facebook_image_id\";i:7622;s:20:\"facebook_image_width\";i:1576;s:21:\"facebook_image_height\";i:1576;s:13:\"twitter_title\";s:21:\"%title% - %site_name%\";s:19:\"twitter_description\";s:9:\"%content%\";s:17:\"twitter_image_url\";s:59:\"https:\/\/pophaw.com\/wp-content\/uploads\/2024\/11\/image_1-1.png\";s:16:\"twitter_image_id\";i:7622;}"],"surerank_migration":["1"],"astra_style_timestamp_css":["1776869916"],"wwpp_product_wholesale_visibility_filter":["all"],"_uag_css_file_name":["uag-css-7621.css"],"rank_math_internal_links_processed":["1"],"_wc_gla_mc_status":["partially_approved"],"_uag_page_assets":["a:9:{s:3:\"css\";s:260:\".uag-blocks-common-selector{z-index:var(--z-index-desktop) !important}@media(max-width: 976px){.uag-blocks-common-selector{z-index:var(--z-index-tablet) !important}}@media(max-width: 767px){.uag-blocks-common-selector{z-index:var(--z-index-mobile) !important}}\";s:2:\"js\";s:0:\"\";s:18:\"current_block_list\";a:15:{i:0;s:23:\"surecart\/slide-out-cart\";i:1;s:30:\"surecart\/slide-out-cart-header\";i:2;s:29:\"surecart\/slide-out-cart-items\";i:3;s:30:\"surecart\/slide-out-cart-coupon\";i:4;s:32:\"surecart\/slide-out-cart-subtotal\";i:5;s:38:\"surecart\/slide-out-cart-bump-line-item\";i:6;s:30:\"surecart\/slide-out-cart-submit\";i:7;s:11:\"core\/search\";i:8;s:10:\"core\/group\";i:9;s:12:\"core\/heading\";i:10;s:17:\"core\/latest-posts\";i:11;s:20:\"core\/latest-comments\";i:12;s:13:\"core\/archives\";i:13;s:15:\"core\/categories\";i:14;s:14:\"core\/shortcode\";}s:8:\"uag_flag\";b:0;s:11:\"uag_version\";s:10:\"1776869369\";s:6:\"gfonts\";a:0:{}s:10:\"gfonts_url\";s:0:\"\";s:12:\"gfonts_files\";a:0:{}s:14:\"uag_faq_layout\";b:0;}"]},"uagb_featured_image_src":{"full":["https:\/\/pophaw.com\/wp-content\/uploads\/2024\/11\/image_1-1.png",1576,1576,false],"thumbnail":["https:\/\/pophaw.com\/wp-content\/uploads\/2024\/11\/image_1-1-150x150.png",150,150,true],"medium":["https:\/\/pophaw.com\/wp-content\/uploads\/2024\/11\/image_1-1-300x300.png",300,300,true],"medium_large":["https:\/\/pophaw.com\/wp-content\/uploads\/2024\/11\/image_1-1-768x768.png",768,768,true],"large":["https:\/\/pophaw.com\/wp-content\/uploads\/2024\/11\/image_1-1-1024x1024.png",1024,1024,true],"ryviu-small":["https:\/\/pophaw.com\/wp-content\/uploads\/2024\/11\/image_1-1.png",40,40,false],"ryviu-medium":["https:\/\/pophaw.com\/wp-content\/uploads\/2024\/11\/image_1-1.png",132,132,false],"1536x1536":["https:\/\/pophaw.com\/wp-content\/uploads\/2024\/11\/image_1-1-1536x1536.png",1536,1536,true],"2048x2048":["https:\/\/pophaw.com\/wp-content\/uploads\/2024\/11\/image_1-1.png",1576,1576,false],"trp-custom-language-flag":["https:\/\/pophaw.com\/wp-content\/uploads\/2024\/11\/image_1-1.png",12,12,false],"woocommerce_thumbnail":["https:\/\/pophaw.com\/wp-content\/uploads\/2024\/11\/image_1-1-300x300.png",300,300,true],"woocommerce_single":["https:\/\/pophaw.com\/wp-content\/uploads\/2024\/11\/image_1-1-600x600.png",600,600,true],"woocommerce_gallery_thumbnail":["https:\/\/pophaw.com\/wp-content\/uploads\/2024\/11\/image_1-1-100x100.png",100,100,true]},"uagb_author_info":{"display_name":"Dr. Rowan","author_link":"https:\/\/pophaw.com\/pt\/author\/"},"uagb_comment_info":0,"uagb_excerpt":"HU58\u2122 is a single-strain probiotic with a concentrated dose of Bacillus subtilis HU58, formulated to support healthy immune function and maintain a healthy balance of intestinal microflora. Single-Strain Daily Probiotic &#8211; These probiotics for women and men feature a concentrated dose of spore-based Bacillus subtilis HU58, formulated to support immune function and digestive health.* Maintain&hellip;","_links":{"self":[{"href":"https:\/\/pophaw.com\/pt\/wp-json\/wp\/v2\/product\/7621","targetHints":{"allow":["GET"]}}],"collection":[{"href":"https:\/\/pophaw.com\/pt\/wp-json\/wp\/v2\/product"}],"about":[{"href":"https:\/\/pophaw.com\/pt\/wp-json\/wp\/v2\/types\/product"}],"wp:featuredmedia":[{"embeddable":true,"href":"https:\/\/pophaw.com\/pt\/wp-json\/wp\/v2\/media\/7622"}],"wp:attachment":[{"href":"https:\/\/pophaw.com\/pt\/wp-json\/wp\/v2\/media?parent=7621"}],"wp:term":[{"taxonomy":"product_brand","embeddable":true,"href":"https:\/\/pophaw.com\/pt\/wp-json\/wp\/v2\/product_brand?post=7621"},{"taxonomy":"product_cat","embeddable":true,"href":"https:\/\/pophaw.com\/pt\/wp-json\/wp\/v2\/product_cat?post=7621"},{"taxonomy":"product_tag","embeddable":true,"href":"https:\/\/pophaw.com\/pt\/wp-json\/wp\/v2\/product_tag?post=7621"}],"curies":[{"name":"wp","href":"https:\/\/api.w.org\/{rel}","templated":true}]}}