{"id":791,"date":"2019-04-28T08:02:17","date_gmt":"2019-04-28T08:02:17","guid":{"rendered":"https:\/\/pophaw.com\/product\/portable-mesh-atomizer\/"},"modified":"2025-06-02T03:11:46","modified_gmt":"2025-06-02T10:11:46","slug":"medidor-de-apneia-do-sono-rs10","status":"publish","type":"product","link":"https:\/\/pophaw.com\/pt\/product\/medidor-de-apneia-do-sono-rs10\/","title":{"rendered":"Medidor de Apneia do Sono RS10"},"content":{"rendered":"<p style=\"font-weight: 400;\">O medidor de apneia do sono \u00e9 um dispositivo para testar e analisar pacientes com S\u00edndrome da Apneia e Hipopneia Obstrutiva do Sono (SAHOS). Ele pode detectar par\u00e2metros fisiol\u00f3gicos, como fluxo de ar respirat\u00f3rio nasal, movimento respirat\u00f3rio t\u00f3raco-abdominal, SpO2, frequ\u00eancia de pulso, posi\u00e7\u00e3o do corpo etc. Os casos armazenados podem ser carregados no computador pelo cabo USB para an\u00e1lise, o que ajuda a equipe m\u00e9dica a avaliar a qualidade do sono dos pacientes e fornece uma base para a equipe m\u00e9dica formular um diagn\u00f3stico e um plano de tratamento para os pacientes com doen\u00e7as respirat\u00f3rias do sono.<\/p>\n<p style=\"font-weight: 400;\"><strong>Fun\u00e7\u00e3o<\/strong><\/p>\n<p style=\"font-weight: 400;\">1) Aquisi\u00e7\u00e3o de dados de SpO2<\/p>\n<p style=\"font-weight: 400;\">2) Aquisi\u00e7\u00e3o de dados de taxa de pulso<\/p>\n<p style=\"font-weight: 400;\">3) Coleta de fluxo de ar nasal.<\/p>\n<p style=\"font-weight: 400;\">4) Aquisi\u00e7\u00e3o de respira\u00e7\u00e3o tor\u00e1cica e abdominal<\/p>\n<p style=\"font-weight: 400;\">5) Aquisi\u00e7\u00e3o do sinal da posi\u00e7\u00e3o do corpo<\/p>\n<p style=\"font-weight: 400;\">6) Indica\u00e7\u00e3o de bateria fraca.<\/p>\n<p style=\"font-weight: 400;\">7) Indica\u00e7\u00e3o do estado de funcionamento.<\/p>\n<p style=\"font-weight: 400;\">8) Fun\u00e7\u00e3o de armazenamento em v\u00e1rias caixas.<\/p>\n<p style=\"font-weight: 400;\">9) Upload de dados.<\/p>\n<p style=\"font-weight: 400;\">10) Software de an\u00e1lise de PC.<\/p>\n<p style=\"font-weight: 400;\"><strong>Desempenho\u00a0<\/strong><\/p>\n<p style=\"font-weight: 400;\">Faixa de medi\u00e7\u00e3o de SpO2: 0 % ~ 100 % (resolu\u00e7\u00e3o: 1%)<\/p>\n<p style=\"font-weight: 400;\">Precis\u00e3o:<\/p>\n<p style=\"font-weight: 400;\">70 % ~ 100 %, \u00b1 2 %;<\/p>\n<p style=\"font-weight: 400;\">0 % ~ 69 %, n\u00e3o especificado<\/p>\n<p style=\"font-weight: 400;\">Faixa de medi\u00e7\u00e3o de PR: 30 bpm ~ 250 bpm (resolu\u00e7\u00e3o: 1 bpm)<\/p>\n<p style=\"font-weight: 400;\">Precis\u00e3o: \u00b1 2 bpm ou \u00b1 2%, o que for maior.<\/p>\n<p style=\"font-weight: 400;\">Precis\u00e3o sob baixa perfus\u00e3o: baixa perfus\u00e3o 0,4%; precis\u00e3o da SpO2: \u00b1 4%; precis\u00e3o da PR: \u00b1 2 bpm ou \u00b1 2%, o que for maior.<\/p>\n<p style=\"font-weight: 400;\">Interfer\u00eancia de luz: compare os valores medidos em condi\u00e7\u00f5es normais e em condi\u00e7\u00f5es de luz ambiente; o desvio \u00e9 \u2264 1%.<\/p>\n<p style=\"font-weight: 400;\">Faixa de medi\u00e7\u00e3o do fluxo de ar nasal: 0 bpm ~ 40 bpm (resolu\u00e7\u00e3o: 1 bpm)<\/p>\n<p style=\"font-weight: 400;\">Precis\u00e3o: \u00b1 2 bpm<\/p>\n<p style=\"font-weight: 400;\">Faixa de medi\u00e7\u00e3o da respira\u00e7\u00e3o tor\u00e1cica e abdominal: 0 bpm ~ 40 bpm (resolu\u00e7\u00e3o: 1 bpm)<\/p>\n<p style=\"font-weight: 400;\">Precis\u00e3o: \u00b1 2 bpm<\/p>\n<p style=\"font-weight: 400;\">Posi\u00e7\u00e3o do corpo: prona, supina, lateral esquerda, lateral direita, ereta e parada de m\u00e3o<\/p>\n<p style=\"font-weight: 400;\">Consumo de energia: \u2264 100 mA<\/p>\n<p style=\"font-weight: 400;\">Tens\u00e3o de trabalho: DC 3 V<\/p>\n<p style=\"font-weight: 400;\">Bateria: duas pilhas alcalinas AA<\/p>\n<p style=\"font-weight: 400;\">Classe de seguran\u00e7a: equipamento alimentado internamente, pe\u00e7a aplicada tipo BF<\/p>\n<p style=\"font-weight: 400;\"><strong>Acess\u00f3rios<\/strong><\/p>\n<p style=\"font-weight: 400;\">Uma c\u00e2nula de oxig\u00eanio nasal<\/p>\n<p style=\"font-weight: 400;\">Uma sonda de SpO2<\/p>\n<p style=\"font-weight: 400;\">Dois sensores toracoabdominais<\/p>\n<p style=\"font-weight: 400;\">Um eletrodo toracoabdominal<\/p>\n<p style=\"font-weight: 400;\">Um cone macho Luer<\/p>\n<p style=\"font-weight: 400;\">Um manual do usu\u00e1rio<\/p>\n<p style=\"font-weight: 400;\">Um cabo USB<\/p>\n<p style=\"font-weight: 400;\"><strong>Caracter\u00edstica f\u00edsica<\/strong><\/p>\n<p style=\"font-weight: 400;\">Dimens\u00e3o: 100 mm (C) \u00d7 74 mm (L) \u00d7 28 mm (A)<\/p>\n<p style=\"font-weight: 400;\">Peso: cerca de 80 g (sem bateria)<\/p>\n<p style=\"font-weight: 400;\"><strong>Compre produtos seguros<\/strong><\/p>\n<p style=\"font-weight: 400;\">A seguinte isen\u00e7\u00e3o de responsabilidade da FDA \u00e9 exigida para todos os an\u00fancios do eBay na categoria Sa\u00fade e est\u00e1 inclu\u00edda para refer\u00eancia: A venda deste item pode estar sujeita \u00e0 regulamenta\u00e7\u00e3o da U.S. Food and Drug Administration e de ag\u00eancias reguladoras estaduais e locais. Se o item estiver sujeito \u00e0 regulamenta\u00e7\u00e3o da FDA, verificaremos seu status como comprador autorizado desse item antes do envio do mesmo.<\/p>","protected":false},"excerpt":{"rendered":"<p>Para testar e analisar pacientes com S\u00edndrome da Apneia e Hipopneia Obstrutiva do Sono (SAHOS).<\/p>","protected":false},"featured_media":9417,"template":"","meta":{"bwfblock_default_font":"","_uag_custom_page_level_css":"","site-sidebar-layout":"default","site-content-layout":"","ast-site-content-layout":"default","site-content-style":"default","site-sidebar-style":"default","ast-global-header-display":"","ast-banner-title-visibility":"","ast-main-header-display":"","ast-hfb-above-header-display":"","ast-hfb-below-header-display":"","ast-hfb-mobile-header-display":"","site-post-title":"","ast-breadcrumbs-content":"","ast-featured-img":"","footer-sml-layout":"","ast-disable-related-posts":"","theme-transparent-header-meta":"default","adv-header-id-meta":"","stick-header-meta":"default","header-above-stick-meta":"","header-main-stick-meta":"","header-below-stick-meta":"","astra-migrate-meta-layouts":"set","ast-page-background-enabled":"default","ast-page-background-meta":{"desktop":{"background-color":"","background-image":"","background-repeat":"repeat","background-position":"center center","background-size":"auto","background-attachment":"scroll","background-type":"","background-media":"","overlay-type":"","overlay-color":"","overlay-opacity":"","overlay-gradient":""},"tablet":{"background-color":"","background-image":"","background-repeat":"repeat","background-position":"center center","background-size":"auto","background-attachment":"scroll","background-type":"","background-media":"","overlay-type":"","overlay-color":"","overlay-opacity":"","overlay-gradient":""},"mobile":{"background-color":"","background-image":"","background-repeat":"repeat","background-position":"center center","background-size":"auto","background-attachment":"scroll","background-type":"","background-media":"","overlay-type":"","overlay-color":"","overlay-opacity":"","overlay-gradient":""}},"ast-content-background-meta":{"desktop":{"background-color":"var(--ast-global-color-5)","background-image":"","background-repeat":"repeat","background-position":"center center","background-size":"auto","background-attachment":"scroll","background-type":"","background-media":"","overlay-type":"","overlay-color":"","overlay-opacity":"","overlay-gradient":""},"tablet":{"background-color":"var(--ast-global-color-5)","background-image":"","background-repeat":"repeat","background-position":"center center","background-size":"auto","background-attachment":"scroll","background-type":"","background-media":"","overlay-type":"","overlay-color":"","overlay-opacity":"","overlay-gradient":""},"mobile":{"background-color":"var(--ast-global-color-5)","background-image":"","background-repeat":"repeat","background-position":"center center","background-size":"auto","background-attachment":"scroll","background-type":"","background-media":"","overlay-type":"","overlay-color":"","overlay-opacity":"","overlay-gradient":""}}},"product_brand":[73],"product_cat":[342,336,99,305,312,190],"product_tag":[],"class_list":{"0":"post-791","1":"product","2":"type-product","3":"status-publish","4":"has-post-thumbnail","6":"product_brand-pophaw","7":"product_cat-respiratory-care","8":"product_cat-healthcare-products","9":"product_cat-home-medical-supplies","10":"product_cat-respiratory-care-products","11":"product_cat-respiratory-monitors","12":"product_cat-wellness-monitoring","13":"desktop-align-center","14":"tablet-align-center","15":"mobile-align-center","16":"ast-product-gallery-layout-horizontal-slider","17":"ast-magnify-disabled","18":"ast-product-tabs-layout-horizontal","20":"first","21":"instock","22":"shipping-taxable","23":"purchasable","24":"product-type-simple"},"spectra_custom_meta":{"_edit_last":["1"],"total_sales":["4"],"_tax_status":["taxable"],"_manage_stock":["yes"],"_backorders":["no"],"_sold_individually":["no"],"_virtual":["no"],"_downloadable":["no"],"_download_limit":["-1"],"_download_expiry":["-1"],"_stock":["7"],"_stock_status":["instock"],"_product_version":["9.8.5"],"insight_product_options":["s:1358:\"a:38:{s:27:\"single_product_layout_style\";s:0:\"\";s:11:\"site_layout\";s:0:\"\";s:10:\"site_width\";s:0:\"\";s:16:\"site_top_spacing\";s:0:\"\";s:19:\"site_bottom_spacing\";s:0:\"\";s:10:\"site_class\";s:0:\"\";s:21:\"site_background_color\";s:0:\"\";s:21:\"site_background_image\";s:0:\"\";s:22:\"site_background_repeat\";s:9:\"no-repeat\";s:26:\"site_background_attachment\";s:0:\"\";s:24:\"site_background_position\";s:0:\"\";s:20:\"site_background_size\";s:0:\"\";s:24:\"content_background_color\";s:0:\"\";s:24:\"content_background_image\";s:0:\"\";s:25:\"content_background_repeat\";s:9:\"no-repeat\";s:27:\"content_background_position\";s:0:\"\";s:12:\"top_bar_type\";s:0:\"\";s:11:\"header_type\";s:0:\"\";s:14:\"header_overlay\";s:0:\"\";s:11:\"header_skin\";s:0:\"\";s:12:\"menu_display\";s:0:\"\";s:13:\"menu_one_page\";s:1:\"0\";s:16:\"custom_dark_logo\";s:0:\"\";s:17:\"custom_light_logo\";s:0:\"\";s:17:\"custom_logo_width\";s:0:\"\";s:24:\"custom_sticky_logo_width\";s:0:\"\";s:21:\"page_title_bar_layout\";s:0:\"\";s:29:\"page_title_bar_bottom_spacing\";s:0:\"\";s:31:\"page_title_bar_background_color\";s:0:\"\";s:25:\"page_title_bar_background\";s:0:\"\";s:33:\"page_title_bar_background_overlay\";s:0:\"\";s:29:\"page_title_bar_custom_heading\";s:0:\"\";s:14:\"page_sidebar_1\";s:7:\"default\";s:14:\"page_sidebar_2\";s:7:\"default\";s:21:\"page_sidebar_position\";s:7:\"default\";s:17:\"revolution_slider\";s:0:\"\";s:15:\"slider_position\";s:5:\"below\";s:13:\"footer_enable\";s:0:\"\";}\";"],"_sku":["PH11335008"],"_regular_price":["399"],"_price":["399"],"_wp_old_date":["2020-04-28"],"_tax_class":[""],"_wc_average_rating":["0"],"_wc_review_count":["0"],"rs_page_bg_color":[""],"rank_math_focus_keyword":["Sleep Apnea Meter"],"_edit_lock":["1748570349:1"],"rank_math_analytic_object_id":["88"],"rank_math_auto_redirect":["a:1:{i:0;i:23;}"],"_wp_old_slug":["portable-mesh-atomizer"],"rank_math_seo_score":["87"],"rank_math_description":["The sleep apnea meter is a device for testing and analyzing patients with Obstructive Sleep Apnea Hypopnea Syndrome (OSAHS)."],"_thumbnail_id":["9417"],"_admin_notes":[""],"_custom_product_field":[""],"_product_image_gallery":["9422,9423,9424,9418,9419,9420,9421"],"rank_math_primary_product_cat":["342"],"rank_math_primary_product_brand":["0"],"site-sidebar-layout":["default"],"ast-site-content-layout":["default"],"site-content-style":["default"],"site-sidebar-style":["default"],"theme-transparent-header-meta":["default"],"stick-header-meta":["default"],"_wc_gla_synced_at":["1773802835"],"_wc_gla_sync_status":["synced"],"_wc_gla_visibility":["sync-and-show"],"_wc_gla_google_ids":["a:1:{s:2:\"US\";s:20:\"online:en:US:gla_791\";}"],"fb_product_item_id":["9033775676736564"],"_global_unique_id":["10888621913636"],"_wc_facebook_sync_enabled":["yes"],"fb_visibility":["yes"],"fb_product_description":[""],"_wc_facebook_product_image_source":["product"],"_wc_facebook_commerce_enabled":["no"],"rank_math_primary_fb_product_set":["0"],"astra-migrate-meta-layouts":["set"],"wp_statistics_words_count":["349"],"wpil_sync_report3":["1"],"wpil_links_inbound_internal_count":["0"],"wpil_links_inbound_internal_count_data":["eJxLtDKwqq4FAAZPAf4="],"wpil_links_outbound_internal_count":["0"],"wpil_links_outbound_internal_count_data":["eJxLtDKwqq4FAAZPAf4="],"wpil_links_outbound_external_count":["0"],"wpil_links_outbound_external_count_data":["eJxLtDKwqq4FAAZPAf4="],"wpil_sync_report2_time":["2025-01-27T07:29:11+00:00"],"omnisend_last_sync":["2025-06-02T10:11:46+00:00"],"surerank_settings_general":["a:7:{s:9:\"separator\";s:1:\"-\";s:10:\"page_title\";s:21:\"%title% - %site_name%\";s:25:\"auto_generate_description\";b:1;s:16:\"page_description\";s:124:\"The sleep apnea meter is a device for testing and analyzing patients with Obstructive Sleep Apnea Hypopnea Syndrome (OSAHS).\";s:16:\"auto_description\";s:152:\"The sleep apnea meter is a device for testing and analyzing patients with Obstructive Sleep Apnea Hypopnea Syndrome (OSAHS). It can detect physiological\";s:14:\"fallback_image\";s:0:\"\";s:13:\"canonical_url\";s:50:\"https:\/\/pophaw.com\/product\/rs10-sleep-apnea-meter\/\";}"],"surerank_settings_post_no_index":["no"],"surerank_settings_post_no_follow":["no"],"surerank_settings_post_no_archive":["no"],"surerank_settings_social":["a:23:{s:15:\"open_graph_tags\";b:1;s:18:\"facebook_meta_tags\";b:1;s:17:\"twitter_meta_tags\";b:1;s:16:\"oembeded_scripts\";b:1;s:17:\"oembeded_og_title\";b:1;s:22:\"oembeded_social_images\";b:1;s:27:\"oembeded_remove_author_name\";b:1;s:17:\"facebook_page_url\";s:54:\"https:\/\/www.facebook.com\/profile.php?id=61571207938497\";s:24:\"facebook_author_fallback\";s:0:\"\";s:17:\"twitter_card_type\";s:19:\"summary_large_image\";s:24:\"twitter_same_as_facebook\";b:1;s:24:\"twitter_profile_username\";s:0:\"\";s:24:\"twitter_profile_fallback\";s:0:\"\";s:14:\"facebook_title\";s:21:\"%title% - %site_name%\";s:20:\"facebook_description\";s:9:\"%content%\";s:18:\"facebook_image_url\";s:58:\"https:\/\/pophaw.com\/wp-content\/uploads\/2019\/04\/10001-3.webp\";s:17:\"facebook_image_id\";i:9417;s:20:\"facebook_image_width\";i:1000;s:21:\"facebook_image_height\";i:1000;s:13:\"twitter_title\";s:21:\"%title% - %site_name%\";s:19:\"twitter_description\";s:9:\"%content%\";s:17:\"twitter_image_url\";s:58:\"https:\/\/pophaw.com\/wp-content\/uploads\/2019\/04\/10001-3.webp\";s:16:\"twitter_image_id\";i:9417;}"],"surerank_migration":["1"],"astra_style_timestamp_css":["1775174455"],"wwpp_product_wholesale_visibility_filter":["all"],"_uag_css_file_name":["uag-css-791.css"],"_uag_page_assets":["a:9:{s:3:\"css\";s:263:\".uag-blocks-common-selector{z-index:var(--z-index-desktop) !important}@media (max-width: 976px){.uag-blocks-common-selector{z-index:var(--z-index-tablet) !important}}@media (max-width: 767px){.uag-blocks-common-selector{z-index:var(--z-index-mobile) !important}}\n\";s:2:\"js\";s:0:\"\";s:18:\"current_block_list\";a:15:{i:0;s:23:\"surecart\/slide-out-cart\";i:1;s:30:\"surecart\/slide-out-cart-header\";i:2;s:29:\"surecart\/slide-out-cart-items\";i:3;s:30:\"surecart\/slide-out-cart-coupon\";i:4;s:32:\"surecart\/slide-out-cart-subtotal\";i:5;s:38:\"surecart\/slide-out-cart-bump-line-item\";i:6;s:30:\"surecart\/slide-out-cart-submit\";i:7;s:11:\"core\/search\";i:8;s:10:\"core\/group\";i:9;s:12:\"core\/heading\";i:10;s:17:\"core\/latest-posts\";i:11;s:20:\"core\/latest-comments\";i:12;s:13:\"core\/archives\";i:13;s:15:\"core\/categories\";i:14;s:14:\"core\/shortcode\";}s:8:\"uag_flag\";b:0;s:11:\"uag_version\";s:10:\"1775168599\";s:6:\"gfonts\";a:0:{}s:10:\"gfonts_url\";s:0:\"\";s:12:\"gfonts_files\";a:0:{}s:14:\"uag_faq_layout\";b:0;}"],"_wc_gla_mc_status":["approved"]},"uagb_featured_image_src":{"full":["https:\/\/pophaw.com\/wp-content\/uploads\/2019\/04\/10001-3.webp",1000,1000,false],"thumbnail":["https:\/\/pophaw.com\/wp-content\/uploads\/2019\/04\/10001-3-150x150.webp",150,150,true],"medium":["https:\/\/pophaw.com\/wp-content\/uploads\/2019\/04\/10001-3-300x300.webp",300,300,true],"medium_large":["https:\/\/pophaw.com\/wp-content\/uploads\/2019\/04\/10001-3-768x768.webp",768,768,true],"large":["https:\/\/pophaw.com\/wp-content\/uploads\/2019\/04\/10001-3.webp",1000,1000,false],"ryviu-small":["https:\/\/pophaw.com\/wp-content\/uploads\/2019\/04\/10001-3.webp",40,40,false],"ryviu-medium":["https:\/\/pophaw.com\/wp-content\/uploads\/2019\/04\/10001-3.webp",132,132,false],"1536x1536":["https:\/\/pophaw.com\/wp-content\/uploads\/2019\/04\/10001-3.webp",1000,1000,false],"2048x2048":["https:\/\/pophaw.com\/wp-content\/uploads\/2019\/04\/10001-3.webp",1000,1000,false],"trp-custom-language-flag":["https:\/\/pophaw.com\/wp-content\/uploads\/2019\/04\/10001-3.webp",12,12,false],"woocommerce_thumbnail":["https:\/\/pophaw.com\/wp-content\/uploads\/2019\/04\/10001-3-300x300.webp",300,300,true],"woocommerce_single":["https:\/\/pophaw.com\/wp-content\/uploads\/2019\/04\/10001-3-600x600.webp",600,600,true],"woocommerce_gallery_thumbnail":["https:\/\/pophaw.com\/wp-content\/uploads\/2019\/04\/10001-3-100x100.webp",100,100,true]},"uagb_author_info":{"display_name":"Dr. Rowan","author_link":"https:\/\/pophaw.com\/pt\/author\/"},"uagb_comment_info":0,"uagb_excerpt":"For testing and analyzing patients with Obstructive Sleep Apnea Hypopnea Syndrome (OSAHS).","_links":{"self":[{"href":"https:\/\/pophaw.com\/pt\/wp-json\/wp\/v2\/product\/791","targetHints":{"allow":["GET"]}}],"collection":[{"href":"https:\/\/pophaw.com\/pt\/wp-json\/wp\/v2\/product"}],"about":[{"href":"https:\/\/pophaw.com\/pt\/wp-json\/wp\/v2\/types\/product"}],"wp:featuredmedia":[{"embeddable":true,"href":"https:\/\/pophaw.com\/pt\/wp-json\/wp\/v2\/media\/9417"}],"wp:attachment":[{"href":"https:\/\/pophaw.com\/pt\/wp-json\/wp\/v2\/media?parent=791"}],"wp:term":[{"taxonomy":"product_brand","embeddable":true,"href":"https:\/\/pophaw.com\/pt\/wp-json\/wp\/v2\/product_brand?post=791"},{"taxonomy":"product_cat","embeddable":true,"href":"https:\/\/pophaw.com\/pt\/wp-json\/wp\/v2\/product_cat?post=791"},{"taxonomy":"product_tag","embeddable":true,"href":"https:\/\/pophaw.com\/pt\/wp-json\/wp\/v2\/product_tag?post=791"}],"curies":[{"name":"wp","href":"https:\/\/api.w.org\/{rel}","templated":true}]}}