{"id":799,"date":"2019-04-28T08:14:13","date_gmt":"2019-04-28T08:14:13","guid":{"rendered":"https:\/\/pophaw.com\/product\/surgical-sponge\/"},"modified":"2025-01-25T23:10:16","modified_gmt":"2025-01-26T07:10:16","slug":"mascara-de-travesseiro-nasal-universal","status":"publish","type":"product","link":"https:\/\/pophaw.com\/pt\/product\/mascara-de-travesseiro-nasal-universal\/","title":{"rendered":"M\u00e1scara de travesseiro nasal universal"},"content":{"rendered":"<p><b>M\u00e1scara de travesseiro nasal Universal Universal PM1 M\u00e1scara nasal para apneia do sono para Cpap&amp;Bipap com almofadas de silicone S\/M\/L de 3 tamanhos<\/b><\/p>\n<div>POR FAVOR, PRESTE ATEN\u00c7\u00c3O<\/div>\n<div><\/div>\n<div>1. M\u00e1scara de travesseiro nasal cujo di\u00e2metro do tubo \u00e9 de 22 mm, adequada para qualquer marca de m\u00e1quina de Cpap e Bipap.<\/div>\n<div>2. Nossa m\u00e1scara com travesseiro nasal \u00e9 um conjunto completo, incluindo travesseiros nasais (S, M, L) e uma m\u00e1scara com mangueira de 45 cm e instru\u00e7\u00f5es.<\/div>\n<div><\/div>\n<div>Lembrete gentil\uff1a<\/div>\n<div><\/div>\n<div>As m\u00e1scaras de travesseiro nasal s\u00e3o consum\u00edveis m\u00e9dicos. Para sua sa\u00fade, fa\u00e7a a manuten\u00e7\u00e3o delas regularmente (retire \u00e1gua limpa toda semana e substitua-as a cada seis meses)<\/div>\n<div>As marcas de m\u00e1quinas CPAP para m\u00e1scaras de travesseiro nasal Resoxy s\u00e3o as seguintes<\/div>\n<div>Resmed, Philips, Resmart, Luna, Yuwell, COFOE, Curative, Fisher &amp; Paykel, Weinmann, Micome.<\/div>\n<div><\/div>\n<div>Vis\u00e3o geral da m\u00e1scara de travesseiro nasal CPAP:<\/div>\n<div><\/div>\n<div>A m\u00e1scara com almofada nasal \u00e9 uma m\u00e1scara de contato m\u00ednimo que oferece o m\u00e1ximo de liberdade! Com uma estrutura fina de silicone e travesseiros de parede dupla, a RESOXY \u00e9 leve e confort\u00e1vel, mas ainda assim segura e eficaz. N\u00e3o \u00e9 necess\u00e1ria receita m\u00e9dica para a compra desses componentes da m\u00e1scara.<\/div>\n<div><\/div>\n<div>M\u00e1scara CPAP com travesseiro nasal Caracter\u00edsticas:<\/div>\n<div><\/div>\n<div>1. Exaustor poroso: F\u00e1cil e confort\u00e1vel: Design atualizado do orif\u00edcio de exaust\u00e3o para reduzir o ru\u00eddo durante o uso<\/div>\n<div>2. Confort\u00e1vel, sem marcas de press\u00e3o: Adequado para pacientes que usam \u00f3culos. Faixa de cabe\u00e7a ultraleve e macia, tornando quase impercept\u00edvel sua exist\u00eancia. Com menor contato com a pele, o tratamento multin\u00edvel proporciona liberdade e conforto.<\/div>\n<div>3. Tubo de curvatura flex\u00edvel: Com um di\u00e2metro externo de 22 mm, \u00e9 adequado para todas as m\u00e1quinas de Cpap. Os tubos curvados ultraleves e ultramacios s\u00e3o leves, flex\u00edveis, n\u00e3o se deformam facilmente, s\u00e3o remov\u00edveis e f\u00e1ceis de limpar.<\/div>\n<div>4. O cotovelo girat\u00f3rio de 360\u00b0 garante conforto e aumenta a liberdade. N\u00e3o se limita a locais fixos.<\/div>\n<div>5. Design com especifica\u00e7\u00f5es de tr\u00eas tamanhos para diferentes grupos de pessoas: Dispon\u00edvel nos tamanhos de travesseiro S, M e L<\/div>\n<div>6. Almofada de silicone macio Confort\u00e1vel e f\u00e1cil de substituir Material de silicone macio e saud\u00e1vel, satisfazendo seu \u201ctoque exigente\u201d<\/div>\n<div>7. Mais leve e mais confort\u00e1vel: A qualidade da leveza proporciona uma experi\u00eancia de uso confort\u00e1vel com designs ergon\u00f4micos que se esfor\u00e7am para oferecer aos usu\u00e1rios o que podemos sentir.<\/div>\n<div><\/div>\n<div>Vis\u00e3o geral da configura\u00e7\u00e3o:<\/div>\n<div><\/div>\n<div>Vis\u00e3o geral da configura\u00e7\u00e3o: Faixa de cabe\u00e7a, bra\u00e7o do esqueleto, almofada de silicone (S, M.),<\/div>\n<div>L), Conjunto de feixes \u00f3sseos<\/div>\n<div><\/div>\n<div>Guia de opera\u00e7\u00e3o\uff1a<\/div>\n<div><\/div>\n<div>1. Interface de tubo flex\u00edvel: Verifique a interface do tubo Nenhum outro acess\u00f3rio<\/div>\n<div>2. Conecte a m\u00e1scara: Alinhe o tubo com a m\u00e1scara nasal e insira o conector<\/div>\n<div>3. Efeito final: Conex\u00e3o conclu\u00edda, imagem de exibi\u00e7\u00e3o do efeito<\/div>\n<div><\/div>\n<div><\/div>\n<div>Problemas comuns de conex\u00e3o anormal de tubula\u00e7\u00f5es<\/div>\n<div>1. A fivela do duto que sobrou do conector da m\u00e1scara nasal antiga est\u00e1 bloqueada e n\u00e3o pode ser conectada. 2. Remova o corpo estranho na tubula\u00e7\u00e3o. 3. A carne da boca da tubula\u00e7\u00e3o \u00e9 macia e pode ser espremida. 4. N\u00e3o h\u00e1 corpos estranhos na boca da tubula\u00e7\u00e3o antes da conex\u00e3o.<\/div>\n<div><\/div>\n<div>Como limpar e cuidar de seu produto?<\/div>\n<div><\/div>\n<div>Limpeza de m\u00e1scaras e acess\u00f3rios<\/div>\n<div><\/div>\n<div>1. Lave a faixa de cabe\u00e7a com \u00e1gua morna e sab\u00e3o<\/div>\n<div>2. Deixe de molho por n\u00e3o mais de 10 minutos<\/div>\n<div>3. Enx\u00e1gue com \u00e1gua<\/div>\n<div>4. Evite a luz solar direta e seque naturalmente.<\/div>\n<div><\/div>\n<div>Antes do primeiro uso<\/div>\n<div><\/div>\n<div>1. Limpe suavemente os componentes com \u00e1gua morna e sab\u00e3o<\/div>\n<div>2. Deixe de molho por n\u00e3o mais de 10 minutos<\/div>\n<div>3. Enx\u00e1gue as pe\u00e7as limpas com \u00e1gua pot\u00e1vel<\/div>\n<div>4. Deixe secar naturalmente em um local escuro<\/div>\n<div><\/div>\n<div>Sugest\u00f5es de substitui\u00e7\u00e3o de produtos<\/div>\n<div><\/div>\n<div>Algod\u00e3o filtrante -1-2 semanas<\/div>\n<div>M\u00e1scara nasal de silicone - 6 meses<\/div>\n<div>Faixa de cabe\u00e7a - 6 meses<\/div>\n<div>Suporte de m\u00e1scara - 12-18 meses<\/div>\n<div><\/div>\n<div>Todos os dias\/depois de cada uso<\/div>\n<div><\/div>\n<div>1. Lave os componentes da m\u00e1scara \u00e0 m\u00e3o com \u00e1gua morna e sab\u00e3o (exceto a faixa de cabe\u00e7a)<\/div>\n<div>2. Enx\u00e1gue bem com \u00e1gua pot\u00e1vel<\/div>\n<div>3. Evite a luz e seque naturalmente ao ar livre<\/div>\n<div>4. Limpe as aberturas de ventila\u00e7\u00e3o com uma escova macia<\/div>","protected":false},"excerpt":{"rendered":"<p>Fazemos quest\u00e3o de oferecer a voc\u00ea o m\u00e1ximo de valor e usabilidade em cada produto, mantendo os custos sob controle, sem sacrificar a qualidade.<\/p>","protected":false},"featured_media":9676,"template":"","meta":{"bwfblock_default_font":"","_uag_custom_page_level_css":"","site-sidebar-layout":"default","site-content-layout":"","ast-site-content-layout":"default","site-content-style":"default","site-sidebar-style":"default","ast-global-header-display":"","ast-banner-title-visibility":"","ast-main-header-display":"","ast-hfb-above-header-display":"","ast-hfb-below-header-display":"","ast-hfb-mobile-header-display":"","site-post-title":"","ast-breadcrumbs-content":"","ast-featured-img":"","footer-sml-layout":"","ast-disable-related-posts":"","theme-transparent-header-meta":"default","adv-header-id-meta":"","stick-header-meta":"default","header-above-stick-meta":"","header-main-stick-meta":"","header-below-stick-meta":"","astra-migrate-meta-layouts":"set","ast-page-background-enabled":"default","ast-page-background-meta":{"desktop":{"background-color":"","background-image":"","background-repeat":"repeat","background-position":"center center","background-size":"auto","background-attachment":"scroll","background-type":"","background-media":"","overlay-type":"","overlay-color":"","overlay-opacity":"","overlay-gradient":""},"tablet":{"background-color":"","background-image":"","background-repeat":"repeat","background-position":"center center","background-size":"auto","background-attachment":"scroll","background-type":"","background-media":"","overlay-type":"","overlay-color":"","overlay-opacity":"","overlay-gradient":""},"mobile":{"background-color":"","background-image":"","background-repeat":"repeat","background-position":"center center","background-size":"auto","background-attachment":"scroll","background-type":"","background-media":"","overlay-type":"","overlay-color":"","overlay-opacity":"","overlay-gradient":""}},"ast-content-background-meta":{"desktop":{"background-color":"var(--ast-global-color-5)","background-image":"","background-repeat":"repeat","background-position":"center center","background-size":"auto","background-attachment":"scroll","background-type":"","background-media":"","overlay-type":"","overlay-color":"","overlay-opacity":"","overlay-gradient":""},"tablet":{"background-color":"var(--ast-global-color-5)","background-image":"","background-repeat":"repeat","background-position":"center center","background-size":"auto","background-attachment":"scroll","background-type":"","background-media":"","overlay-type":"","overlay-color":"","overlay-opacity":"","overlay-gradient":""},"mobile":{"background-color":"var(--ast-global-color-5)","background-image":"","background-repeat":"repeat","background-position":"center center","background-size":"auto","background-attachment":"scroll","background-type":"","background-media":"","overlay-type":"","overlay-color":"","overlay-opacity":"","overlay-gradient":""}}},"product_brand":[73],"product_cat":[343,307,336,309,305],"product_tag":[],"class_list":{"0":"post-799","1":"product","2":"type-product","3":"status-publish","4":"has-post-thumbnail","6":"product_brand-pophaw","7":"product_cat-cpap-machine","8":"product_cat-cpap-machines-accessories","9":"product_cat-healthcare-products","10":"product_cat-nasal-oral-masks","11":"product_cat-respiratory-care-products","12":"desktop-align-center","13":"tablet-align-center","14":"mobile-align-center","15":"ast-product-gallery-layout-horizontal-slider","16":"ast-magnify-disabled","17":"ast-product-tabs-layout-horizontal","19":"first","20":"instock","21":"shipping-taxable","22":"purchasable","23":"product-type-simple"},"spectra_custom_meta":{"_edit_last":["1"],"_wp_old_date":["2020-04-28"],"insight_product_options":["s:1358:\"a:38:{s:27:\"single_product_layout_style\";s:0:\"\";s:11:\"site_layout\";s:0:\"\";s:10:\"site_width\";s:0:\"\";s:16:\"site_top_spacing\";s:0:\"\";s:19:\"site_bottom_spacing\";s:0:\"\";s:10:\"site_class\";s:0:\"\";s:21:\"site_background_color\";s:0:\"\";s:21:\"site_background_image\";s:0:\"\";s:22:\"site_background_repeat\";s:9:\"no-repeat\";s:26:\"site_background_attachment\";s:0:\"\";s:24:\"site_background_position\";s:0:\"\";s:20:\"site_background_size\";s:0:\"\";s:24:\"content_background_color\";s:0:\"\";s:24:\"content_background_image\";s:0:\"\";s:25:\"content_background_repeat\";s:9:\"no-repeat\";s:27:\"content_background_position\";s:0:\"\";s:12:\"top_bar_type\";s:0:\"\";s:11:\"header_type\";s:0:\"\";s:14:\"header_overlay\";s:0:\"\";s:11:\"header_skin\";s:0:\"\";s:12:\"menu_display\";s:0:\"\";s:13:\"menu_one_page\";s:1:\"0\";s:16:\"custom_dark_logo\";s:0:\"\";s:17:\"custom_light_logo\";s:0:\"\";s:17:\"custom_logo_width\";s:0:\"\";s:24:\"custom_sticky_logo_width\";s:0:\"\";s:21:\"page_title_bar_layout\";s:0:\"\";s:29:\"page_title_bar_bottom_spacing\";s:0:\"\";s:31:\"page_title_bar_background_color\";s:0:\"\";s:25:\"page_title_bar_background\";s:0:\"\";s:33:\"page_title_bar_background_overlay\";s:0:\"\";s:29:\"page_title_bar_custom_heading\";s:0:\"\";s:14:\"page_sidebar_1\";s:7:\"default\";s:14:\"page_sidebar_2\";s:7:\"default\";s:21:\"page_sidebar_position\";s:7:\"default\";s:17:\"revolution_slider\";s:0:\"\";s:15:\"slider_position\";s:5:\"below\";s:13:\"footer_enable\";s:0:\"\";}\";"],"_sku":["PH11335010"],"_regular_price":["52.99"],"_tax_status":["taxable"],"_manage_stock":["yes"],"_backorders":["no"],"_sold_individually":["no"],"_virtual":["no"],"_downloadable":["no"],"_download_limit":["-1"],"_download_expiry":["-1"],"_stock":["35"],"_stock_status":["instock"],"_product_version":["9.6.0"],"_price":["52.99"],"_product_image_gallery":["9447,9437,9438,9439,9440,9441,9442,9443,9444,9445,9446"],"woosw_count":["2"],"woosw_add":["1597393580"],"total_sales":["0"],"_tax_class":[""],"_wc_average_rating":["0"],"_wc_review_count":["0"],"rs_page_bg_color":[""],"rank_math_focus_keyword":["Nasal Pillow Mask"],"_edit_lock":["1737875417:1"],"rank_math_analytic_object_id":["84"],"rank_math_auto_redirect":["a:1:{i:0;i:25;}"],"_wp_old_slug":["surgical-sponge","nasal-pillows-mask-universal"],"rank_math_seo_score":["93"],"rank_math_description":["Nasal Pillow Mask Universal Universal PM1 Sleep Apnea Nasal Mask For Cpap&Bipap With S\/M\/L 3 Sizes Silicone Cushions"],"_admin_notes":["https:\/\/www.ebay.com\/itm\/387641661290\r\nhttps:\/\/detail.1688.com\/offer\/847546167457.html?spm=a261y.7663282.3002526303362591.2.7f483e54ffTWko&sk=order"],"_custom_product_field":[""],"rank_math_primary_product_cat":["343"],"rank_math_primary_product_brand":["0"],"site-sidebar-layout":["default"],"ast-site-content-layout":["default"],"site-content-style":["default"],"site-sidebar-style":["default"],"theme-transparent-header-meta":["default"],"stick-header-meta":["default"],"_thumbnail_id":["9676"],"_wc_gla_synced_at":["1773802835"],"_wc_gla_sync_status":["synced"],"_wc_gla_visibility":["sync-and-show"],"_wc_gla_google_ids":["a:1:{s:2:\"US\";s:20:\"online:en:US:gla_799\";}"],"fb_product_item_id":["9921082447908860"],"_wc_facebook_sync_enabled":["yes"],"fb_visibility":["yes"],"fb_product_description":[""],"_wc_facebook_product_image_source":["product"],"_wc_facebook_commerce_enabled":["no"],"rank_math_primary_fb_product_set":["0"],"_global_unique_id":["10888621913674"],"astra-migrate-meta-layouts":["set"],"wp_statistics_words_count":["515"],"wpil_sync_report3":["1"],"wpil_links_inbound_internal_count":["0"],"wpil_links_inbound_internal_count_data":["eJxLtDKwqq4FAAZPAf4="],"wpil_links_outbound_internal_count":["0"],"wpil_links_outbound_internal_count_data":["eJxLtDKwqq4FAAZPAf4="],"wpil_links_outbound_external_count":["0"],"wpil_links_outbound_external_count_data":["eJxLtDKwqq4FAAZPAf4="],"wpil_sync_report2_time":["2025-01-27T07:29:11+00:00"],"omnisend_last_sync":["2025-05-16T11:05:10+00:00"],"surerank_settings_general":["a:7:{s:9:\"separator\";s:1:\"-\";s:10:\"page_title\";s:21:\"%title% - %site_name%\";s:25:\"auto_generate_description\";b:1;s:16:\"page_description\";s:116:\"Nasal Pillow Mask Universal Universal PM1 Sleep Apnea Nasal Mask For Cpap&Bipap With S\/M\/L 3 Sizes Silicone Cushions\";s:16:\"auto_description\";s:158:\"Nasal Pillow Mask Universal Universal PM1 Sleep Apnea Nasal Mask For Cpap&Bipap With S\/M\/L 3 Sizes Silicone Cushions PLEASE PAY ATTENTION 1. Nasal Pillow Mask\";s:14:\"fallback_image\";s:0:\"\";s:13:\"canonical_url\";s:55:\"https:\/\/pophaw.com\/product\/nasal-pillow-mask-universal\/\";}"],"surerank_settings_post_no_index":["no"],"surerank_settings_post_no_follow":["no"],"surerank_settings_post_no_archive":["no"],"surerank_settings_social":["a:23:{s:15:\"open_graph_tags\";b:1;s:18:\"facebook_meta_tags\";b:1;s:17:\"twitter_meta_tags\";b:1;s:16:\"oembeded_scripts\";b:1;s:17:\"oembeded_og_title\";b:1;s:22:\"oembeded_social_images\";b:1;s:27:\"oembeded_remove_author_name\";b:1;s:17:\"facebook_page_url\";s:54:\"https:\/\/www.facebook.com\/profile.php?id=61571207938497\";s:24:\"facebook_author_fallback\";s:0:\"\";s:17:\"twitter_card_type\";s:19:\"summary_large_image\";s:24:\"twitter_same_as_facebook\";b:1;s:24:\"twitter_profile_username\";s:0:\"\";s:24:\"twitter_profile_fallback\";s:0:\"\";s:14:\"facebook_title\";s:21:\"%title% - %site_name%\";s:20:\"facebook_description\";s:9:\"%content%\";s:18:\"facebook_image_url\";s:57:\"https:\/\/pophaw.com\/wp-content\/uploads\/2019\/04\/10001-5.jpg\";s:17:\"facebook_image_id\";i:9676;s:20:\"facebook_image_width\";i:800;s:21:\"facebook_image_height\";i:800;s:13:\"twitter_title\";s:21:\"%title% - %site_name%\";s:19:\"twitter_description\";s:9:\"%content%\";s:17:\"twitter_image_url\";s:57:\"https:\/\/pophaw.com\/wp-content\/uploads\/2019\/04\/10001-5.jpg\";s:16:\"twitter_image_id\";i:9676;}"],"surerank_migration":["1"],"astra_style_timestamp_css":["1775174474"],"wwpp_product_wholesale_visibility_filter":["all"],"_uag_css_file_name":["uag-css-799.css"],"_uag_page_assets":["a:9:{s:3:\"css\";s:263:\".uag-blocks-common-selector{z-index:var(--z-index-desktop) !important}@media (max-width: 976px){.uag-blocks-common-selector{z-index:var(--z-index-tablet) !important}}@media (max-width: 767px){.uag-blocks-common-selector{z-index:var(--z-index-mobile) !important}}\n\";s:2:\"js\";s:0:\"\";s:18:\"current_block_list\";a:15:{i:0;s:23:\"surecart\/slide-out-cart\";i:1;s:30:\"surecart\/slide-out-cart-header\";i:2;s:29:\"surecart\/slide-out-cart-items\";i:3;s:30:\"surecart\/slide-out-cart-coupon\";i:4;s:32:\"surecart\/slide-out-cart-subtotal\";i:5;s:38:\"surecart\/slide-out-cart-bump-line-item\";i:6;s:30:\"surecart\/slide-out-cart-submit\";i:7;s:11:\"core\/search\";i:8;s:10:\"core\/group\";i:9;s:12:\"core\/heading\";i:10;s:17:\"core\/latest-posts\";i:11;s:20:\"core\/latest-comments\";i:12;s:13:\"core\/archives\";i:13;s:15:\"core\/categories\";i:14;s:14:\"core\/shortcode\";}s:8:\"uag_flag\";b:0;s:11:\"uag_version\";s:10:\"1775168599\";s:6:\"gfonts\";a:0:{}s:10:\"gfonts_url\";s:0:\"\";s:12:\"gfonts_files\";a:0:{}s:14:\"uag_faq_layout\";b:0;}"],"_wc_gla_mc_status":["approved"]},"uagb_featured_image_src":{"full":["https:\/\/pophaw.com\/wp-content\/uploads\/2019\/04\/10001-5.jpg",800,800,false],"thumbnail":["https:\/\/pophaw.com\/wp-content\/uploads\/2019\/04\/10001-5-150x150.jpg",150,150,true],"medium":["https:\/\/pophaw.com\/wp-content\/uploads\/2019\/04\/10001-5-300x300.jpg",300,300,true],"medium_large":["https:\/\/pophaw.com\/wp-content\/uploads\/2019\/04\/10001-5-768x768.jpg",768,768,true],"large":["https:\/\/pophaw.com\/wp-content\/uploads\/2019\/04\/10001-5.jpg",800,800,false],"ryviu-small":["https:\/\/pophaw.com\/wp-content\/uploads\/2019\/04\/10001-5.jpg",40,40,false],"ryviu-medium":["https:\/\/pophaw.com\/wp-content\/uploads\/2019\/04\/10001-5.jpg",132,132,false],"1536x1536":["https:\/\/pophaw.com\/wp-content\/uploads\/2019\/04\/10001-5.jpg",800,800,false],"2048x2048":["https:\/\/pophaw.com\/wp-content\/uploads\/2019\/04\/10001-5.jpg",800,800,false],"trp-custom-language-flag":["https:\/\/pophaw.com\/wp-content\/uploads\/2019\/04\/10001-5.jpg",12,12,false],"woocommerce_thumbnail":["https:\/\/pophaw.com\/wp-content\/uploads\/2019\/04\/10001-5-300x300.jpg",300,300,true],"woocommerce_single":["https:\/\/pophaw.com\/wp-content\/uploads\/2019\/04\/10001-5-600x600.jpg",600,600,true],"woocommerce_gallery_thumbnail":["https:\/\/pophaw.com\/wp-content\/uploads\/2019\/04\/10001-5-100x100.jpg",100,100,true]},"uagb_author_info":{"display_name":"Dr. Rowan","author_link":"https:\/\/pophaw.com\/pt\/author\/"},"uagb_comment_info":0,"uagb_excerpt":"We make a point by bringing you as much value &amp; usability with each product, while keeping the costs in check, without sacrificing quality.","_links":{"self":[{"href":"https:\/\/pophaw.com\/pt\/wp-json\/wp\/v2\/product\/799","targetHints":{"allow":["GET"]}}],"collection":[{"href":"https:\/\/pophaw.com\/pt\/wp-json\/wp\/v2\/product"}],"about":[{"href":"https:\/\/pophaw.com\/pt\/wp-json\/wp\/v2\/types\/product"}],"wp:featuredmedia":[{"embeddable":true,"href":"https:\/\/pophaw.com\/pt\/wp-json\/wp\/v2\/media\/9676"}],"wp:attachment":[{"href":"https:\/\/pophaw.com\/pt\/wp-json\/wp\/v2\/media?parent=799"}],"wp:term":[{"taxonomy":"product_brand","embeddable":true,"href":"https:\/\/pophaw.com\/pt\/wp-json\/wp\/v2\/product_brand?post=799"},{"taxonomy":"product_cat","embeddable":true,"href":"https:\/\/pophaw.com\/pt\/wp-json\/wp\/v2\/product_cat?post=799"},{"taxonomy":"product_tag","embeddable":true,"href":"https:\/\/pophaw.com\/pt\/wp-json\/wp\/v2\/product_tag?post=799"}],"curies":[{"name":"wp","href":"https:\/\/api.w.org\/{rel}","templated":true}]}}