{"id":813,"date":"2019-04-28T08:31:06","date_gmt":"2019-04-28T08:31:06","guid":{"rendered":"https:\/\/pophaw.com\/product\/manual-oxygen-device\/"},"modified":"2025-07-29T03:23:55","modified_gmt":"2025-07-29T10:23:55","slug":"umidificadores-de-nevoa-fria","status":"publish","type":"product","link":"https:\/\/pophaw.com\/pt\/product\/umidificadores-de-nevoa-fria\/","title":{"rendered":"Umidificadores de n\u00e9voa fria para quarto"},"content":{"rendered":"<h2 class=\"a-spacing-mini\"><span style=\"font-size: 18pt;\">Por que voc\u00ea precisa de um umidificador para ambientes grandes\uff1fRespire melhor e sinta-se melhor com nosso umidificador de n\u00e9voa fria.<\/span><\/h2>\n<div class=\"row\">\n<div class=\"col-sm-6\">\n<ul>\n<li><b>Fonte de alimenta\u00e7\u00e3o: Carregamento USB<\/b><\/li>\n<li>Cor: preto<\/li>\n<li>Modelo: JSQ-20D-BLA-US<\/li>\n<li>Tens\u00e3o: 100V-240V<\/li>\n<li>Altura do item: 69,9 cm<\/li>\n<li>Largura do item: 21,6 cm<\/li>\n<li>Peso do item: 2,9 kg<\/li>\n<li>Capacidade do tanque: 9L<\/li>\n<\/ul>\n<\/div>\n<div class=\"col-sm-6\"><span style=\"font-size: 14pt;\">Conte\u00fado da embalagem<\/span><\/p>\n<ul>\n<li>1*Humidificador<\/li>\n<li>1*Controles remotos<\/li>\n<li>1*Cabo de carregamento<\/li>\n<li>1*Manual<\/li>\n<\/ul>\n<\/div>\n<\/div>\n<div class=\"row\">\n<div class=\"col-sm-6\">\n<h3><span style=\"font-size: 14pt;\">Detalhes<\/span><\/h3>\n<div>1. A parte superior<span style=\"font-size: 16px;\"> O design de enchimento facilita o abastecimento de \u00e1gua. Projeto de estrutura do tipo bombeamento: diga adeus ao vazamento de \u00e1gua.<\/span><\/div>\n<div>2. <span style=\"font-size: 16px;\">Design com abertura grande para facilitar a limpeza; recomendamos que voc\u00ea limpe regularmente para manter o umidificador limpo.<\/span><\/div>\n<div>3. <span style=\"font-size: 16px;\">Painel de toque + controle remoto, opera\u00e7\u00e3o simples e conveniente, adequado para uso em v\u00e1rias cenas, para proporcionar uma experi\u00eancia confort\u00e1vel.<\/span><\/div>\n<div>4. <span style=\"font-size: 16px;\">O design da al\u00e7a permite que voc\u00ea mova facilmente o umidificador, enquanto a caixa de aroma pode conter seus \u00f3leos essenciais favoritos.<\/span><\/div>\n<\/div>\n<\/div>\n<div><\/div>\n<h3><strong><span style=\"font-size: 14pt;\">Recursos<\/span><\/strong><\/h3>\n<div class=\"amp-centerthirdcol-listbox\">\n<div class=\"a-box a-spacing-small a-color-alternate-background apm-listbox amp-centerthirdcol-listbox\">\n<div class=\"a-box-inner\">\n<p>1. 9L\/2,4 gal\u00f5es de grande capacidade<br \/>\nTanque de \u00e1gua de grande capacidade de 8L, que pode ser usado por 48 horas, poupando o trabalho de reabastecimento frequente de \u00e1gua.<\/p>\n<p>2. 3 n\u00edveis de n\u00e9voa e umidade personalizada<br \/>\nTr\u00eas n\u00edveis de n\u00e9voa de configura\u00e7\u00f5es baixa\/m\u00e9dia\/alta est\u00e3o dispon\u00edveis e podem ser ajustados para atender \u00e0s suas necessidades pessoais.<\/p>\n<p>3. Enchimento superior sem vazamento<br \/>\nUmidificador de ambiente grande com porta de inje\u00e7\u00e3o de \u00e1gua de grande di\u00e2metro; o enchimento de \u00e1gua \u00e9 muito conveniente; basta abrir a tampa para adicionar \u00e1gua. E as m\u00e3os podem entrar \u00e0 vontade para limpar.<\/p>\n<p>4. Difusor de \u00f3leo essencial<br \/>\nMais do que um umidificador<br \/>\nCom uma bandeja de \u00f3leo essencial na parte de tr\u00e1s, voc\u00ea pode colocar de 2 a 3 gotas de \u00f3leo essencial para ajudar a relaxar e fazer uma pausa.<\/p>\n<p>5. Modo de suspens\u00e3o e temporizador de 14 horas<br \/>\nVoc\u00ea pode programar o umidificador para funcionar de 1 a 14 horas, conforme desejar, para se adequar \u00e0 sua agenda e economizar energia enquanto dorme ou sai. Com o modo de suspens\u00e3o, funciona com um som baixo de 38 decib\u00e9is, o que contribui para uma boa noite de sono para toda a fam\u00edlia!<\/p>\n<p>6. F\u00e1cil de limpar<br \/>\nProte\u00e7\u00e3o contra falta de \u00e1gua: Se atingir a umidade definida ou se n\u00e3o houver \u00e1gua, ele ser\u00e1 desligado automaticamente para evitar danos e mant\u00ea-lo seguro.<\/p>\n<p>Recomenda-se a limpeza semanal.<\/p>\n<\/div>\n<\/div>\n<\/div>","protected":false},"excerpt":{"rendered":"<p>Respire melhor e sinta-se melhor com nosso umidificador de n\u00e9voa fria.<\/p>","protected":false},"featured_media":9457,"template":"","meta":{"bwfblock_default_font":"","_uag_custom_page_level_css":"","site-sidebar-layout":"default","site-content-layout":"","ast-site-content-layout":"default","site-content-style":"default","site-sidebar-style":"default","ast-global-header-display":"","ast-banner-title-visibility":"","ast-main-header-display":"","ast-hfb-above-header-display":"","ast-hfb-below-header-display":"","ast-hfb-mobile-header-display":"","site-post-title":"","ast-breadcrumbs-content":"","ast-featured-img":"","footer-sml-layout":"","ast-disable-related-posts":"","theme-transparent-header-meta":"default","adv-header-id-meta":"","stick-header-meta":"default","header-above-stick-meta":"","header-main-stick-meta":"","header-below-stick-meta":"","astra-migrate-meta-layouts":"set","ast-page-background-enabled":"default","ast-page-background-meta":{"desktop":{"background-color":"","background-image":"","background-repeat":"repeat","background-position":"center center","background-size":"auto","background-attachment":"scroll","background-type":"","background-media":"","overlay-type":"","overlay-color":"","overlay-opacity":"","overlay-gradient":""},"tablet":{"background-color":"","background-image":"","background-repeat":"repeat","background-position":"center center","background-size":"auto","background-attachment":"scroll","background-type":"","background-media":"","overlay-type":"","overlay-color":"","overlay-opacity":"","overlay-gradient":""},"mobile":{"background-color":"","background-image":"","background-repeat":"repeat","background-position":"center center","background-size":"auto","background-attachment":"scroll","background-type":"","background-media":"","overlay-type":"","overlay-color":"","overlay-opacity":"","overlay-gradient":""}},"ast-content-background-meta":{"desktop":{"background-color":"var(--ast-global-color-5)","background-image":"","background-repeat":"repeat","background-position":"center center","background-size":"auto","background-attachment":"scroll","background-type":"","background-media":"","overlay-type":"","overlay-color":"","overlay-opacity":"","overlay-gradient":""},"tablet":{"background-color":"var(--ast-global-color-5)","background-image":"","background-repeat":"repeat","background-position":"center center","background-size":"auto","background-attachment":"scroll","background-type":"","background-media":"","overlay-type":"","overlay-color":"","overlay-opacity":"","overlay-gradient":""},"mobile":{"background-color":"var(--ast-global-color-5)","background-image":"","background-repeat":"repeat","background-position":"center center","background-size":"auto","background-attachment":"scroll","background-type":"","background-media":"","overlay-type":"","overlay-color":"","overlay-opacity":"","overlay-gradient":""}}},"product_brand":[73],"product_cat":[342,336,308,305],"product_tag":[],"class_list":{"0":"post-813","1":"product","2":"type-product","3":"status-publish","4":"has-post-thumbnail","6":"product_brand-pophaw","7":"product_cat-respiratory-care","8":"product_cat-healthcare-products","9":"product_cat-humidifiers-filters","10":"product_cat-respiratory-care-products","11":"desktop-align-center","12":"tablet-align-center","13":"mobile-align-center","14":"ast-product-gallery-layout-horizontal-slider","15":"ast-magnify-disabled","16":"ast-product-tabs-layout-horizontal","18":"first","19":"instock","20":"shipping-taxable","21":"purchasable","22":"product-type-simple"},"spectra_custom_meta":{"_edit_last":["1"],"total_sales":["10"],"_tax_status":["taxable"],"_manage_stock":["yes"],"_backorders":["no"],"_sold_individually":["no"],"_virtual":["no"],"_downloadable":["no"],"_download_limit":["-1"],"_download_expiry":["-1"],"_stock_status":["instock"],"_product_version":["10.0.4"],"_wp_old_date":["2020-04-28"],"insight_product_options":["s:1358:\"a:38:{s:27:\"single_product_layout_style\";s:0:\"\";s:11:\"site_layout\";s:0:\"\";s:10:\"site_width\";s:0:\"\";s:16:\"site_top_spacing\";s:0:\"\";s:19:\"site_bottom_spacing\";s:0:\"\";s:10:\"site_class\";s:0:\"\";s:21:\"site_background_color\";s:0:\"\";s:21:\"site_background_image\";s:0:\"\";s:22:\"site_background_repeat\";s:9:\"no-repeat\";s:26:\"site_background_attachment\";s:0:\"\";s:24:\"site_background_position\";s:0:\"\";s:20:\"site_background_size\";s:0:\"\";s:24:\"content_background_color\";s:0:\"\";s:24:\"content_background_image\";s:0:\"\";s:25:\"content_background_repeat\";s:9:\"no-repeat\";s:27:\"content_background_position\";s:0:\"\";s:12:\"top_bar_type\";s:0:\"\";s:11:\"header_type\";s:0:\"\";s:14:\"header_overlay\";s:0:\"\";s:11:\"header_skin\";s:0:\"\";s:12:\"menu_display\";s:0:\"\";s:13:\"menu_one_page\";s:1:\"0\";s:16:\"custom_dark_logo\";s:0:\"\";s:17:\"custom_light_logo\";s:0:\"\";s:17:\"custom_logo_width\";s:0:\"\";s:24:\"custom_sticky_logo_width\";s:0:\"\";s:21:\"page_title_bar_layout\";s:0:\"\";s:29:\"page_title_bar_bottom_spacing\";s:0:\"\";s:31:\"page_title_bar_background_color\";s:0:\"\";s:25:\"page_title_bar_background\";s:0:\"\";s:33:\"page_title_bar_background_overlay\";s:0:\"\";s:29:\"page_title_bar_custom_heading\";s:0:\"\";s:14:\"page_sidebar_1\";s:7:\"default\";s:14:\"page_sidebar_2\";s:7:\"default\";s:21:\"page_sidebar_position\";s:7:\"default\";s:17:\"revolution_slider\";s:0:\"\";s:15:\"slider_position\";s:5:\"below\";s:13:\"footer_enable\";s:0:\"\";}\";"],"_sku":["EB218021"],"_regular_price":["59.99"],"_price":["59.99"],"woosw_count":["53"],"woosw_add":["1605524009"],"woosw_remove":["1598798014"],"_tax_class":[""],"_stock":["10"],"_wc_average_rating":["0"],"_wc_review_count":["0"],"rs_page_bg_color":[""],"rank_math_focus_keyword":["cool mist humidifier"],"_edit_lock":["1753784939:1"],"rank_math_analytic_object_id":["81"],"rank_math_auto_redirect":["a:1:{i:0;i:27;}"],"_wp_old_slug":["manual-oxygen-device"],"rank_math_seo_score":["90"],"rank_math_description":["Why you need to have a large room humidifier\uff1fBreathe better and feel better with our cool mist humidifier."],"_thumbnail_id":["9457"],"_admin_notes":["https:\/\/www.ebay.com\/itm\/126144382426"],"_custom_product_field":[""],"_product_image_gallery":["9458,9460,9459,9466,9462,9461,9463,9464,9465"],"rank_math_primary_product_cat":["342"],"rank_math_primary_product_brand":["73"],"site-sidebar-layout":["default"],"ast-site-content-layout":["default"],"site-content-style":["default"],"site-sidebar-style":["default"],"theme-transparent-header-meta":["default"],"stick-header-meta":["default"],"_wc_gla_synced_at":["1773802835"],"_wc_gla_sync_status":["synced"],"_wc_gla_visibility":["sync-and-show"],"_wc_gla_google_ids":["a:1:{s:2:\"US\";s:20:\"online:en:US:gla_813\";}"],"fb_product_item_id":["8892566214189238"],"_global_unique_id":["10888621913704"],"_wc_facebook_sync_enabled":["yes"],"fb_visibility":["yes"],"fb_product_description":[""],"_wc_facebook_product_image_source":["product"],"_wc_facebook_commerce_enabled":["no"],"rank_math_primary_fb_product_set":["0"],"astra-migrate-meta-layouts":["set"],"wp_statistics_words_count":["312"],"wpil_sync_report3":["1"],"wpil_links_inbound_internal_count":["0"],"wpil_links_inbound_internal_count_data":["eJxLtDKwqq4FAAZPAf4="],"wpil_links_outbound_internal_count":["0"],"wpil_links_outbound_internal_count_data":["eJxLtDKwqq4FAAZPAf4="],"wpil_links_outbound_external_count":["0"],"wpil_links_outbound_external_count_data":["eJxLtDKwqq4FAAZPAf4="],"wpil_sync_report2_time":["2025-01-27T07:29:11+00:00"],"omnisend_last_sync":["2025-07-29T10:23:55+00:00"],"_uag_custom_page_level_css":[""],"site-content-layout":[""],"ast-global-header-display":[""],"ast-banner-title-visibility":[""],"ast-main-header-display":[""],"ast-hfb-above-header-display":[""],"ast-hfb-below-header-display":[""],"ast-hfb-mobile-header-display":[""],"site-post-title":[""],"ast-breadcrumbs-content":[""],"ast-featured-img":[""],"footer-sml-layout":[""],"adv-header-id-meta":[""],"header-above-stick-meta":[""],"header-main-stick-meta":[""],"header-below-stick-meta":[""],"ast-page-background-enabled":["default"],"ast-page-background-meta":["a:3:{s:7:\"desktop\";a:12:{s:16:\"background-color\";s:0:\"\";s:16:\"background-image\";s:0:\"\";s:17:\"background-repeat\";s:6:\"repeat\";s:19:\"background-position\";s:13:\"center center\";s:15:\"background-size\";s:4:\"auto\";s:21:\"background-attachment\";s:6:\"scroll\";s:15:\"background-type\";s:0:\"\";s:16:\"background-media\";s:0:\"\";s:12:\"overlay-type\";s:0:\"\";s:13:\"overlay-color\";s:0:\"\";s:15:\"overlay-opacity\";s:0:\"\";s:16:\"overlay-gradient\";s:0:\"\";}s:6:\"tablet\";a:12:{s:16:\"background-color\";s:0:\"\";s:16:\"background-image\";s:0:\"\";s:17:\"background-repeat\";s:6:\"repeat\";s:19:\"background-position\";s:13:\"center center\";s:15:\"background-size\";s:4:\"auto\";s:21:\"background-attachment\";s:6:\"scroll\";s:15:\"background-type\";s:0:\"\";s:16:\"background-media\";s:0:\"\";s:12:\"overlay-type\";s:0:\"\";s:13:\"overlay-color\";s:0:\"\";s:15:\"overlay-opacity\";s:0:\"\";s:16:\"overlay-gradient\";s:0:\"\";}s:6:\"mobile\";a:12:{s:16:\"background-color\";s:0:\"\";s:16:\"background-image\";s:0:\"\";s:17:\"background-repeat\";s:6:\"repeat\";s:19:\"background-position\";s:13:\"center center\";s:15:\"background-size\";s:4:\"auto\";s:21:\"background-attachment\";s:6:\"scroll\";s:15:\"background-type\";s:0:\"\";s:16:\"background-media\";s:0:\"\";s:12:\"overlay-type\";s:0:\"\";s:13:\"overlay-color\";s:0:\"\";s:15:\"overlay-opacity\";s:0:\"\";s:16:\"overlay-gradient\";s:0:\"\";}}"],"ast-content-background-meta":["a:3:{s:7:\"desktop\";a:12:{s:16:\"background-color\";s:25:\"var(--ast-global-color-5)\";s:16:\"background-image\";s:0:\"\";s:17:\"background-repeat\";s:6:\"repeat\";s:19:\"background-position\";s:13:\"center center\";s:15:\"background-size\";s:4:\"auto\";s:21:\"background-attachment\";s:6:\"scroll\";s:15:\"background-type\";s:0:\"\";s:16:\"background-media\";s:0:\"\";s:12:\"overlay-type\";s:0:\"\";s:13:\"overlay-color\";s:0:\"\";s:15:\"overlay-opacity\";s:0:\"\";s:16:\"overlay-gradient\";s:0:\"\";}s:6:\"tablet\";a:12:{s:16:\"background-color\";s:25:\"var(--ast-global-color-5)\";s:16:\"background-image\";s:0:\"\";s:17:\"background-repeat\";s:6:\"repeat\";s:19:\"background-position\";s:13:\"center center\";s:15:\"background-size\";s:4:\"auto\";s:21:\"background-attachment\";s:6:\"scroll\";s:15:\"background-type\";s:0:\"\";s:16:\"background-media\";s:0:\"\";s:12:\"overlay-type\";s:0:\"\";s:13:\"overlay-color\";s:0:\"\";s:15:\"overlay-opacity\";s:0:\"\";s:16:\"overlay-gradient\";s:0:\"\";}s:6:\"mobile\";a:12:{s:16:\"background-color\";s:25:\"var(--ast-global-color-5)\";s:16:\"background-image\";s:0:\"\";s:17:\"background-repeat\";s:6:\"repeat\";s:19:\"background-position\";s:13:\"center center\";s:15:\"background-size\";s:4:\"auto\";s:21:\"background-attachment\";s:6:\"scroll\";s:15:\"background-type\";s:0:\"\";s:16:\"background-media\";s:0:\"\";s:12:\"overlay-type\";s:0:\"\";s:13:\"overlay-color\";s:0:\"\";s:15:\"overlay-opacity\";s:0:\"\";s:16:\"overlay-gradient\";s:0:\"\";}}"],"_pys_conversion_label_settings":["a:3:{s:6:\"enable\";b:0;s:5:\"label\";s:0:\"\";s:2:\"id\";s:14:\"AW-11522483325\";}"],"_fixed_price_rules":["a:0:{}"],"_ppcp_button_position":["bottom"],"_wc_gla_notification_status":["updated"],"fb_rich_text_description":[""],"fb_product_video":["a:0:{}"],"fb_brand":[""],"fb_mpn":[""],"fb_size":[""],"fb_color":[""],"fb_material":[""],"fb_pattern":[""],"fb_age_group":[""],"fb_gender":[""],"fb_product_condition":[""],"_pys_head_footer":["a:7:{s:14:\"disable_global\";b:0;s:8:\"head_any\";s:0:\"\";s:12:\"head_desktop\";s:0:\"\";s:11:\"head_mobile\";s:0:\"\";s:10:\"footer_any\";s:0:\"\";s:14:\"footer_desktop\";s:0:\"\";s:13:\"footer_mobile\";s:0:\"\";}"],"surerank_settings_general":["a:7:{s:9:\"separator\";s:1:\"-\";s:10:\"page_title\";s:21:\"%title% - %site_name%\";s:25:\"auto_generate_description\";b:1;s:16:\"page_description\";s:108:\"Why you need to have a large room humidifier\uff1fBreathe better and feel better with our cool mist humidifier.\";s:16:\"auto_description\";s:158:\"Why you need to have a large room humidifier\uff1fBreathe better and feel better with our cool mist humidifier. Package Content Details 1. The top filling design\";s:14:\"fallback_image\";s:0:\"\";s:13:\"canonical_url\";s:49:\"https:\/\/pophaw.com\/product\/cool-mist-humidifiers\/\";}"],"surerank_settings_post_no_index":["no"],"surerank_settings_post_no_follow":["no"],"surerank_settings_post_no_archive":["no"],"surerank_settings_social":["a:23:{s:15:\"open_graph_tags\";b:1;s:18:\"facebook_meta_tags\";b:1;s:17:\"twitter_meta_tags\";b:1;s:16:\"oembeded_scripts\";b:1;s:17:\"oembeded_og_title\";b:1;s:22:\"oembeded_social_images\";b:1;s:27:\"oembeded_remove_author_name\";b:1;s:17:\"facebook_page_url\";s:54:\"https:\/\/www.facebook.com\/profile.php?id=61571207938497\";s:24:\"facebook_author_fallback\";s:0:\"\";s:17:\"twitter_card_type\";s:19:\"summary_large_image\";s:24:\"twitter_same_as_facebook\";b:1;s:24:\"twitter_profile_username\";s:0:\"\";s:24:\"twitter_profile_fallback\";s:0:\"\";s:14:\"facebook_title\";s:21:\"%title% - %site_name%\";s:20:\"facebook_description\";s:9:\"%content%\";s:18:\"facebook_image_url\";s:58:\"https:\/\/pophaw.com\/wp-content\/uploads\/2019\/04\/10010-1.webp\";s:17:\"facebook_image_id\";i:9457;s:20:\"facebook_image_width\";i:2000;s:21:\"facebook_image_height\";i:2000;s:13:\"twitter_title\";s:21:\"%title% - %site_name%\";s:19:\"twitter_description\";s:9:\"%content%\";s:17:\"twitter_image_url\";s:58:\"https:\/\/pophaw.com\/wp-content\/uploads\/2019\/04\/10010-1.webp\";s:16:\"twitter_image_id\";i:9457;}"],"surerank_migration":["1"],"astra_style_timestamp_css":["1775172921"],"wwpp_product_wholesale_visibility_filter":["all"],"_uag_css_file_name":["uag-css-813.css"],"_uag_page_assets":["a:9:{s:3:\"css\";s:263:\".uag-blocks-common-selector{z-index:var(--z-index-desktop) !important}@media (max-width: 976px){.uag-blocks-common-selector{z-index:var(--z-index-tablet) !important}}@media (max-width: 767px){.uag-blocks-common-selector{z-index:var(--z-index-mobile) !important}}\n\";s:2:\"js\";s:0:\"\";s:18:\"current_block_list\";a:15:{i:0;s:23:\"surecart\/slide-out-cart\";i:1;s:30:\"surecart\/slide-out-cart-header\";i:2;s:29:\"surecart\/slide-out-cart-items\";i:3;s:30:\"surecart\/slide-out-cart-coupon\";i:4;s:32:\"surecart\/slide-out-cart-subtotal\";i:5;s:38:\"surecart\/slide-out-cart-bump-line-item\";i:6;s:30:\"surecart\/slide-out-cart-submit\";i:7;s:11:\"core\/search\";i:8;s:10:\"core\/group\";i:9;s:12:\"core\/heading\";i:10;s:17:\"core\/latest-posts\";i:11;s:20:\"core\/latest-comments\";i:12;s:13:\"core\/archives\";i:13;s:15:\"core\/categories\";i:14;s:14:\"core\/shortcode\";}s:8:\"uag_flag\";b:0;s:11:\"uag_version\";s:10:\"1775168599\";s:6:\"gfonts\";a:0:{}s:10:\"gfonts_url\";s:0:\"\";s:12:\"gfonts_files\";a:0:{}s:14:\"uag_faq_layout\";b:0;}"],"_wc_gla_mc_status":["approved"]},"uagb_featured_image_src":{"full":["https:\/\/pophaw.com\/wp-content\/uploads\/2019\/04\/10010-1.webp",2000,2000,false],"thumbnail":["https:\/\/pophaw.com\/wp-content\/uploads\/2019\/04\/10010-1-150x150.webp",150,150,true],"medium":["https:\/\/pophaw.com\/wp-content\/uploads\/2019\/04\/10010-1-300x300.webp",300,300,true],"medium_large":["https:\/\/pophaw.com\/wp-content\/uploads\/2019\/04\/10010-1-768x768.webp",768,768,true],"large":["https:\/\/pophaw.com\/wp-content\/uploads\/2019\/04\/10010-1-1024x1024.webp",1024,1024,true],"ryviu-small":["https:\/\/pophaw.com\/wp-content\/uploads\/2019\/04\/10010-1.webp",40,40,false],"ryviu-medium":["https:\/\/pophaw.com\/wp-content\/uploads\/2019\/04\/10010-1.webp",132,132,false],"1536x1536":["https:\/\/pophaw.com\/wp-content\/uploads\/2019\/04\/10010-1-1536x1536.webp",1536,1536,true],"2048x2048":["https:\/\/pophaw.com\/wp-content\/uploads\/2019\/04\/10010-1.webp",2000,2000,false],"trp-custom-language-flag":["https:\/\/pophaw.com\/wp-content\/uploads\/2019\/04\/10010-1.webp",12,12,false],"woocommerce_thumbnail":["https:\/\/pophaw.com\/wp-content\/uploads\/2019\/04\/10010-1-300x300.webp",300,300,true],"woocommerce_single":["https:\/\/pophaw.com\/wp-content\/uploads\/2019\/04\/10010-1-600x600.webp",600,600,true],"woocommerce_gallery_thumbnail":["https:\/\/pophaw.com\/wp-content\/uploads\/2019\/04\/10010-1-100x100.webp",100,100,true]},"uagb_author_info":{"display_name":"Dr. Rowan","author_link":"https:\/\/pophaw.com\/pt\/author\/"},"uagb_comment_info":0,"uagb_excerpt":"Breathe better and feel better with our cool mist humidifier.","_links":{"self":[{"href":"https:\/\/pophaw.com\/pt\/wp-json\/wp\/v2\/product\/813","targetHints":{"allow":["GET"]}}],"collection":[{"href":"https:\/\/pophaw.com\/pt\/wp-json\/wp\/v2\/product"}],"about":[{"href":"https:\/\/pophaw.com\/pt\/wp-json\/wp\/v2\/types\/product"}],"wp:featuredmedia":[{"embeddable":true,"href":"https:\/\/pophaw.com\/pt\/wp-json\/wp\/v2\/media\/9457"}],"wp:attachment":[{"href":"https:\/\/pophaw.com\/pt\/wp-json\/wp\/v2\/media?parent=813"}],"wp:term":[{"taxonomy":"product_brand","embeddable":true,"href":"https:\/\/pophaw.com\/pt\/wp-json\/wp\/v2\/product_brand?post=813"},{"taxonomy":"product_cat","embeddable":true,"href":"https:\/\/pophaw.com\/pt\/wp-json\/wp\/v2\/product_cat?post=813"},{"taxonomy":"product_tag","embeddable":true,"href":"https:\/\/pophaw.com\/pt\/wp-json\/wp\/v2\/product_tag?post=813"}],"curies":[{"name":"wp","href":"https:\/\/api.w.org\/{rel}","templated":true}]}}