{"id":8210,"date":"2024-12-13T06:03:29","date_gmt":"2024-12-13T14:03:29","guid":{"rendered":"https:\/\/pophaw.com\/?post_type=product&#038;p=8210"},"modified":"2025-01-01T22:19:44","modified_gmt":"2025-01-02T06:19:44","slug":"ultra-t-male-comprimidos-bicamada-de-liberacao-prolongada-60-unidades","status":"publish","type":"product","link":"https:\/\/pophaw.com\/pt\/product\/ultra-t-male-comprimidos-bicamada-de-liberacao-prolongada-60-unidades\/","title":{"rendered":"Ultra T MALE\u00ae Extended Release Bi-Layer Tablets, 60 unidades"},"content":{"rendered":"<p><span style=\"color: #000000;\">A maturidade lhe deu experi\u00eancia e intelig\u00eancia. Ajude seu corpo a manter a sincronia com o Ultra T MALE for Men da NaturesPlus!<span class=\"sr-only\">Essas declara\u00e7\u00f5es n\u00e3o foram avaliadas pela Food and Drug Administration. Este produto n\u00e3o se destina a diagnosticar, tratar, curar ou prevenir qualquer doen\u00e7a.<\/span><\/span><\/p>\n<ul>\n<li><span style=\"color: #000000;\">N\u00edveis m\u00e1ximos de nutrientes e bot\u00e2nicos para resultados superiores<\/span><\/li>\n<li><span style=\"color: #000000;\">Um suplemento de equil\u00edbrio hormonal projetado com precis\u00e3o, sem horm\u00f4nios sint\u00e9ticos*<span class=\"sr-only\">Essas declara\u00e7\u00f5es n\u00e3o foram avaliadas pela Food and Drug Administration. Este produto n\u00e3o se destina a diagnosticar, tratar, curar ou prevenir qualquer doen\u00e7a.<\/span><\/span><\/li>\n<li><span style=\"color: #000000;\">Inclui ginseng, rhodiola e outros bot\u00e2nicos poderosos<\/span><\/li>\n<li><span style=\"color: #000000;\">Inclui FuranoMax\u2122, um extrato patenteado de feno-grego<\/span><\/li>\n<\/ul>\n<ul>\n<li id=\"48716\" class=\"ServingSize\"><span style=\"color: #000000;\">30 por\u00e7\u00f5es por recipiente<\/span><\/li>\n<\/ul>\n<h4 class=\"a-spacing-mini\"><span style=\"font-size: 14pt; color: #000000;\">Mudan\u00e7a de horm\u00f4nios<\/span><\/h4>\n<p><span style=\"color: #000000;\">Assim como as mulheres, os homens podem sofrer altera\u00e7\u00f5es nos n\u00edveis hormonais \u00e0 medida que envelhecem. Mas, embora a menopausa tenha sido um t\u00f3pico aberto de discuss\u00e3o por d\u00e9cadas, o baixo n\u00edvel de T em homens mais velhos est\u00e1 apenas come\u00e7ando a chamar a aten\u00e7\u00e3o geral.<\/span><\/p>\n<h4 class=\"a-spacing-mini\"><span style=\"font-size: 14pt; color: #000000;\">Compromisso com a qualidade<\/span><\/h4>\n<p><span style=\"color: #000000;\">N\u00f3s nos esfor\u00e7amos para oferecer aos consumidores suplementos inteligentes e de alta qualidade, baseados em pesquisas s\u00f3lidas e altos padr\u00f5es de formula\u00e7\u00e3o. \u00c9 por isso que cada frasco do NaturesPlus diz: \u201cFabricado com AMOR\u201d. Essa \u00e9 a nossa maneira de garantir que nossos produtos ter\u00e3o a qualidade que voc\u00ea espera.<\/span><\/p>\n<h4 class=\"a-spacing-mini\"><span style=\"font-size: 14pt; color: #000000;\">Bot\u00e2nicos de apoio<\/span><\/h4>\n<p><span style=\"color: #000000;\">Essas f\u00f3rmulas potentes incluem ginseng, rhodiola e outros bot\u00e2nicos poderosos para fornecer suplementa\u00e7\u00e3o de qualidade sem horm\u00f4nios sint\u00e9ticos.*<\/span><\/p>","protected":false},"excerpt":{"rendered":"<p>A maturidade lhe deu experi\u00eancia e intelig\u00eancia. Ajude seu corpo a manter a sincronia com o Ultra T MALE for Men da NaturesPlus!<\/p>","protected":false},"featured_media":8211,"template":"","meta":{"bwfblock_default_font":"","_uag_custom_page_level_css":"","site-sidebar-layout":"default","site-content-layout":"","ast-site-content-layout":"default","site-content-style":"default","site-sidebar-style":"default","ast-global-header-display":"","ast-banner-title-visibility":"","ast-main-header-display":"","ast-hfb-above-header-display":"","ast-hfb-below-header-display":"","ast-hfb-mobile-header-display":"","site-post-title":"","ast-breadcrumbs-content":"","ast-featured-img":"","footer-sml-layout":"","ast-disable-related-posts":"","theme-transparent-header-meta":"default","adv-header-id-meta":"","stick-header-meta":"default","header-above-stick-meta":"","header-main-stick-meta":"","header-below-stick-meta":"","astra-migrate-meta-layouts":"set","ast-page-background-enabled":"default","ast-page-background-meta":{"desktop":{"background-color":"","background-image":"","background-repeat":"repeat","background-position":"center center","background-size":"auto","background-attachment":"scroll","background-type":"","background-media":"","overlay-type":"","overlay-color":"","overlay-opacity":"","overlay-gradient":""},"tablet":{"background-color":"","background-image":"","background-repeat":"repeat","background-position":"center center","background-size":"auto","background-attachment":"scroll","background-type":"","background-media":"","overlay-type":"","overlay-color":"","overlay-opacity":"","overlay-gradient":""},"mobile":{"background-color":"","background-image":"","background-repeat":"repeat","background-position":"center center","background-size":"auto","background-attachment":"scroll","background-type":"","background-media":"","overlay-type":"","overlay-color":"","overlay-opacity":"","overlay-gradient":""}},"ast-content-background-meta":{"desktop":{"background-color":"var(--ast-global-color-5)","background-image":"","background-repeat":"repeat","background-position":"center center","background-size":"auto","background-attachment":"scroll","background-type":"","background-media":"","overlay-type":"","overlay-color":"","overlay-opacity":"","overlay-gradient":""},"tablet":{"background-color":"var(--ast-global-color-5)","background-image":"","background-repeat":"repeat","background-position":"center center","background-size":"auto","background-attachment":"scroll","background-type":"","background-media":"","overlay-type":"","overlay-color":"","overlay-opacity":"","overlay-gradient":""},"mobile":{"background-color":"var(--ast-global-color-5)","background-image":"","background-repeat":"repeat","background-position":"center center","background-size":"auto","background-attachment":"scroll","background-type":"","background-media":"","overlay-type":"","overlay-color":"","overlay-opacity":"","overlay-gradient":""}}},"product_brand":[172],"product_cat":[127],"product_tag":[],"class_list":{"0":"post-8210","1":"product","2":"type-product","3":"status-publish","4":"has-post-thumbnail","6":"product_brand-naturesplus","7":"product_cat-dietary-supplements","8":"desktop-align-center","9":"tablet-align-center","10":"mobile-align-center","11":"ast-product-gallery-layout-horizontal-slider","12":"ast-magnify-disabled","13":"ast-product-tabs-layout-horizontal","15":"first","16":"instock","17":"shipping-taxable","18":"purchasable","19":"product-type-simple"},"spectra_custom_meta":{"_edit_lock":["1735798818:1"],"_edit_last":["1"],"rank_math_seo_score":["85"],"rank_math_contentai_score":["a:5:{s:8:\"keywords\";s:5:\"74.51\";s:9:\"wordCount\";s:1:\"0\";s:9:\"linkCount\";s:1:\"0\";s:12:\"headingCount\";s:1:\"0\";s:10:\"mediaCount\";s:1:\"0\";}"],"rank_math_focus_keyword":["Ultra T MALE"],"rank_math_description":["Maturity has given you experience and smarts. Help your body stay in sync with Ultra T MALE for Men from NaturesPlus!"],"_thumbnail_id":["8211"],"insight_product_options":["s:1358:\"a:38:{s:27:\"single_product_layout_style\";s:0:\"\";s:11:\"site_layout\";s:0:\"\";s:10:\"site_width\";s:0:\"\";s:16:\"site_top_spacing\";s:0:\"\";s:19:\"site_bottom_spacing\";s:0:\"\";s:10:\"site_class\";s:0:\"\";s:21:\"site_background_color\";s:0:\"\";s:21:\"site_background_image\";s:0:\"\";s:22:\"site_background_repeat\";s:9:\"no-repeat\";s:26:\"site_background_attachment\";s:0:\"\";s:24:\"site_background_position\";s:0:\"\";s:20:\"site_background_size\";s:0:\"\";s:24:\"content_background_color\";s:0:\"\";s:24:\"content_background_image\";s:0:\"\";s:25:\"content_background_repeat\";s:9:\"no-repeat\";s:27:\"content_background_position\";s:0:\"\";s:12:\"top_bar_type\";s:0:\"\";s:11:\"header_type\";s:0:\"\";s:14:\"header_overlay\";s:0:\"\";s:11:\"header_skin\";s:0:\"\";s:12:\"menu_display\";s:0:\"\";s:13:\"menu_one_page\";s:1:\"0\";s:16:\"custom_dark_logo\";s:0:\"\";s:17:\"custom_light_logo\";s:0:\"\";s:17:\"custom_logo_width\";s:0:\"\";s:24:\"custom_sticky_logo_width\";s:0:\"\";s:21:\"page_title_bar_layout\";s:0:\"\";s:29:\"page_title_bar_bottom_spacing\";s:0:\"\";s:31:\"page_title_bar_background_color\";s:0:\"\";s:25:\"page_title_bar_background\";s:0:\"\";s:33:\"page_title_bar_background_overlay\";s:0:\"\";s:29:\"page_title_bar_custom_heading\";s:0:\"\";s:14:\"page_sidebar_1\";s:7:\"default\";s:14:\"page_sidebar_2\";s:7:\"default\";s:21:\"page_sidebar_position\";s:7:\"default\";s:17:\"revolution_slider\";s:0:\"\";s:15:\"slider_position\";s:5:\"below\";s:13:\"footer_enable\";s:0:\"\";}\";"],"_regular_price":["46.75"],"total_sales":["0"],"_tax_status":["taxable"],"_tax_class":[""],"_manage_stock":["no"],"_backorders":["no"],"_sold_individually":["no"],"_virtual":["no"],"_downloadable":["no"],"_download_limit":["-1"],"_download_expiry":["-1"],"_stock":[null],"_stock_status":["instock"],"_wc_average_rating":["0"],"_wc_review_count":["0"],"_product_version":["9.5.1"],"_price":["46.75"],"_product_image_gallery":["8212,8213"],"rank_math_primary_product_brand":["172"],"rank_math_primary_product_cat":["127"],"rank_math_analytic_object_id":["130"],"_sku":["NRT046"],"_wc_gla_errors":["a:3:{i:0;s:102:\"[imageLink] Product image \"Ultra-T-MALE\u00ae-Extended-Release-Bi-Layer-Tablets.webp\" is not a valid name.\";i:1;s:117:\"[additionalImageLinks[0]] Product image \"Ultra-T-MALE\u00ae-Extended-Release-Bi-Layer-Tablets-.webp\" is not a valid name.\";i:2;s:120:\"[additionalImageLinks[1]] Product image \"Ultra-T-MALE\u00ae-Extended-Release-Bi-Layer-Tablets-1-1.webp\" is not a valid name.\";}"],"_wc_gla_sync_status":["has-errors"],"_wc_gla_visibility":["sync-and-show"],"fb_product_item_id":["9067035183353044"],"_admin_notes":[""],"_custom_product_field":[""],"_global_unique_id":["10888621914022"],"_wc_facebook_sync_enabled":["yes"],"fb_visibility":["yes"],"fb_product_description":[""],"_wc_facebook_product_image_source":["product"],"_wc_facebook_enhanced_catalog_attributes_capacity":[""],"_wc_facebook_enhanced_catalog_attributes_age_group":[""],"_wc_facebook_enhanced_catalog_attributes_gender":[""],"_wc_facebook_enhanced_catalog_attributes_ingredients":[""],"_wc_facebook_enhanced_catalog_attributes_health_concern":[""],"_wc_facebook_enhanced_catalog_attributes_pattern":[""],"_wc_facebook_enhanced_catalog_attributes_power_type":[""],"_wc_facebook_enhanced_catalog_attributes_product_form":[""],"_wc_facebook_enhanced_catalog_attributes_result_time":[""],"_wc_facebook_enhanced_catalog_attributes_scent":[""],"_wc_facebook_enhanced_catalog_attributes_absorbency":[""],"_wc_facebook_enhanced_catalog_attributes_material":[""],"_wc_facebook_enhanced_catalog_attributes_serving_size":[""],"_wc_facebook_enhanced_catalog_attributes_size":[""],"_wc_facebook_enhanced_catalog_attributes_skin_care_concern":[""],"_wc_facebook_enhanced_catalog_attributes_skin_type":[""],"_wc_facebook_enhanced_catalog_attributes_spf_value":[""],"_wc_facebook_enhanced_catalog_attributes_standard_features":[""],"_wc_facebook_enhanced_catalog_attributes_stop_use_indications":[""],"_wc_facebook_enhanced_catalog_attributes_package_quantity":[""],"_wc_facebook_enhanced_catalog_attributes_lens_material":[""],"_wc_facebook_enhanced_catalog_attributes_lens_type":[""],"_wc_facebook_enhanced_catalog_attributes_lens_tint":[""],"_wc_facebook_enhanced_catalog_attributes_keywords":[""],"_wc_facebook_enhanced_catalog_attributes_is_powered":[""],"_wc_facebook_enhanced_catalog_attributes_instructions":[""],"_wc_facebook_enhanced_catalog_attributes_ingredients_composition":[""],"_wc_facebook_enhanced_catalog_attributes_inactive_ingredients":[""],"_wc_facebook_enhanced_catalog_attributes_flavor":[""],"_wc_facebook_enhanced_catalog_attributes_eyewear_rim":[""],"_wc_facebook_enhanced_catalog_attributes_dosage":[""],"_wc_facebook_enhanced_catalog_attributes_color":[""],"_wc_facebook_enhanced_catalog_attributes_brand":[""],"_wc_facebook_enhanced_catalog_attributes_body_part":[""],"_wc_facebook_enhanced_catalog_attributes_batteries_required":[""],"_wc_facebook_enhanced_catalog_attributes_u_v_rating":[""],"_wc_facebook_commerce_enabled":["no"],"rank_math_primary_fb_product_set":["0"],"site-sidebar-layout":["default"],"ast-site-content-layout":["default"],"site-content-style":["default"],"site-sidebar-style":["default"],"theme-transparent-header-meta":["default"],"astra-migrate-meta-layouts":["set"],"stick-header-meta":["default"],"wpil_sync_report3":["1"],"wpil_links_inbound_internal_count":["0"],"wpil_links_inbound_internal_count_data":["eJxLtDKwqq4FAAZPAf4="],"wpil_links_outbound_internal_count":["0"],"wpil_links_outbound_internal_count_data":["eJxLtDKwqq4FAAZPAf4="],"wpil_links_outbound_external_count":["0"],"wpil_links_outbound_external_count_data":["eJxLtDKwqq4FAAZPAf4="],"wpil_sync_report2_time":["2025-01-27T07:29:11+00:00"],"omnisend_last_sync":["2025-05-16T11:05:10+00:00"],"surerank_settings_general":["a:7:{s:9:\"separator\";s:1:\"-\";s:10:\"page_title\";s:21:\"%title% - %site_name%\";s:25:\"auto_generate_description\";b:1;s:16:\"page_description\";s:117:\"Maturity has given you experience and smarts. Help your body stay in sync with Ultra T MALE for Men from NaturesPlus!\";s:16:\"auto_description\";s:158:\"Maturity has given you experience and smarts. Help your body stay in sync with Ultra T MALE for Men from NaturesPlus!*These statements have not been evaluated\";s:14:\"fallback_image\";s:0:\"\";s:13:\"canonical_url\";s:83:\"https:\/\/pophaw.com\/product\/ultra-t-male-extended-release-bi-layer-tablets-60-count\/\";}"],"surerank_settings_post_no_index":["no"],"surerank_settings_post_no_follow":["no"],"surerank_settings_post_no_archive":["no"],"surerank_settings_social":["a:23:{s:15:\"open_graph_tags\";b:1;s:18:\"facebook_meta_tags\";b:1;s:17:\"twitter_meta_tags\";b:1;s:16:\"oembeded_scripts\";b:1;s:17:\"oembeded_og_title\";b:1;s:22:\"oembeded_social_images\";b:1;s:27:\"oembeded_remove_author_name\";b:1;s:17:\"facebook_page_url\";s:54:\"https:\/\/www.facebook.com\/profile.php?id=61571207938497\";s:24:\"facebook_author_fallback\";s:0:\"\";s:17:\"twitter_card_type\";s:19:\"summary_large_image\";s:24:\"twitter_same_as_facebook\";b:1;s:24:\"twitter_profile_username\";s:0:\"\";s:24:\"twitter_profile_fallback\";s:0:\"\";s:14:\"facebook_title\";s:21:\"%title% - %site_name%\";s:20:\"facebook_description\";s:9:\"%content%\";s:18:\"facebook_image_url\";s:99:\"https:\/\/pophaw.com\/wp-content\/uploads\/2024\/12\/Ultra-T-MALE\u00ae-Extended-Release-Bi-Layer-Tablets.webp\";s:17:\"facebook_image_id\";i:8211;s:20:\"facebook_image_width\";i:1000;s:21:\"facebook_image_height\";i:1000;s:13:\"twitter_title\";s:21:\"%title% - %site_name%\";s:19:\"twitter_description\";s:9:\"%content%\";s:17:\"twitter_image_url\";s:99:\"https:\/\/pophaw.com\/wp-content\/uploads\/2024\/12\/Ultra-T-MALE\u00ae-Extended-Release-Bi-Layer-Tablets.webp\";s:16:\"twitter_image_id\";i:8211;}"],"surerank_migration":["1"],"astra_style_timestamp_css":["1776941493"],"wwpp_product_wholesale_visibility_filter":["all"],"_uag_css_file_name":["uag-css-8210.css"],"rank_math_internal_links_processed":["1"],"_uag_page_assets":["a:9:{s:3:\"css\";s:0:\"\";s:2:\"js\";s:0:\"\";s:18:\"current_block_list\";a:15:{i:0;s:23:\"surecart\/slide-out-cart\";i:1;s:30:\"surecart\/slide-out-cart-header\";i:2;s:29:\"surecart\/slide-out-cart-items\";i:3;s:30:\"surecart\/slide-out-cart-coupon\";i:4;s:32:\"surecart\/slide-out-cart-subtotal\";i:5;s:38:\"surecart\/slide-out-cart-bump-line-item\";i:6;s:30:\"surecart\/slide-out-cart-submit\";i:7;s:11:\"core\/search\";i:8;s:10:\"core\/group\";i:9;s:12:\"core\/heading\";i:10;s:17:\"core\/latest-posts\";i:11;s:20:\"core\/latest-comments\";i:12;s:13:\"core\/archives\";i:13;s:15:\"core\/categories\";i:14;s:14:\"core\/shortcode\";}s:8:\"uag_flag\";b:0;s:11:\"uag_version\";s:10:\"1776869369\";s:6:\"gfonts\";a:0:{}s:10:\"gfonts_url\";s:0:\"\";s:12:\"gfonts_files\";a:0:{}s:14:\"uag_faq_layout\";b:0;}"]},"uagb_featured_image_src":{"full":["https:\/\/pophaw.com\/wp-content\/uploads\/2024\/12\/Ultra-T-MALE\u00ae-Extended-Release-Bi-Layer-Tablets.webp",1000,1000,false],"thumbnail":["https:\/\/pophaw.com\/wp-content\/uploads\/2024\/12\/Ultra-T-MALE\u00ae-Extended-Release-Bi-Layer-Tablets-150x150.webp",150,150,true],"medium":["https:\/\/pophaw.com\/wp-content\/uploads\/2024\/12\/Ultra-T-MALE\u00ae-Extended-Release-Bi-Layer-Tablets-300x300.webp",300,300,true],"medium_large":["https:\/\/pophaw.com\/wp-content\/uploads\/2024\/12\/Ultra-T-MALE\u00ae-Extended-Release-Bi-Layer-Tablets-768x768.webp",768,768,true],"large":["https:\/\/pophaw.com\/wp-content\/uploads\/2024\/12\/Ultra-T-MALE\u00ae-Extended-Release-Bi-Layer-Tablets.webp",1000,1000,false],"ryviu-small":["https:\/\/pophaw.com\/wp-content\/uploads\/2024\/12\/Ultra-T-MALE\u00ae-Extended-Release-Bi-Layer-Tablets.webp",40,40,false],"ryviu-medium":["https:\/\/pophaw.com\/wp-content\/uploads\/2024\/12\/Ultra-T-MALE\u00ae-Extended-Release-Bi-Layer-Tablets.webp",132,132,false],"1536x1536":["https:\/\/pophaw.com\/wp-content\/uploads\/2024\/12\/Ultra-T-MALE\u00ae-Extended-Release-Bi-Layer-Tablets.webp",1000,1000,false],"2048x2048":["https:\/\/pophaw.com\/wp-content\/uploads\/2024\/12\/Ultra-T-MALE\u00ae-Extended-Release-Bi-Layer-Tablets.webp",1000,1000,false],"trp-custom-language-flag":["https:\/\/pophaw.com\/wp-content\/uploads\/2024\/12\/Ultra-T-MALE\u00ae-Extended-Release-Bi-Layer-Tablets.webp",12,12,false],"woocommerce_thumbnail":["https:\/\/pophaw.com\/wp-content\/uploads\/2024\/12\/Ultra-T-MALE\u00ae-Extended-Release-Bi-Layer-Tablets-300x300.webp",300,300,true],"woocommerce_single":["https:\/\/pophaw.com\/wp-content\/uploads\/2024\/12\/Ultra-T-MALE\u00ae-Extended-Release-Bi-Layer-Tablets-600x600.webp",600,600,true],"woocommerce_gallery_thumbnail":["https:\/\/pophaw.com\/wp-content\/uploads\/2024\/12\/Ultra-T-MALE\u00ae-Extended-Release-Bi-Layer-Tablets-100x100.webp",100,100,true]},"uagb_author_info":{"display_name":"Dr. Rowan","author_link":"https:\/\/pophaw.com\/pt\/author\/"},"uagb_comment_info":0,"uagb_excerpt":"Maturity has given you experience and smarts. Help your body stay in sync with Ultra T MALE for Men from NaturesPlus!","_links":{"self":[{"href":"https:\/\/pophaw.com\/pt\/wp-json\/wp\/v2\/product\/8210","targetHints":{"allow":["GET"]}}],"collection":[{"href":"https:\/\/pophaw.com\/pt\/wp-json\/wp\/v2\/product"}],"about":[{"href":"https:\/\/pophaw.com\/pt\/wp-json\/wp\/v2\/types\/product"}],"wp:featuredmedia":[{"embeddable":true,"href":"https:\/\/pophaw.com\/pt\/wp-json\/wp\/v2\/media\/8211"}],"wp:attachment":[{"href":"https:\/\/pophaw.com\/pt\/wp-json\/wp\/v2\/media?parent=8210"}],"wp:term":[{"taxonomy":"product_brand","embeddable":true,"href":"https:\/\/pophaw.com\/pt\/wp-json\/wp\/v2\/product_brand?post=8210"},{"taxonomy":"product_cat","embeddable":true,"href":"https:\/\/pophaw.com\/pt\/wp-json\/wp\/v2\/product_cat?post=8210"},{"taxonomy":"product_tag","embeddable":true,"href":"https:\/\/pophaw.com\/pt\/wp-json\/wp\/v2\/product_tag?post=8210"}],"curies":[{"name":"wp","href":"https:\/\/api.w.org\/{rel}","templated":true}]}}