{"id":8452,"date":"2024-12-15T00:37:04","date_gmt":"2024-12-15T08:37:04","guid":{"rendered":"https:\/\/pophaw.com\/?post_type=product&#038;p=8452"},"modified":"2025-02-06T21:34:30","modified_gmt":"2025-02-07T05:34:30","slug":"lampada-de-terapia-de-luz-feliz-10000-lux-redonda","status":"publish","type":"product","link":"https:\/\/pophaw.com\/pt\/product\/lampada-de-terapia-de-luz-feliz-10000-lux-redonda\/","title":{"rendered":"Happy - L\u00e2mpada para terapia de luz 10000 LUX (redonda)"},"content":{"rendered":"<div id=\"featurebullets_feature_div\" class=\"celwidget\" data-feature-name=\"featurebullets\" data-csa-c-type=\"widget\" data-csa-c-content-id=\"featurebullets\" data-csa-c-slot-id=\"featurebullets_feature_div\" data-csa-c-asin=\"B09TPGPSMJ\" data-csa-c-is-in-initial-active-row=\"false\" data-csa-c-id=\"vapdmf-2ncl9n-40dvjk-ypn37v\" data-cel-widget=\"featurebullets_feature_div\">\n<div id=\"feature-bullets\" class=\"a-section a-spacing-medium a-spacing-top-small\">\n<p class=\"a-spacing-mini\"><span style=\"font-family: arial, helvetica, sans-serif; color: #000000;\">A luz solar \u00e9 um ingrediente essencial para um estilo de vida saud\u00e1vel, e as l\u00e2mpadas para terapia de luz imitam a luz solar natural. Use-as no quarto, no banheiro, na cozinha ou no escrit\u00f3rio para se sentir sempre bem, n\u00e3o importa onde esteja.<\/span><\/p>\n<ul class=\"a-unordered-list a-vertical a-spacing-mini\">\n<li class=\"a-spacing-mini\"><span class=\"a-list-item\" style=\"font-family: arial, helvetica, sans-serif; color: #000000;\">1. SEGURAN\u00c7A E LIVRE DE RAIOS ULTRAVIOLETA: Essa l\u00e2mpada para terapia de luz solar libera luz solar natural com intensidade de 10000 LUX para uma terapia eficaz, que o ajuda a se livrar da tristeza do inverno. A l\u00e2mpada n\u00e3o emite luz UV nem polui a radia\u00e7\u00e3o. A luz suave n\u00e3o machuca seus olhos.<\/span><\/li>\n<li class=\"a-spacing-mini\"><span class=\"a-list-item\" style=\"font-family: arial, helvetica, sans-serif; color: #000000;\">2. TEMPERATURAS DE COR E N\u00cdVEIS DE BRILHO AJUST\u00c1VEIS: Essa l\u00e2mpada solar oferece 3 temperaturas de cor: 2700K, 4000K e 6000K (luz quente, luz natural, luz do dia). Ela tamb\u00e9m tem 4 n\u00edveis de brilho para m\u00e1ximo conforto e personaliza\u00e7\u00e3o. \u00c9 poss\u00edvel ajust\u00e1-la com o controle remoto de acordo com as suas necessidades.<\/span><\/li>\n<li class=\"a-spacing-mini\"><span class=\"a-list-item\" style=\"font-family: arial, helvetica, sans-serif; color: #000000;\">3. CONTROLE REMOTO E TEMPORIZADOR INCORPORADO: a dist\u00e2ncia do controle remoto da l\u00e2mpada pode chegar a 15 m. Ele tamb\u00e9m permite definir um intervalo de tempo de 10 a 90 minutos. Toque no bot\u00e3o e a l\u00e2mpada piscar\u00e1 uma vez para indicar que o tempo foi programado com sucesso. A l\u00e2mpada se apagar\u00e1 ap\u00f3s o tempo definido. Toque novamente e a l\u00e2mpada piscar\u00e1 duas vezes para mostrar que o timer foi apagado.<\/span><\/li>\n<li class=\"a-spacing-mini\"><span class=\"a-list-item\" style=\"font-family: arial, helvetica, sans-serif; color: #000000;\">4. DESIGN ELEGANTE E MODERNO: com seu exclusivo formato de sol redondo, essa l\u00e2mpada para terapia de luz n\u00e3o \u00e9 apenas uma lumin\u00e1ria de mesa que d\u00e1 energia ao seu humor, mas tamb\u00e9m uma decora\u00e7\u00e3o atraente em sua casa. Quando voc\u00ea est\u00e1 de bom humor, ela pode ser uma obra de arte elegante.<\/span><\/li>\n<li class=\"a-spacing-mini\"><span class=\"a-list-item\" style=\"font-family: arial, helvetica, sans-serif; color: #000000;\">5. CERTIFICA\u00c7\u00c3O PROFISSIONAL: a l\u00e2mpada para terapia de luz \u00e9 equipada com uma porta de carregamento USB que suporta o carregamento de qualquer telefone celular. Ela foi aprovada na certifica\u00e7\u00e3o profissional UL. Se tiver alguma d\u00favida, entre em contato conosco: Se perder acidentalmente o controle remoto durante o uso, entre em contato conosco e lhe informaremos onde comprar um correspondente.<\/span><\/li>\n<\/ul>\n<\/div>\n<h2>Como usar uma l\u00e2mpada para terapia de luz de forma eficaz<\/h2>\n<p>Comece colocando a l\u00e2mpada a uma dist\u00e2ncia de 16 a 24 polegadas de seu rosto e assegurando que a luz esteja ligeiramente inclinada para baixo. Use-a por 20 a 30 minutos todas as manh\u00e3s. O uso consistente ajuda a regular o rel\u00f3gio interno de seu corpo, melhorando o sono e o humor com o tempo.<\/p>\n<\/div>\n<div id=\"provenanceCertifications_feature_div\" class=\"celwidget\" data-feature-name=\"provenanceCertifications\" data-csa-c-type=\"widget\" data-csa-c-content-id=\"provenanceCertifications\" data-csa-c-slot-id=\"provenanceCertifications_feature_div\" data-csa-c-asin=\"B09TPGPSMJ\" data-csa-c-is-in-initial-active-row=\"false\" data-csa-c-id=\"y6ou1c-kyn338-w7w13c-fe5gcx\" data-cel-widget=\"provenanceCertifications_feature_div\">\n<div id=\"provenance-certifications\" class=\"a-section a-spacing-medium a-spacing-top-micro\">\n<div style=\"width: 854px;\" class=\"wp-video\"><video class=\"wp-video-shortcode\" id=\"video-8452-1\" width=\"854\" height=\"480\" preload=\"metadata\" controls=\"controls\"><source type=\"video\/mp4\" src=\"https:\/\/pophaw.com\/wp-content\/uploads\/2024\/12\/video_1-1.mp4?_=1\" \/><a href=\"https:\/\/pophaw.com\/wp-content\/uploads\/2024\/12\/video_1-1.mp4\">https:\/\/pophaw.com\/wp-content\/uploads\/2024\/12\/video_1-1.mp4<\/a><\/video><\/div>\n<\/div>\n<\/div>\n<div class=\"faq-section\">\n<h2>Perguntas frequentes<\/h2>\n<div class=\"faq-item\">\n<h3>O que \u00e9 uma l\u00e2mpada de terapia de luz e o que ela faz?<\/h3>\n<p>Uma l\u00e2mpada de terapia de luz simula a luz solar natural com brilho de 10.000 Lux, ajudando a aliviar o transtorno afetivo sazonal (SAD), melhorar o humor, aumentar os n\u00edveis de energia e regular os ciclos de sono.<\/p>\n<\/div>\n<div class=\"faq-item\">\n<h3>Por quanto tempo devo usar a l\u00e2mpada de terapia de luz por dia?<\/h3>\n<p>Recomenda-se usar a l\u00e2mpada por 20 a 30 minutos todos os dias, de prefer\u00eancia pela manh\u00e3, ap\u00f3s acordar, para ajudar a ajustar seu ritmo circadiano e aumentar a energia durante o dia.<\/p>\n<\/div>\n<div class=\"faq-item\">\n<h3>Quem pode se beneficiar mais com uma l\u00e2mpada de terapia de luz?<\/h3>\n<p>Essa l\u00e2mpada \u00e9 ideal para pessoas com transtorno afetivo sazonal, para quem vive em ambientes com pouca luz ou para qualquer pessoa que queira melhorar o humor e a qualidade do sono.<\/p>\n<\/div>\n<div class=\"faq-item\">\n<h3>Que precau\u00e7\u00f5es devo tomar ao usar a l\u00e2mpada de terapia de luz?<\/h3>\n<p>Posicione a l\u00e2mpada em um \u00e2ngulo \u00e0 sua frente, evite olhar diretamente para a luz e mantenha uma dist\u00e2ncia de aproximadamente 30 cm (12 polegadas) para obter os melhores resultados.<\/p>\n<\/div>\n<div class=\"faq-item\">\n<h3>Qual \u00e9 o melhor lugar para usar essa l\u00e2mpada de terapia de luz?<\/h3>\n<p>Essa l\u00e2mpada compacta \u00e9 perfeita para ser usada em uma mesa de escrit\u00f3rio, na sala de estar ou no quarto, proporcionando uma experi\u00eancia de ilumina\u00e7\u00e3o confort\u00e1vel e eficaz.<\/p>\n<\/div>\n<div class=\"faq-item\">\n<h3>A l\u00e2mpada de terapia de luz \u00e9 segura para uso?<\/h3>\n<p>Sim, essa l\u00e2mpada \u00e9 livre de raios UV, o que garante que ela seja segura para sua pele e olhos durante o uso.<\/p>\n<\/div>\n<\/div>","protected":false},"excerpt":{"rendered":"<p><span style=\"font-family: arial, helvetica, sans-serif;\">A luz solar \u00e9 um ingrediente essencial para um estilo de vida saud\u00e1vel, e as l\u00e2mpadas de terapia de luz imitam a luz solar natural.<\/span><\/p>","protected":false},"featured_media":8454,"template":"","meta":{"bwfblock_default_font":"","_uag_custom_page_level_css":"","site-sidebar-layout":"default","site-content-layout":"","ast-site-content-layout":"default","site-content-style":"default","site-sidebar-style":"default","ast-global-header-display":"","ast-banner-title-visibility":"","ast-main-header-display":"","ast-hfb-above-header-display":"","ast-hfb-below-header-display":"","ast-hfb-mobile-header-display":"","site-post-title":"","ast-breadcrumbs-content":"","ast-featured-img":"","footer-sml-layout":"","ast-disable-related-posts":"","theme-transparent-header-meta":"default","adv-header-id-meta":"","stick-header-meta":"default","header-above-stick-meta":"","header-main-stick-meta":"","header-below-stick-meta":"","astra-migrate-meta-layouts":"set","ast-page-background-enabled":"default","ast-page-background-meta":{"desktop":{"background-color":"","background-image":"","background-repeat":"repeat","background-position":"center center","background-size":"auto","background-attachment":"scroll","background-type":"","background-media":"","overlay-type":"","overlay-color":"","overlay-opacity":"","overlay-gradient":""},"tablet":{"background-color":"","background-image":"","background-repeat":"repeat","background-position":"center center","background-size":"auto","background-attachment":"scroll","background-type":"","background-media":"","overlay-type":"","overlay-color":"","overlay-opacity":"","overlay-gradient":""},"mobile":{"background-color":"","background-image":"","background-repeat":"repeat","background-position":"center center","background-size":"auto","background-attachment":"scroll","background-type":"","background-media":"","overlay-type":"","overlay-color":"","overlay-opacity":"","overlay-gradient":""}},"ast-content-background-meta":{"desktop":{"background-color":"var(--ast-global-color-5)","background-image":"","background-repeat":"repeat","background-position":"center center","background-size":"auto","background-attachment":"scroll","background-type":"","background-media":"","overlay-type":"","overlay-color":"","overlay-opacity":"","overlay-gradient":""},"tablet":{"background-color":"var(--ast-global-color-5)","background-image":"","background-repeat":"repeat","background-position":"center center","background-size":"auto","background-attachment":"scroll","background-type":"","background-media":"","overlay-type":"","overlay-color":"","overlay-opacity":"","overlay-gradient":""},"mobile":{"background-color":"var(--ast-global-color-5)","background-image":"","background-repeat":"repeat","background-position":"center center","background-size":"auto","background-attachment":"scroll","background-type":"","background-media":"","overlay-type":"","overlay-color":"","overlay-opacity":"","overlay-gradient":""}}},"product_brand":[73],"product_cat":[344,336,99,124,190],"product_tag":[],"class_list":{"0":"post-8452","1":"product","2":"type-product","3":"status-publish","4":"has-post-thumbnail","6":"product_brand-pophaw","7":"product_cat-pain-management","8":"product_cat-healthcare-products","9":"product_cat-home-medical-supplies","10":"product_cat-pain-management-therapy","11":"product_cat-wellness-monitoring","12":"desktop-align-center","13":"tablet-align-center","14":"mobile-align-center","15":"ast-product-gallery-layout-horizontal-slider","16":"ast-magnify-disabled","17":"ast-product-tabs-layout-horizontal","19":"first","20":"instock","21":"shipping-taxable","22":"purchasable","23":"product-type-simple"},"spectra_custom_meta":{"_edit_lock":["1738906582:1"],"_edit_last":["1"],"rank_math_seo_score":["95"],"rank_math_focus_keyword":["Light Therapy Lamp"],"insight_product_options":["s:1358:\"a:38:{s:27:\"single_product_layout_style\";s:0:\"\";s:11:\"site_layout\";s:0:\"\";s:10:\"site_width\";s:0:\"\";s:16:\"site_top_spacing\";s:0:\"\";s:19:\"site_bottom_spacing\";s:0:\"\";s:10:\"site_class\";s:0:\"\";s:21:\"site_background_color\";s:0:\"\";s:21:\"site_background_image\";s:0:\"\";s:22:\"site_background_repeat\";s:9:\"no-repeat\";s:26:\"site_background_attachment\";s:0:\"\";s:24:\"site_background_position\";s:0:\"\";s:20:\"site_background_size\";s:0:\"\";s:24:\"content_background_color\";s:0:\"\";s:24:\"content_background_image\";s:0:\"\";s:25:\"content_background_repeat\";s:9:\"no-repeat\";s:27:\"content_background_position\";s:0:\"\";s:12:\"top_bar_type\";s:0:\"\";s:11:\"header_type\";s:0:\"\";s:14:\"header_overlay\";s:0:\"\";s:11:\"header_skin\";s:0:\"\";s:12:\"menu_display\";s:0:\"\";s:13:\"menu_one_page\";s:1:\"0\";s:16:\"custom_dark_logo\";s:0:\"\";s:17:\"custom_light_logo\";s:0:\"\";s:17:\"custom_logo_width\";s:0:\"\";s:24:\"custom_sticky_logo_width\";s:0:\"\";s:21:\"page_title_bar_layout\";s:0:\"\";s:29:\"page_title_bar_bottom_spacing\";s:0:\"\";s:31:\"page_title_bar_background_color\";s:0:\"\";s:25:\"page_title_bar_background\";s:0:\"\";s:33:\"page_title_bar_background_overlay\";s:0:\"\";s:29:\"page_title_bar_custom_heading\";s:0:\"\";s:14:\"page_sidebar_1\";s:7:\"default\";s:14:\"page_sidebar_2\";s:7:\"default\";s:21:\"page_sidebar_position\";s:7:\"default\";s:17:\"revolution_slider\";s:0:\"\";s:15:\"slider_position\";s:5:\"below\";s:13:\"footer_enable\";s:0:\"\";}\";"],"_sku":["PH11335002"],"_regular_price":["44.99"],"total_sales":["0"],"_tax_status":["taxable"],"_tax_class":[""],"_manage_stock":["no"],"_backorders":["no"],"_sold_individually":["no"],"_virtual":["no"],"_downloadable":["no"],"_download_limit":["-1"],"_download_expiry":["-1"],"_stock":[null],"_stock_status":["instock"],"_wc_average_rating":["4.67"],"_wc_review_count":["4"],"_product_version":["9.6.1"],"_price":["44.99"],"rank_math_primary_product_brand":["73"],"rank_math_primary_product_cat":["344"],"rank_math_analytic_object_id":["136"],"_woopq_quantity":["default"],"_purchase_limit":["5"],"_thumbnail_id":["8454"],"_product_image_gallery":["8455,8456,8457,8458,8459,8460"],"rank_math_description":["Sunlight is an essential ingredient for a healthy lifestyle, and light therapy lamps imitate natural sunlight."],"_wc_gla_synced_at":["1774926044"],"_wc_gla_sync_status":["synced"],"_wc_gla_visibility":["sync-and-show"],"_wc_gla_google_ids":["a:1:{s:2:\"US\";s:21:\"online:en:US:gla_8452\";}"],"fb_product_item_id":["9163379190389966"],"_admin_notes":[""],"_custom_product_field":[""],"_global_unique_id":["10888621914039"],"_wc_facebook_sync_enabled":["yes"],"fb_visibility":["yes"],"fb_product_description":[""],"_wc_facebook_product_image_source":["product"],"_wc_facebook_commerce_enabled":["no"],"rank_math_primary_fb_product_set":["0"],"site-sidebar-layout":["default"],"ast-site-content-layout":["default"],"site-content-style":["default"],"site-sidebar-style":["default"],"theme-transparent-header-meta":["default"],"stick-header-meta":["default"],"classic-editor-remember":["classic-editor"],"_wc_rating_count":["a:2:{i:4;i:1;i:5;i:2;}"],"_ppcp_button_position":["bottom"],"rank_math_schema_WooCommerceProduct":["a:2:{s:5:\"@type\";s:18:\"WooCommerceProduct\";s:8:\"metadata\";a:3:{s:5:\"title\";s:19:\"WooCommerce Product\";s:4:\"type\";s:8:\"template\";s:9:\"isPrimary\";s:1:\"1\";}}"],"rank_math_schema_VideoObject":["a:12:{s:5:\"@type\";s:11:\"VideoObject\";s:8:\"metadata\";a:8:{s:5:\"title\";s:5:\"Video\";s:4:\"type\";s:8:\"template\";s:9:\"shortcode\";s:15:\"s-6791eff25f91a\";s:9:\"isPrimary\";s:1:\"1\";s:23:\"reviewLocationShortcode\";s:24:\"[rank_math_rich_snippet]\";s:8:\"category\";s:12:\"%categories%\";s:4:\"tags\";s:6:\"%tags%\";s:15:\"isAutoGenerated\";s:1:\"1\";}s:4:\"name\";s:11:\"%seo_title%\";s:11:\"description\";s:17:\"%seo_description%\";s:10:\"uploadDate\";s:20:\"%date(Y-m-dTH:i:sP)%\";s:12:\"thumbnailUrl\";s:16:\"%post_thumbnail%\";s:8:\"embedUrl\";s:0:\"\";s:10:\"contentUrl\";s:59:\"https:\/\/pophaw.com\/wp-content\/uploads\/2024\/12\/video_1-1.mp4\";s:8:\"duration\";s:0:\"\";s:5:\"width\";s:3:\"854\";s:6:\"height\";s:3:\"480\";s:16:\"isFamilyFriendly\";s:1:\"1\";}"],"rank_math_shortcode_schema_s-6791eff25f91a":["77200"],"rank_math_rich_snippet":["off"],"wpil_sync_report3":["1"],"wpil_links_inbound_internal_count":["0"],"wpil_links_inbound_internal_count_data":["eJxLtDKwqq4FAAZPAf4="],"wpil_links_outbound_internal_count":["1"],"wpil_links_outbound_internal_count_data":["eJytkM1uwyAQhN+FewI4Tn82r5A2xx4RARSjYBbxE7eK8u6F2GrTe2+7o08zuyOBw9UC2x2Ab4F8BOvEG2rjxN76MwG+gWuCZyCursJqsmtwgg2QEh2p0\/YVyJBzSEBpwDDIaa1wpFNYKfTZ+ExLcCh1oh3reso7erHaoOArvh5D3yz66oApt5EzIL8uTXkBYqtP9LLGHYHPfLjz73V5AiK9GjD+0zGtBqm10eL4JYIrJ+tbLptPcahktugbWVtZXNvWsaWkabApmChUNDKbn8Y4r48kIUvGhj3KOUp1tv700G+TR9TFGfGH7paQe\/BnnvXb7RvdppNh"],"wpil_links_outbound_external_count":["0"],"wpil_links_outbound_external_count_data":["eJxLtDKwqq4FAAZPAf4="],"wpil_sync_report2_time":["2025-01-27T07:29:11+00:00"],"_fz_country_restriction_type":["all"],"_restricted_countries":["a:0:{}"],"astra-migrate-meta-layouts":["set"],"omnisend_last_sync":["2025-05-16T11:05:10+00:00"],"surerank_settings_general":["a:7:{s:9:\"separator\";s:1:\"-\";s:10:\"page_title\";s:21:\"%title% - %site_name%\";s:25:\"auto_generate_description\";b:1;s:16:\"page_description\";s:110:\"Sunlight is an essential ingredient for a healthy lifestyle, and light therapy lamps imitate natural sunlight.\";s:16:\"auto_description\";s:156:\"Sunlight is an essential ingredient for a healthy lifestyle, and light therapy lamps imitate natural sunlight. Use it in your bedroom, bathroom, kitchen, or\";s:14:\"fallback_image\";s:0:\"\";s:13:\"canonical_url\";s:68:\"https:\/\/pophaw.com\/product\/happy-light-therapy-lamp-10000-lux-round\/\";}"],"surerank_settings_post_no_index":["no"],"surerank_settings_post_no_follow":["no"],"surerank_settings_post_no_archive":["no"],"surerank_settings_social":["a:23:{s:15:\"open_graph_tags\";b:1;s:18:\"facebook_meta_tags\";b:1;s:17:\"twitter_meta_tags\";b:1;s:16:\"oembeded_scripts\";b:1;s:17:\"oembeded_og_title\";b:1;s:22:\"oembeded_social_images\";b:1;s:27:\"oembeded_remove_author_name\";b:1;s:17:\"facebook_page_url\";s:54:\"https:\/\/www.facebook.com\/profile.php?id=61571207938497\";s:24:\"facebook_author_fallback\";s:0:\"\";s:17:\"twitter_card_type\";s:19:\"summary_large_image\";s:24:\"twitter_same_as_facebook\";b:1;s:24:\"twitter_profile_username\";s:0:\"\";s:24:\"twitter_profile_fallback\";s:0:\"\";s:14:\"facebook_title\";s:21:\"%title% - %site_name%\";s:20:\"facebook_description\";s:9:\"%content%\";s:18:\"facebook_image_url\";s:58:\"https:\/\/pophaw.com\/wp-content\/uploads\/2024\/12\/image_1.webp\";s:17:\"facebook_image_id\";i:8454;s:20:\"facebook_image_width\";i:1600;s:21:\"facebook_image_height\";i:1600;s:13:\"twitter_title\";s:21:\"%title% - %site_name%\";s:19:\"twitter_description\";s:9:\"%content%\";s:17:\"twitter_image_url\";s:58:\"https:\/\/pophaw.com\/wp-content\/uploads\/2024\/12\/image_1.webp\";s:16:\"twitter_image_id\";i:8454;}"],"surerank_migration":["1"],"astra_style_timestamp_css":["1775174878"],"wwpp_product_wholesale_visibility_filter":["all"],"_uag_css_file_name":["uag-css-8452.css"],"rank_math_internal_links_processed":["1"],"_uag_page_assets":["a:9:{s:3:\"css\";s:263:\".uag-blocks-common-selector{z-index:var(--z-index-desktop) !important}@media (max-width: 976px){.uag-blocks-common-selector{z-index:var(--z-index-tablet) !important}}@media (max-width: 767px){.uag-blocks-common-selector{z-index:var(--z-index-mobile) !important}}\n\";s:2:\"js\";s:0:\"\";s:18:\"current_block_list\";a:15:{i:0;s:23:\"surecart\/slide-out-cart\";i:1;s:30:\"surecart\/slide-out-cart-header\";i:2;s:29:\"surecart\/slide-out-cart-items\";i:3;s:30:\"surecart\/slide-out-cart-coupon\";i:4;s:32:\"surecart\/slide-out-cart-subtotal\";i:5;s:38:\"surecart\/slide-out-cart-bump-line-item\";i:6;s:30:\"surecart\/slide-out-cart-submit\";i:7;s:11:\"core\/search\";i:8;s:10:\"core\/group\";i:9;s:12:\"core\/heading\";i:10;s:17:\"core\/latest-posts\";i:11;s:20:\"core\/latest-comments\";i:12;s:13:\"core\/archives\";i:13;s:15:\"core\/categories\";i:14;s:14:\"core\/shortcode\";}s:8:\"uag_flag\";b:0;s:11:\"uag_version\";s:10:\"1775168599\";s:6:\"gfonts\";a:0:{}s:10:\"gfonts_url\";s:0:\"\";s:12:\"gfonts_files\";a:0:{}s:14:\"uag_faq_layout\";b:0;}"],"_wc_gla_mc_status":["approved"]},"uagb_featured_image_src":{"full":["https:\/\/pophaw.com\/wp-content\/uploads\/2024\/12\/image_1.webp",1600,1600,false],"thumbnail":["https:\/\/pophaw.com\/wp-content\/uploads\/2024\/12\/image_1-150x150.webp",150,150,true],"medium":["https:\/\/pophaw.com\/wp-content\/uploads\/2024\/12\/image_1-300x300.webp",300,300,true],"medium_large":["https:\/\/pophaw.com\/wp-content\/uploads\/2024\/12\/image_1-768x768.webp",768,768,true],"large":["https:\/\/pophaw.com\/wp-content\/uploads\/2024\/12\/image_1-1024x1024.webp",1024,1024,true],"ryviu-small":["https:\/\/pophaw.com\/wp-content\/uploads\/2024\/12\/image_1.webp",40,40,false],"ryviu-medium":["https:\/\/pophaw.com\/wp-content\/uploads\/2024\/12\/image_1.webp",132,132,false],"1536x1536":["https:\/\/pophaw.com\/wp-content\/uploads\/2024\/12\/image_1-1536x1536.webp",1536,1536,true],"2048x2048":["https:\/\/pophaw.com\/wp-content\/uploads\/2024\/12\/image_1.webp",1600,1600,false],"trp-custom-language-flag":["https:\/\/pophaw.com\/wp-content\/uploads\/2024\/12\/image_1.webp",12,12,false],"woocommerce_thumbnail":["https:\/\/pophaw.com\/wp-content\/uploads\/2024\/12\/image_1-300x300.webp",300,300,true],"woocommerce_single":["https:\/\/pophaw.com\/wp-content\/uploads\/2024\/12\/image_1-600x600.webp",600,600,true],"woocommerce_gallery_thumbnail":["https:\/\/pophaw.com\/wp-content\/uploads\/2024\/12\/image_1-100x100.webp",100,100,true]},"uagb_author_info":{"display_name":"Dr. Rowan","author_link":"https:\/\/pophaw.com\/pt\/author\/"},"uagb_comment_info":4,"uagb_excerpt":"Sunlight is an essential ingredient for a healthy lifestyle, and light therapy lamps imitate natural sunlight.","_links":{"self":[{"href":"https:\/\/pophaw.com\/pt\/wp-json\/wp\/v2\/product\/8452","targetHints":{"allow":["GET"]}}],"collection":[{"href":"https:\/\/pophaw.com\/pt\/wp-json\/wp\/v2\/product"}],"about":[{"href":"https:\/\/pophaw.com\/pt\/wp-json\/wp\/v2\/types\/product"}],"wp:featuredmedia":[{"embeddable":true,"href":"https:\/\/pophaw.com\/pt\/wp-json\/wp\/v2\/media\/8454"}],"wp:attachment":[{"href":"https:\/\/pophaw.com\/pt\/wp-json\/wp\/v2\/media?parent=8452"}],"wp:term":[{"taxonomy":"product_brand","embeddable":true,"href":"https:\/\/pophaw.com\/pt\/wp-json\/wp\/v2\/product_brand?post=8452"},{"taxonomy":"product_cat","embeddable":true,"href":"https:\/\/pophaw.com\/pt\/wp-json\/wp\/v2\/product_cat?post=8452"},{"taxonomy":"product_tag","embeddable":true,"href":"https:\/\/pophaw.com\/pt\/wp-json\/wp\/v2\/product_tag?post=8452"}],"curies":[{"name":"wp","href":"https:\/\/api.w.org\/{rel}","templated":true}]}}