{"id":8472,"date":"2024-12-15T01:59:38","date_gmt":"2024-12-15T09:59:38","guid":{"rendered":"https:\/\/pophaw.com\/?post_type=product&#038;p=8472"},"modified":"2025-01-25T23:17:55","modified_gmt":"2025-01-26T07:17:55","slug":"lampada-de-madeira-para-exame-de-pele-de-animais-de-estimacao","status":"publish","type":"product","link":"https:\/\/pophaw.com\/pt\/product\/lampada-de-madeira-para-exame-de-pele-de-animais-de-estimacao\/","title":{"rendered":"L\u00e2mpada de madeira para exame de pele de animais de estima\u00e7\u00e3o"},"content":{"rendered":"<div><span style=\"font-family: arial, helvetica, sans-serif; color: #000000;\">O exame com a l\u00e2mpada de Wood Pet \u00e9 um procedimento que usa transilumina\u00e7\u00e3o (luz) para detectar infec\u00e7\u00f5es bacterianas ou f\u00fangicas na pele. Ele tamb\u00e9m pode detectar dist\u00farbios de pigmenta\u00e7\u00e3o da pele, como vitiligo e outras irregularidades cut\u00e2neas.\u00a0<\/span><\/div>\n<div><span style=\"font-family: arial, helvetica, sans-serif; color: #000000;\">Esse procedimento tamb\u00e9m pode ser usado para determinar se voc\u00ea tem uma abras\u00e3o (arranh\u00e3o) da c\u00f3rnea na superf\u00edcie do olho. Esse teste tamb\u00e9m \u00e9 conhecido como teste de luz negra ou teste de luz ultravioleta.<\/span><\/div>\n<div><\/div>\n<div><span style=\"font-size: 14pt; font-family: arial, helvetica, sans-serif; color: #000000;\"><strong>Como funciona?<\/strong><\/span><\/div>\n<div><span style=\"font-family: arial, helvetica, sans-serif; color: #000000;\">A l\u00e2mpada APet Wood \u00e9 um pequeno dispositivo port\u00e1til que usa luz negra para iluminar \u00e1reas de sua pele. A luz \u00e9 mantida sobre uma \u00e1rea da pele em uma sala escura. A presen\u00e7a de determinadas bact\u00e9rias, fungos ou altera\u00e7\u00f5es na pigmenta\u00e7\u00e3o da pele far\u00e1 com que a \u00e1rea afetada da pele mude de cor sob a luz.<\/span><\/div>\n<div><\/div>\n<div>\n<div><span style=\"font-family: arial, helvetica, sans-serif; color: #000000;\"><strong><span style=\"font-size: 14pt;\">Aplica\u00e7\u00e3o\uff1a<\/span><\/strong><\/span><\/div>\n<div><span style=\"font-family: arial, helvetica, sans-serif; color: #000000;\">A l\u00e2mpada Pet Wood \u00e9 segura e n\u00e3o danifica a pele nem causa queimaduras solares. O exame geralmente \u00e9 muito breve e \u00e9 improv\u00e1vel que cause danos, mesmo em indiv\u00edduos sens\u00edveis \u00e0 luz. A recomenda\u00e7\u00e3o \u00e9 que os pacientes fechem os olhos durante a exposi\u00e7\u00e3o \u00e0 l\u00e2mpada de Wood. Um resultado positivo \u00e9 quando h\u00e1 um dist\u00farbio pigmentar evidente ou quando a fluoresc\u00eancia \u00e9 observada.\u00a0<\/span><\/div>\n<div><\/div>\n<div><span style=\"font-family: arial, helvetica, sans-serif; color: #000000;\">A l\u00e2mpada Pet Wood \u00e9 frequentemente usada para diagnosticar as seguintes doen\u00e7as de pele:\u00a0<\/span><\/div>\n<div><span style=\"font-family: arial, helvetica, sans-serif; color: #000000;\">Dist\u00farbios de pigmenta\u00e7\u00e3o, como melasma, vitiligo\u00a0<\/span><\/div>\n<div><span style=\"font-family: arial, helvetica, sans-serif; color: #000000;\">Pitir\u00edase versicolor, que se apresenta como uma erup\u00e7\u00e3o cut\u00e2nea no peito ou nas costas; a erup\u00e7\u00e3o emite um brilho alaranjado.\u00a0<\/span><\/div>\n<div><span style=\"font-family: arial, helvetica, sans-serif; color: #000000;\">A tinha do couro cabeludo revelar\u00e1 \u00e1reas de calv\u00edcie e as esp\u00e9cies de Microsporum apresentar\u00e3o fluoresc\u00eancia azul-esverdeada; entretanto, muitas outras infec\u00e7\u00f5es f\u00fangicas podem n\u00e3o apresentar fluoresc\u00eancia com a Pet Wood Lamp.<\/span><\/div>\n<div><span style=\"font-family: arial, helvetica, sans-serif; color: #000000;\">Escabiose e piolhos<\/span><\/div>\n<div><span style=\"font-family: arial, helvetica, sans-serif; color: #000000;\">Eritrasma causado por Corynebacterium, que se apresenta como erup\u00e7\u00e3o cut\u00e2nea pigmentada nas dobras da pele\u00a0<\/span><\/div>\n<div><span style=\"font-family: arial, helvetica, sans-serif; color: #000000;\">Pseudomonas, que apresenta fluoresc\u00eancia verde<\/span><\/div>\n<div><\/div>\n<div><span style=\"font-family: arial, helvetica, sans-serif; color: #000000;\">As l\u00e2mpadas de Wood para animais de estima\u00e7\u00e3o s\u00e3o usadas em uma ampla gama de aplica\u00e7\u00f5es; elas tamb\u00e9m s\u00e3o usadas para procurar sinais de porfiria em eritr\u00f3citos, fezes e urina. \u00c0s vezes, os esteticistas podem avaliar as imperfei\u00e7\u00f5es da pele e os sinais de envelhecimento com uma l\u00e2mpada de Wood. Quando uma l\u00e2mpada de fenda n\u00e3o est\u00e1 dispon\u00edvel, o oftalmologista pode usar a l\u00e2mpada de Wood para procurar arranh\u00f5es e corpos estranhos na c\u00f3rnea.<\/span><\/div>\n<div><\/div>\n<\/div>\n<div>\n<div><span style=\"font-size: 14pt; font-family: arial, helvetica, sans-serif; color: #000000;\"><strong>Instru\u00e7\u00f5es de uso:<\/strong><\/span><\/div>\n<div><span style=\"font-family: arial, helvetica, sans-serif; color: #000000;\">Uma l\u00e2mpada de madeira para animais de estima\u00e7\u00e3o deve ser usada em um c\u00f4modo escuro!<\/span><\/div>\n<div><span style=\"font-family: arial, helvetica, sans-serif; color: #000000;\">1. Limpe as les\u00f5es cut\u00e2neas;\u00a0<\/span><\/div>\n<div><span style=\"font-family: arial, helvetica, sans-serif; color: #000000;\">2. Ligue o dispositivo e aque\u00e7a-o por 1 minuto. Observe a les\u00e3o depois que a fonte de luz estiver est\u00e1vel.\u00a0<\/span><\/div>\n<div><span style=\"font-family: arial, helvetica, sans-serif; color: #000000;\">3. Segure a l\u00e2mpada de madeira para animais de estima\u00e7\u00e3o de modo que a luz seja direcionada para a \u00e1rea da les\u00e3o a ser examinada.\u00a0<\/span><\/div>\n<div><span style=\"font-family: arial, helvetica, sans-serif; color: #000000;\">4. Coloque o dispositivo a cerca de 10 cm da pele e ajuste-o ligeiramente para cima e para baixo at\u00e9 obter uma observa\u00e7\u00e3o clara.\u00a0<\/span><\/div>\n<div><span style=\"font-family: arial, helvetica, sans-serif; color: #000000;\">5. Olhe atrav\u00e9s da lente com seus olhos posicionados cerca de 25 a 50 mm acima do dispositivo.\u00a0<\/span><\/div>\n<div><span style=\"font-family: arial, helvetica, sans-serif; color: #000000;\">6. Pressione o bot\u00e3o liga\/desliga para desligar o dispositivo!<\/span><\/div>\n<\/div>","protected":false},"excerpt":{"rendered":"<p>O exame Pet Wood Lamp \u00e9 um procedimento que usa transilumina\u00e7\u00e3o (luz) para detectar infec\u00e7\u00f5es bacterianas ou f\u00fangicas na pele.<\/p>","protected":false},"featured_media":8473,"template":"","meta":{"bwfblock_default_font":"","_uag_custom_page_level_css":"","site-sidebar-layout":"default","site-content-layout":"","ast-site-content-layout":"default","site-content-style":"default","site-sidebar-style":"default","ast-global-header-display":"","ast-banner-title-visibility":"","ast-main-header-display":"","ast-hfb-above-header-display":"","ast-hfb-below-header-display":"","ast-hfb-mobile-header-display":"","site-post-title":"","ast-breadcrumbs-content":"","ast-featured-img":"","footer-sml-layout":"","ast-disable-related-posts":"","theme-transparent-header-meta":"default","adv-header-id-meta":"","stick-header-meta":"default","header-above-stick-meta":"","header-main-stick-meta":"","header-below-stick-meta":"","astra-migrate-meta-layouts":"set","ast-page-background-enabled":"default","ast-page-background-meta":{"desktop":{"background-color":"","background-image":"","background-repeat":"repeat","background-position":"center center","background-size":"auto","background-attachment":"scroll","background-type":"","background-media":"","overlay-type":"","overlay-color":"","overlay-opacity":"","overlay-gradient":""},"tablet":{"background-color":"","background-image":"","background-repeat":"repeat","background-position":"center center","background-size":"auto","background-attachment":"scroll","background-type":"","background-media":"","overlay-type":"","overlay-color":"","overlay-opacity":"","overlay-gradient":""},"mobile":{"background-color":"","background-image":"","background-repeat":"repeat","background-position":"center center","background-size":"auto","background-attachment":"scroll","background-type":"","background-media":"","overlay-type":"","overlay-color":"","overlay-opacity":"","overlay-gradient":""}},"ast-content-background-meta":{"desktop":{"background-color":"var(--ast-global-color-5)","background-image":"","background-repeat":"repeat","background-position":"center center","background-size":"auto","background-attachment":"scroll","background-type":"","background-media":"","overlay-type":"","overlay-color":"","overlay-opacity":"","overlay-gradient":""},"tablet":{"background-color":"var(--ast-global-color-5)","background-image":"","background-repeat":"repeat","background-position":"center center","background-size":"auto","background-attachment":"scroll","background-type":"","background-media":"","overlay-type":"","overlay-color":"","overlay-opacity":"","overlay-gradient":""},"mobile":{"background-color":"var(--ast-global-color-5)","background-image":"","background-repeat":"repeat","background-position":"center center","background-size":"auto","background-attachment":"scroll","background-type":"","background-media":"","overlay-type":"","overlay-color":"","overlay-opacity":"","overlay-gradient":""}}},"product_brand":[73],"product_cat":[345,336,189,99],"product_tag":[],"class_list":{"0":"post-8472","1":"product","2":"type-product","3":"status-publish","4":"has-post-thumbnail","6":"product_brand-pophaw","7":"product_cat-veterinary","8":"product_cat-healthcare-products","9":"product_cat-home-diagnostics","10":"product_cat-home-medical-supplies","11":"desktop-align-center","12":"tablet-align-center","13":"mobile-align-center","14":"ast-product-gallery-layout-horizontal-slider","15":"ast-magnify-disabled","16":"ast-product-tabs-layout-horizontal","18":"first","19":"instock","20":"shipping-taxable","21":"purchasable","22":"product-type-simple"},"spectra_custom_meta":{"_edit_lock":["1737875877:1"],"_edit_last":["1"],"rank_math_seo_score":["93"],"rank_math_focus_keyword":["Pet Wood Lamp"],"_thumbnail_id":["8473"],"insight_product_options":["s:1358:\"a:38:{s:27:\"single_product_layout_style\";s:0:\"\";s:11:\"site_layout\";s:0:\"\";s:10:\"site_width\";s:0:\"\";s:16:\"site_top_spacing\";s:0:\"\";s:19:\"site_bottom_spacing\";s:0:\"\";s:10:\"site_class\";s:0:\"\";s:21:\"site_background_color\";s:0:\"\";s:21:\"site_background_image\";s:0:\"\";s:22:\"site_background_repeat\";s:9:\"no-repeat\";s:26:\"site_background_attachment\";s:0:\"\";s:24:\"site_background_position\";s:0:\"\";s:20:\"site_background_size\";s:0:\"\";s:24:\"content_background_color\";s:0:\"\";s:24:\"content_background_image\";s:0:\"\";s:25:\"content_background_repeat\";s:9:\"no-repeat\";s:27:\"content_background_position\";s:0:\"\";s:12:\"top_bar_type\";s:0:\"\";s:11:\"header_type\";s:0:\"\";s:14:\"header_overlay\";s:0:\"\";s:11:\"header_skin\";s:0:\"\";s:12:\"menu_display\";s:0:\"\";s:13:\"menu_one_page\";s:1:\"0\";s:16:\"custom_dark_logo\";s:0:\"\";s:17:\"custom_light_logo\";s:0:\"\";s:17:\"custom_logo_width\";s:0:\"\";s:24:\"custom_sticky_logo_width\";s:0:\"\";s:21:\"page_title_bar_layout\";s:0:\"\";s:29:\"page_title_bar_bottom_spacing\";s:0:\"\";s:31:\"page_title_bar_background_color\";s:0:\"\";s:25:\"page_title_bar_background\";s:0:\"\";s:33:\"page_title_bar_background_overlay\";s:0:\"\";s:29:\"page_title_bar_custom_heading\";s:0:\"\";s:14:\"page_sidebar_1\";s:7:\"default\";s:14:\"page_sidebar_2\";s:7:\"default\";s:21:\"page_sidebar_position\";s:7:\"default\";s:17:\"revolution_slider\";s:0:\"\";s:15:\"slider_position\";s:5:\"below\";s:13:\"footer_enable\";s:0:\"\";}\";"],"_sku":["PH11335004"],"_regular_price":["39.99"],"total_sales":["0"],"_tax_status":["taxable"],"_tax_class":[""],"_manage_stock":["no"],"_backorders":["no"],"_sold_individually":["no"],"_virtual":["no"],"_downloadable":["no"],"_download_limit":["-1"],"_download_expiry":["-1"],"_stock":[null],"_stock_status":["instock"],"_wc_average_rating":["0"],"_wc_review_count":["0"],"_product_version":["9.6.0"],"_price":["39.99"],"_product_image_gallery":["8474,8475,8476,8477,8478,8479,8480"],"rank_math_primary_product_brand":["73"],"rank_math_primary_product_cat":["345"],"rank_math_analytic_object_id":["138"],"_wc_gla_synced_at":["1773802835"],"_wc_gla_sync_status":["synced"],"_wc_gla_visibility":["sync-and-show"],"_wc_gla_google_ids":["a:1:{s:2:\"US\";s:21:\"online:en:US:gla_8472\";}"],"fb_product_item_id":["28057135783932139"],"_admin_notes":[""],"_custom_product_field":[""],"_global_unique_id":["10888621914053"],"_wc_facebook_sync_enabled":["yes"],"fb_visibility":["yes"],"fb_product_description":[""],"_wc_facebook_product_image_source":["product"],"_wc_facebook_commerce_enabled":["no"],"rank_math_primary_fb_product_set":["0"],"site-sidebar-layout":["default"],"ast-site-content-layout":["default"],"site-content-style":["default"],"site-sidebar-style":["default"],"theme-transparent-header-meta":["default"],"astra-migrate-meta-layouts":["set"],"stick-header-meta":["default"],"wp_statistics_words_count":["444"],"wpil_sync_report3":["1"],"wpil_links_inbound_internal_count":["0"],"wpil_links_inbound_internal_count_data":["eJxLtDKwqq4FAAZPAf4="],"wpil_links_outbound_internal_count":["0"],"wpil_links_outbound_internal_count_data":["eJxLtDKwqq4FAAZPAf4="],"wpil_links_outbound_external_count":["0"],"wpil_links_outbound_external_count_data":["eJxLtDKwqq4FAAZPAf4="],"wpil_sync_report2_time":["2025-01-27T07:29:11+00:00"],"omnisend_last_sync":["2025-05-16T11:05:10+00:00"],"surerank_settings_general":["a:7:{s:9:\"separator\";s:1:\"-\";s:10:\"page_title\";s:21:\"%title% - %site_name%\";s:25:\"auto_generate_description\";b:1;s:16:\"page_description\";s:9:\"%excerpt%\";s:16:\"auto_description\";s:157:\"A Pet Wood Lamp examination is a procedure that uses transillumination (light) to detect bacterial or fungal skin infections. It also can detect skin pigment\";s:14:\"fallback_image\";s:0:\"\";s:13:\"canonical_url\";s:58:\"https:\/\/pophaw.com\/product\/skin-examination-pet-wood-lamp\/\";}"],"surerank_settings_post_no_index":["no"],"surerank_settings_post_no_follow":["no"],"surerank_settings_post_no_archive":["no"],"surerank_settings_social":["a:23:{s:15:\"open_graph_tags\";b:1;s:18:\"facebook_meta_tags\";b:1;s:17:\"twitter_meta_tags\";b:1;s:16:\"oembeded_scripts\";b:1;s:17:\"oembeded_og_title\";b:1;s:22:\"oembeded_social_images\";b:1;s:27:\"oembeded_remove_author_name\";b:1;s:17:\"facebook_page_url\";s:54:\"https:\/\/www.facebook.com\/profile.php?id=61571207938497\";s:24:\"facebook_author_fallback\";s:0:\"\";s:17:\"twitter_card_type\";s:19:\"summary_large_image\";s:24:\"twitter_same_as_facebook\";b:1;s:24:\"twitter_profile_username\";s:0:\"\";s:24:\"twitter_profile_fallback\";s:0:\"\";s:14:\"facebook_title\";s:21:\"%title% - %site_name%\";s:20:\"facebook_description\";s:9:\"%content%\";s:18:\"facebook_image_url\";s:60:\"https:\/\/pophaw.com\/wp-content\/uploads\/2024\/12\/image_1-2.webp\";s:17:\"facebook_image_id\";i:8473;s:20:\"facebook_image_width\";i:828;s:21:\"facebook_image_height\";i:808;s:13:\"twitter_title\";s:21:\"%title% - %site_name%\";s:19:\"twitter_description\";s:9:\"%content%\";s:17:\"twitter_image_url\";s:60:\"https:\/\/pophaw.com\/wp-content\/uploads\/2024\/12\/image_1-2.webp\";s:16:\"twitter_image_id\";i:8473;}"],"surerank_migration":["1"],"astra_style_timestamp_css":["1775174905"],"wwpp_product_wholesale_visibility_filter":["all"],"_uag_css_file_name":["uag-css-8472.css"],"rank_math_internal_links_processed":["1"],"_uag_page_assets":["a:9:{s:3:\"css\";s:263:\".uag-blocks-common-selector{z-index:var(--z-index-desktop) !important}@media (max-width: 976px){.uag-blocks-common-selector{z-index:var(--z-index-tablet) !important}}@media (max-width: 767px){.uag-blocks-common-selector{z-index:var(--z-index-mobile) !important}}\n\";s:2:\"js\";s:0:\"\";s:18:\"current_block_list\";a:15:{i:0;s:23:\"surecart\/slide-out-cart\";i:1;s:30:\"surecart\/slide-out-cart-header\";i:2;s:29:\"surecart\/slide-out-cart-items\";i:3;s:30:\"surecart\/slide-out-cart-coupon\";i:4;s:32:\"surecart\/slide-out-cart-subtotal\";i:5;s:38:\"surecart\/slide-out-cart-bump-line-item\";i:6;s:30:\"surecart\/slide-out-cart-submit\";i:7;s:11:\"core\/search\";i:8;s:10:\"core\/group\";i:9;s:12:\"core\/heading\";i:10;s:17:\"core\/latest-posts\";i:11;s:20:\"core\/latest-comments\";i:12;s:13:\"core\/archives\";i:13;s:15:\"core\/categories\";i:14;s:14:\"core\/shortcode\";}s:8:\"uag_flag\";b:0;s:11:\"uag_version\";s:10:\"1775168599\";s:6:\"gfonts\";a:0:{}s:10:\"gfonts_url\";s:0:\"\";s:12:\"gfonts_files\";a:0:{}s:14:\"uag_faq_layout\";b:0;}"],"_wc_gla_mc_status":["approved"]},"uagb_featured_image_src":{"full":["https:\/\/pophaw.com\/wp-content\/uploads\/2024\/12\/image_1-2.webp",828,808,false],"thumbnail":["https:\/\/pophaw.com\/wp-content\/uploads\/2024\/12\/image_1-2-150x150.webp",150,150,true],"medium":["https:\/\/pophaw.com\/wp-content\/uploads\/2024\/12\/image_1-2-300x293.webp",300,293,true],"medium_large":["https:\/\/pophaw.com\/wp-content\/uploads\/2024\/12\/image_1-2-768x749.webp",768,749,true],"large":["https:\/\/pophaw.com\/wp-content\/uploads\/2024\/12\/image_1-2.webp",828,808,false],"ryviu-small":["https:\/\/pophaw.com\/wp-content\/uploads\/2024\/12\/image_1-2.webp",40,40,false],"ryviu-medium":["https:\/\/pophaw.com\/wp-content\/uploads\/2024\/12\/image_1-2.webp",132,129,false],"1536x1536":["https:\/\/pophaw.com\/wp-content\/uploads\/2024\/12\/image_1-2.webp",828,808,false],"2048x2048":["https:\/\/pophaw.com\/wp-content\/uploads\/2024\/12\/image_1-2.webp",828,808,false],"trp-custom-language-flag":["https:\/\/pophaw.com\/wp-content\/uploads\/2024\/12\/image_1-2.webp",12,12,false],"woocommerce_thumbnail":["https:\/\/pophaw.com\/wp-content\/uploads\/2024\/12\/image_1-2-300x300.webp",300,300,true],"woocommerce_single":["https:\/\/pophaw.com\/wp-content\/uploads\/2024\/12\/image_1-2-600x586.webp",600,586,true],"woocommerce_gallery_thumbnail":["https:\/\/pophaw.com\/wp-content\/uploads\/2024\/12\/image_1-2-100x100.webp",100,100,true]},"uagb_author_info":{"display_name":"Dr. Rowan","author_link":"https:\/\/pophaw.com\/pt\/author\/"},"uagb_comment_info":0,"uagb_excerpt":"A Pet Wood Lamp examination is a procedure that uses transillumination (light) to detect bacterial or fungal skin infections.","_links":{"self":[{"href":"https:\/\/pophaw.com\/pt\/wp-json\/wp\/v2\/product\/8472","targetHints":{"allow":["GET"]}}],"collection":[{"href":"https:\/\/pophaw.com\/pt\/wp-json\/wp\/v2\/product"}],"about":[{"href":"https:\/\/pophaw.com\/pt\/wp-json\/wp\/v2\/types\/product"}],"wp:featuredmedia":[{"embeddable":true,"href":"https:\/\/pophaw.com\/pt\/wp-json\/wp\/v2\/media\/8473"}],"wp:attachment":[{"href":"https:\/\/pophaw.com\/pt\/wp-json\/wp\/v2\/media?parent=8472"}],"wp:term":[{"taxonomy":"product_brand","embeddable":true,"href":"https:\/\/pophaw.com\/pt\/wp-json\/wp\/v2\/product_brand?post=8472"},{"taxonomy":"product_cat","embeddable":true,"href":"https:\/\/pophaw.com\/pt\/wp-json\/wp\/v2\/product_cat?post=8472"},{"taxonomy":"product_tag","embeddable":true,"href":"https:\/\/pophaw.com\/pt\/wp-json\/wp\/v2\/product_tag?post=8472"}],"curies":[{"name":"wp","href":"https:\/\/api.w.org\/{rel}","templated":true}]}}