{"id":8504,"date":"2024-12-15T03:48:40","date_gmt":"2024-12-15T11:48:40","guid":{"rendered":"https:\/\/pophaw.com\/?post_type=product&#038;p=8504"},"modified":"2025-01-25T23:19:52","modified_gmt":"2025-01-26T07:19:52","slug":"oximetro-wellue-o2ring","status":"publish","type":"product","link":"https:\/\/pophaw.com\/pt\/product\/oximetro-wellue-o2ring\/","title":{"rendered":"Monitor cont\u00ednuo de oxig\u00eanio Wellue O2Ring Oximeter"},"content":{"rendered":"<p><span style=\"font-family: arial, helvetica, sans-serif; color: #000000;\">Ao usar o Wellue O2Ring, ele come\u00e7ar\u00e1 automaticamente a monitorar continuamente a satura\u00e7\u00e3o de oxig\u00eanio no sangue durante a noite, a frequ\u00eancia de pulso e o movimento do corpo.<\/span><\/p>\n<ul>\n<li><span style=\"font-family: arial, helvetica, sans-serif; color: #000000;\">MODELO\uff1aO2Ring<\/span><\/li>\n<li><span style=\"font-family: arial, helvetica, sans-serif; color: #000000;\">PER\u00cdMETRO DO ANEL: 2,0\u201d - 3,2\u201d\/ 50-82 mm<\/span><\/li>\n<li><span style=\"font-family: arial, helvetica, sans-serif; color: #000000;\">PESO: 0,53 oz \/ 15 g<\/span><\/li>\n<li><span style=\"font-family: arial, helvetica, sans-serif; color: #000000;\">DIMENS\u00d5ES DO DISPOSITIVO: 1,5\u201d x 1,2\u201d x 1,5\u201d<\/span><\/li>\n<li><span style=\"font-family: arial, helvetica, sans-serif; color: #000000;\">GRAU DE POEIRA E \u00c1GUA<\/span><\/li>\n<li><span style=\"font-family: arial, helvetica, sans-serif; color: #000000;\">RESIST\u00caNCIA\uff1aIP24<\/span><\/li>\n<li><span style=\"font-family: arial, helvetica, sans-serif; color: #000000;\">Vida \u00fatil da bateria: Pol\u00edmero de l\u00edtio recarreg\u00e1vel, 3,7 VCC; 16 horas para uso t\u00edpico<\/span><\/li>\n<li><span style=\"font-family: arial, helvetica, sans-serif; color: #000000;\">TEMPO DE CARGA: 2-3 horas<\/span><\/li>\n<li><span style=\"font-family: arial, helvetica, sans-serif; color: #000000;\">SEM FIO: Bluetooth 4.0 BLE<\/span><\/li>\n<li><span style=\"font-family: arial, helvetica, sans-serif; color: #000000;\">Mem\u00f3ria integrada: 4 sess\u00f5es, at\u00e9 10 horas para cada sess\u00e3o<\/span><\/li>\n<li><span style=\"font-family: arial, helvetica, sans-serif; color: #000000;\">PAR\u00c2METROS REGISTRADOS: N\u00edveis de oxig\u00eanio, frequ\u00eancia de pulso, movimento<\/span><\/li>\n<li><span style=\"font-family: arial, helvetica, sans-serif; color: #000000;\">FAIXA DE N\u00cdVEL DE OXIG\u00caNIO: 70%-99%<\/span><\/li>\n<li><span style=\"font-family: arial, helvetica, sans-serif; color: #000000;\">Faixa de taxa de pulsa\u00e7\u00e3o: 30 a 250 bpm<\/span><\/li>\n<li><span style=\"font-family: arial, helvetica, sans-serif; color: #000000;\">PRECIS\u00c3O DO SPO2: 80%-99%: \u00b12% 70%-79%: \u00b13%<\/span><\/li>\n<li><span style=\"font-family: arial, helvetica, sans-serif; color: #000000;\">PRECIS\u00c3O DA TAXA DE PULSO: \u00b12 bpm ou \u00b12%<\/span><\/li>\n<li><span style=\"font-family: arial, helvetica, sans-serif; color: #000000;\">INTERVALO DE MEDI\u00c7\u00c3O: 1S<\/span><\/li>\n<li><span style=\"font-family: arial, helvetica, sans-serif; color: #000000;\">EXIBIR INTERVALO NO GR\u00c1FICO DE DADOS DO APLICATIVO 4S<\/span><\/li>\n<li><span style=\"font-family: arial, helvetica, sans-serif; color: #000000;\">SISTEMA DE COMPUTADOR COMPAT\u00cdVEL: Windows 7\/8\/10; macOS 10.15.3 ou superior<\/span><\/li>\n<li><span style=\"font-family: arial, helvetica, sans-serif; color: #000000;\">COMPAT\u00cdVEL COM: iOS 9.0 ou superior, iPhone 4s\/iPad 3 ou superior; Android 5.0 ou superior, com Bluetooth 4.0 BLE<\/span><\/li>\n<\/ul>\n<div><span style=\"color: #000000;\"><strong><span style=\"font-family: arial, helvetica, sans-serif; font-size: 14pt;\">Sobre o item<\/span><\/strong><\/span><\/div>\n<div><span style=\"font-family: arial, helvetica, sans-serif; color: #000000;\">\u2705\u3010Monitoramento cont\u00ednuo\u3011 O Wellue O2Ring pode monitorar continuamente a satura\u00e7\u00e3o de oxig\u00eanio no sangue e a frequ\u00eancia card\u00edaca, gerar relat\u00f3rios de tend\u00eancias no software APP ou PC e relat\u00f3rios intuitivos que mostram detalhadamente o seu estado de sa\u00fade. Voc\u00ea pode compartilhar seus relat\u00f3rios em formato PDF\/CSV.<\/span><br \/>\n<span style=\"font-family: arial, helvetica, sans-serif; color: #000000;\">Notifica\u00e7\u00e3o inteligente\u3011 O Wellue O2Ring o notificar\u00e1 por meio de vibra\u00e7\u00e3o do dedo ou bipe no telefone (quando conectado); se detectar satura\u00e7\u00e3o de oxig\u00eanio ou frequ\u00eancia card\u00edaca anormais, voc\u00ea poder\u00e1 fazer uma pausa para se recuperar. Voc\u00ea pode ajustar o limite no APP.<\/span><br \/>\n<span style=\"font-family: arial, helvetica, sans-serif; color: #000000;\">Usabilidade e portabilidade\u3011 O sensor de anel patenteado feito de silicone macio libera completamente o seu dedo e garante medi\u00e7\u00f5es precisas; ele nunca escorrega do seu dedo. Voc\u00ea pode verificar seu estado de sa\u00fade a qualquer hora e em qualquer lugar. \u00c9 o menor e mais leve monitor de oxig\u00eanio.<\/span><br \/>\n<span style=\"font-family: arial, helvetica, sans-serif; color: #000000;\">Gerenciamento inteligente de dados\u3011 A mem\u00f3ria integrada permite que ele funcione independentemente sem um telefone. Os dados ser\u00e3o sincronizados com o seu APP automaticamente quando conectado ao seu telefone, e voc\u00ea tamb\u00e9m pode sincronizar os dados com o seu PC usando o cabo fornecido. Armazenamento ilimitado sem custo adicional.<\/span><br \/>\n<span style=\"font-family: arial, helvetica, sans-serif; color: #000000;\">A leitura exata ser\u00e1 exibida dentro de 10 segundos depois que voc\u00ea parar de se exercitar e se acalmar. Ele mostrar\u00e1 \u201c-\u201d se seu dedo se mover demais.<\/span><br \/>\n<span style=\"font-family: arial, helvetica, sans-serif; color: #000000;\">OBSERVA\u00c7\u00c3O: n\u00e3o se trata de um dispositivo m\u00e9dico. Este dispositivo \u00e9 apenas para uso em esportes e avia\u00e7\u00e3o e n\u00e3o se destina a uso m\u00e9dico.<\/span><\/div>\n<div><\/div>\n<div><\/div>\n<div><span style=\"font-family: arial, helvetica, sans-serif; color: #000000; font-size: 14pt;\"><strong>O pacote inclui<\/strong><\/span><\/div>\n<ul>\n<li><span style=\"font-family: arial, helvetica, sans-serif; color: #000000;\">1X ox\u00edmetro de pulso O2Ring<\/span><\/li>\n<li><span style=\"font-family: arial, helvetica, sans-serif; color: #000000;\">1 cabo micro USB<\/span><\/li>\n<li><span style=\"font-family: arial, helvetica, sans-serif; color: #000000;\">1X Guia do usu\u00e1rio<\/span><\/li>\n<\/ul>\n<p>&nbsp;<\/p>","protected":false},"excerpt":{"rendered":"<p>Acompanhe seu n\u00edvel de oxig\u00eanio a cada segundo com o O2Ring<\/p>","protected":false},"featured_media":8506,"template":"","meta":{"bwfblock_default_font":"","_uag_custom_page_level_css":"","site-sidebar-layout":"default","site-content-layout":"","ast-site-content-layout":"default","site-content-style":"default","site-sidebar-style":"default","ast-global-header-display":"","ast-banner-title-visibility":"","ast-main-header-display":"","ast-hfb-above-header-display":"","ast-hfb-below-header-display":"","ast-hfb-mobile-header-display":"","site-post-title":"","ast-breadcrumbs-content":"","ast-featured-img":"","footer-sml-layout":"","ast-disable-related-posts":"","theme-transparent-header-meta":"default","adv-header-id-meta":"","stick-header-meta":"default","header-above-stick-meta":"","header-main-stick-meta":"","header-below-stick-meta":"","astra-migrate-meta-layouts":"set","ast-page-background-enabled":"default","ast-page-background-meta":{"desktop":{"background-color":"","background-image":"","background-repeat":"repeat","background-position":"center center","background-size":"auto","background-attachment":"scroll","background-type":"","background-media":"","overlay-type":"","overlay-color":"","overlay-opacity":"","overlay-gradient":""},"tablet":{"background-color":"","background-image":"","background-repeat":"repeat","background-position":"center center","background-size":"auto","background-attachment":"scroll","background-type":"","background-media":"","overlay-type":"","overlay-color":"","overlay-opacity":"","overlay-gradient":""},"mobile":{"background-color":"","background-image":"","background-repeat":"repeat","background-position":"center center","background-size":"auto","background-attachment":"scroll","background-type":"","background-media":"","overlay-type":"","overlay-color":"","overlay-opacity":"","overlay-gradient":""}},"ast-content-background-meta":{"desktop":{"background-color":"var(--ast-global-color-5)","background-image":"","background-repeat":"repeat","background-position":"center center","background-size":"auto","background-attachment":"scroll","background-type":"","background-media":"","overlay-type":"","overlay-color":"","overlay-opacity":"","overlay-gradient":""},"tablet":{"background-color":"var(--ast-global-color-5)","background-image":"","background-repeat":"repeat","background-position":"center center","background-size":"auto","background-attachment":"scroll","background-type":"","background-media":"","overlay-type":"","overlay-color":"","overlay-opacity":"","overlay-gradient":""},"mobile":{"background-color":"var(--ast-global-color-5)","background-image":"","background-repeat":"repeat","background-position":"center center","background-size":"auto","background-attachment":"scroll","background-type":"","background-media":"","overlay-type":"","overlay-color":"","overlay-opacity":"","overlay-gradient":""}}},"product_brand":[229],"product_cat":[339,336,99,305,312,190],"product_tag":[],"class_list":{"0":"post-8504","1":"product","2":"type-product","3":"status-publish","4":"has-post-thumbnail","6":"product_brand-wellue","7":"product_cat-monitoring","8":"product_cat-healthcare-products","9":"product_cat-home-medical-supplies","10":"product_cat-respiratory-care-products","11":"product_cat-respiratory-monitors","12":"product_cat-wellness-monitoring","13":"desktop-align-center","14":"tablet-align-center","15":"mobile-align-center","16":"ast-product-gallery-layout-horizontal-slider","17":"ast-magnify-disabled","18":"ast-product-tabs-layout-horizontal","20":"first","21":"instock","22":"shipping-taxable","23":"purchasable","24":"product-type-simple"},"spectra_custom_meta":{"_edit_lock":["1737875994:1"],"_edit_last":["1"],"total_sales":["0"],"_tax_status":["taxable"],"_tax_class":[""],"_manage_stock":["no"],"_backorders":["no"],"_sold_individually":["no"],"_virtual":["no"],"_downloadable":["no"],"_download_limit":["-1"],"_download_expiry":["-1"],"_stock":[null],"_stock_status":["instock"],"_wc_average_rating":["4.67"],"_wc_review_count":["3"],"_product_version":["9.6.0"],"rank_math_seo_score":["90"],"insight_product_options":["s:1358:\"a:38:{s:27:\"single_product_layout_style\";s:0:\"\";s:11:\"site_layout\";s:0:\"\";s:10:\"site_width\";s:0:\"\";s:16:\"site_top_spacing\";s:0:\"\";s:19:\"site_bottom_spacing\";s:0:\"\";s:10:\"site_class\";s:0:\"\";s:21:\"site_background_color\";s:0:\"\";s:21:\"site_background_image\";s:0:\"\";s:22:\"site_background_repeat\";s:9:\"no-repeat\";s:26:\"site_background_attachment\";s:0:\"\";s:24:\"site_background_position\";s:0:\"\";s:20:\"site_background_size\";s:0:\"\";s:24:\"content_background_color\";s:0:\"\";s:24:\"content_background_image\";s:0:\"\";s:25:\"content_background_repeat\";s:9:\"no-repeat\";s:27:\"content_background_position\";s:0:\"\";s:12:\"top_bar_type\";s:0:\"\";s:11:\"header_type\";s:0:\"\";s:14:\"header_overlay\";s:0:\"\";s:11:\"header_skin\";s:0:\"\";s:12:\"menu_display\";s:0:\"\";s:13:\"menu_one_page\";s:1:\"0\";s:16:\"custom_dark_logo\";s:0:\"\";s:17:\"custom_light_logo\";s:0:\"\";s:17:\"custom_logo_width\";s:0:\"\";s:24:\"custom_sticky_logo_width\";s:0:\"\";s:21:\"page_title_bar_layout\";s:0:\"\";s:29:\"page_title_bar_bottom_spacing\";s:0:\"\";s:31:\"page_title_bar_background_color\";s:0:\"\";s:25:\"page_title_bar_background\";s:0:\"\";s:33:\"page_title_bar_background_overlay\";s:0:\"\";s:29:\"page_title_bar_custom_heading\";s:0:\"\";s:14:\"page_sidebar_1\";s:7:\"default\";s:14:\"page_sidebar_2\";s:7:\"default\";s:21:\"page_sidebar_position\";s:7:\"default\";s:17:\"revolution_slider\";s:0:\"\";s:15:\"slider_position\";s:5:\"below\";s:13:\"footer_enable\";s:0:\"\";}\";"],"_admin_notes":["https:\/\/www.ebay.com\/itm\/394116446729"],"rank_math_primary_product_brand":["0"],"rank_math_primary_product_cat":["339"],"rank_math_analytic_object_id":["141"],"_custom_product_field":["Condition: Seller refurbished"],"_sku":["EB218010"],"_regular_price":["98"],"_price":["98"],"rank_math_focus_keyword":["Wellue O2Ring"],"rank_math_description":["Wearing the Wellue O2Ring, it will automatically start tracking your overnight blood oxygen saturation, pulse rate, and body movement continuously."],"_thumbnail_id":["8506"],"_product_image_gallery":["8507,8508,8509,8510,8511"],"_wc_rating_count":["a:2:{i:4;i:1;i:5;i:2;}"],"_wc_gla_synced_at":["1773802835"],"_wc_gla_sync_status":["synced"],"_wc_gla_visibility":["sync-and-show"],"_wc_gla_google_ids":["a:1:{s:2:\"US\";s:21:\"online:en:US:gla_8504\";}"],"fb_product_item_id":["8916604658392473"],"_global_unique_id":["10888621914084"],"_wc_facebook_sync_enabled":["yes"],"fb_visibility":["yes"],"fb_product_description":[""],"_wc_facebook_product_image_source":["product"],"_wc_facebook_commerce_enabled":["no"],"rank_math_primary_fb_product_set":["0"],"site-sidebar-layout":["default"],"ast-site-content-layout":["default"],"site-content-style":["default"],"site-sidebar-style":["default"],"theme-transparent-header-meta":["default"],"stick-header-meta":["default"],"classic-editor-remember":["classic-editor"],"rank_math_auto_redirect":["a:1:{i:0;i:54;}"],"_wp_old_slug":["o2ring-oximeter-continuous-oxygen-monitor"],"astra-migrate-meta-layouts":["set"],"wp_statistics_words_count":["366"],"wpil_sync_report3":["1"],"wpil_links_inbound_internal_count":["0"],"wpil_links_inbound_internal_count_data":["eJxLtDKwqq4FAAZPAf4="],"wpil_links_outbound_internal_count":["0"],"wpil_links_outbound_internal_count_data":["eJxLtDKwqq4FAAZPAf4="],"wpil_links_outbound_external_count":["0"],"wpil_links_outbound_external_count_data":["eJxLtDKwqq4FAAZPAf4="],"wpil_sync_report2_time":["2025-01-27T07:29:11+00:00"],"omnisend_last_sync":["2025-05-16T11:05:10+00:00"],"surerank_settings_general":["a:7:{s:9:\"separator\";s:1:\"-\";s:10:\"page_title\";s:21:\"%title% - %site_name%\";s:25:\"auto_generate_description\";b:1;s:16:\"page_description\";s:147:\"Wearing the Wellue O2Ring, it will automatically start tracking your overnight blood oxygen saturation, pulse rate, and body movement continuously.\";s:16:\"auto_description\";s:157:\"Wearing the Wellue O2Ring, it will automatically start tracking your overnight blood oxygen saturation, pulse rate, and body movement continuously. About the\";s:14:\"fallback_image\";s:0:\"\";s:13:\"canonical_url\";s:50:\"https:\/\/pophaw.com\/product\/wellue-o2ring-oximeter\/\";}"],"surerank_settings_post_no_index":["no"],"surerank_settings_post_no_follow":["no"],"surerank_settings_post_no_archive":["no"],"surerank_settings_social":["a:23:{s:15:\"open_graph_tags\";b:1;s:18:\"facebook_meta_tags\";b:1;s:17:\"twitter_meta_tags\";b:1;s:16:\"oembeded_scripts\";b:1;s:17:\"oembeded_og_title\";b:1;s:22:\"oembeded_social_images\";b:1;s:27:\"oembeded_remove_author_name\";b:1;s:17:\"facebook_page_url\";s:54:\"https:\/\/www.facebook.com\/profile.php?id=61571207938497\";s:24:\"facebook_author_fallback\";s:0:\"\";s:17:\"twitter_card_type\";s:19:\"summary_large_image\";s:24:\"twitter_same_as_facebook\";b:1;s:24:\"twitter_profile_username\";s:0:\"\";s:24:\"twitter_profile_fallback\";s:0:\"\";s:14:\"facebook_title\";s:21:\"%title% - %site_name%\";s:20:\"facebook_description\";s:9:\"%content%\";s:18:\"facebook_image_url\";s:60:\"https:\/\/pophaw.com\/wp-content\/uploads\/2024\/12\/image_1-4.webp\";s:17:\"facebook_image_id\";i:8506;s:20:\"facebook_image_width\";i:1600;s:21:\"facebook_image_height\";i:1600;s:13:\"twitter_title\";s:21:\"%title% - %site_name%\";s:19:\"twitter_description\";s:9:\"%content%\";s:17:\"twitter_image_url\";s:60:\"https:\/\/pophaw.com\/wp-content\/uploads\/2024\/12\/image_1-4.webp\";s:16:\"twitter_image_id\";i:8506;}"],"surerank_migration":["1"],"astra_style_timestamp_css":["1775174898"],"wwpp_product_wholesale_visibility_filter":["all"],"_uag_css_file_name":["uag-css-8504.css"],"rank_math_internal_links_processed":["1"],"_uag_page_assets":["a:9:{s:3:\"css\";s:263:\".uag-blocks-common-selector{z-index:var(--z-index-desktop) !important}@media (max-width: 976px){.uag-blocks-common-selector{z-index:var(--z-index-tablet) !important}}@media (max-width: 767px){.uag-blocks-common-selector{z-index:var(--z-index-mobile) !important}}\n\";s:2:\"js\";s:0:\"\";s:18:\"current_block_list\";a:15:{i:0;s:23:\"surecart\/slide-out-cart\";i:1;s:30:\"surecart\/slide-out-cart-header\";i:2;s:29:\"surecart\/slide-out-cart-items\";i:3;s:30:\"surecart\/slide-out-cart-coupon\";i:4;s:32:\"surecart\/slide-out-cart-subtotal\";i:5;s:38:\"surecart\/slide-out-cart-bump-line-item\";i:6;s:30:\"surecart\/slide-out-cart-submit\";i:7;s:11:\"core\/search\";i:8;s:10:\"core\/group\";i:9;s:12:\"core\/heading\";i:10;s:17:\"core\/latest-posts\";i:11;s:20:\"core\/latest-comments\";i:12;s:13:\"core\/archives\";i:13;s:15:\"core\/categories\";i:14;s:14:\"core\/shortcode\";}s:8:\"uag_flag\";b:0;s:11:\"uag_version\";s:10:\"1775168599\";s:6:\"gfonts\";a:0:{}s:10:\"gfonts_url\";s:0:\"\";s:12:\"gfonts_files\";a:0:{}s:14:\"uag_faq_layout\";b:0;}"],"_wc_gla_mc_status":["approved"]},"uagb_featured_image_src":{"full":["https:\/\/pophaw.com\/wp-content\/uploads\/2024\/12\/image_1-4.webp",1600,1600,false],"thumbnail":["https:\/\/pophaw.com\/wp-content\/uploads\/2024\/12\/image_1-4-150x150.webp",150,150,true],"medium":["https:\/\/pophaw.com\/wp-content\/uploads\/2024\/12\/image_1-4-300x300.webp",300,300,true],"medium_large":["https:\/\/pophaw.com\/wp-content\/uploads\/2024\/12\/image_1-4-768x768.webp",768,768,true],"large":["https:\/\/pophaw.com\/wp-content\/uploads\/2024\/12\/image_1-4-1024x1024.webp",1024,1024,true],"ryviu-small":["https:\/\/pophaw.com\/wp-content\/uploads\/2024\/12\/image_1-4.webp",40,40,false],"ryviu-medium":["https:\/\/pophaw.com\/wp-content\/uploads\/2024\/12\/image_1-4.webp",132,132,false],"1536x1536":["https:\/\/pophaw.com\/wp-content\/uploads\/2024\/12\/image_1-4-1536x1536.webp",1536,1536,true],"2048x2048":["https:\/\/pophaw.com\/wp-content\/uploads\/2024\/12\/image_1-4.webp",1600,1600,false],"trp-custom-language-flag":["https:\/\/pophaw.com\/wp-content\/uploads\/2024\/12\/image_1-4.webp",12,12,false],"woocommerce_thumbnail":["https:\/\/pophaw.com\/wp-content\/uploads\/2024\/12\/image_1-4-300x300.webp",300,300,true],"woocommerce_single":["https:\/\/pophaw.com\/wp-content\/uploads\/2024\/12\/image_1-4-600x600.webp",600,600,true],"woocommerce_gallery_thumbnail":["https:\/\/pophaw.com\/wp-content\/uploads\/2024\/12\/image_1-4-100x100.webp",100,100,true]},"uagb_author_info":{"display_name":"Dr. Rowan","author_link":"https:\/\/pophaw.com\/pt\/author\/"},"uagb_comment_info":3,"uagb_excerpt":"Track Your Oxygen Level Every Second with O2Ring","_links":{"self":[{"href":"https:\/\/pophaw.com\/pt\/wp-json\/wp\/v2\/product\/8504","targetHints":{"allow":["GET"]}}],"collection":[{"href":"https:\/\/pophaw.com\/pt\/wp-json\/wp\/v2\/product"}],"about":[{"href":"https:\/\/pophaw.com\/pt\/wp-json\/wp\/v2\/types\/product"}],"wp:featuredmedia":[{"embeddable":true,"href":"https:\/\/pophaw.com\/pt\/wp-json\/wp\/v2\/media\/8506"}],"wp:attachment":[{"href":"https:\/\/pophaw.com\/pt\/wp-json\/wp\/v2\/media?parent=8504"}],"wp:term":[{"taxonomy":"product_brand","embeddable":true,"href":"https:\/\/pophaw.com\/pt\/wp-json\/wp\/v2\/product_brand?post=8504"},{"taxonomy":"product_cat","embeddable":true,"href":"https:\/\/pophaw.com\/pt\/wp-json\/wp\/v2\/product_cat?post=8504"},{"taxonomy":"product_tag","embeddable":true,"href":"https:\/\/pophaw.com\/pt\/wp-json\/wp\/v2\/product_tag?post=8504"}],"curies":[{"name":"wp","href":"https:\/\/api.w.org\/{rel}","templated":true}]}}