{"id":8899,"date":"2024-12-20T06:07:28","date_gmt":"2024-12-20T14:07:28","guid":{"rendered":"https:\/\/pophaw.com\/?post_type=product&#038;p=8899"},"modified":"2025-01-25T23:20:09","modified_gmt":"2025-01-26T07:20:09","slug":"monitor-digital-de-pressao-arterial-de-pulso","status":"publish","type":"product","link":"https:\/\/pophaw.com\/pt\/product\/monitor-digital-de-pressao-arterial-de-pulso\/","title":{"rendered":"Monitor digital de press\u00e3o arterial de pulso"},"content":{"rendered":"<p><span style=\"color: #000000;\">Por que \u00e9 importante ter um monitor digital de press\u00e3o arterial de pulso? A press\u00e3o arterial elevada \u00e9 um fator de risco cardiovascular significativo. Ela pode causar s\u00e9rios problemas de sa\u00fade, principalmente infarto do mioc\u00e1rdio e acidente vascular cerebral. As medi\u00e7\u00f5es di\u00e1rias podem ajud\u00e1-lo a entender como gerenciar a sa\u00fade e a hipertens\u00e3o; o acompanhamento de suas leituras pode ajudar o m\u00e9dico a monitorar o efeito do tratamento. O uso de um monitor de press\u00e3o arterial dom\u00e9stico \u00e9 f\u00e1cil e conveniente. O monitor de press\u00e3o arterial de pulso Sejoy fornece resultados r\u00e1pidos e precisos com o toque de um bot\u00e3o e monitora e observa consistentemente a press\u00e3o arterial sist\u00f3lica superior, a press\u00e3o arterial diast\u00f3lica inferior e a frequ\u00eancia card\u00edaca. Ele exibe claramente o m\u00eas, o dia, a hora e o minuto ap\u00f3s cada leitura e tamb\u00e9m exibe a m\u00e9dia das tr\u00eas \u00faltimas medi\u00e7\u00f5es em uma tela digital grande. R\u00e1pido e preciso, o monitor de press\u00e3o arterial tem um armazenamento de mem\u00f3ria maior, de at\u00e9 120 mem\u00f3rias para um usu\u00e1rio. Esse monitor dom\u00e9stico de press\u00e3o arterial de pulso \u00e9 leve, port\u00e1til, conveniente e simples de usar. Ideal quando voc\u00ea deseja verificar sua press\u00e3o arterial em qualquer lugar.<\/span><\/p>\n<ul>\n<li><span style=\"color: #000000;\"><b>Clinicamente preciso<\/b>: Os monitores de press\u00e3o arterial dom\u00e9sticos da Sejoy usam o m\u00e9todo oscilom\u00e9trico de medi\u00e7\u00e3o, fornecendo a medi\u00e7\u00e3o da press\u00e3o arterial e da frequ\u00eancia de pulso com uma medi\u00e7\u00e3o precisa e de alta precis\u00e3o.<\/span><\/li>\n<li><span style=\"color: #000000;\"><b>Totalmente autom\u00e1tico<\/b>: Para facilitar a opera\u00e7\u00e3o, o monitor de press\u00e3o arterial come\u00e7a a funcionar e obt\u00e9m os resultados da press\u00e3o arterial e dos batimentos card\u00edacos com um simples toque no bot\u00e3o; a leitura aparecer\u00e1 no visor em meio minuto, tornando o monitoramento simples, r\u00e1pido e f\u00e1cil.<\/span><\/li>\n<li><span style=\"color: #000000;\"><b>Indicador de status de sa\u00fade<\/b>: Ao medir a press\u00e3o arterial, o monitor tem um indicador de classifica\u00e7\u00e3o da press\u00e3o arterial da Organiza\u00e7\u00e3o Mundial da Sa\u00fade para fornecer a leitura mais precisa. Ele tamb\u00e9m detecta sua frequ\u00eancia card\u00edaca e o alertar\u00e1 se for detectado algum batimento card\u00edaco irregular.<\/span><\/li>\n<li><span style=\"color: #000000;\"><b>Modo de 2 usu\u00e1rios<\/b>: Esse aparelho de press\u00e3o arterial armazena at\u00e9 60 medi\u00e7\u00f5es independentes para cada usu\u00e1rio com data e hora, exibindo a m\u00e9dia das \u00faltimas 3 leituras. A fun\u00e7\u00e3o de mem\u00f3ria permite que voc\u00ea acompanhe seu estado de sa\u00fade; \u00e9 poss\u00edvel recuperar a mem\u00f3ria pressionando o bot\u00e3o \u201cM.\u201d.<\/span><\/li>\n<li><span style=\"color: #000000;\"><b>Punho grande ajust\u00e1vel<\/b>: Nosso monitor eletr\u00f4nico de press\u00e3o arterial \u00e9 equipado com um manguito de pulso ajust\u00e1vel, adequado para pessoas com circunfer\u00eancias de pulso de 5,3 a 8,5 polegadas, que se adapta \u00e0 maioria dos adultos.<\/span><\/li>\n<li><span style=\"color: #000000;\"><b>Design port\u00e1til<\/b>: Design simples e requintado com um estojo de transporte, proporcionando excel\u00eancia e portabilidade para lev\u00e1-lo a qualquer lugar com voc\u00ea.<\/span><\/li>\n<\/ul>\n<div>\n<div><span style=\"color: #000000;\"><b>Tudo o que voc\u00ea precisa em um \u00fanico pacote:<\/b><\/span><\/div>\n<div>\n<ul>\n<li><span style=\"color: #000000;\">1* monitor de press\u00e3o arterial<\/span><\/li>\n<li><span style=\"color: #000000;\">1* manual do propriet\u00e1rio<\/span><\/li>\n<li><span style=\"color: #000000;\">1* estojo de armazenamento<\/span><\/li>\n<li><span style=\"color: #000000;\">2* pilhas AAA<\/span><\/li>\n<\/ul>\n<\/div>\n<\/div>","protected":false},"excerpt":{"rendered":"<p><span style=\"color: #808080;\">Ajud\u00e1-lo a entender como gerenciar a sa\u00fade e a hipertens\u00e3o<\/span><\/p>","protected":false},"featured_media":8900,"template":"","meta":{"bwfblock_default_font":"","_uag_custom_page_level_css":"","site-sidebar-layout":"default","site-content-layout":"","ast-site-content-layout":"default","site-content-style":"default","site-sidebar-style":"default","ast-global-header-display":"","ast-banner-title-visibility":"","ast-main-header-display":"","ast-hfb-above-header-display":"","ast-hfb-below-header-display":"","ast-hfb-mobile-header-display":"","site-post-title":"","ast-breadcrumbs-content":"","ast-featured-img":"","footer-sml-layout":"","ast-disable-related-posts":"","theme-transparent-header-meta":"default","adv-header-id-meta":"","stick-header-meta":"default","header-above-stick-meta":"","header-main-stick-meta":"","header-below-stick-meta":"","astra-migrate-meta-layouts":"set","ast-page-background-enabled":"default","ast-page-background-meta":{"desktop":{"background-color":"","background-image":"","background-repeat":"repeat","background-position":"center center","background-size":"auto","background-attachment":"scroll","background-type":"","background-media":"","overlay-type":"","overlay-color":"","overlay-opacity":"","overlay-gradient":""},"tablet":{"background-color":"","background-image":"","background-repeat":"repeat","background-position":"center center","background-size":"auto","background-attachment":"scroll","background-type":"","background-media":"","overlay-type":"","overlay-color":"","overlay-opacity":"","overlay-gradient":""},"mobile":{"background-color":"","background-image":"","background-repeat":"repeat","background-position":"center center","background-size":"auto","background-attachment":"scroll","background-type":"","background-media":"","overlay-type":"","overlay-color":"","overlay-opacity":"","overlay-gradient":""}},"ast-content-background-meta":{"desktop":{"background-color":"var(--ast-global-color-5)","background-image":"","background-repeat":"repeat","background-position":"center center","background-size":"auto","background-attachment":"scroll","background-type":"","background-media":"","overlay-type":"","overlay-color":"","overlay-opacity":"","overlay-gradient":""},"tablet":{"background-color":"var(--ast-global-color-5)","background-image":"","background-repeat":"repeat","background-position":"center center","background-size":"auto","background-attachment":"scroll","background-type":"","background-media":"","overlay-type":"","overlay-color":"","overlay-opacity":"","overlay-gradient":""},"mobile":{"background-color":"var(--ast-global-color-5)","background-image":"","background-repeat":"repeat","background-position":"center center","background-size":"auto","background-attachment":"scroll","background-type":"","background-media":"","overlay-type":"","overlay-color":"","overlay-opacity":"","overlay-gradient":""}}},"product_brand":[],"product_cat":[339,336,99,190],"product_tag":[],"class_list":{"0":"post-8899","1":"product","2":"type-product","3":"status-publish","4":"has-post-thumbnail","6":"product_cat-monitoring","7":"product_cat-healthcare-products","8":"product_cat-home-medical-supplies","9":"product_cat-wellness-monitoring","10":"desktop-align-center","11":"tablet-align-center","12":"mobile-align-center","13":"ast-product-gallery-layout-horizontal-slider","14":"ast-magnify-disabled","15":"ast-product-tabs-layout-horizontal","17":"first","18":"instock","19":"shipping-taxable","20":"purchasable","21":"product-type-simple"},"spectra_custom_meta":{"_edit_lock":["1737876011:1"],"_edit_last":["1"],"rank_math_seo_score":["85"],"rank_math_focus_keyword":["Digital Wrist Blood Pressure Monitor"],"rank_math_description":["Digital Wrist Blood Pressure Monitor can help you understand how to manage health and hypertension, tracking your readings can help your doctor monitor the treatment effect."],"_thumbnail_id":["8900"],"_admin_notes":["https:\/\/www.ebay.com\/itm\/225452548843"],"_custom_product_field":[""],"_sku":["EB218012"],"_regular_price":["18.88"],"total_sales":["0"],"_tax_status":["taxable"],"_tax_class":[""],"_manage_stock":["no"],"_backorders":["no"],"_sold_individually":["no"],"_virtual":["no"],"_downloadable":["no"],"_download_limit":["-1"],"_download_expiry":["-1"],"_stock":[null],"_stock_status":["instock"],"_wc_average_rating":["5.00"],"_wc_review_count":["1"],"_product_version":["9.6.0"],"_price":["18.88"],"_product_image_gallery":["8901,8902,8903,8904,8905,8906,8907"],"rank_math_primary_product_cat":["339"],"site-sidebar-layout":["default"],"ast-site-content-layout":["default"],"site-content-style":["default"],"site-sidebar-style":["default"],"theme-transparent-header-meta":["default"],"stick-header-meta":["default"],"rank_math_analytic_object_id":["149"],"_wc_rating_count":["a:1:{i:5;i:1;}"],"_wc_gla_synced_at":["1773802835"],"_wc_gla_sync_status":["synced"],"_wc_gla_visibility":["sync-and-show"],"_wc_gla_google_ids":["a:1:{s:2:\"US\";s:21:\"online:en:US:gla_8899\";}"],"fb_product_item_id":["28040486152261834"],"_global_unique_id":["10888621914091"],"_wc_facebook_sync_enabled":["yes"],"fb_visibility":["yes"],"fb_product_description":[""],"_wc_facebook_product_image_source":["product"],"_wc_facebook_commerce_enabled":["no"],"rank_math_primary_product_brand":["0"],"rank_math_primary_fb_product_set":["0"],"astra-migrate-meta-layouts":["set"],"wp_statistics_words_count":["404"],"wpil_sync_report3":["1"],"wpil_links_inbound_internal_count":["0"],"wpil_links_inbound_internal_count_data":["eJxLtDKwqq4FAAZPAf4="],"wpil_links_outbound_internal_count":["0"],"wpil_links_outbound_internal_count_data":["eJxLtDKwqq4FAAZPAf4="],"wpil_links_outbound_external_count":["0"],"wpil_links_outbound_external_count_data":["eJxLtDKwqq4FAAZPAf4="],"wpil_sync_report2_time":["2025-01-27T07:29:11+00:00"],"omnisend_last_sync":["2025-05-16T11:05:10+00:00"],"surerank_settings_general":["a:7:{s:9:\"separator\";s:1:\"-\";s:10:\"page_title\";s:21:\"%title% - %site_name%\";s:25:\"auto_generate_description\";b:1;s:16:\"page_description\";s:173:\"Digital Wrist Blood Pressure Monitor can help you understand how to manage health and hypertension, tracking your readings can help your doctor monitor the treatment effect.\";s:16:\"auto_description\";s:153:\"Why is it important to have a digital wrist blood pressure monitor? High blood pressure is a significant cardiovascular risk factor. It can cause serious\";s:14:\"fallback_image\";s:0:\"\";s:13:\"canonical_url\";s:64:\"https:\/\/pophaw.com\/product\/digital-wrist-blood-pressure-monitor\/\";}"],"surerank_settings_post_no_index":["no"],"surerank_settings_post_no_follow":["no"],"surerank_settings_post_no_archive":["no"],"surerank_settings_social":["a:23:{s:15:\"open_graph_tags\";b:1;s:18:\"facebook_meta_tags\";b:1;s:17:\"twitter_meta_tags\";b:1;s:16:\"oembeded_scripts\";b:1;s:17:\"oembeded_og_title\";b:1;s:22:\"oembeded_social_images\";b:1;s:27:\"oembeded_remove_author_name\";b:1;s:17:\"facebook_page_url\";s:54:\"https:\/\/www.facebook.com\/profile.php?id=61571207938497\";s:24:\"facebook_author_fallback\";s:0:\"\";s:17:\"twitter_card_type\";s:19:\"summary_large_image\";s:24:\"twitter_same_as_facebook\";b:1;s:24:\"twitter_profile_username\";s:0:\"\";s:24:\"twitter_profile_fallback\";s:0:\"\";s:14:\"facebook_title\";s:21:\"%title% - %site_name%\";s:20:\"facebook_description\";s:9:\"%content%\";s:18:\"facebook_image_url\";s:56:\"https:\/\/pophaw.com\/wp-content\/uploads\/2024\/12\/10002.webp\";s:17:\"facebook_image_id\";i:8900;s:20:\"facebook_image_width\";i:1600;s:21:\"facebook_image_height\";i:1600;s:13:\"twitter_title\";s:21:\"%title% - %site_name%\";s:19:\"twitter_description\";s:9:\"%content%\";s:17:\"twitter_image_url\";s:56:\"https:\/\/pophaw.com\/wp-content\/uploads\/2024\/12\/10002.webp\";s:16:\"twitter_image_id\";i:8900;}"],"surerank_migration":["1"],"astra_style_timestamp_css":["1775174927"],"wwpp_product_wholesale_visibility_filter":["all"],"_uag_css_file_name":["uag-css-8899.css"],"rank_math_internal_links_processed":["1"],"_uag_page_assets":["a:9:{s:3:\"css\";s:263:\".uag-blocks-common-selector{z-index:var(--z-index-desktop) !important}@media (max-width: 976px){.uag-blocks-common-selector{z-index:var(--z-index-tablet) !important}}@media (max-width: 767px){.uag-blocks-common-selector{z-index:var(--z-index-mobile) !important}}\n\";s:2:\"js\";s:0:\"\";s:18:\"current_block_list\";a:15:{i:0;s:23:\"surecart\/slide-out-cart\";i:1;s:30:\"surecart\/slide-out-cart-header\";i:2;s:29:\"surecart\/slide-out-cart-items\";i:3;s:30:\"surecart\/slide-out-cart-coupon\";i:4;s:32:\"surecart\/slide-out-cart-subtotal\";i:5;s:38:\"surecart\/slide-out-cart-bump-line-item\";i:6;s:30:\"surecart\/slide-out-cart-submit\";i:7;s:11:\"core\/search\";i:8;s:10:\"core\/group\";i:9;s:12:\"core\/heading\";i:10;s:17:\"core\/latest-posts\";i:11;s:20:\"core\/latest-comments\";i:12;s:13:\"core\/archives\";i:13;s:15:\"core\/categories\";i:14;s:14:\"core\/shortcode\";}s:8:\"uag_flag\";b:0;s:11:\"uag_version\";s:10:\"1775168599\";s:6:\"gfonts\";a:0:{}s:10:\"gfonts_url\";s:0:\"\";s:12:\"gfonts_files\";a:0:{}s:14:\"uag_faq_layout\";b:0;}"],"_wc_gla_mc_status":["approved"]},"uagb_featured_image_src":{"full":["https:\/\/pophaw.com\/wp-content\/uploads\/2024\/12\/10002.webp",1600,1600,false],"thumbnail":["https:\/\/pophaw.com\/wp-content\/uploads\/2024\/12\/10002-150x150.webp",150,150,true],"medium":["https:\/\/pophaw.com\/wp-content\/uploads\/2024\/12\/10002-300x300.webp",300,300,true],"medium_large":["https:\/\/pophaw.com\/wp-content\/uploads\/2024\/12\/10002-768x768.webp",768,768,true],"large":["https:\/\/pophaw.com\/wp-content\/uploads\/2024\/12\/10002-1024x1024.webp",1024,1024,true],"ryviu-small":["https:\/\/pophaw.com\/wp-content\/uploads\/2024\/12\/10002.webp",40,40,false],"ryviu-medium":["https:\/\/pophaw.com\/wp-content\/uploads\/2024\/12\/10002.webp",132,132,false],"1536x1536":["https:\/\/pophaw.com\/wp-content\/uploads\/2024\/12\/10002-1536x1536.webp",1536,1536,true],"2048x2048":["https:\/\/pophaw.com\/wp-content\/uploads\/2024\/12\/10002.webp",1600,1600,false],"trp-custom-language-flag":["https:\/\/pophaw.com\/wp-content\/uploads\/2024\/12\/10002.webp",12,12,false],"woocommerce_thumbnail":["https:\/\/pophaw.com\/wp-content\/uploads\/2024\/12\/10002-300x300.webp",300,300,true],"woocommerce_single":["https:\/\/pophaw.com\/wp-content\/uploads\/2024\/12\/10002-600x600.webp",600,600,true],"woocommerce_gallery_thumbnail":["https:\/\/pophaw.com\/wp-content\/uploads\/2024\/12\/10002-100x100.webp",100,100,true]},"uagb_author_info":{"display_name":"Dr. Rowan","author_link":"https:\/\/pophaw.com\/pt\/author\/"},"uagb_comment_info":1,"uagb_excerpt":"Help you understand how to manage health and hypertension","_links":{"self":[{"href":"https:\/\/pophaw.com\/pt\/wp-json\/wp\/v2\/product\/8899","targetHints":{"allow":["GET"]}}],"collection":[{"href":"https:\/\/pophaw.com\/pt\/wp-json\/wp\/v2\/product"}],"about":[{"href":"https:\/\/pophaw.com\/pt\/wp-json\/wp\/v2\/types\/product"}],"wp:featuredmedia":[{"embeddable":true,"href":"https:\/\/pophaw.com\/pt\/wp-json\/wp\/v2\/media\/8900"}],"wp:attachment":[{"href":"https:\/\/pophaw.com\/pt\/wp-json\/wp\/v2\/media?parent=8899"}],"wp:term":[{"taxonomy":"product_brand","embeddable":true,"href":"https:\/\/pophaw.com\/pt\/wp-json\/wp\/v2\/product_brand?post=8899"},{"taxonomy":"product_cat","embeddable":true,"href":"https:\/\/pophaw.com\/pt\/wp-json\/wp\/v2\/product_cat?post=8899"},{"taxonomy":"product_tag","embeddable":true,"href":"https:\/\/pophaw.com\/pt\/wp-json\/wp\/v2\/product_tag?post=8899"}],"curies":[{"name":"wp","href":"https:\/\/api.w.org\/{rel}","templated":true}]}}