{"id":9304,"date":"2024-12-22T04:00:18","date_gmt":"2024-12-22T12:00:18","guid":{"rendered":"https:\/\/pophaw.com\/?post_type=product&#038;p=9304"},"modified":"2025-01-25T23:22:00","modified_gmt":"2025-01-26T07:22:00","slug":"estojo-de-viagem-para-nebulizador-portatil-de-mao-somente-o-estojo","status":"publish","type":"product","link":"https:\/\/pophaw.com\/pt\/product\/estojo-de-viagem-para-nebulizador-portatil-de-mao-somente-o-estojo\/","title":{"rendered":"Estojo de viagem para nebulizador port\u00e1til de m\u00e3o (somente o estojo)"},"content":{"rendered":"<div>\n<h1><span style=\"font-size: 14pt;\">Estojo de viagem para nebulizador port\u00e1til de m\u00e3o para adultos e crian\u00e7as<\/span><\/h1>\n<div>\n<p>Este estojo de viagem simples e pr\u00e1tico para nebulizador port\u00e1til protege o nebulizador, a m\u00e1scara e outros acess\u00f3rios contra choques, arranh\u00f5es e batidas. Feito de PU e revestimento de EVA r\u00edgido, \u00e9 dur\u00e1vel e leve. Vem com uma al\u00e7a de silicone para facilitar o transporte em qualquer lugar, tornando sua vida mais f\u00e1cil e port\u00e1til.<\/p>\n<\/div>\n<\/div>\n<div>\n<div>\n<div>\n<div>\n<div>\n<div>\n<div>\n<div>\n<ol>\n<li>\n<div>\n<div>\n<h1><span style=\"font-size: 14pt;\">Compat\u00edvel com<\/span><\/h1>\n<p>Nebulizador port\u00e1til M\u00e1quina de nebuliza\u00e7\u00e3o port\u00e1til para adultos e crian\u00e7as<\/p>\n<p>M\u00e1scara, medicamento, inalador, cabo USB e outros acess\u00f3rios<\/p>\n<p>(Somente caso!!)<\/p>\n<\/div>\n<\/div>\n<\/li>\n<li>\n<div>\n<div>\n<h1><span style=\"font-size: 14pt;\">Tamanho do produto<\/span><\/h1>\n<p>Dimens\u00e3o externa: 8,75 x 4,85 x 2,81 polegadas (C * L * A).<\/p>\n<p>Compatibilidade perfeita com inaladores pessoais para asma, nebulizadores e cabos USB, compacto e port\u00e1til, sem ocupar espa\u00e7o.<\/p>\n<\/div>\n<\/div>\n<\/li>\n<\/ol>\n<\/div>\n<\/div>\n<\/div>\n<\/div>\n<\/div>\n<\/div>\n<\/div>\n<\/div>\n<div>\n<div>\n<div>\n<div>\n<div>\n<div>\n<div>\n<div>\n<ol>\n<li>\n<div>\n<div>\n<h1><span style=\"font-size: 14pt;\">Prote\u00e7\u00e3o total<\/span><\/h1>\n<p>A bolsa port\u00e1til para nebulizador \u00e9 feita de material pu e revestimento em EVA r\u00edgido premium, \u00e9 semirresistente \u00e0 \u00e1gua, resistente a quedas e f\u00e1cil de limpar. Em seu interior, h\u00e1 um forro macio para amortecer e evitar danos \u00e0 m\u00e1quina de nebuliza\u00e7\u00e3o. Ela oferece uma gama completa de prote\u00e7\u00e3o para o nebulizador port\u00e1til apowus.<\/p>\n<\/div>\n<\/div>\n<\/li>\n<li>\n<div>\n<div>\n<h1><span style=\"font-size: 14pt;\">Como um presente<\/span><\/h1>\n<p>O estojo compacto e port\u00e1til para nebulizador \u00e9 f\u00e1cil de transportar e muito adequado para casa, viagens, acampamentos ao ar livre e neg\u00f3cios. A bolsa para m\u00e1quina de nebuliza\u00e7\u00e3o asm\u00e1tica tamb\u00e9m \u00e9 o melhor presente para o Dia de A\u00e7\u00e3o de Gra\u00e7as, Natal, Ano Novo, Dia da Lembran\u00e7a, Anivers\u00e1rio, Dia dos Pais e Dia das M\u00e3es.<\/p>\n<\/div>\n<\/div>\n<\/li>\n<\/ol>\n<\/div>\n<\/div>\n<\/div>\n<\/div>\n<\/div>\n<\/div>\n<\/div>\n<\/div>\n<div>\n<div>\n<h1><span style=\"font-size: 14pt;\">Design simples e pr\u00e1tico<\/span><\/h1>\n<div>\n<p>O espa\u00e7o de armazenamento do bolso interno de malha mant\u00e9m os itens bem organizados. O el\u00e1stico embutido pode fixar o nebulizador port\u00e1til para crian\u00e7as e adultos. Um z\u00edper duplo permite que voc\u00ea remova ou coloque facilmente o nebulizador dornvap da caixa compacta e port\u00e1til da m\u00e1quina de nebuliza\u00e7\u00e3o.<\/p>\n<\/div>\n<\/div>\n<\/div>\n<div>\n<div>\n<div>\n<p>\u00c9 fornecido com um design de al\u00e7a de silicone, proporcionando um transporte confort\u00e1vel a qualquer hora e em qualquer lugar. Voc\u00ea pode segurar o suporte port\u00e1til para nebulizador na m\u00e3o, pendur\u00e1-lo na bolsa ou coloc\u00e1-lo na mochila.<\/p>\n<\/div>\n<\/div>\n<\/div>\n<div>\n<div>\n<div>\n<p>O suporte port\u00e1til para armazenamento de nebulizadores \u00e9 leve e port\u00e1til. Ele pode proteger perfeitamente seu nebulizador port\u00e1til de malha em casa, em viagens curtas ou em atividades ao ar livre. N\u00e3o se preocupe em danificar o nebulizador port\u00e1til de malha.<\/p>\n<\/div>\n<\/div>\n<\/div>","protected":false},"excerpt":{"rendered":"<p>Bolsa para nebulizador port\u00e1til para viagem Design finoPresente ideal para qualquer ocasi\u00e3o<\/p>","protected":false},"featured_media":9305,"template":"","meta":{"bwfblock_default_font":"","_uag_custom_page_level_css":"","site-sidebar-layout":"default","site-content-layout":"","ast-site-content-layout":"default","site-content-style":"default","site-sidebar-style":"default","ast-global-header-display":"","ast-banner-title-visibility":"","ast-main-header-display":"","ast-hfb-above-header-display":"","ast-hfb-below-header-display":"","ast-hfb-mobile-header-display":"","site-post-title":"","ast-breadcrumbs-content":"","ast-featured-img":"","footer-sml-layout":"","ast-disable-related-posts":"","theme-transparent-header-meta":"default","adv-header-id-meta":"","stick-header-meta":"default","header-above-stick-meta":"","header-main-stick-meta":"","header-below-stick-meta":"","astra-migrate-meta-layouts":"set","ast-page-background-enabled":"default","ast-page-background-meta":{"desktop":{"background-color":"","background-image":"","background-repeat":"repeat","background-position":"center center","background-size":"auto","background-attachment":"scroll","background-type":"","background-media":"","overlay-type":"","overlay-color":"","overlay-opacity":"","overlay-gradient":""},"tablet":{"background-color":"","background-image":"","background-repeat":"repeat","background-position":"center center","background-size":"auto","background-attachment":"scroll","background-type":"","background-media":"","overlay-type":"","overlay-color":"","overlay-opacity":"","overlay-gradient":""},"mobile":{"background-color":"","background-image":"","background-repeat":"repeat","background-position":"center center","background-size":"auto","background-attachment":"scroll","background-type":"","background-media":"","overlay-type":"","overlay-color":"","overlay-opacity":"","overlay-gradient":""}},"ast-content-background-meta":{"desktop":{"background-color":"var(--ast-global-color-5)","background-image":"","background-repeat":"repeat","background-position":"center center","background-size":"auto","background-attachment":"scroll","background-type":"","background-media":"","overlay-type":"","overlay-color":"","overlay-opacity":"","overlay-gradient":""},"tablet":{"background-color":"var(--ast-global-color-5)","background-image":"","background-repeat":"repeat","background-position":"center center","background-size":"auto","background-attachment":"scroll","background-type":"","background-media":"","overlay-type":"","overlay-color":"","overlay-opacity":"","overlay-gradient":""},"mobile":{"background-color":"var(--ast-global-color-5)","background-image":"","background-repeat":"repeat","background-position":"center center","background-size":"auto","background-attachment":"scroll","background-type":"","background-media":"","overlay-type":"","overlay-color":"","overlay-opacity":"","overlay-gradient":""}}},"product_brand":[73],"product_cat":[342,336,310,305],"product_tag":[],"class_list":{"0":"post-9304","1":"product","2":"type-product","3":"status-publish","4":"has-post-thumbnail","6":"product_brand-pophaw","7":"product_cat-respiratory-care","8":"product_cat-healthcare-products","9":"product_cat-nebulizers-inhalers","10":"product_cat-respiratory-care-products","11":"desktop-align-center","12":"tablet-align-center","13":"mobile-align-center","14":"ast-product-gallery-layout-horizontal-slider","15":"ast-magnify-disabled","16":"ast-product-tabs-layout-horizontal","18":"first","19":"instock","20":"shipping-taxable","21":"purchasable","22":"product-type-simple"},"spectra_custom_meta":{"_edit_lock":["1737876122:1"],"_edit_last":["1"],"rank_math_seo_score":["85"],"rank_math_focus_keyword":["Travel Case"],"rank_math_description":["This simple and practical handheld nebulizer travel case protects your nebulizer, mask, and other accessories from any bumps, scrapes, and knocks."],"_thumbnail_id":["9305"],"_admin_notes":["https:\/\/www.ebay.com\/itm\/156483743732"],"_custom_product_field":[""],"_regular_price":["25.99"],"total_sales":["0"],"_tax_status":["taxable"],"_tax_class":[""],"_manage_stock":["no"],"_backorders":["no"],"_sold_individually":["no"],"_virtual":["no"],"_downloadable":["no"],"_download_limit":["-1"],"_download_expiry":["-1"],"_stock":[null],"_stock_status":["instock"],"_wc_average_rating":["0"],"_wc_review_count":["0"],"_product_version":["9.6.0"],"_price":["25.99"],"_product_image_gallery":["9311,9306,9307,9308,9309,9310,9312"],"rank_math_primary_product_cat":["342"],"rank_math_primary_product_brand":["73"],"site-sidebar-layout":["default"],"ast-site-content-layout":["default"],"site-content-style":["default"],"site-sidebar-style":["default"],"theme-transparent-header-meta":["default"],"stick-header-meta":["default"],"rank_math_analytic_object_id":["170"],"_sku":["EB218017"],"_wc_gla_synced_at":["1773802835"],"_wc_gla_sync_status":["synced"],"_wc_gla_visibility":["sync-and-show"],"_wc_gla_google_ids":["a:1:{s:2:\"US\";s:21:\"online:en:US:gla_9304\";}"],"fb_product_item_id":["9517135498317334"],"_global_unique_id":["17841900187299"],"_wc_facebook_sync_enabled":["yes"],"fb_visibility":["yes"],"fb_product_description":[""],"_wc_facebook_product_image_source":["product"],"_wc_facebook_commerce_enabled":["no"],"rank_math_primary_fb_product_set":["0"],"astra-migrate-meta-layouts":["set"],"wp_statistics_words_count":["310"],"wpil_sync_report3":["1"],"wpil_links_inbound_internal_count":["0"],"wpil_links_inbound_internal_count_data":["eJxLtDKwqq4FAAZPAf4="],"wpil_links_outbound_internal_count":["0"],"wpil_links_outbound_internal_count_data":["eJxLtDKwqq4FAAZPAf4="],"wpil_links_outbound_external_count":["0"],"wpil_links_outbound_external_count_data":["eJxLtDKwqq4FAAZPAf4="],"wpil_sync_report2_time":["2025-01-27T07:29:10+00:00"],"omnisend_last_sync":["2025-05-16T11:05:10+00:00"],"surerank_settings_general":["a:7:{s:9:\"separator\";s:1:\"-\";s:10:\"page_title\";s:21:\"%title% - %site_name%\";s:25:\"auto_generate_description\";b:1;s:16:\"page_description\";s:146:\"This simple and practical handheld nebulizer travel case protects your nebulizer, mask, and other accessories from any bumps, scrapes, and knocks.\";s:16:\"auto_description\";s:155:\"Travel Case for Portable Handheld Nebulizer for Adults and Kids This simple and practical handheld nebulizer travel case protects your nebulizer, mask, and\";s:14:\"fallback_image\";s:0:\"\";s:13:\"canonical_url\";s:81:\"https:\/\/pophaw.com\/product\/travel-case-for-portable-handheld-nebulizer-case-only\/\";}"],"surerank_settings_post_no_index":["no"],"surerank_settings_post_no_follow":["no"],"surerank_settings_post_no_archive":["no"],"surerank_settings_social":["a:23:{s:15:\"open_graph_tags\";b:1;s:18:\"facebook_meta_tags\";b:1;s:17:\"twitter_meta_tags\";b:1;s:16:\"oembeded_scripts\";b:1;s:17:\"oembeded_og_title\";b:1;s:22:\"oembeded_social_images\";b:1;s:27:\"oembeded_remove_author_name\";b:1;s:17:\"facebook_page_url\";s:54:\"https:\/\/www.facebook.com\/profile.php?id=61571207938497\";s:24:\"facebook_author_fallback\";s:0:\"\";s:17:\"twitter_card_type\";s:19:\"summary_large_image\";s:24:\"twitter_same_as_facebook\";b:1;s:24:\"twitter_profile_username\";s:0:\"\";s:24:\"twitter_profile_fallback\";s:0:\"\";s:14:\"facebook_title\";s:21:\"%title% - %site_name%\";s:20:\"facebook_description\";s:9:\"%content%\";s:18:\"facebook_image_url\";s:64:\"https:\/\/pophaw.com\/wp-content\/uploads\/2024\/12\/Travel-Case_1.webp\";s:17:\"facebook_image_id\";i:9305;s:20:\"facebook_image_width\";i:1600;s:21:\"facebook_image_height\";i:1600;s:13:\"twitter_title\";s:21:\"%title% - %site_name%\";s:19:\"twitter_description\";s:9:\"%content%\";s:17:\"twitter_image_url\";s:64:\"https:\/\/pophaw.com\/wp-content\/uploads\/2024\/12\/Travel-Case_1.webp\";s:16:\"twitter_image_id\";i:9305;}"],"surerank_migration":["1"],"astra_style_timestamp_css":["1775192991"],"wwpp_product_wholesale_visibility_filter":["all"],"_uag_css_file_name":["uag-css-9304.css"],"rank_math_internal_links_processed":["1"],"_uag_page_assets":["a:9:{s:3:\"css\";s:0:\"\";s:2:\"js\";s:0:\"\";s:18:\"current_block_list\";a:15:{i:0;s:23:\"surecart\/slide-out-cart\";i:1;s:30:\"surecart\/slide-out-cart-header\";i:2;s:29:\"surecart\/slide-out-cart-items\";i:3;s:30:\"surecart\/slide-out-cart-coupon\";i:4;s:32:\"surecart\/slide-out-cart-subtotal\";i:5;s:38:\"surecart\/slide-out-cart-bump-line-item\";i:6;s:30:\"surecart\/slide-out-cart-submit\";i:7;s:11:\"core\/search\";i:8;s:10:\"core\/group\";i:9;s:12:\"core\/heading\";i:10;s:17:\"core\/latest-posts\";i:11;s:20:\"core\/latest-comments\";i:12;s:13:\"core\/archives\";i:13;s:15:\"core\/categories\";i:14;s:14:\"core\/shortcode\";}s:8:\"uag_flag\";b:0;s:11:\"uag_version\";s:10:\"1775168599\";s:6:\"gfonts\";a:0:{}s:10:\"gfonts_url\";s:0:\"\";s:12:\"gfonts_files\";a:0:{}s:14:\"uag_faq_layout\";b:0;}"],"_wc_gla_mc_status":["approved"]},"uagb_featured_image_src":{"full":["https:\/\/pophaw.com\/wp-content\/uploads\/2024\/12\/Travel-Case_1.webp",1600,1600,false],"thumbnail":["https:\/\/pophaw.com\/wp-content\/uploads\/2024\/12\/Travel-Case_1-150x150.webp",150,150,true],"medium":["https:\/\/pophaw.com\/wp-content\/uploads\/2024\/12\/Travel-Case_1-300x300.webp",300,300,true],"medium_large":["https:\/\/pophaw.com\/wp-content\/uploads\/2024\/12\/Travel-Case_1-768x768.webp",768,768,true],"large":["https:\/\/pophaw.com\/wp-content\/uploads\/2024\/12\/Travel-Case_1-1024x1024.webp",1024,1024,true],"ryviu-small":["https:\/\/pophaw.com\/wp-content\/uploads\/2024\/12\/Travel-Case_1.webp",40,40,false],"ryviu-medium":["https:\/\/pophaw.com\/wp-content\/uploads\/2024\/12\/Travel-Case_1.webp",132,132,false],"1536x1536":["https:\/\/pophaw.com\/wp-content\/uploads\/2024\/12\/Travel-Case_1-1536x1536.webp",1536,1536,true],"2048x2048":["https:\/\/pophaw.com\/wp-content\/uploads\/2024\/12\/Travel-Case_1.webp",1600,1600,false],"trp-custom-language-flag":["https:\/\/pophaw.com\/wp-content\/uploads\/2024\/12\/Travel-Case_1.webp",12,12,false],"woocommerce_thumbnail":["https:\/\/pophaw.com\/wp-content\/uploads\/2024\/12\/Travel-Case_1-300x300.webp",300,300,true],"woocommerce_single":["https:\/\/pophaw.com\/wp-content\/uploads\/2024\/12\/Travel-Case_1-600x600.webp",600,600,true],"woocommerce_gallery_thumbnail":["https:\/\/pophaw.com\/wp-content\/uploads\/2024\/12\/Travel-Case_1-100x100.webp",100,100,true]},"uagb_author_info":{"display_name":"Dr. Rowan","author_link":"https:\/\/pophaw.com\/pt\/author\/"},"uagb_comment_info":0,"uagb_excerpt":"Portable Nebulizer Bag for Travel Slim DesignIdeal Gift for Any Occasion","_links":{"self":[{"href":"https:\/\/pophaw.com\/pt\/wp-json\/wp\/v2\/product\/9304","targetHints":{"allow":["GET"]}}],"collection":[{"href":"https:\/\/pophaw.com\/pt\/wp-json\/wp\/v2\/product"}],"about":[{"href":"https:\/\/pophaw.com\/pt\/wp-json\/wp\/v2\/types\/product"}],"wp:featuredmedia":[{"embeddable":true,"href":"https:\/\/pophaw.com\/pt\/wp-json\/wp\/v2\/media\/9305"}],"wp:attachment":[{"href":"https:\/\/pophaw.com\/pt\/wp-json\/wp\/v2\/media?parent=9304"}],"wp:term":[{"taxonomy":"product_brand","embeddable":true,"href":"https:\/\/pophaw.com\/pt\/wp-json\/wp\/v2\/product_brand?post=9304"},{"taxonomy":"product_cat","embeddable":true,"href":"https:\/\/pophaw.com\/pt\/wp-json\/wp\/v2\/product_cat?post=9304"},{"taxonomy":"product_tag","embeddable":true,"href":"https:\/\/pophaw.com\/pt\/wp-json\/wp\/v2\/product_tag?post=9304"}],"curies":[{"name":"wp","href":"https:\/\/api.w.org\/{rel}","templated":true}]}}