{"id":9313,"date":"2024-12-22T04:52:35","date_gmt":"2024-12-22T12:52:35","guid":{"rendered":"https:\/\/pophaw.com\/?post_type=product&#038;p=9313"},"modified":"2025-03-15T07:52:59","modified_gmt":"2025-03-15T14:52:59","slug":"gerador-de-garrafa-de-agua-de-hidrogenio","status":"publish","type":"product","link":"https:\/\/pophaw.com\/pt\/product\/gerador-de-garrafa-de-agua-de-hidrogenio\/","title":{"rendered":"Gerador de hidrog\u00eanio para garrafa de \u00e1gua"},"content":{"rendered":"<ul class=\"a-unordered-list a-vertical a-spacing-mini\">\n<li class=\"a-spacing-mini\"><span class=\"a-list-item\">3 minutos para mudar completamente o efeito de hidrata\u00e7\u00e3o: O gerador de \u00e1gua com hidrog\u00eanio usa a avan\u00e7ada tecnologia de separa\u00e7\u00e3o de hidrog\u00eanio e oxig\u00eanio SPE PEM. Ele converte a \u00e1gua em \u00e1gua alcalina com uma alta concentra\u00e7\u00e3o de 2000 ppb de \u00edons de hidrog\u00eanio, e cada gole de \u00e1gua pode repor a energia. Adequado para quem precisa de uma boa hidrata\u00e7\u00e3o durante a pr\u00e1tica de esportes, em casa, no trabalho ou em viagens.<\/span><\/li>\n<li class=\"a-spacing-mini\"><span class=\"a-list-item\">Efeito antioxidante: as garrafas de \u00e1gua com hidrog\u00eanio fornecem \u00e1gua pot\u00e1vel de alta qualidade infundida com hidrog\u00eanio, que \u00e9 bem conhecido por suas propriedades antioxidantes. A ingest\u00e3o regular de \u00e1gua rica em hidrog\u00eanio pode reduzir efetivamente as rea\u00e7\u00f5es de oxida\u00e7\u00e3o no corpo, antienvelhecimento, beleza, promover o metabolismo e aumentar a imunidade. (Observa\u00e7\u00e3o: evite adicionar fontes de \u00e1gua n\u00e3o eletrolisadas, como suco, leite e ch\u00e1\uff09.<\/span><\/li>\n<li class=\"a-spacing-mini\"><span class=\"a-list-item\">MATERIAL \u00c0 PROVA DE VAZAMENTOS E DE GRAU ALIMENT\u00cdCIO: Nossa garrafa de \u00e1gua de hidrog\u00eanio \u00e9 feita de vidro de borosilicato premium com ingredientes de grau aliment\u00edcio e n\u00e3o cont\u00e9m subst\u00e2ncias nocivas, garantindo durabilidade e seguran\u00e7a. A tampa apresenta um design de fechamento seguro e um anel de veda\u00e7\u00e3o espesso, proporcionando uma veda\u00e7\u00e3o s\u00f3lida para manter a concentra\u00e7\u00e3o de hidrog\u00eanio no interior. Diga adeus \u00e0s preocupa\u00e7\u00f5es com vazamentos e concentre-se em aproveitar a \u00e1gua refrescante e rica em antioxidantes onde quer que esteja.<\/span><\/li>\n<li class=\"a-spacing-mini\"><span class=\"a-list-item\">Garrafa de \u00e1gua de hidrog\u00eanio de grande capacidade de 14 oz: Com um design elegante e bonito e uma almofada EVE antiderrapante para estabilidade, ela \u00e9 moderna e pr\u00e1tica. Com carregamento USB eficiente e conveniente, voc\u00ea pode desfrutar de \u00e1gua rica em hidrog\u00eanio a qualquer hora e em qualquer lugar, seja fazendo exerc\u00edcios, viajando ou no escrit\u00f3rio. Com uma capacidade de at\u00e9 14,2 on\u00e7as, manter-se hidratado \u00e9 f\u00e1cil.<\/span><\/li>\n<li class=\"a-spacing-mini\"><span class=\"a-list-item\">Presente perfeito para a sa\u00fade: O consumo prolongado de \u00e1gua rica em hidrog\u00eanio pode ajudar seus entes queridos a experimentar um metabolismo aprimorado, defesa imunol\u00f3gica melhorada, melhor qualidade do sono, recupera\u00e7\u00e3o muscular aprimorada e envelhecimento retardado. As garrafas de \u00e1gua com hidrog\u00eanio s\u00e3o perfeitas para qualquer ocasi\u00e3o, seja anivers\u00e1rio, Natal ou Ano Novo. D\u00ea aos seus entes queridos um presente de sa\u00fade e bem-estar com nossos copos de hidrog\u00eanio para a sa\u00fade e deixe que eles saibam que a sa\u00fade deles \u00e9 o seu maior desejo.<\/span><\/li>\n<\/ul>","protected":false},"excerpt":{"rendered":"<p>Adequado para presentear<\/p>","protected":false},"featured_media":9314,"template":"","meta":{"bwfblock_default_font":"","_uag_custom_page_level_css":"","site-sidebar-layout":"default","site-content-layout":"","ast-site-content-layout":"default","site-content-style":"default","site-sidebar-style":"default","ast-global-header-display":"","ast-banner-title-visibility":"","ast-main-header-display":"","ast-hfb-above-header-display":"","ast-hfb-below-header-display":"","ast-hfb-mobile-header-display":"","site-post-title":"","ast-breadcrumbs-content":"","ast-featured-img":"","footer-sml-layout":"","ast-disable-related-posts":"","theme-transparent-header-meta":"default","adv-header-id-meta":"","stick-header-meta":"default","header-above-stick-meta":"","header-main-stick-meta":"","header-below-stick-meta":"","astra-migrate-meta-layouts":"set","ast-page-background-enabled":"default","ast-page-background-meta":{"desktop":{"background-color":"","background-image":"","background-repeat":"repeat","background-position":"center center","background-size":"auto","background-attachment":"scroll","background-type":"","background-media":"","overlay-type":"","overlay-color":"","overlay-opacity":"","overlay-gradient":""},"tablet":{"background-color":"","background-image":"","background-repeat":"repeat","background-position":"center center","background-size":"auto","background-attachment":"scroll","background-type":"","background-media":"","overlay-type":"","overlay-color":"","overlay-opacity":"","overlay-gradient":""},"mobile":{"background-color":"","background-image":"","background-repeat":"repeat","background-position":"center center","background-size":"auto","background-attachment":"scroll","background-type":"","background-media":"","overlay-type":"","overlay-color":"","overlay-opacity":"","overlay-gradient":""}},"ast-content-background-meta":{"desktop":{"background-color":"var(--ast-global-color-5)","background-image":"","background-repeat":"repeat","background-position":"center center","background-size":"auto","background-attachment":"scroll","background-type":"","background-media":"","overlay-type":"","overlay-color":"","overlay-opacity":"","overlay-gradient":""},"tablet":{"background-color":"var(--ast-global-color-5)","background-image":"","background-repeat":"repeat","background-position":"center center","background-size":"auto","background-attachment":"scroll","background-type":"","background-media":"","overlay-type":"","overlay-color":"","overlay-opacity":"","overlay-gradient":""},"mobile":{"background-color":"var(--ast-global-color-5)","background-image":"","background-repeat":"repeat","background-position":"center center","background-size":"auto","background-attachment":"scroll","background-type":"","background-media":"","overlay-type":"","overlay-color":"","overlay-opacity":"","overlay-gradient":""}}},"product_brand":[73],"product_cat":[342,336,311,305],"product_tag":[],"class_list":{"0":"post-9313","1":"product","2":"type-product","3":"status-publish","4":"has-post-thumbnail","6":"product_brand-pophaw","7":"product_cat-respiratory-care","8":"product_cat-healthcare-products","9":"product_cat-oxygen-concentrators","10":"product_cat-respiratory-care-products","11":"desktop-align-center","12":"tablet-align-center","13":"mobile-align-center","14":"ast-product-gallery-layout-horizontal-slider","15":"ast-magnify-disabled","16":"ast-product-tabs-layout-horizontal","18":"first","19":"instock","20":"shipping-taxable","21":"purchasable","22":"product-type-simple"},"spectra_custom_meta":{"_edit_lock":["1737876140:1"],"_edit_last":["1"],"rank_math_seo_score":["93"],"rank_math_focus_keyword":["Hydrogen Water Bottle"],"rank_math_description":["Hydrogen water bottles provide high-quality drinking water infused with hydrogen, which is well known for its antioxidant properties."],"_thumbnail_id":["9314"],"_admin_notes":["https:\/\/www.alibaba.com\/product-detail\/Custom-Logo-Portable-Usb-Rechargeable-Hydrogen_1601095871531.html?xp=7x6stEa2MdzQ11Rmt7sqbm_VGkJb42DimOX0DUtNFsVZCrujqqh84XmNXmP4lciDEADqi1Qp4fvOxPkFt8U0tE_Y4s1RhK8MqORNcsnMWPE&cps_sk=lksj3ojd&bm=cps&src=saf&url=httpswww.alibaba.comproduct-detailCustom-Logo-Portable-Usb-Rechargeable-Hydrogen_1601095871531.html"],"_custom_product_field":[""],"_sku":["PH11335006"],"_regular_price":["25.99"],"total_sales":["0"],"_tax_status":["taxable"],"_tax_class":[""],"_manage_stock":["no"],"_backorders":["no"],"_sold_individually":["no"],"_virtual":["no"],"_downloadable":["no"],"_download_limit":["-1"],"_download_expiry":["-1"],"_stock":[null],"_stock_status":["instock"],"_wc_average_rating":["4.25"],"_wc_review_count":["5"],"_product_version":["9.7.1"],"_price":["25.99"],"_product_image_gallery":["9315,9316,9317,9318,9319,9320,9321"],"rank_math_primary_product_cat":["342"],"rank_math_primary_product_brand":["73"],"site-sidebar-layout":["default"],"ast-site-content-layout":["default"],"site-content-style":["default"],"site-sidebar-style":["default"],"theme-transparent-header-meta":["default"],"stick-header-meta":["default"],"rank_math_analytic_object_id":["171"],"_wc_rating_count":["a:2:{i:2;i:1;i:5;i:3;}"],"_wc_gla_synced_at":["1773802835"],"_wc_gla_sync_status":["synced"],"_wc_gla_visibility":["sync-and-show"],"_wc_gla_google_ids":["a:1:{s:2:\"US\";s:21:\"online:en:US:gla_9313\";}"],"fb_product_item_id":["9091351210928409"],"_global_unique_id":["17841900187305"],"_wc_facebook_sync_enabled":["yes"],"fb_visibility":["yes"],"fb_product_description":[""],"_wc_facebook_product_image_source":["product"],"_wc_facebook_commerce_enabled":["no"],"rank_math_primary_fb_product_set":["0"],"astra-migrate-meta-layouts":["set"],"wp_statistics_words_count":["303"],"wpil_sync_report3":["1"],"wpil_links_inbound_internal_count":["0"],"wpil_links_inbound_internal_count_data":["eJxLtDKwqq4FAAZPAf4="],"wpil_links_outbound_internal_count":["0"],"wpil_links_outbound_internal_count_data":["eJxLtDKwqq4FAAZPAf4="],"wpil_links_outbound_external_count":["0"],"wpil_links_outbound_external_count_data":["eJxLtDKwqq4FAAZPAf4="],"wpil_sync_report2_time":["2025-01-27T07:29:10+00:00"],"omnisend_last_sync":["2025-05-16T11:05:10+00:00"],"surerank_settings_general":["a:7:{s:9:\"separator\";s:1:\"-\";s:10:\"page_title\";s:21:\"%title% - %site_name%\";s:25:\"auto_generate_description\";b:1;s:16:\"page_description\";s:133:\"Hydrogen water bottles provide high-quality drinking water infused with hydrogen, which is well known for its antioxidant properties.\";s:16:\"auto_description\";s:0:\"\";s:14:\"fallback_image\";s:0:\"\";s:13:\"canonical_url\";s:59:\"https:\/\/pophaw.com\/product\/hydrogen-water-bottle-generator\/\";}"],"surerank_settings_post_no_index":["no"],"surerank_settings_post_no_follow":["no"],"surerank_settings_post_no_archive":["no"],"surerank_settings_social":["a:23:{s:15:\"open_graph_tags\";b:1;s:18:\"facebook_meta_tags\";b:1;s:17:\"twitter_meta_tags\";b:1;s:16:\"oembeded_scripts\";b:1;s:17:\"oembeded_og_title\";b:1;s:22:\"oembeded_social_images\";b:1;s:27:\"oembeded_remove_author_name\";b:1;s:17:\"facebook_page_url\";s:54:\"https:\/\/www.facebook.com\/profile.php?id=61571207938497\";s:24:\"facebook_author_fallback\";s:0:\"\";s:17:\"twitter_card_type\";s:19:\"summary_large_image\";s:24:\"twitter_same_as_facebook\";b:1;s:24:\"twitter_profile_username\";s:0:\"\";s:24:\"twitter_profile_fallback\";s:0:\"\";s:14:\"facebook_title\";s:21:\"%title% - %site_name%\";s:20:\"facebook_description\";s:9:\"%content%\";s:18:\"facebook_image_url\";s:60:\"https:\/\/pophaw.com\/wp-content\/uploads\/2024\/12\/image_1-7.webp\";s:17:\"facebook_image_id\";i:9314;s:20:\"facebook_image_width\";i:500;s:21:\"facebook_image_height\";i:500;s:13:\"twitter_title\";s:21:\"%title% - %site_name%\";s:19:\"twitter_description\";s:9:\"%content%\";s:17:\"twitter_image_url\";s:60:\"https:\/\/pophaw.com\/wp-content\/uploads\/2024\/12\/image_1-7.webp\";s:16:\"twitter_image_id\";i:9314;}"],"surerank_migration":["1"],"astra_style_timestamp_css":["1775168802"],"wwpp_product_wholesale_visibility_filter":["all"],"_uag_css_file_name":["uag-css-9313.css"],"rank_math_internal_links_processed":["1"],"_uag_page_assets":["a:9:{s:3:\"css\";s:263:\".uag-blocks-common-selector{z-index:var(--z-index-desktop) !important}@media (max-width: 976px){.uag-blocks-common-selector{z-index:var(--z-index-tablet) !important}}@media (max-width: 767px){.uag-blocks-common-selector{z-index:var(--z-index-mobile) !important}}\n\";s:2:\"js\";s:0:\"\";s:18:\"current_block_list\";a:15:{i:0;s:23:\"surecart\/slide-out-cart\";i:1;s:30:\"surecart\/slide-out-cart-header\";i:2;s:29:\"surecart\/slide-out-cart-items\";i:3;s:30:\"surecart\/slide-out-cart-coupon\";i:4;s:32:\"surecart\/slide-out-cart-subtotal\";i:5;s:38:\"surecart\/slide-out-cart-bump-line-item\";i:6;s:30:\"surecart\/slide-out-cart-submit\";i:7;s:11:\"core\/search\";i:8;s:10:\"core\/group\";i:9;s:12:\"core\/heading\";i:10;s:17:\"core\/latest-posts\";i:11;s:20:\"core\/latest-comments\";i:12;s:13:\"core\/archives\";i:13;s:15:\"core\/categories\";i:14;s:14:\"core\/shortcode\";}s:8:\"uag_flag\";b:0;s:11:\"uag_version\";s:10:\"1775168599\";s:6:\"gfonts\";a:0:{}s:10:\"gfonts_url\";s:0:\"\";s:12:\"gfonts_files\";a:0:{}s:14:\"uag_faq_layout\";b:0;}"],"_wc_gla_mc_status":["approved"]},"uagb_featured_image_src":{"full":["https:\/\/pophaw.com\/wp-content\/uploads\/2024\/12\/image_1-7.webp",500,500,false],"thumbnail":["https:\/\/pophaw.com\/wp-content\/uploads\/2024\/12\/image_1-7-150x150.webp",150,150,true],"medium":["https:\/\/pophaw.com\/wp-content\/uploads\/2024\/12\/image_1-7-300x300.webp",300,300,true],"medium_large":["https:\/\/pophaw.com\/wp-content\/uploads\/2024\/12\/image_1-7.webp",500,500,false],"large":["https:\/\/pophaw.com\/wp-content\/uploads\/2024\/12\/image_1-7.webp",500,500,false],"ryviu-small":["https:\/\/pophaw.com\/wp-content\/uploads\/2024\/12\/image_1-7.webp",40,40,false],"ryviu-medium":["https:\/\/pophaw.com\/wp-content\/uploads\/2024\/12\/image_1-7.webp",132,132,false],"1536x1536":["https:\/\/pophaw.com\/wp-content\/uploads\/2024\/12\/image_1-7.webp",500,500,false],"2048x2048":["https:\/\/pophaw.com\/wp-content\/uploads\/2024\/12\/image_1-7.webp",500,500,false],"trp-custom-language-flag":["https:\/\/pophaw.com\/wp-content\/uploads\/2024\/12\/image_1-7.webp",12,12,false],"woocommerce_thumbnail":["https:\/\/pophaw.com\/wp-content\/uploads\/2024\/12\/image_1-7-300x300.webp",300,300,true],"woocommerce_single":["https:\/\/pophaw.com\/wp-content\/uploads\/2024\/12\/image_1-7.webp",500,500,false],"woocommerce_gallery_thumbnail":["https:\/\/pophaw.com\/wp-content\/uploads\/2024\/12\/image_1-7-100x100.webp",100,100,true]},"uagb_author_info":{"display_name":"Dr. Rowan","author_link":"https:\/\/pophaw.com\/pt\/author\/"},"uagb_comment_info":5,"uagb_excerpt":"Suitable For Gift Giving","_links":{"self":[{"href":"https:\/\/pophaw.com\/pt\/wp-json\/wp\/v2\/product\/9313","targetHints":{"allow":["GET"]}}],"collection":[{"href":"https:\/\/pophaw.com\/pt\/wp-json\/wp\/v2\/product"}],"about":[{"href":"https:\/\/pophaw.com\/pt\/wp-json\/wp\/v2\/types\/product"}],"wp:featuredmedia":[{"embeddable":true,"href":"https:\/\/pophaw.com\/pt\/wp-json\/wp\/v2\/media\/9314"}],"wp:attachment":[{"href":"https:\/\/pophaw.com\/pt\/wp-json\/wp\/v2\/media?parent=9313"}],"wp:term":[{"taxonomy":"product_brand","embeddable":true,"href":"https:\/\/pophaw.com\/pt\/wp-json\/wp\/v2\/product_brand?post=9313"},{"taxonomy":"product_cat","embeddable":true,"href":"https:\/\/pophaw.com\/pt\/wp-json\/wp\/v2\/product_cat?post=9313"},{"taxonomy":"product_tag","embeddable":true,"href":"https:\/\/pophaw.com\/pt\/wp-json\/wp\/v2\/product_tag?post=9313"}],"curies":[{"name":"wp","href":"https:\/\/api.w.org\/{rel}","templated":true}]}}