{"id":9390,"date":"2024-12-24T02:43:18","date_gmt":"2024-12-24T10:43:18","guid":{"rendered":"https:\/\/pophaw.com\/?post_type=product&#038;p=9390"},"modified":"2025-01-25T23:23:36","modified_gmt":"2025-01-26T07:23:36","slug":"maquina-massageadora-de-pes-para-musculos-cansados","status":"publish","type":"product","link":"https:\/\/pophaw.com\/pt\/product\/maquina-massageadora-de-pes-para-musculos-cansados\/","title":{"rendered":"M\u00e1quina massageadora de p\u00e9s para m\u00fasculos cansados"},"content":{"rendered":"<p>Esse massageador para os p\u00e9s usa compress\u00e3o de ar, calor opcional, n\u00f3dulos redondos e um carretel rolante texturizado para proporcionar uma massagem profunda no estilo Shiatsu.<\/p>\n<ul class=\"a-unordered-list a-vertical a-spacing-mini\">\n<li class=\"a-spacing-mini\"><span class=\"a-list-item\">Massagem relaxante para os p\u00e9s: Experimente o relaxamento total com um massageador de p\u00e9s, que oferece uma combina\u00e7\u00e3o de calor, amassamento profundo, vibra\u00e7\u00e3o, rolamento e compress\u00e3o. Essa abordagem abrangente garante o m\u00e1ximo de conforto para os p\u00e9s cansados.<\/span><\/li>\n<li class=\"a-spacing-mini\"><span class=\"a-list-item\">Aquecimento suave: A m\u00e1quina massageadora para os p\u00e9s apresenta uma fun\u00e7\u00e3o de aquecimento suave, perfeita para quem busca uma experi\u00eancia suave e relaxante. O calor ajuda a aliviar a tens\u00e3o muscular e a promover a circula\u00e7\u00e3o.<\/span><\/li>\n<li class=\"a-spacing-mini\"><span class=\"a-list-item\">Controle remoto f\u00e1cil de usar: O massageador de p\u00e9s Shiatsu vem com um pr\u00e1tico controle remoto, que permite o ajuste f\u00e1cil das configura\u00e7\u00f5es sem a necessidade de se curvar. A luva interna lav\u00e1vel garante a higiene, enquanto o design antiderrapante garante a estabilidade durante o uso.<\/span><\/li>\n<li class=\"a-spacing-mini\"><span class=\"a-list-item\">Design compacto e leve e pr\u00e1tico: O massageador de p\u00e9s com aquecimento \u00e9 f\u00e1cil de guardar e usar em qualquer lugar. Al\u00e9m disso, o espa\u00e7o interno confort\u00e1vel acomoda confortavelmente p\u00e9s at\u00e9 o tamanho 13, garantindo uma experi\u00eancia de massagem confort\u00e1vel e agrad\u00e1vel.<\/span><\/li>\n<li class=\"a-spacing-mini\"><span class=\"a-list-item\">Ideal para homens e mulheres: O massageador de p\u00e9s Shiatsu \u00e9 o presente perfeito para qualquer ocasi\u00e3o, como Dia dos Namorados, Dia das M\u00e3es, Dia dos Pais, anivers\u00e1rio e assim por diante. D\u00ea a seus familiares ou amigos esse presente que traz alegria e relaxamento.<\/span><\/li>\n<\/ul>\n<p style=\"font-weight: 400;\"><strong>Recurso:<\/strong><\/p>\n<p style=\"font-weight: 400;\">\u2460 3 n\u00edveis de intensidade de amassamento<\/p>\n<p style=\"font-weight: 400;\">\u2461 2 temporizadores dispon\u00edveis<\/p>\n<p style=\"font-weight: 400;\">Fun\u00e7\u00e3o de aquecimento opcional<\/p>\n<p style=\"font-weight: 400;\">\u2463 3 n\u00edveis de intensidade do ar<\/p>\n<p style=\"font-weight: 400;\"><strong>Especifica\u00e7\u00e3o:<\/strong><\/p>\n<ol>\n<li style=\"font-weight: 400;\">Marca: Renpho<\/li>\n<li style=\"font-weight: 400;\">Cor: preto<\/li>\n<li style=\"font-weight: 400;\">Material do produto: Couro PU + composto de EVA<\/li>\n<li style=\"font-weight: 400;\">Controle remoto: controle remoto infravermelho, a bateria usa bateria tipo bot\u00e3o CR2025, montada no controle remoto<\/li>\n<li style=\"font-weight: 400;\">Adaptador: 12V 2A, comprimento do cabo 1,8M<\/li>\n<\/ol>","protected":false},"excerpt":{"rendered":"<p>Melhore a circula\u00e7\u00e3o e desfrute de um calor suave<\/p>","protected":false},"featured_media":9391,"template":"","meta":{"bwfblock_default_font":"","_uag_custom_page_level_css":"","site-sidebar-layout":"default","site-content-layout":"","ast-site-content-layout":"default","site-content-style":"default","site-sidebar-style":"default","ast-global-header-display":"","ast-banner-title-visibility":"","ast-main-header-display":"","ast-hfb-above-header-display":"","ast-hfb-below-header-display":"","ast-hfb-mobile-header-display":"","site-post-title":"","ast-breadcrumbs-content":"","ast-featured-img":"","footer-sml-layout":"","ast-disable-related-posts":"","theme-transparent-header-meta":"default","adv-header-id-meta":"","stick-header-meta":"default","header-above-stick-meta":"","header-main-stick-meta":"","header-below-stick-meta":"","astra-migrate-meta-layouts":"set","ast-page-background-enabled":"default","ast-page-background-meta":{"desktop":{"background-color":"","background-image":"","background-repeat":"repeat","background-position":"center center","background-size":"auto","background-attachment":"scroll","background-type":"","background-media":"","overlay-type":"","overlay-color":"","overlay-opacity":"","overlay-gradient":""},"tablet":{"background-color":"","background-image":"","background-repeat":"repeat","background-position":"center center","background-size":"auto","background-attachment":"scroll","background-type":"","background-media":"","overlay-type":"","overlay-color":"","overlay-opacity":"","overlay-gradient":""},"mobile":{"background-color":"","background-image":"","background-repeat":"repeat","background-position":"center center","background-size":"auto","background-attachment":"scroll","background-type":"","background-media":"","overlay-type":"","overlay-color":"","overlay-opacity":"","overlay-gradient":""}},"ast-content-background-meta":{"desktop":{"background-color":"var(--ast-global-color-5)","background-image":"","background-repeat":"repeat","background-position":"center center","background-size":"auto","background-attachment":"scroll","background-type":"","background-media":"","overlay-type":"","overlay-color":"","overlay-opacity":"","overlay-gradient":""},"tablet":{"background-color":"var(--ast-global-color-5)","background-image":"","background-repeat":"repeat","background-position":"center center","background-size":"auto","background-attachment":"scroll","background-type":"","background-media":"","overlay-type":"","overlay-color":"","overlay-opacity":"","overlay-gradient":""},"mobile":{"background-color":"var(--ast-global-color-5)","background-image":"","background-repeat":"repeat","background-position":"center center","background-size":"auto","background-attachment":"scroll","background-type":"","background-media":"","overlay-type":"","overlay-color":"","overlay-opacity":"","overlay-gradient":""}}},"product_brand":[73],"product_cat":[340,336,99,344,124],"product_tag":[],"class_list":{"0":"post-9390","1":"product","2":"type-product","3":"status-publish","4":"has-post-thumbnail","6":"product_brand-pophaw","7":"product_cat-massager","8":"product_cat-healthcare-products","9":"product_cat-home-medical-supplies","10":"product_cat-pain-management","11":"product_cat-pain-management-therapy","12":"desktop-align-center","13":"tablet-align-center","14":"mobile-align-center","15":"ast-product-gallery-layout-horizontal-slider","16":"ast-magnify-disabled","17":"ast-product-tabs-layout-horizontal","19":"first","20":"instock","21":"shipping-taxable","22":"purchasable","23":"product-type-simple"},"spectra_custom_meta":{"_edit_lock":["1737876218:1"],"_edit_last":["1"],"rank_math_seo_score":["90"],"rank_math_focus_keyword":["Foot Massager Machine"],"_thumbnail_id":["9391"],"_admin_notes":[""],"_custom_product_field":[""],"_regular_price":["89.99"],"total_sales":["0"],"_tax_status":["taxable"],"_tax_class":[""],"_manage_stock":["no"],"_backorders":["no"],"_sold_individually":["no"],"_virtual":["no"],"_downloadable":["no"],"_download_limit":["-1"],"_download_expiry":["-1"],"_stock":[null],"_stock_status":["instock"],"_wc_average_rating":["0"],"_wc_review_count":["0"],"_product_version":["9.6.0"],"_price":["89.99"],"_product_image_gallery":["9397,9398,9394,9399,9400,9401,9395,9392,9393,9396"],"rank_math_primary_product_cat":["340"],"rank_math_primary_product_brand":["73"],"site-sidebar-layout":["default"],"ast-site-content-layout":["default"],"site-content-style":["default"],"site-sidebar-style":["default"],"theme-transparent-header-meta":["default"],"stick-header-meta":["default"],"rank_math_analytic_object_id":["175"],"_sku":["EB218028"],"_wc_gla_visibility":["sync-and-show"],"_wc_gla_sync_status":["synced"],"_wc_facebook_sync_enabled":["yes"],"fb_visibility":["yes"],"fb_product_description":[""],"_wc_facebook_product_image_source":["product"],"_wc_facebook_commerce_enabled":["no"],"fb_product_group_id":["8911516668934322"],"rank_math_primary_fb_product_set":["0"],"fb_product_item_id":["8911516915600964"],"_wc_gla_synced_at":["1773802835"],"_wc_gla_google_ids":["a:1:{s:2:\"US\";s:21:\"online:en:US:gla_9390\";}"],"_global_unique_id":["17841900187336"],"classic-editor-remember":["classic-editor"],"rank_math_description":["This Foot Massager Machine uses air compression, optional heat, round nodes, and a textured rolling spool to deliver a deep Shiatsu-style massage."],"astra-migrate-meta-layouts":["set"],"wp_statistics_words_count":["241"],"wpil_sync_report3":["1"],"wpil_links_inbound_internal_count":["0"],"wpil_links_inbound_internal_count_data":["eJxLtDKwqq4FAAZPAf4="],"wpil_links_outbound_internal_count":["0"],"wpil_links_outbound_internal_count_data":["eJxLtDKwqq4FAAZPAf4="],"wpil_links_outbound_external_count":["0"],"wpil_links_outbound_external_count_data":["eJxLtDKwqq4FAAZPAf4="],"wpil_sync_report2_time":["2025-01-27T07:29:10+00:00"],"omnisend_last_sync":["2025-05-16T11:05:10+00:00"],"surerank_settings_general":["a:7:{s:9:\"separator\";s:1:\"-\";s:10:\"page_title\";s:21:\"%title% - %site_name%\";s:25:\"auto_generate_description\";b:1;s:16:\"page_description\";s:146:\"This Foot Massager Machine uses air compression, optional heat, round nodes, and a textured rolling spool to deliver a deep Shiatsu-style massage.\";s:16:\"auto_description\";s:161:\"This foot massager machine uses air compression, optional heat, round nodes, and a textured rolling spool to deliver a deep Shiatsu-style massage. Feature: \u2460 3\";s:14:\"fallback_image\";s:0:\"\";s:13:\"canonical_url\";s:67:\"https:\/\/pophaw.com\/product\/foot-massager-machine-for-tired-muscles\/\";}"],"surerank_settings_post_no_index":["no"],"surerank_settings_post_no_follow":["no"],"surerank_settings_post_no_archive":["no"],"surerank_settings_social":["a:23:{s:15:\"open_graph_tags\";b:1;s:18:\"facebook_meta_tags\";b:1;s:17:\"twitter_meta_tags\";b:1;s:16:\"oembeded_scripts\";b:1;s:17:\"oembeded_og_title\";b:1;s:22:\"oembeded_social_images\";b:1;s:27:\"oembeded_remove_author_name\";b:1;s:17:\"facebook_page_url\";s:54:\"https:\/\/www.facebook.com\/profile.php?id=61571207938497\";s:24:\"facebook_author_fallback\";s:0:\"\";s:17:\"twitter_card_type\";s:19:\"summary_large_image\";s:24:\"twitter_same_as_facebook\";b:1;s:24:\"twitter_profile_username\";s:0:\"\";s:24:\"twitter_profile_fallback\";s:0:\"\";s:14:\"facebook_title\";s:21:\"%title% - %site_name%\";s:20:\"facebook_description\";s:9:\"%content%\";s:18:\"facebook_image_url\";s:55:\"https:\/\/pophaw.com\/wp-content\/uploads\/2024\/12\/10009.jpg\";s:17:\"facebook_image_id\";i:9391;s:20:\"facebook_image_width\";i:1500;s:21:\"facebook_image_height\";i:1500;s:13:\"twitter_title\";s:21:\"%title% - %site_name%\";s:19:\"twitter_description\";s:9:\"%content%\";s:17:\"twitter_image_url\";s:55:\"https:\/\/pophaw.com\/wp-content\/uploads\/2024\/12\/10009.jpg\";s:16:\"twitter_image_id\";i:9391;}"],"surerank_migration":["1"],"astra_style_timestamp_css":["1775174579"],"wwpp_product_wholesale_visibility_filter":["all"],"_uag_css_file_name":["uag-css-9390.css"],"rank_math_internal_links_processed":["1"],"_uag_page_assets":["a:9:{s:3:\"css\";s:263:\".uag-blocks-common-selector{z-index:var(--z-index-desktop) !important}@media (max-width: 976px){.uag-blocks-common-selector{z-index:var(--z-index-tablet) !important}}@media (max-width: 767px){.uag-blocks-common-selector{z-index:var(--z-index-mobile) !important}}\n\";s:2:\"js\";s:0:\"\";s:18:\"current_block_list\";a:15:{i:0;s:23:\"surecart\/slide-out-cart\";i:1;s:30:\"surecart\/slide-out-cart-header\";i:2;s:29:\"surecart\/slide-out-cart-items\";i:3;s:30:\"surecart\/slide-out-cart-coupon\";i:4;s:32:\"surecart\/slide-out-cart-subtotal\";i:5;s:38:\"surecart\/slide-out-cart-bump-line-item\";i:6;s:30:\"surecart\/slide-out-cart-submit\";i:7;s:11:\"core\/search\";i:8;s:10:\"core\/group\";i:9;s:12:\"core\/heading\";i:10;s:17:\"core\/latest-posts\";i:11;s:20:\"core\/latest-comments\";i:12;s:13:\"core\/archives\";i:13;s:15:\"core\/categories\";i:14;s:14:\"core\/shortcode\";}s:8:\"uag_flag\";b:0;s:11:\"uag_version\";s:10:\"1775168599\";s:6:\"gfonts\";a:0:{}s:10:\"gfonts_url\";s:0:\"\";s:12:\"gfonts_files\";a:0:{}s:14:\"uag_faq_layout\";b:0;}"],"_wc_gla_mc_status":["approved"]},"uagb_featured_image_src":{"full":["https:\/\/pophaw.com\/wp-content\/uploads\/2024\/12\/10009.jpg",1500,1500,false],"thumbnail":["https:\/\/pophaw.com\/wp-content\/uploads\/2024\/12\/10009-150x150.jpg",150,150,true],"medium":["https:\/\/pophaw.com\/wp-content\/uploads\/2024\/12\/10009-300x300.jpg",300,300,true],"medium_large":["https:\/\/pophaw.com\/wp-content\/uploads\/2024\/12\/10009-768x768.jpg",768,768,true],"large":["https:\/\/pophaw.com\/wp-content\/uploads\/2024\/12\/10009-1024x1024.jpg",1024,1024,true],"ryviu-small":["https:\/\/pophaw.com\/wp-content\/uploads\/2024\/12\/10009.jpg",40,40,false],"ryviu-medium":["https:\/\/pophaw.com\/wp-content\/uploads\/2024\/12\/10009.jpg",132,132,false],"1536x1536":["https:\/\/pophaw.com\/wp-content\/uploads\/2024\/12\/10009.jpg",1500,1500,false],"2048x2048":["https:\/\/pophaw.com\/wp-content\/uploads\/2024\/12\/10009.jpg",1500,1500,false],"trp-custom-language-flag":["https:\/\/pophaw.com\/wp-content\/uploads\/2024\/12\/10009.jpg",12,12,false],"woocommerce_thumbnail":["https:\/\/pophaw.com\/wp-content\/uploads\/2024\/12\/10009-300x300.jpg",300,300,true],"woocommerce_single":["https:\/\/pophaw.com\/wp-content\/uploads\/2024\/12\/10009-600x600.jpg",600,600,true],"woocommerce_gallery_thumbnail":["https:\/\/pophaw.com\/wp-content\/uploads\/2024\/12\/10009-100x100.jpg",100,100,true]},"uagb_author_info":{"display_name":"Dr. Rowan","author_link":"https:\/\/pophaw.com\/pt\/author\/"},"uagb_comment_info":0,"uagb_excerpt":"Enhance circulation and enjoy soothing warmth","_links":{"self":[{"href":"https:\/\/pophaw.com\/pt\/wp-json\/wp\/v2\/product\/9390","targetHints":{"allow":["GET"]}}],"collection":[{"href":"https:\/\/pophaw.com\/pt\/wp-json\/wp\/v2\/product"}],"about":[{"href":"https:\/\/pophaw.com\/pt\/wp-json\/wp\/v2\/types\/product"}],"wp:featuredmedia":[{"embeddable":true,"href":"https:\/\/pophaw.com\/pt\/wp-json\/wp\/v2\/media\/9391"}],"wp:attachment":[{"href":"https:\/\/pophaw.com\/pt\/wp-json\/wp\/v2\/media?parent=9390"}],"wp:term":[{"taxonomy":"product_brand","embeddable":true,"href":"https:\/\/pophaw.com\/pt\/wp-json\/wp\/v2\/product_brand?post=9390"},{"taxonomy":"product_cat","embeddable":true,"href":"https:\/\/pophaw.com\/pt\/wp-json\/wp\/v2\/product_cat?post=9390"},{"taxonomy":"product_tag","embeddable":true,"href":"https:\/\/pophaw.com\/pt\/wp-json\/wp\/v2\/product_tag?post=9390"}],"curies":[{"name":"wp","href":"https:\/\/api.w.org\/{rel}","templated":true}]}}