{"id":9592,"date":"2024-12-30T22:40:11","date_gmt":"2024-12-31T06:40:11","guid":{"rendered":"https:\/\/pophaw.com\/?post_type=product&#038;p=9592"},"modified":"2025-01-25T23:24:14","modified_gmt":"2025-01-26T07:24:14","slug":"estimulador-muscular-de-unidade-de-tensao-sem-fio","status":"publish","type":"product","link":"https:\/\/pophaw.com\/pt\/product\/estimulador-muscular-de-unidade-de-tensao-sem-fio\/","title":{"rendered":"Unidade TENS sem fio Estimulador muscular"},"content":{"rendered":"<ul>\n<li>A MASTOGO muda a vidaVoc\u00ea costuma se incomodar com o emaranhado de fios da m\u00e1quina de calcular a tens\u00e3o? Veja aqui! A unidade tensora sem fio Mastogo garante liberdade de movimento. Os usu\u00e1rios podem us\u00e1-lo facilmente para fazer tarefas dom\u00e9sticas, caminhadas e viagens sem ficarem presos e constrangidos por fios. Essa conveni\u00eancia \u00e9 especialmente valiosa para pessoas que precisam de eletroterapia para aliviar a dor a qualquer hora e em qualquer lugar. Diga adeus aos fios bagun\u00e7ados e aos controles remotos que se perdem facilmente!<\/li>\n<\/ul>\n<ul>\n<li>F\u00e1cil de usar: Apenas 3 etapas Deseja aliviar a dor com facilidade, mas se sente incomodado com etapas complicadas? A unidade de tens\u00e3o sem fio oferece uma solu\u00e7\u00e3o simples e eficaz! Apenas tr\u00eas etapas: selecione seu modo e intensidade favoritos no host da unidade de eletrodos, retire a folha de eletrodos, cole-a na parte que precisa de tratamento de massagem e comece a sentir o prazer e o conforto do estimulador muscular da unidade de eletrodos no al\u00edvio da dor!<\/li>\n<\/ul>\n<ul>\n<li>6 modos predefinidos e 19 intensidadesPara atender \u00e0s diferentes necessidades dos clientes quanto ao tratamento de diferentes partes do corpo, predefinimos 6 modos personalizados de toque, treinamento, martelamento, compress\u00e3o, ativa\u00e7\u00e3o e amassamento. Os clientes podem escolher livremente planos de tratamento muscular de estimula\u00e7\u00e3o el\u00e9trica mais precisos para diferentes partes doloridas. A intensidade pode ser alternada livremente do n\u00edvel 1 ao n\u00edvel 19, e a unidade de tens\u00e3o tem um visor na tela, o que \u00e9 conveniente para voc\u00ea ajustar seu modo e intensidade favoritos sem se preocupar se a intensidade est\u00e1 muito alta ou muito baixa!<\/li>\n<\/ul>\n<ul>\n<li>Unidade TENS profissional para aliviar a dorA nova unidade tensora eletr\u00f4nica natural, sem drogas e eficiente combina a tecnologia de massagem tradicional com a moderna tecnologia bioel\u00e9trica para estimular os m\u00fasculos e massagear v\u00e1rias partes do corpo com corrente de pulso, aliviando efetivamente a dor em v\u00e1rias partes do corpo, como dores nas articula\u00e7\u00f5es, nas costas, nos joelhos etc. \u00c9 especialmente adequado para clientes que est\u00e3o em condi\u00e7\u00f5es de trabalho de alta press\u00e3o h\u00e1 muito tempo!<\/li>\n<\/ul>\n<ul>\n<li>Conveniente, USVoc\u00ea est\u00e1 cansado da opera\u00e7\u00e3o complicada da unidade de medi\u00e7\u00e3o de tens\u00e3o com fio? A unidade de medi\u00e7\u00e3o de tens\u00e3o Mastogo adota um conector de encaixe de super suc\u00e7\u00e3o e almofadas de eletrodos de gel autoadesivas de alta qualidade, de modo que a unidade de medi\u00e7\u00e3o de tens\u00e3o e as almofadas de eletrodos podem ser fixadas de forma est\u00e1vel e firme \u00e0 pele e n\u00e3o s\u00e3o f\u00e1ceis de cair, mesmo durante o exerc\u00edcio. Aproveite o charme da unidade tensora sem fio para correr, fazer exerc\u00edcios f\u00edsicos, jogar basquete e outros esportes! Carregamento por interface TYPE-C amplamente utilizada, a bateria de l\u00edtio de 110 mAh suporta 2,5 horas de uso, sem necessidade de se preocupar com a troca de baterias!<\/li>\n<\/ul>","protected":false},"excerpt":{"rendered":"<p>Garante a liberdade de movimento.<\/p>","protected":false},"featured_media":9593,"template":"","meta":{"bwfblock_default_font":"","_uag_custom_page_level_css":"","site-sidebar-layout":"default","site-content-layout":"","ast-site-content-layout":"default","site-content-style":"default","site-sidebar-style":"default","ast-global-header-display":"","ast-banner-title-visibility":"","ast-main-header-display":"","ast-hfb-above-header-display":"","ast-hfb-below-header-display":"","ast-hfb-mobile-header-display":"","site-post-title":"","ast-breadcrumbs-content":"","ast-featured-img":"","footer-sml-layout":"","ast-disable-related-posts":"","theme-transparent-header-meta":"default","adv-header-id-meta":"","stick-header-meta":"default","header-above-stick-meta":"","header-main-stick-meta":"","header-below-stick-meta":"","astra-migrate-meta-layouts":"set","ast-page-background-enabled":"default","ast-page-background-meta":{"desktop":{"background-color":"","background-image":"","background-repeat":"repeat","background-position":"center center","background-size":"auto","background-attachment":"scroll","background-type":"","background-media":"","overlay-type":"","overlay-color":"","overlay-opacity":"","overlay-gradient":""},"tablet":{"background-color":"","background-image":"","background-repeat":"repeat","background-position":"center center","background-size":"auto","background-attachment":"scroll","background-type":"","background-media":"","overlay-type":"","overlay-color":"","overlay-opacity":"","overlay-gradient":""},"mobile":{"background-color":"","background-image":"","background-repeat":"repeat","background-position":"center center","background-size":"auto","background-attachment":"scroll","background-type":"","background-media":"","overlay-type":"","overlay-color":"","overlay-opacity":"","overlay-gradient":""}},"ast-content-background-meta":{"desktop":{"background-color":"var(--ast-global-color-5)","background-image":"","background-repeat":"repeat","background-position":"center center","background-size":"auto","background-attachment":"scroll","background-type":"","background-media":"","overlay-type":"","overlay-color":"","overlay-opacity":"","overlay-gradient":""},"tablet":{"background-color":"var(--ast-global-color-5)","background-image":"","background-repeat":"repeat","background-position":"center center","background-size":"auto","background-attachment":"scroll","background-type":"","background-media":"","overlay-type":"","overlay-color":"","overlay-opacity":"","overlay-gradient":""},"mobile":{"background-color":"var(--ast-global-color-5)","background-image":"","background-repeat":"repeat","background-position":"center center","background-size":"auto","background-attachment":"scroll","background-type":"","background-media":"","overlay-type":"","overlay-color":"","overlay-opacity":"","overlay-gradient":""}}},"product_brand":[73],"product_cat":[344,336,99,124],"product_tag":[],"class_list":{"0":"post-9592","1":"product","2":"type-product","3":"status-publish","4":"has-post-thumbnail","6":"product_brand-pophaw","7":"product_cat-pain-management","8":"product_cat-healthcare-products","9":"product_cat-home-medical-supplies","10":"product_cat-pain-management-therapy","11":"desktop-align-center","12":"tablet-align-center","13":"mobile-align-center","14":"ast-product-gallery-layout-horizontal-slider","15":"ast-magnify-disabled","16":"ast-product-tabs-layout-horizontal","18":"first","19":"instock","20":"shipping-taxable","21":"purchasable","22":"product-type-simple"},"spectra_custom_meta":{"_edit_lock":["1737876256:1"],"_edit_last":["1"],"rank_math_seo_score":["93"],"rank_math_focus_keyword":["Wireless TENS Unit"],"rank_math_description":["The Mastogo wireless tens unit ensures freedom of movement. Users can easily wear it to do housework, walks, and travel without being bound and embarrassed by wires."],"_thumbnail_id":["9593"],"_admin_notes":["https:\/\/www.ebay.com\/itm\/205024702497"],"_custom_product_field":[""],"_sku":["EB218030"],"_global_unique_id":["17841900187350"],"_regular_price":["37.99"],"total_sales":["0"],"_tax_status":["taxable"],"_tax_class":[""],"_manage_stock":["no"],"_backorders":["no"],"_sold_individually":["no"],"_virtual":["no"],"_downloadable":["no"],"_download_limit":["-1"],"_download_expiry":["-1"],"_stock":[null],"_stock_status":["instock"],"_wc_average_rating":["0"],"_wc_review_count":["0"],"_product_version":["9.6.0"],"_price":["37.99"],"_wc_gla_visibility":["sync-and-show"],"_wc_gla_sync_status":["synced"],"_product_image_gallery":["9594,9595,9596,9597,9598,9599,9600"],"_wc_facebook_sync_enabled":["yes"],"fb_visibility":["yes"],"fb_product_description":[""],"_wc_facebook_product_image_source":["product"],"_wc_facebook_commerce_enabled":["no"],"fb_product_group_id":["28912761018322723"],"rank_math_primary_product_brand":["73"],"rank_math_primary_product_cat":["344"],"rank_math_primary_fb_product_set":["0"],"site-sidebar-layout":["default"],"ast-site-content-layout":["default"],"site-content-style":["default"],"site-sidebar-style":["default"],"theme-transparent-header-meta":["default"],"stick-header-meta":["default"],"rank_math_analytic_object_id":["182"],"fb_product_item_id":["28912761558322669"],"_wc_gla_synced_at":["1773802835"],"_wc_gla_google_ids":["a:1:{s:2:\"US\";s:21:\"online:en:US:gla_9592\";}"],"astra-migrate-meta-layouts":["set"],"wp_statistics_words_count":["394"],"wpil_sync_report3":["1"],"wpil_links_inbound_internal_count":["0"],"wpil_links_inbound_internal_count_data":["eJxLtDKwqq4FAAZPAf4="],"wpil_links_outbound_internal_count":["0"],"wpil_links_outbound_internal_count_data":["eJxLtDKwqq4FAAZPAf4="],"wpil_links_outbound_external_count":["0"],"wpil_links_outbound_external_count_data":["eJxLtDKwqq4FAAZPAf4="],"wpil_sync_report2_time":["2025-01-27T07:29:10+00:00"],"omnisend_last_sync":["2025-05-16T11:05:10+00:00"],"surerank_settings_general":["a:7:{s:9:\"separator\";s:1:\"-\";s:10:\"page_title\";s:21:\"%title% - %site_name%\";s:25:\"auto_generate_description\";b:1;s:16:\"page_description\";s:165:\"The Mastogo wireless tens unit ensures freedom of movement. Users can easily wear it to do housework, walks, and travel without being bound and embarrassed by wires.\";s:16:\"auto_description\";s:0:\"\";s:14:\"fallback_image\";s:0:\"\";s:13:\"canonical_url\";s:64:\"https:\/\/pophaw.com\/product\/wireless-tens-unit-muscle-stimulator\/\";}"],"surerank_settings_post_no_index":["no"],"surerank_settings_post_no_follow":["no"],"surerank_settings_post_no_archive":["no"],"surerank_settings_social":["a:23:{s:15:\"open_graph_tags\";b:1;s:18:\"facebook_meta_tags\";b:1;s:17:\"twitter_meta_tags\";b:1;s:16:\"oembeded_scripts\";b:1;s:17:\"oembeded_og_title\";b:1;s:22:\"oembeded_social_images\";b:1;s:27:\"oembeded_remove_author_name\";b:1;s:17:\"facebook_page_url\";s:54:\"https:\/\/www.facebook.com\/profile.php?id=61571207938497\";s:24:\"facebook_author_fallback\";s:0:\"\";s:17:\"twitter_card_type\";s:19:\"summary_large_image\";s:24:\"twitter_same_as_facebook\";b:1;s:24:\"twitter_profile_username\";s:0:\"\";s:24:\"twitter_profile_fallback\";s:0:\"\";s:14:\"facebook_title\";s:21:\"%title% - %site_name%\";s:20:\"facebook_description\";s:9:\"%content%\";s:18:\"facebook_image_url\";s:58:\"https:\/\/pophaw.com\/wp-content\/uploads\/2024\/12\/10001-7.webp\";s:17:\"facebook_image_id\";i:9593;s:20:\"facebook_image_width\";i:1600;s:21:\"facebook_image_height\";i:1600;s:13:\"twitter_title\";s:21:\"%title% - %site_name%\";s:19:\"twitter_description\";s:9:\"%content%\";s:17:\"twitter_image_url\";s:58:\"https:\/\/pophaw.com\/wp-content\/uploads\/2024\/12\/10001-7.webp\";s:16:\"twitter_image_id\";i:9593;}"],"surerank_migration":["1"],"astra_style_timestamp_css":["1775174650"],"wwpp_product_wholesale_visibility_filter":["all"],"_uag_css_file_name":["uag-css-9592.css"],"rank_math_internal_links_processed":["1"],"_uag_page_assets":["a:9:{s:3:\"css\";s:263:\".uag-blocks-common-selector{z-index:var(--z-index-desktop) !important}@media (max-width: 976px){.uag-blocks-common-selector{z-index:var(--z-index-tablet) !important}}@media (max-width: 767px){.uag-blocks-common-selector{z-index:var(--z-index-mobile) !important}}\n\";s:2:\"js\";s:0:\"\";s:18:\"current_block_list\";a:15:{i:0;s:23:\"surecart\/slide-out-cart\";i:1;s:30:\"surecart\/slide-out-cart-header\";i:2;s:29:\"surecart\/slide-out-cart-items\";i:3;s:30:\"surecart\/slide-out-cart-coupon\";i:4;s:32:\"surecart\/slide-out-cart-subtotal\";i:5;s:38:\"surecart\/slide-out-cart-bump-line-item\";i:6;s:30:\"surecart\/slide-out-cart-submit\";i:7;s:11:\"core\/search\";i:8;s:10:\"core\/group\";i:9;s:12:\"core\/heading\";i:10;s:17:\"core\/latest-posts\";i:11;s:20:\"core\/latest-comments\";i:12;s:13:\"core\/archives\";i:13;s:15:\"core\/categories\";i:14;s:14:\"core\/shortcode\";}s:8:\"uag_flag\";b:0;s:11:\"uag_version\";s:10:\"1775168599\";s:6:\"gfonts\";a:0:{}s:10:\"gfonts_url\";s:0:\"\";s:12:\"gfonts_files\";a:0:{}s:14:\"uag_faq_layout\";b:0;}"],"_wc_gla_mc_status":["approved"]},"uagb_featured_image_src":{"full":["https:\/\/pophaw.com\/wp-content\/uploads\/2024\/12\/10001-7.webp",1600,1600,false],"thumbnail":["https:\/\/pophaw.com\/wp-content\/uploads\/2024\/12\/10001-7-150x150.webp",150,150,true],"medium":["https:\/\/pophaw.com\/wp-content\/uploads\/2024\/12\/10001-7-300x300.webp",300,300,true],"medium_large":["https:\/\/pophaw.com\/wp-content\/uploads\/2024\/12\/10001-7-768x768.webp",768,768,true],"large":["https:\/\/pophaw.com\/wp-content\/uploads\/2024\/12\/10001-7-1024x1024.webp",1024,1024,true],"ryviu-small":["https:\/\/pophaw.com\/wp-content\/uploads\/2024\/12\/10001-7.webp",40,40,false],"ryviu-medium":["https:\/\/pophaw.com\/wp-content\/uploads\/2024\/12\/10001-7.webp",132,132,false],"1536x1536":["https:\/\/pophaw.com\/wp-content\/uploads\/2024\/12\/10001-7-1536x1536.webp",1536,1536,true],"2048x2048":["https:\/\/pophaw.com\/wp-content\/uploads\/2024\/12\/10001-7.webp",1600,1600,false],"trp-custom-language-flag":["https:\/\/pophaw.com\/wp-content\/uploads\/2024\/12\/10001-7.webp",12,12,false],"woocommerce_thumbnail":["https:\/\/pophaw.com\/wp-content\/uploads\/2024\/12\/10001-7-300x300.webp",300,300,true],"woocommerce_single":["https:\/\/pophaw.com\/wp-content\/uploads\/2024\/12\/10001-7-600x600.webp",600,600,true],"woocommerce_gallery_thumbnail":["https:\/\/pophaw.com\/wp-content\/uploads\/2024\/12\/10001-7-100x100.webp",100,100,true]},"uagb_author_info":{"display_name":"Dr. Rowan","author_link":"https:\/\/pophaw.com\/pt\/author\/"},"uagb_comment_info":0,"uagb_excerpt":"Ensures freedom of movement.","_links":{"self":[{"href":"https:\/\/pophaw.com\/pt\/wp-json\/wp\/v2\/product\/9592","targetHints":{"allow":["GET"]}}],"collection":[{"href":"https:\/\/pophaw.com\/pt\/wp-json\/wp\/v2\/product"}],"about":[{"href":"https:\/\/pophaw.com\/pt\/wp-json\/wp\/v2\/types\/product"}],"wp:featuredmedia":[{"embeddable":true,"href":"https:\/\/pophaw.com\/pt\/wp-json\/wp\/v2\/media\/9593"}],"wp:attachment":[{"href":"https:\/\/pophaw.com\/pt\/wp-json\/wp\/v2\/media?parent=9592"}],"wp:term":[{"taxonomy":"product_brand","embeddable":true,"href":"https:\/\/pophaw.com\/pt\/wp-json\/wp\/v2\/product_brand?post=9592"},{"taxonomy":"product_cat","embeddable":true,"href":"https:\/\/pophaw.com\/pt\/wp-json\/wp\/v2\/product_cat?post=9592"},{"taxonomy":"product_tag","embeddable":true,"href":"https:\/\/pophaw.com\/pt\/wp-json\/wp\/v2\/product_tag?post=9592"}],"curies":[{"name":"wp","href":"https:\/\/api.w.org\/{rel}","templated":true}]}}