{"id":9912,"date":"2025-01-07T19:37:52","date_gmt":"2025-01-08T03:37:52","guid":{"rendered":"https:\/\/pophaw.com\/?post_type=product&#038;p=9912"},"modified":"2025-02-27T03:10:03","modified_gmt":"2025-02-27T11:10:03","slug":"grampeador-medico-de-pele-35w","status":"publish","type":"product","link":"https:\/\/pophaw.com\/pt\/product\/grampeador-medico-de-pele-35w\/","title":{"rendered":"Grampeador m\u00e9dico para pele, grampos pr\u00e9-carregados de 35 W, caixa com 10 unidades"},"content":{"rendered":"<p><strong>Grampeador de pele cir\u00fargico est\u00e9ril de 35 de largura, novo, 10 unidades\/ caixa<\/strong><\/p>\n<p><strong>Caracter\u00edsticas:<\/strong><\/p>\n<p>Design simples e razo\u00e1vel, f\u00e1cil de operar<\/p>\n<p>Ferida com pontos pequenos, evita ferimentos no tecido epid\u00e9rmico novamente e \u00e9 bom para a cicatriza\u00e7\u00e3o de feridas<\/p>\n<p>Ferida com costura suave e cicatriz pequena ap\u00f3s a opera\u00e7\u00e3o<\/p>\n<p>Reduzir o tempo de opera\u00e7\u00e3o e diminuir a dor dos pacientes<\/p>\n<p>Produtos esterilizados descart\u00e1veis, baratos e que evitam a infec\u00e7\u00e3o cruzada de muitas doen\u00e7as contagiosas<\/p>\n<p><strong>Especifica\u00e7\u00e3o:<\/strong><\/p>\n<p>Tipo de grampeador: 35W<\/p>\n<p>Di\u00e2metro do fio: 0,60 mm<\/p>\n<p>Tamanho ap\u00f3s o fechamento: Aproximadamente 7,5 x 4,3 mm<\/p>\n<p>Quantidade: 10 unidades<\/p>\n<p><strong>O pacote inclui:<\/strong><\/p>\n<p>Grampeador de pele: 10 unidades<\/p>","protected":false},"excerpt":{"rendered":"<p id=\"title\" class=\"a-size-large a-spacing-none\"><span id=\"productTitle\" class=\"a-size-large product-title-word-break\">Grampos pr\u00e9-carregados de 35 mm de largura, para uso veterin\u00e1rio e em primeiros socorros m\u00e9dicos<\/span><\/p>","protected":false},"featured_media":9934,"template":"","meta":{"bwfblock_default_font":"","_uag_custom_page_level_css":"","site-sidebar-layout":"default","site-content-layout":"","ast-site-content-layout":"default","site-content-style":"default","site-sidebar-style":"default","ast-global-header-display":"","ast-banner-title-visibility":"","ast-main-header-display":"","ast-hfb-above-header-display":"","ast-hfb-below-header-display":"","ast-hfb-mobile-header-display":"","site-post-title":"","ast-breadcrumbs-content":"","ast-featured-img":"","footer-sml-layout":"","ast-disable-related-posts":"","theme-transparent-header-meta":"default","adv-header-id-meta":"","stick-header-meta":"default","header-above-stick-meta":"","header-main-stick-meta":"","header-below-stick-meta":"","astra-migrate-meta-layouts":"set","ast-page-background-enabled":"default","ast-page-background-meta":{"desktop":{"background-color":"","background-image":"","background-repeat":"repeat","background-position":"center center","background-size":"auto","background-attachment":"scroll","background-type":"","background-media":"","overlay-type":"","overlay-color":"","overlay-opacity":"","overlay-gradient":""},"tablet":{"background-color":"","background-image":"","background-repeat":"repeat","background-position":"center center","background-size":"auto","background-attachment":"scroll","background-type":"","background-media":"","overlay-type":"","overlay-color":"","overlay-opacity":"","overlay-gradient":""},"mobile":{"background-color":"","background-image":"","background-repeat":"repeat","background-position":"center center","background-size":"auto","background-attachment":"scroll","background-type":"","background-media":"","overlay-type":"","overlay-color":"","overlay-opacity":"","overlay-gradient":""}},"ast-content-background-meta":{"desktop":{"background-color":"var(--ast-global-color-5)","background-image":"","background-repeat":"repeat","background-position":"center center","background-size":"auto","background-attachment":"scroll","background-type":"","background-media":"","overlay-type":"","overlay-color":"","overlay-opacity":"","overlay-gradient":""},"tablet":{"background-color":"var(--ast-global-color-5)","background-image":"","background-repeat":"repeat","background-position":"center center","background-size":"auto","background-attachment":"scroll","background-type":"","background-media":"","overlay-type":"","overlay-color":"","overlay-opacity":"","overlay-gradient":""},"mobile":{"background-color":"var(--ast-global-color-5)","background-image":"","background-repeat":"repeat","background-position":"center center","background-size":"auto","background-attachment":"scroll","background-type":"","background-media":"","overlay-type":"","overlay-color":"","overlay-opacity":"","overlay-gradient":""}}},"product_brand":[73],"product_cat":[337,102,336],"product_tag":[],"class_list":{"0":"post-9912","1":"product","2":"type-product","3":"status-publish","4":"has-post-thumbnail","6":"product_brand-pophaw","7":"product_cat-first-aid","8":"product_cat-first-aid-emergency-kits","9":"product_cat-healthcare-products","10":"desktop-align-center","11":"tablet-align-center","12":"mobile-align-center","13":"ast-product-gallery-layout-horizontal-slider","14":"ast-magnify-disabled","15":"ast-product-tabs-layout-horizontal","17":"first","18":"instock","19":"sale","20":"shipping-taxable","21":"purchasable","22":"product-type-simple"},"spectra_custom_meta":{"rank_math_seo_score":["87"],"_edit_last":["1"],"_admin_notes":[""],"_custom_product_field":[""],"total_sales":["0"],"_tax_status":["taxable"],"_tax_class":[""],"_manage_stock":["no"],"_backorders":["no"],"_sold_individually":["no"],"_virtual":["no"],"_downloadable":["no"],"_download_limit":["-1"],"_download_expiry":["-1"],"_stock":[null],"_stock_status":["instock"],"_wc_average_rating":["5.00"],"_wc_review_count":["3"],"_product_version":["9.6.2"],"_wc_gla_visibility":["sync-and-show"],"_wc_facebook_sync_enabled":["yes"],"fb_visibility":["yes"],"fb_product_description":[""],"_wc_facebook_product_image_source":["product"],"_wc_facebook_commerce_enabled":["no"],"rank_math_primary_product_brand":["73"],"rank_math_primary_product_cat":["337"],"_edit_lock":["1739027718:1"],"rank_math_primary_fb_product_set":["0"],"site-sidebar-layout":["default"],"ast-site-content-layout":["default"],"site-content-style":["default"],"site-sidebar-style":["default"],"theme-transparent-header-meta":["default"],"stick-header-meta":["default"],"rank_math_focus_keyword":["Medical Skin Stapler"],"rank_math_description":["10PCS\/Box Medical Skin Stapler Surgical Sterile 35 Wide New"],"_sku":["PH11335018"],"_global_unique_id":["17841900187473"],"_regular_price":["79.99"],"_sale_price":["59.95"],"_price":["59.95"],"_thumbnail_id":["9934"],"_wc_gla_sync_status":["synced"],"fb_product_group_id":["9275322639185209"],"rank_math_analytic_object_id":["198"],"fb_product_item_id":["9275322842518522"],"_wc_gla_synced_at":["1774062210"],"_wc_gla_google_ids":["a:1:{s:2:\"US\";s:21:\"online:en:US:gla_9912\";}"],"_product_image_gallery":["9936,9937,9938,9939"],"rank_math_auto_redirect":["a:1:{i:0;i:50;}"],"_wp_old_slug":["skin-stapler-35w-preloaded-staples","meidical-skin-stapler-35w"],"astra-migrate-meta-layouts":["set"],"classic-editor-remember":["classic-editor"],"wp_statistics_words_count":["69"],"wpil_sync_report3":["1"],"wpil_links_inbound_internal_count":["1"],"wpil_links_inbound_internal_count_data":["eJxlUl1vwjAM\/CtT3lkprBszf2FfEg97jEIaqEVIosQVQ4j\/PqfpGGxvsXvnO5+roIYTwnT5DnUD4jOgla++NVa+oNsJqOdwSvAEwnIpsRXLDE4wB9FHK\/jVzEB0RCFBVQUfOnW4135fhejbXlO1Ny1qZSdph26SSAVr4mTeHKrMfWCqT5Sf9RTELz13FiDQkYlOsc4a6oIPA\/6f24\/cHt2yoWL0+XmWWYwkJGvE8q3MoGMw4npcgkcQbI76VEC8sPYs7qjUTQkgXUYk229LwUxtUf98WwwzkdC70shGfdwqh1pSVJsN6guRsyEfR1wNQumN\/KvrvNOD9fNAUU53mcIE3nPFqd6tSqpiFFNta1q5PsrAHtHl7KbFmPVaFWO3G3Jk0\/HChw5TMFHqaBSZy7mzOUxS9eQz7LrNO2l2sb36OXJ7z+e3Rt6gZ6PIIPxFpX8+fwO4bc79"],"wpil_links_outbound_internal_count":["0"],"wpil_links_outbound_internal_count_data":["eJxLtDKwqq4FAAZPAf4="],"wpil_links_outbound_external_count":["0"],"wpil_links_outbound_external_count_data":["eJxLtDKwqq4FAAZPAf4="],"wpil_sync_report2_time":["2025-01-27T07:29:10+00:00"],"_wc_rating_count":["a:1:{i:5;i:2;}"],"omnisend_last_sync":["2025-05-16T11:05:10+00:00"],"surerank_settings_general":["a:7:{s:9:\"separator\";s:1:\"-\";s:10:\"page_title\";s:21:\"%title% - %site_name%\";s:25:\"auto_generate_description\";b:1;s:16:\"page_description\";s:59:\"10PCS\/Box Medical Skin Stapler Surgical Sterile 35 Wide New\";s:16:\"auto_description\";s:153:\"10PCS\/Box Medical Skin Stapler Surgical Sterile 35 Wide New Features: Simple and reasonable design, easy to operate Small stitched wound ,avoid injury to\";s:14:\"fallback_image\";s:0:\"\";s:13:\"canonical_url\";s:52:\"https:\/\/pophaw.com\/product\/medical-skin-stapler-35w\/\";}"],"surerank_settings_post_no_index":["no"],"surerank_settings_post_no_follow":["no"],"surerank_settings_post_no_archive":["no"],"surerank_settings_social":["a:23:{s:15:\"open_graph_tags\";b:1;s:18:\"facebook_meta_tags\";b:1;s:17:\"twitter_meta_tags\";b:1;s:16:\"oembeded_scripts\";b:1;s:17:\"oembeded_og_title\";b:1;s:22:\"oembeded_social_images\";b:1;s:27:\"oembeded_remove_author_name\";b:1;s:17:\"facebook_page_url\";s:54:\"https:\/\/www.facebook.com\/profile.php?id=61571207938497\";s:24:\"facebook_author_fallback\";s:0:\"\";s:17:\"twitter_card_type\";s:19:\"summary_large_image\";s:24:\"twitter_same_as_facebook\";b:1;s:24:\"twitter_profile_username\";s:0:\"\";s:24:\"twitter_profile_fallback\";s:0:\"\";s:14:\"facebook_title\";s:21:\"%title% - %site_name%\";s:20:\"facebook_description\";s:9:\"%content%\";s:18:\"facebook_image_url\";s:53:\"https:\/\/pophaw.com\/wp-content\/uploads\/2025\/01\/S10.jpg\";s:17:\"facebook_image_id\";i:9934;s:20:\"facebook_image_width\";i:1000;s:21:\"facebook_image_height\";i:1000;s:13:\"twitter_title\";s:21:\"%title% - %site_name%\";s:19:\"twitter_description\";s:9:\"%content%\";s:17:\"twitter_image_url\";s:53:\"https:\/\/pophaw.com\/wp-content\/uploads\/2025\/01\/S10.jpg\";s:16:\"twitter_image_id\";i:9934;}"],"surerank_migration":["1"],"astra_style_timestamp_css":["1775174654"],"wwpp_product_wholesale_visibility_filter":["all"],"_uag_css_file_name":["uag-css-9912.css"],"rank_math_internal_links_processed":["1"],"_uag_page_assets":["a:9:{s:3:\"css\";s:263:\".uag-blocks-common-selector{z-index:var(--z-index-desktop) !important}@media (max-width: 976px){.uag-blocks-common-selector{z-index:var(--z-index-tablet) !important}}@media (max-width: 767px){.uag-blocks-common-selector{z-index:var(--z-index-mobile) !important}}\n\";s:2:\"js\";s:0:\"\";s:18:\"current_block_list\";a:15:{i:0;s:23:\"surecart\/slide-out-cart\";i:1;s:30:\"surecart\/slide-out-cart-header\";i:2;s:29:\"surecart\/slide-out-cart-items\";i:3;s:30:\"surecart\/slide-out-cart-coupon\";i:4;s:32:\"surecart\/slide-out-cart-subtotal\";i:5;s:38:\"surecart\/slide-out-cart-bump-line-item\";i:6;s:30:\"surecart\/slide-out-cart-submit\";i:7;s:11:\"core\/search\";i:8;s:10:\"core\/group\";i:9;s:12:\"core\/heading\";i:10;s:17:\"core\/latest-posts\";i:11;s:20:\"core\/latest-comments\";i:12;s:13:\"core\/archives\";i:13;s:15:\"core\/categories\";i:14;s:14:\"core\/shortcode\";}s:8:\"uag_flag\";b:0;s:11:\"uag_version\";s:10:\"1775168599\";s:6:\"gfonts\";a:0:{}s:10:\"gfonts_url\";s:0:\"\";s:12:\"gfonts_files\";a:0:{}s:14:\"uag_faq_layout\";b:0;}"],"_wc_gla_mc_status":["approved"]},"uagb_featured_image_src":{"full":["https:\/\/pophaw.com\/wp-content\/uploads\/2025\/01\/S10.jpg",1000,1000,false],"thumbnail":["https:\/\/pophaw.com\/wp-content\/uploads\/2025\/01\/S10-150x150.jpg",150,150,true],"medium":["https:\/\/pophaw.com\/wp-content\/uploads\/2025\/01\/S10-300x300.jpg",300,300,true],"medium_large":["https:\/\/pophaw.com\/wp-content\/uploads\/2025\/01\/S10-768x768.jpg",768,768,true],"large":["https:\/\/pophaw.com\/wp-content\/uploads\/2025\/01\/S10.jpg",1000,1000,false],"ryviu-small":["https:\/\/pophaw.com\/wp-content\/uploads\/2025\/01\/S10.jpg",40,40,false],"ryviu-medium":["https:\/\/pophaw.com\/wp-content\/uploads\/2025\/01\/S10.jpg",132,132,false],"1536x1536":["https:\/\/pophaw.com\/wp-content\/uploads\/2025\/01\/S10.jpg",1000,1000,false],"2048x2048":["https:\/\/pophaw.com\/wp-content\/uploads\/2025\/01\/S10.jpg",1000,1000,false],"trp-custom-language-flag":["https:\/\/pophaw.com\/wp-content\/uploads\/2025\/01\/S10.jpg",12,12,false],"woocommerce_thumbnail":["https:\/\/pophaw.com\/wp-content\/uploads\/2025\/01\/S10-300x300.jpg",300,300,true],"woocommerce_single":["https:\/\/pophaw.com\/wp-content\/uploads\/2025\/01\/S10-600x600.jpg",600,600,true],"woocommerce_gallery_thumbnail":["https:\/\/pophaw.com\/wp-content\/uploads\/2025\/01\/S10-100x100.jpg",100,100,true]},"uagb_author_info":{"display_name":"Dr. Rowan","author_link":"https:\/\/pophaw.com\/pt\/author\/"},"uagb_comment_info":3,"uagb_excerpt":"35 Wide Preloaded Staples, Vet and Medical First Aid Use","_links":{"self":[{"href":"https:\/\/pophaw.com\/pt\/wp-json\/wp\/v2\/product\/9912","targetHints":{"allow":["GET"]}}],"collection":[{"href":"https:\/\/pophaw.com\/pt\/wp-json\/wp\/v2\/product"}],"about":[{"href":"https:\/\/pophaw.com\/pt\/wp-json\/wp\/v2\/types\/product"}],"wp:featuredmedia":[{"embeddable":true,"href":"https:\/\/pophaw.com\/pt\/wp-json\/wp\/v2\/media\/9934"}],"wp:attachment":[{"href":"https:\/\/pophaw.com\/pt\/wp-json\/wp\/v2\/media?parent=9912"}],"wp:term":[{"taxonomy":"product_brand","embeddable":true,"href":"https:\/\/pophaw.com\/pt\/wp-json\/wp\/v2\/product_brand?post=9912"},{"taxonomy":"product_cat","embeddable":true,"href":"https:\/\/pophaw.com\/pt\/wp-json\/wp\/v2\/product_cat?post=9912"},{"taxonomy":"product_tag","embeddable":true,"href":"https:\/\/pophaw.com\/pt\/wp-json\/wp\/v2\/product_tag?post=9912"}],"curies":[{"name":"wp","href":"https:\/\/api.w.org\/{rel}","templated":true}]}}