{"id":9921,"date":"2025-01-07T19:05:51","date_gmt":"2025-01-08T03:05:51","guid":{"rendered":"https:\/\/pophaw.com\/?post_type=product&#038;p=9921"},"modified":"2025-01-25T23:26:20","modified_gmt":"2025-01-26T07:26:20","slug":"grampeador-de-pele-descartavel-de-35-watts","status":"publish","type":"product","link":"https:\/\/pophaw.com\/pt\/product\/grampeador-de-pele-descartavel-de-35-watts\/","title":{"rendered":"Grampeador de pele descart\u00e1vel de 35W"},"content":{"rendered":"<h2><strong>O que \u00e9 um grampeador de pele descart\u00e1vel?<\/strong><\/h2>\n<p>Um grampeador de pele descart\u00e1vel \u00e9 um dispositivo m\u00e9dico de uso \u00fanico projetado para fechar feridas de forma r\u00e1pida e eficiente, inserindo grampos cir\u00fargicos na pele. Ao contr\u00e1rio dos m\u00e9todos tradicionais de sutura, os grampeadores de pele reduzem significativamente o tempo de fechamento, minimizam os riscos de infec\u00e7\u00e3o e fornecem resultados consistentes.<\/p>\n<p>O <strong>35W descart\u00e1vel <a href=\"https:\/\/pophaw.com\/pt\/product\/grampeador-medico-de-pele-35w\/\">Grampeador de pele<\/a><\/strong> \u00e9 uma ferramenta compacta e leve, pr\u00e9-carregada com 35 grampos est\u00e9reis. \u00c9 comumente usado em salas de emerg\u00eancia, salas de cirurgia e at\u00e9 mesmo em procedimentos veterin\u00e1rios. O dispositivo foi projetado ergonomicamente, garantindo conforto e precis\u00e3o para profissionais da \u00e1rea m\u00e9dica e facilidade de uso para pessoal n\u00e3o m\u00e9dico em determinadas situa\u00e7\u00f5es.<\/p>\n<h2>Principais recursos do grampeador de pele 35W<\/h2>\n<p>O grampeador de pele descart\u00e1vel 35W se destaca por sua confiabilidade, esterilidade e desempenho. Os principais recursos incluem:<\/p>\n<ol>\n<li><strong>Pr\u00e9-carregado com 35 grampos est\u00e9reis<\/strong>:<br \/>\nCada grampeador vem pr\u00e9-carregado com 35 grampos de alta qualidade, reduzindo o tempo de prepara\u00e7\u00e3o e garantindo uma aplica\u00e7\u00e3o est\u00e9ril.<\/li>\n<li><strong>Design ergon\u00f4mico<\/strong>:<br \/>\nO design leve e contornado do grampeador facilita o manuseio, mesmo em procedimentos prolongados. A empunhadura garante estabilidade e precis\u00e3o durante o uso.<\/li>\n<li><strong>Uso \u00fanico para higiene<\/strong>:<br \/>\nProjetado para uso \u00fanico para evitar a contamina\u00e7\u00e3o cruzada e garantir a esterilidade m\u00e1xima, tornando-o ideal para ambientes m\u00e9dicos e de emerg\u00eancia.<\/li>\n<li><strong>Coloca\u00e7\u00e3o consistente de grampos<\/strong>:<br \/>\nO dispositivo proporciona um posicionamento uniforme dos grampos, garantindo o fechamento eficaz da ferida com o m\u00ednimo de cicatrizes.<\/li>\n<li><strong>Solu\u00e7\u00e3o econ\u00f4mica<\/strong>:<br \/>\nPor ser um dispositivo descart\u00e1vel, ele elimina a necessidade de equipamentos de esteriliza\u00e7\u00e3o, economizando tempo e recursos para as instala\u00e7\u00f5es m\u00e9dicas.<\/li>\n<\/ol>\n<h2>Aplica\u00e7\u00f5es: Quem deve usar este grampeador?<\/h2>\n<p>O <strong>Grampeador de pele descart\u00e1vel de 35W<\/strong> \u00e9 vers\u00e1til e amplamente utilizado em v\u00e1rias \u00e1reas m\u00e9dicas e veterin\u00e1rias. \u00c9 ideal para:<\/p>\n<ol>\n<li><strong>Profissionais de emerg\u00eancia m\u00e9dica<\/strong>:<\/li>\n<li><strong>Cirurgi\u00f5es e prestadores de servi\u00e7os de sa\u00fade<\/strong>:<\/li>\n<li><strong>Veterin\u00e1rios<\/strong>:<\/li>\n<li><strong>Socorristas e m\u00e9dicos de campo<\/strong>:<\/li>\n<li><strong>Prepara\u00e7\u00e3o m\u00e9dica DIY<\/strong>:<\/li>\n<\/ol>\n<p>&nbsp;<\/p>\n<table>\n<thead>\n<tr>\n<th>Recurso<\/th>\n<th>Grampeador de pele descart\u00e1vel de 35W<\/th>\n<th>M\u00e9todos tradicionais de fechamento de pele<\/th>\n<\/tr>\n<\/thead>\n<tbody>\n<tr>\n<td>Esterilidade<\/td>\n<td>Sim<\/td>\n<td>Varia<\/td>\n<\/tr>\n<tr>\n<td>Conveni\u00eancia de uso \u00fanico<\/td>\n<td>Sim<\/td>\n<td>N\u00e3o<\/td>\n<\/tr>\n<tr>\n<td>Custo-benef\u00edcio<\/td>\n<td>Sim<\/td>\n<td>Moderado<\/td>\n<\/tr>\n<\/tbody>\n<\/table>\n<p>&nbsp;<\/p>\n<p><strong>Descri\u00e7\u00e3o:<\/strong><\/p>\n<p>Material: pl\u00e1stico<\/p>\n<p>Tamanho do grampeador de sutura: 15*8cm\/5,9*3,15<\/p>\n<p>Cor:Branco<\/p>\n<p>Quantidade: 1 unidade<\/p>\n<div style=\"width: 1024px;\" class=\"wp-video\"><video class=\"wp-video-shortcode\" id=\"video-9921-1\" width=\"1024\" height=\"576\" preload=\"metadata\" controls=\"controls\"><source type=\"video\/mp4\" src=\"https:\/\/pophaw.com\/wp-content\/uploads\/2025\/01\/skin-stapler.mp4?_=1\" \/><a href=\"https:\/\/pophaw.com\/wp-content\/uploads\/2025\/01\/skin-stapler.mp4\">https:\/\/pophaw.com\/wp-content\/uploads\/2025\/01\/skin-stapler.mp4<\/a><\/video><\/div>\n<p>&nbsp;<\/p>\n<h2><strong>PERGUNTAS FREQUENTES<\/strong><\/h2>\n<h3><strong>1. Posso usar o grampeador de 35 W para fins veterin\u00e1rios?<\/strong><\/h3>\n<p>Sim, o grampeador de pele descart\u00e1vel 35W \u00e9 adequado para aplica\u00e7\u00f5es veterin\u00e1rias. \u00c9 comumente usado por veterin\u00e1rios para fechar feridas em animais ap\u00f3s procedimentos cir\u00fargicos ou les\u00f5es. O design est\u00e9ril e descart\u00e1vel garante a higiene e minimiza o risco de infec\u00e7\u00e3o, tornando-o uma op\u00e7\u00e3o confi\u00e1vel para animais de pequeno e grande porte. No entanto, recomenda-se consultar um profissional veterin\u00e1rio para obter orienta\u00e7\u00e3o sobre o uso e a t\u00e9cnica adequados.<\/p>\n<h3><strong>2. Como fa\u00e7o para remover os grampos aplicados com este dispositivo?<\/strong><\/h3>\n<p>Para remover com seguran\u00e7a os grampos aplicados com o grampeador de pele descart\u00e1vel 35W, voc\u00ea precisar\u00e1 de um <strong>Ferramenta de remo\u00e7\u00e3o de grampos<\/strong> projetado especificamente para grampos cir\u00fargicos. Siga estas etapas:<\/p>\n<ol>\n<li>\n<h4><strong>Preparar a \u00e1rea<\/strong>:<\/h4>\n<ul>\n<li>Limpe a \u00e1rea da ferida com uma solu\u00e7\u00e3o antiss\u00e9ptica para reduzir o risco de infec\u00e7\u00e3o.<\/li>\n<li>Certifique-se de que a ferida tenha cicatrizado o suficiente antes de remover os grampos (consulte um profissional m\u00e9dico se n\u00e3o tiver certeza).<\/li>\n<\/ul>\n<\/li>\n<li>\n<h4><strong>Posicione o <a href=\"https:\/\/pophaw.com\/pt\/product\/kit-de-remocao-de-grampos-de-pele\/\">Removedor de grampos<\/a><\/strong>:<\/h4>\n<ul>\n<li>Deslize a ponta do removedor de grampos sob o centro do grampo.<\/li>\n<li>Aperte suavemente a al\u00e7a para levantar as extremidades do grampo para fora da pele.<\/li>\n<\/ul>\n<\/li>\n<li>\n<h4><strong>Remover o grampo<\/strong>:<\/h4>\n<ul>\n<li>Quando o grampo estiver desengatado, levante-o cuidadosamente para fora da ferida.<\/li>\n<li>Repita o procedimento para cada grampo at\u00e9 que todos sejam removidos.<\/li>\n<\/ul>\n<\/li>\n<li>\n<h4><strong>Cuidados p\u00f3s-remo\u00e7\u00e3o<\/strong>:<\/h4>\n<ul>\n<li>Limpe a ferida novamente e aplique um curativo, se necess\u00e1rio.<\/li>\n<li>Monitore a \u00e1rea quanto a sinais de infec\u00e7\u00e3o, como vermelhid\u00e3o, incha\u00e7o ou secre\u00e7\u00e3o.<\/li>\n<\/ul>\n<\/li>\n<\/ol>\n<p>Se voc\u00ea n\u00e3o tiver treinamento em remo\u00e7\u00e3o de grampos, \u00e9 altamente recomend\u00e1vel procurar a ajuda de um profissional m\u00e9dico ou veterin\u00e1rio para evitar complica\u00e7\u00f5es.<\/p>","protected":false},"excerpt":{"rendered":"<p id=\"title\" class=\"a-size-large a-spacing-none\"><span id=\"productTitle\" class=\"a-size-large product-title-word-break\">35 W Uso de primeiros socorros veterin\u00e1rios e m\u00e9dicos<\/span><\/p>","protected":false},"featured_media":9922,"template":"","meta":{"bwfblock_default_font":"","_uag_custom_page_level_css":"","site-sidebar-layout":"default","site-content-layout":"","ast-site-content-layout":"default","site-content-style":"default","site-sidebar-style":"default","ast-global-header-display":"","ast-banner-title-visibility":"","ast-main-header-display":"","ast-hfb-above-header-display":"","ast-hfb-below-header-display":"","ast-hfb-mobile-header-display":"","site-post-title":"","ast-breadcrumbs-content":"","ast-featured-img":"","footer-sml-layout":"","ast-disable-related-posts":"","theme-transparent-header-meta":"default","adv-header-id-meta":"","stick-header-meta":"default","header-above-stick-meta":"","header-main-stick-meta":"","header-below-stick-meta":"","astra-migrate-meta-layouts":"set","ast-page-background-enabled":"default","ast-page-background-meta":{"desktop":{"background-color":"","background-image":"","background-repeat":"repeat","background-position":"center center","background-size":"auto","background-attachment":"scroll","background-type":"","background-media":"","overlay-type":"","overlay-color":"","overlay-opacity":"","overlay-gradient":""},"tablet":{"background-color":"","background-image":"","background-repeat":"repeat","background-position":"center center","background-size":"auto","background-attachment":"scroll","background-type":"","background-media":"","overlay-type":"","overlay-color":"","overlay-opacity":"","overlay-gradient":""},"mobile":{"background-color":"","background-image":"","background-repeat":"repeat","background-position":"center center","background-size":"auto","background-attachment":"scroll","background-type":"","background-media":"","overlay-type":"","overlay-color":"","overlay-opacity":"","overlay-gradient":""}},"ast-content-background-meta":{"desktop":{"background-color":"var(--ast-global-color-5)","background-image":"","background-repeat":"repeat","background-position":"center center","background-size":"auto","background-attachment":"scroll","background-type":"","background-media":"","overlay-type":"","overlay-color":"","overlay-opacity":"","overlay-gradient":""},"tablet":{"background-color":"var(--ast-global-color-5)","background-image":"","background-repeat":"repeat","background-position":"center center","background-size":"auto","background-attachment":"scroll","background-type":"","background-media":"","overlay-type":"","overlay-color":"","overlay-opacity":"","overlay-gradient":""},"mobile":{"background-color":"var(--ast-global-color-5)","background-image":"","background-repeat":"repeat","background-position":"center center","background-size":"auto","background-attachment":"scroll","background-type":"","background-media":"","overlay-type":"","overlay-color":"","overlay-opacity":"","overlay-gradient":""}}},"product_brand":[73],"product_cat":[337,102,336],"product_tag":[],"class_list":{"0":"post-9921","1":"product","2":"type-product","3":"status-publish","4":"has-post-thumbnail","6":"product_brand-pophaw","7":"product_cat-first-aid","8":"product_cat-first-aid-emergency-kits","9":"product_cat-healthcare-products","10":"desktop-align-center","11":"tablet-align-center","12":"mobile-align-center","13":"ast-product-gallery-layout-horizontal-slider","14":"ast-magnify-disabled","15":"ast-product-single-variable","16":"ast-product-tabs-layout-horizontal","18":"first","19":"instock","20":"sale","21":"shipping-taxable","22":"purchasable","23":"product-type-variable"},"spectra_custom_meta":{"_edit_lock":["1737876380:1"],"_edit_last":["1"],"rank_math_seo_score":["93"],"rank_math_focus_keyword":["Disposable Skin Stapler"],"rank_math_description":["This is an individual single-use sterile disposable skin stapler containing 35 wide staples. We sell them individually and also in cases of 2 or 3."],"_thumbnail_id":["9922"],"_admin_notes":[""],"_custom_product_field":[""],"total_sales":["3"],"_tax_status":["taxable"],"_tax_class":[""],"_manage_stock":["no"],"_backorders":["no"],"_sold_individually":["no"],"_virtual":["no"],"_downloadable":["no"],"_download_limit":["-1"],"_download_expiry":["-1"],"_stock":[null],"_stock_status":["instock"],"_wc_average_rating":["5.00"],"_wc_review_count":["2"],"_product_version":["9.6.0"],"_wc_gla_visibility":["sync-and-show"],"_product_image_gallery":["9923,9924,9925,9926,9927"],"_wc_facebook_sync_enabled":["yes"],"fb_visibility":["yes"],"fb_product_description":[""],"_wc_facebook_product_image_source":["product"],"_wc_facebook_commerce_enabled":["no"],"fb_product_group_id":["8767061670090024"],"rank_math_primary_product_brand":["73"],"rank_math_primary_product_cat":["337"],"rank_math_primary_fb_product_set":["0"],"site-sidebar-layout":["default"],"ast-site-content-layout":["default"],"site-content-style":["default"],"site-sidebar-style":["default"],"theme-transparent-header-meta":["default"],"stick-header-meta":["default"],"rank_math_analytic_object_id":["197"],"fb_product_item_id":["8767062073423317"],"_product_attributes":["a:1:{s:20:\"pa_quantity-per-case\";a:6:{s:4:\"name\";s:20:\"pa_quantity-per-case\";s:5:\"value\";s:0:\"\";s:8:\"position\";i:0;s:10:\"is_visible\";i:0;s:12:\"is_variation\";i:1;s:11:\"is_taxonomy\";i:1;}}"],"_wc_gla_sync_status":["synced"],"_wc_gla_synced_at":["1773802835"],"_wc_gla_google_ids":["a:1:{s:2:\"US\";s:21:\"online:en:US:gla_9930\";}"],"_sku":["PH11335020"],"_global_unique_id":["17841900187688"],"classic-editor-remember":["classic-editor"],"_wc_gla_brand":["Pophaw"],"_price":["6.95","13.4","19.5"],"rank_math_schema_WooCommerceProduct":["a:2:{s:8:\"metadata\";a:4:{s:4:\"type\";s:8:\"template\";s:9:\"shortcode\";s:38:\"s-25712791-a508-421c-a1f8-1f6a3b052111\";s:9:\"isPrimary\";s:1:\"1\";s:5:\"title\";s:19:\"WooCommerce Product\";}s:5:\"@type\";s:18:\"WooCommerceProduct\";}"],"rank_math_shortcode_schema_s-25712791-a508-421c-a1f8-1f6a3b052111":["77903"],"_ppcp_button_position":["bottom"],"_upsell_ids":["a:1:{i:0;i:9942;}"],"wp_statistics_words_count":["508"],"rank_math_schema_VideoObject":["a:12:{s:5:\"@type\";s:11:\"VideoObject\";s:8:\"metadata\";a:8:{s:5:\"title\";s:5:\"Video\";s:4:\"type\";s:8:\"template\";s:9:\"shortcode\";s:15:\"s-679354cb075c3\";s:9:\"isPrimary\";b:0;s:23:\"reviewLocationShortcode\";s:24:\"[rank_math_rich_snippet]\";s:8:\"category\";s:12:\"%categories%\";s:4:\"tags\";s:6:\"%tags%\";s:15:\"isAutoGenerated\";b:1;}s:4:\"name\";s:11:\"%seo_title%\";s:11:\"description\";s:17:\"%seo_description%\";s:10:\"uploadDate\";s:20:\"%date(Y-m-dTH:i:sP)%\";s:12:\"thumbnailUrl\";s:16:\"%post_thumbnail%\";s:8:\"embedUrl\";s:0:\"\";s:10:\"contentUrl\";s:62:\"https:\/\/pophaw.com\/wp-content\/uploads\/2025\/01\/skin-stapler.mp4\";s:8:\"duration\";s:0:\"\";s:5:\"width\";i:1024;s:6:\"height\";i:576;s:16:\"isFamilyFriendly\";b:1;}"],"_wc_rating_count":["a:1:{i:5;i:1;}"],"astra-migrate-meta-layouts":["set"],"wpil_sync_report3":["1"],"wpil_links_inbound_internal_count":["0"],"wpil_links_inbound_internal_count_data":["eJxLtDKwqq4FAAZPAf4="],"wpil_links_outbound_internal_count":["3"],"wpil_links_outbound_internal_count_data":["eJzdVE1v2zAM\/SuF7q5sN+5a5S\/sC+1hR0GVlYSILAkSvbQY8t9HWV7qrkUP6zCgu4kUH\/n4SFCJC\/EDRL3+IppOsG8BrPzke2PlR3B7Jhr6TuKDYJZMCT1b5+BEKDZGy+jVtYLtEEMSnAcfdupwrv3AQ\/T9qJEPpgetbJX24KqEKlgTq4vuwDN2RVCfMD+bWrBHePZcCQYOTXSK6tyJpsSHKf4Z26\/ZPbMlQoXo9XXTZoaCIaA1bP255MCHYNgyXRKXghE5HFMJooa1p+IOi90VAdIpRbLjthiE1Bb0r7+rKScgeFccmaiPW+VAS4xqswF9ApI26OMc1wim9Eb+Xtd5pyfqxwminN5lCAGoz1tS9ey2qMrmYqrvTS\/vHmQgjuCydnUhZr1WhdjTDkmyep7wYQcpmCh1NArNadyZHCSpRvQ5bOmmnjSx2C6WI7sHGr818kl0OxeZCt9j8R+BRvvH23f58vYdQjV3x8dgveoTb+u243XDl4t4PoTVm\/ZwnuPjUP4On\/c5xvYNR6R59YgsNKqiGfx3Oih7wH9zQ1b\/8w0hGuV8nN1kXd\/vFTn+BK38Mh0="],"wpil_links_outbound_external_count":["0"],"wpil_links_outbound_external_count_data":["eJxLtDKwqq4FAAZPAf4="],"wpil_sync_report2_time":["2025-01-27T07:29:10+00:00"],"omnisend_last_sync":["2025-05-16T11:05:10+00:00"],"_wc_facebook_sync_enabled_v2":["yes"],"surerank_settings_general":["a:7:{s:9:\"separator\";s:1:\"-\";s:10:\"page_title\";s:21:\"%title% - %site_name%\";s:25:\"auto_generate_description\";b:1;s:16:\"page_description\";s:147:\"This is an individual single-use sterile disposable skin stapler containing 35 wide staples. We sell them individually and also in cases of 2 or 3.\";s:16:\"auto_description\";s:153:\"What is a Disposable Skin Stapler? A disposable skin stapler is a single-use medical device designed to close wounds quickly and efficiently by inserting\";s:14:\"fallback_image\";s:0:\"\";s:13:\"canonical_url\";s:55:\"https:\/\/pophaw.com\/product\/35w-disposable-skin-stapler\/\";}"],"surerank_settings_post_no_index":["no"],"surerank_settings_post_no_follow":["no"],"surerank_settings_post_no_archive":["no"],"surerank_settings_social":["a:23:{s:15:\"open_graph_tags\";b:1;s:18:\"facebook_meta_tags\";b:1;s:17:\"twitter_meta_tags\";b:1;s:16:\"oembeded_scripts\";b:1;s:17:\"oembeded_og_title\";b:1;s:22:\"oembeded_social_images\";b:1;s:27:\"oembeded_remove_author_name\";b:1;s:17:\"facebook_page_url\";s:54:\"https:\/\/www.facebook.com\/profile.php?id=61571207938497\";s:24:\"facebook_author_fallback\";s:0:\"\";s:17:\"twitter_card_type\";s:19:\"summary_large_image\";s:24:\"twitter_same_as_facebook\";b:1;s:24:\"twitter_profile_username\";s:0:\"\";s:24:\"twitter_profile_fallback\";s:0:\"\";s:14:\"facebook_title\";s:21:\"%title% - %site_name%\";s:20:\"facebook_description\";s:9:\"%content%\";s:18:\"facebook_image_url\";s:58:\"https:\/\/pophaw.com\/wp-content\/uploads\/2025\/01\/10006-2.webp\";s:17:\"facebook_image_id\";i:9922;s:20:\"facebook_image_width\";i:800;s:21:\"facebook_image_height\";i:800;s:13:\"twitter_title\";s:21:\"%title% - %site_name%\";s:19:\"twitter_description\";s:9:\"%content%\";s:17:\"twitter_image_url\";s:58:\"https:\/\/pophaw.com\/wp-content\/uploads\/2025\/01\/10006-2.webp\";s:16:\"twitter_image_id\";i:9922;}"],"surerank_migration":["1"],"astra_style_timestamp_css":["1775192886"],"wwpp_product_wholesale_visibility_filter":["all"],"_uag_css_file_name":["uag-css-9921.css"],"rank_math_internal_links_processed":["1"],"_uag_page_assets":["a:9:{s:3:\"css\";s:0:\"\";s:2:\"js\";s:0:\"\";s:18:\"current_block_list\";a:15:{i:0;s:23:\"surecart\/slide-out-cart\";i:1;s:30:\"surecart\/slide-out-cart-header\";i:2;s:29:\"surecart\/slide-out-cart-items\";i:3;s:30:\"surecart\/slide-out-cart-coupon\";i:4;s:32:\"surecart\/slide-out-cart-subtotal\";i:5;s:38:\"surecart\/slide-out-cart-bump-line-item\";i:6;s:30:\"surecart\/slide-out-cart-submit\";i:7;s:11:\"core\/search\";i:8;s:10:\"core\/group\";i:9;s:12:\"core\/heading\";i:10;s:17:\"core\/latest-posts\";i:11;s:20:\"core\/latest-comments\";i:12;s:13:\"core\/archives\";i:13;s:15:\"core\/categories\";i:14;s:14:\"core\/shortcode\";}s:8:\"uag_flag\";b:0;s:11:\"uag_version\";s:10:\"1775168599\";s:6:\"gfonts\";a:0:{}s:10:\"gfonts_url\";s:0:\"\";s:12:\"gfonts_files\";a:0:{}s:14:\"uag_faq_layout\";b:0;}"],"_wc_gla_mc_status":["approved"]},"uagb_featured_image_src":{"full":["https:\/\/pophaw.com\/wp-content\/uploads\/2025\/01\/10006-2.webp",800,800,false],"thumbnail":["https:\/\/pophaw.com\/wp-content\/uploads\/2025\/01\/10006-2-150x150.webp",150,150,true],"medium":["https:\/\/pophaw.com\/wp-content\/uploads\/2025\/01\/10006-2-300x300.webp",300,300,true],"medium_large":["https:\/\/pophaw.com\/wp-content\/uploads\/2025\/01\/10006-2-768x768.webp",768,768,true],"large":["https:\/\/pophaw.com\/wp-content\/uploads\/2025\/01\/10006-2.webp",800,800,false],"ryviu-small":["https:\/\/pophaw.com\/wp-content\/uploads\/2025\/01\/10006-2.webp",40,40,false],"ryviu-medium":["https:\/\/pophaw.com\/wp-content\/uploads\/2025\/01\/10006-2.webp",132,132,false],"1536x1536":["https:\/\/pophaw.com\/wp-content\/uploads\/2025\/01\/10006-2.webp",800,800,false],"2048x2048":["https:\/\/pophaw.com\/wp-content\/uploads\/2025\/01\/10006-2.webp",800,800,false],"trp-custom-language-flag":["https:\/\/pophaw.com\/wp-content\/uploads\/2025\/01\/10006-2.webp",12,12,false],"woocommerce_thumbnail":["https:\/\/pophaw.com\/wp-content\/uploads\/2025\/01\/10006-2-300x300.webp",300,300,true],"woocommerce_single":["https:\/\/pophaw.com\/wp-content\/uploads\/2025\/01\/10006-2-600x600.webp",600,600,true],"woocommerce_gallery_thumbnail":["https:\/\/pophaw.com\/wp-content\/uploads\/2025\/01\/10006-2-100x100.webp",100,100,true]},"uagb_author_info":{"display_name":"Dr. Rowan","author_link":"https:\/\/pophaw.com\/pt\/author\/"},"uagb_comment_info":2,"uagb_excerpt":"35 W Vet and Medical First Aid Use","_links":{"self":[{"href":"https:\/\/pophaw.com\/pt\/wp-json\/wp\/v2\/product\/9921","targetHints":{"allow":["GET"]}}],"collection":[{"href":"https:\/\/pophaw.com\/pt\/wp-json\/wp\/v2\/product"}],"about":[{"href":"https:\/\/pophaw.com\/pt\/wp-json\/wp\/v2\/types\/product"}],"wp:featuredmedia":[{"embeddable":true,"href":"https:\/\/pophaw.com\/pt\/wp-json\/wp\/v2\/media\/9922"}],"wp:attachment":[{"href":"https:\/\/pophaw.com\/pt\/wp-json\/wp\/v2\/media?parent=9921"}],"wp:term":[{"taxonomy":"product_brand","embeddable":true,"href":"https:\/\/pophaw.com\/pt\/wp-json\/wp\/v2\/product_brand?post=9921"},{"taxonomy":"product_cat","embeddable":true,"href":"https:\/\/pophaw.com\/pt\/wp-json\/wp\/v2\/product_cat?post=9921"},{"taxonomy":"product_tag","embeddable":true,"href":"https:\/\/pophaw.com\/pt\/wp-json\/wp\/v2\/product_tag?post=9921"}],"curies":[{"name":"wp","href":"https:\/\/api.w.org\/{rel}","templated":true}]}}