{"id":9950,"date":"2025-01-07T22:17:15","date_gmt":"2025-01-08T06:17:15","guid":{"rendered":"https:\/\/pophaw.com\/?post_type=product&#038;p=9950"},"modified":"2025-01-25T23:27:37","modified_gmt":"2025-01-26T07:27:37","slug":"pistola-de-massagem-com-6-cabecas","status":"publish","type":"product","link":"https:\/\/pophaw.com\/pt\/product\/pistola-de-massagem-com-6-cabecas\/","title":{"rendered":"Pistola de massagem com 6 cabe\u00e7otes"},"content":{"rendered":"<p>PISTOLA DE MASSAGEM COM 6 CABE\u00c7OTES DE MASSAGEM SUBSTITU\u00cdVEIS PARA DIFERENTES GRUPOS MUSCULARES<\/p>\n<p><strong>Cabe\u00e7a chata: <\/strong>Modela os m\u00fasculos e proporciona relaxamento<\/p>\n<p><strong>Cabe\u00e7a redonda:<\/strong> Adequado para grandes grupos musculares, como bra\u00e7os, costas, quadris, coxas e panturrilhas<\/p>\n<p><strong>Cabe\u00e7a em forma de U:<\/strong> Massagem na coluna, no pesco\u00e7o e nos tend\u00f5es de Aquiles<\/p>\n<p><strong>Cabe\u00e7a em forma de D:<\/strong> Adequado para a maioria dos grupos musculares, como bra\u00e7os, costas, cintura e pernas<\/p>\n<p><strong>Cabe\u00e7a de bala:<\/strong> Adequado para impactar tecidos profundos como meridianos, articula\u00e7\u00f5es, palmas das m\u00e3os e plantas dos p\u00e9s<\/p>\n<p><strong>Cabe\u00e7a do polegar:<\/strong> Para relaxamento e plasticidade de v\u00e1rias partes do m\u00fasculo<\/p>\n<p><img loading=\"lazy\" decoding=\"async\" class=\"alignnone size-full wp-image-9957\" src=\"https:\/\/pophaw.com\/wp-content\/uploads\/2025\/01\/1.jpg\" alt=\"\" width=\"750\" height=\"750\" srcset=\"https:\/\/pophaw.com\/wp-content\/uploads\/2025\/01\/1.jpg 750w, https:\/\/pophaw.com\/wp-content\/uploads\/2025\/01\/1-300x300.jpg 300w, https:\/\/pophaw.com\/wp-content\/uploads\/2025\/01\/1-100x100.jpg 100w, https:\/\/pophaw.com\/wp-content\/uploads\/2025\/01\/1-600x600.jpg 600w, https:\/\/pophaw.com\/wp-content\/uploads\/2025\/01\/1-150x150.jpg 150w\" sizes=\"auto, (max-width: 750px) 100vw, 750px\" \/> <img loading=\"lazy\" decoding=\"async\" class=\"alignnone size-full wp-image-9958\" src=\"https:\/\/pophaw.com\/wp-content\/uploads\/2025\/01\/2.jpg\" alt=\"\" width=\"750\" height=\"750\" srcset=\"https:\/\/pophaw.com\/wp-content\/uploads\/2025\/01\/2.jpg 750w, https:\/\/pophaw.com\/wp-content\/uploads\/2025\/01\/2-300x300.jpg 300w, https:\/\/pophaw.com\/wp-content\/uploads\/2025\/01\/2-100x100.jpg 100w, https:\/\/pophaw.com\/wp-content\/uploads\/2025\/01\/2-600x600.jpg 600w, https:\/\/pophaw.com\/wp-content\/uploads\/2025\/01\/2-150x150.jpg 150w\" sizes=\"auto, (max-width: 750px) 100vw, 750px\" \/> <img loading=\"lazy\" decoding=\"async\" class=\"alignnone size-full wp-image-9959\" src=\"https:\/\/pophaw.com\/wp-content\/uploads\/2025\/01\/3.jpg\" alt=\"\" width=\"750\" height=\"464\" srcset=\"https:\/\/pophaw.com\/wp-content\/uploads\/2025\/01\/3.jpg 750w, https:\/\/pophaw.com\/wp-content\/uploads\/2025\/01\/3-600x371.jpg 600w, https:\/\/pophaw.com\/wp-content\/uploads\/2025\/01\/3-300x186.jpg 300w\" sizes=\"auto, (max-width: 750px) 100vw, 750px\" \/> <img loading=\"lazy\" decoding=\"async\" class=\"alignnone size-full wp-image-9960\" src=\"https:\/\/pophaw.com\/wp-content\/uploads\/2025\/01\/4.jpg\" alt=\"\" width=\"750\" height=\"750\" srcset=\"https:\/\/pophaw.com\/wp-content\/uploads\/2025\/01\/4.jpg 750w, https:\/\/pophaw.com\/wp-content\/uploads\/2025\/01\/4-300x300.jpg 300w, https:\/\/pophaw.com\/wp-content\/uploads\/2025\/01\/4-100x100.jpg 100w, https:\/\/pophaw.com\/wp-content\/uploads\/2025\/01\/4-600x600.jpg 600w, https:\/\/pophaw.com\/wp-content\/uploads\/2025\/01\/4-150x150.jpg 150w\" sizes=\"auto, (max-width: 750px) 100vw, 750px\" \/><\/p>","protected":false},"excerpt":{"rendered":"<p>6 CABE\u00c7OTES DE MASSAGEM SUBSTITU\u00cdVEIS PARA DIFERENTES GRUPOS MUSCULARES<\/p>","protected":false},"featured_media":9951,"template":"","meta":{"bwfblock_default_font":"","_uag_custom_page_level_css":"","site-sidebar-layout":"default","site-content-layout":"","ast-site-content-layout":"default","site-content-style":"default","site-sidebar-style":"default","ast-global-header-display":"","ast-banner-title-visibility":"","ast-main-header-display":"","ast-hfb-above-header-display":"","ast-hfb-below-header-display":"","ast-hfb-mobile-header-display":"","site-post-title":"","ast-breadcrumbs-content":"","ast-featured-img":"","footer-sml-layout":"","ast-disable-related-posts":"","theme-transparent-header-meta":"default","adv-header-id-meta":"","stick-header-meta":"default","header-above-stick-meta":"","header-main-stick-meta":"","header-below-stick-meta":"","astra-migrate-meta-layouts":"set","ast-page-background-enabled":"default","ast-page-background-meta":{"desktop":{"background-color":"","background-image":"","background-repeat":"repeat","background-position":"center center","background-size":"auto","background-attachment":"scroll","background-type":"","background-media":"","overlay-type":"","overlay-color":"","overlay-opacity":"","overlay-gradient":""},"tablet":{"background-color":"","background-image":"","background-repeat":"repeat","background-position":"center center","background-size":"auto","background-attachment":"scroll","background-type":"","background-media":"","overlay-type":"","overlay-color":"","overlay-opacity":"","overlay-gradient":""},"mobile":{"background-color":"","background-image":"","background-repeat":"repeat","background-position":"center center","background-size":"auto","background-attachment":"scroll","background-type":"","background-media":"","overlay-type":"","overlay-color":"","overlay-opacity":"","overlay-gradient":""}},"ast-content-background-meta":{"desktop":{"background-color":"var(--ast-global-color-5)","background-image":"","background-repeat":"repeat","background-position":"center center","background-size":"auto","background-attachment":"scroll","background-type":"","background-media":"","overlay-type":"","overlay-color":"","overlay-opacity":"","overlay-gradient":""},"tablet":{"background-color":"var(--ast-global-color-5)","background-image":"","background-repeat":"repeat","background-position":"center center","background-size":"auto","background-attachment":"scroll","background-type":"","background-media":"","overlay-type":"","overlay-color":"","overlay-opacity":"","overlay-gradient":""},"mobile":{"background-color":"var(--ast-global-color-5)","background-image":"","background-repeat":"repeat","background-position":"center center","background-size":"auto","background-attachment":"scroll","background-type":"","background-media":"","overlay-type":"","overlay-color":"","overlay-opacity":"","overlay-gradient":""}}},"product_brand":[73],"product_cat":[340,103,336],"product_tag":[],"class_list":{"0":"post-9950","1":"product","2":"type-product","3":"status-publish","4":"has-post-thumbnail","6":"product_brand-pophaw","7":"product_cat-massager","8":"product_cat-fitness-weight-management","9":"product_cat-healthcare-products","10":"desktop-align-center","11":"tablet-align-center","12":"mobile-align-center","13":"ast-product-gallery-layout-horizontal-slider","14":"ast-magnify-disabled","15":"ast-product-tabs-layout-horizontal","17":"first","18":"instock","19":"shipping-taxable","20":"purchasable","21":"product-type-simple"},"spectra_custom_meta":{"_edit_lock":["1737876459:1"],"_edit_last":["1"],"rank_math_seo_score":["85"],"rank_math_focus_keyword":["Massage Gun"],"rank_math_description":["MASSAGE GUN WITH 6 REPLACEABLE MASSAGE HEADS FOR DIFFERENT MUSCLE GROUPS"],"_thumbnail_id":["9951"],"_admin_notes":["https:\/\/www.ebay.com\/itm\/226428105612\r\n\r\nhttps:\/\/detail.1688.com\/offer\/846805480739.html?kj_agent_plugin=aliprice&fromkv=xytTrace:2146915b17363155308537678e2379&token=X2BKhn4J647WbSn2JapXn26portPnC3DzXVq3UnwK81GJzheeNCdz263azYfpuG"],"_custom_product_field":[""],"_sku":["PH11335022"],"_global_unique_id":["17841900187541"],"_regular_price":["29.99"],"total_sales":["0"],"_tax_status":["taxable"],"_tax_class":[""],"_manage_stock":["no"],"_backorders":["no"],"_sold_individually":["no"],"_virtual":["no"],"_downloadable":["no"],"_download_limit":["-1"],"_download_expiry":["-1"],"_stock":[null],"_stock_status":["instock"],"_wc_average_rating":["0"],"_wc_review_count":["0"],"_product_version":["9.6.0"],"_price":["29.99"],"_wc_gla_visibility":["sync-and-show"],"_wc_gla_sync_status":["synced"],"_product_image_gallery":["9952,9953,9954,9955,9956"],"_wc_facebook_sync_enabled":["yes"],"fb_visibility":["yes"],"fb_product_description":[""],"_wc_facebook_product_image_source":["product"],"_wc_facebook_commerce_enabled":["no"],"fb_product_group_id":["28058287773786793"],"rank_math_primary_product_brand":["73"],"rank_math_primary_product_cat":["340"],"rank_math_primary_fb_product_set":["0"],"site-sidebar-layout":["default"],"ast-site-content-layout":["default"],"site-content-style":["default"],"site-sidebar-style":["default"],"theme-transparent-header-meta":["default"],"stick-header-meta":["default"],"rank_math_analytic_object_id":["202"],"_wc_gla_synced_at":["1773802835"],"_wc_gla_google_ids":["a:1:{s:2:\"US\";s:21:\"online:en:US:gla_9950\";}"],"fb_product_item_id":["28058288113786759"],"astra-migrate-meta-layouts":["set"],"wp_statistics_words_count":["63"],"wpil_sync_report3":["1"],"wpil_links_inbound_internal_count":["0"],"wpil_links_inbound_internal_count_data":["eJxLtDKwqq4FAAZPAf4="],"wpil_links_outbound_internal_count":["0"],"wpil_links_outbound_internal_count_data":["eJxLtDKwqq4FAAZPAf4="],"wpil_links_outbound_external_count":["0"],"wpil_links_outbound_external_count_data":["eJxLtDKwqq4FAAZPAf4="],"wpil_sync_report2_time":["2025-01-27T07:29:10+00:00"],"omnisend_last_sync":["2025-05-16T11:05:10+00:00"],"surerank_settings_general":["a:7:{s:9:\"separator\";s:1:\"-\";s:10:\"page_title\";s:21:\"%title% - %site_name%\";s:25:\"auto_generate_description\";b:1;s:16:\"page_description\";s:72:\"MASSAGE GUN WITH 6 REPLACEABLE MASSAGE HEADS FOR DIFFERENT MUSCLE GROUPS\";s:16:\"auto_description\";s:153:\"MASSAGE GUN WITH 6 REPLACEABLE MASSAGE HEADS FOR DIFFERENT MUSCLE GROUPS Flat Head: Shapes the musclesand gives relaxation Round Head: Suitable for large\";s:14:\"fallback_image\";s:0:\"\";s:13:\"canonical_url\";s:52:\"https:\/\/pophaw.com\/product\/massage-gun-with-6-heads\/\";}"],"surerank_settings_post_no_index":["no"],"surerank_settings_post_no_follow":["no"],"surerank_settings_post_no_archive":["no"],"surerank_settings_social":["a:23:{s:15:\"open_graph_tags\";b:1;s:18:\"facebook_meta_tags\";b:1;s:17:\"twitter_meta_tags\";b:1;s:16:\"oembeded_scripts\";b:1;s:17:\"oembeded_og_title\";b:1;s:22:\"oembeded_social_images\";b:1;s:27:\"oembeded_remove_author_name\";b:1;s:17:\"facebook_page_url\";s:54:\"https:\/\/www.facebook.com\/profile.php?id=61571207938497\";s:24:\"facebook_author_fallback\";s:0:\"\";s:17:\"twitter_card_type\";s:19:\"summary_large_image\";s:24:\"twitter_same_as_facebook\";b:1;s:24:\"twitter_profile_username\";s:0:\"\";s:24:\"twitter_profile_fallback\";s:0:\"\";s:14:\"facebook_title\";s:21:\"%title% - %site_name%\";s:20:\"facebook_description\";s:9:\"%content%\";s:18:\"facebook_image_url\";s:55:\"https:\/\/pophaw.com\/wp-content\/uploads\/2025\/01\/10006.jpg\";s:17:\"facebook_image_id\";i:9951;s:20:\"facebook_image_width\";i:679;s:21:\"facebook_image_height\";i:675;s:13:\"twitter_title\";s:21:\"%title% - %site_name%\";s:19:\"twitter_description\";s:9:\"%content%\";s:17:\"twitter_image_url\";s:55:\"https:\/\/pophaw.com\/wp-content\/uploads\/2025\/01\/10006.jpg\";s:16:\"twitter_image_id\";i:9951;}"],"surerank_migration":["1"],"astra_style_timestamp_css":["1775174863"],"wwpp_product_wholesale_visibility_filter":["all"],"_uag_css_file_name":["uag-css-9950.css"],"rank_math_internal_links_processed":["1"],"_uag_page_assets":["a:9:{s:3:\"css\";s:263:\".uag-blocks-common-selector{z-index:var(--z-index-desktop) !important}@media (max-width: 976px){.uag-blocks-common-selector{z-index:var(--z-index-tablet) !important}}@media (max-width: 767px){.uag-blocks-common-selector{z-index:var(--z-index-mobile) !important}}\n\";s:2:\"js\";s:0:\"\";s:18:\"current_block_list\";a:15:{i:0;s:23:\"surecart\/slide-out-cart\";i:1;s:30:\"surecart\/slide-out-cart-header\";i:2;s:29:\"surecart\/slide-out-cart-items\";i:3;s:30:\"surecart\/slide-out-cart-coupon\";i:4;s:32:\"surecart\/slide-out-cart-subtotal\";i:5;s:38:\"surecart\/slide-out-cart-bump-line-item\";i:6;s:30:\"surecart\/slide-out-cart-submit\";i:7;s:11:\"core\/search\";i:8;s:10:\"core\/group\";i:9;s:12:\"core\/heading\";i:10;s:17:\"core\/latest-posts\";i:11;s:20:\"core\/latest-comments\";i:12;s:13:\"core\/archives\";i:13;s:15:\"core\/categories\";i:14;s:14:\"core\/shortcode\";}s:8:\"uag_flag\";b:0;s:11:\"uag_version\";s:10:\"1775168599\";s:6:\"gfonts\";a:0:{}s:10:\"gfonts_url\";s:0:\"\";s:12:\"gfonts_files\";a:0:{}s:14:\"uag_faq_layout\";b:0;}"],"_wc_gla_mc_status":["approved"]},"uagb_featured_image_src":{"full":["https:\/\/pophaw.com\/wp-content\/uploads\/2025\/01\/10006.jpg",679,675,false],"thumbnail":["https:\/\/pophaw.com\/wp-content\/uploads\/2025\/01\/10006-150x150.jpg",150,150,true],"medium":["https:\/\/pophaw.com\/wp-content\/uploads\/2025\/01\/10006-300x298.jpg",300,298,true],"medium_large":["https:\/\/pophaw.com\/wp-content\/uploads\/2025\/01\/10006.jpg",679,675,false],"large":["https:\/\/pophaw.com\/wp-content\/uploads\/2025\/01\/10006.jpg",679,675,false],"ryviu-small":["https:\/\/pophaw.com\/wp-content\/uploads\/2025\/01\/10006.jpg",40,40,false],"ryviu-medium":["https:\/\/pophaw.com\/wp-content\/uploads\/2025\/01\/10006.jpg",132,132,false],"1536x1536":["https:\/\/pophaw.com\/wp-content\/uploads\/2025\/01\/10006.jpg",679,675,false],"2048x2048":["https:\/\/pophaw.com\/wp-content\/uploads\/2025\/01\/10006.jpg",679,675,false],"trp-custom-language-flag":["https:\/\/pophaw.com\/wp-content\/uploads\/2025\/01\/10006.jpg",12,12,false],"woocommerce_thumbnail":["https:\/\/pophaw.com\/wp-content\/uploads\/2025\/01\/10006-300x300.jpg",300,300,true],"woocommerce_single":["https:\/\/pophaw.com\/wp-content\/uploads\/2025\/01\/10006-600x596.jpg",600,596,true],"woocommerce_gallery_thumbnail":["https:\/\/pophaw.com\/wp-content\/uploads\/2025\/01\/10006-100x100.jpg",100,100,true]},"uagb_author_info":{"display_name":"Dr. Rowan","author_link":"https:\/\/pophaw.com\/pt\/author\/"},"uagb_comment_info":0,"uagb_excerpt":"6 REPLACEABLE MASSAGE HEADS FOR DIFFERENT MUSCLE GROUPS","_links":{"self":[{"href":"https:\/\/pophaw.com\/pt\/wp-json\/wp\/v2\/product\/9950","targetHints":{"allow":["GET"]}}],"collection":[{"href":"https:\/\/pophaw.com\/pt\/wp-json\/wp\/v2\/product"}],"about":[{"href":"https:\/\/pophaw.com\/pt\/wp-json\/wp\/v2\/types\/product"}],"wp:featuredmedia":[{"embeddable":true,"href":"https:\/\/pophaw.com\/pt\/wp-json\/wp\/v2\/media\/9951"}],"wp:attachment":[{"href":"https:\/\/pophaw.com\/pt\/wp-json\/wp\/v2\/media?parent=9950"}],"wp:term":[{"taxonomy":"product_brand","embeddable":true,"href":"https:\/\/pophaw.com\/pt\/wp-json\/wp\/v2\/product_brand?post=9950"},{"taxonomy":"product_cat","embeddable":true,"href":"https:\/\/pophaw.com\/pt\/wp-json\/wp\/v2\/product_cat?post=9950"},{"taxonomy":"product_tag","embeddable":true,"href":"https:\/\/pophaw.com\/pt\/wp-json\/wp\/v2\/product_tag?post=9950"}],"curies":[{"name":"wp","href":"https:\/\/api.w.org\/{rel}","templated":true}]}}